{"id":3328,"date":"2017-01-05T17:26:08","date_gmt":"2017-01-05T15:26:08","guid":{"rendered":"http:\/\/www.alpil.com.tr\/demo\/?page_id=3328"},"modified":"2017-05-06T16:03:32","modified_gmt":"2017-05-06T13:03:32","slug":"polietilen-pe","status":"publish","type":"page","link":"https:\/\/www.alpil.com.tr\/ar\/urunler\/plastik\/polietilen-pe\/","title":{"rendered":"\u0628\u0648\u0644\u064a \u0627\u062b\u064a\u0644\u064a\u0646 (\u0628\u064a \u0626\u064a )"},"content":{"rendered":"<p>[vc_row rt_row_background_width=&#8221;default&#8221; rt_row_style=&#8221;default-style&#8221; rt_row_borders=&#8221;&#8221; rt_row_paddings=&#8221;true&#8221; rt_bg_effect=&#8221;classic&#8221; rt_bg_image_repeat=&#8221;repeat&#8221; rt_bg_size=&#8221;cover&#8221; rt_bg_position=&#8221;right top&#8221; rt_bg_attachment=&#8221;scroll&#8221; rt_bg_video_format=&#8221;self-hosted&#8221;][vc_column rt_wrp_col_paddings=&#8221;false&#8221; rt_border_top=&#8221;&#8221; rt_border_bottom=&#8221;&#8221; rt_border_left=&#8221;&#8221; rt_border_right=&#8221;&#8221; rt_border_top_mobile=&#8221;&#8221; rt_border_bottom_mobile=&#8221;&#8221; rt_border_left_mobile=&#8221;&#8221; rt_border_right_mobile=&#8221;&#8221; rt_bg_image_repeat=&#8221;repeat&#8221; rt_bg_size=&#8221;auto auto&#8221; rt_bg_position=&#8221;right top&#8221; rt_bg_attachment=&#8221;scroll&#8221;][vc_images_carousel images=&#8221;3501&#8243; img_size=&#8221;full&#8221;][vc_column_text]\u0639\u0628\u0627\u0631\u0629 \u0639\u0646 \u0628\u0644\u0627\u0633\u062a\u0640\u0643 \u062d\u0631\u0627\u0631\u064a\u00a0 \u0645\u0633\u062a\u0639\u0645\u0640\u0644 \u0641\u064a \u0643\u0640\u0640\u0627\u0641\u0629 \u0627\u0646\u0640\u0648\u0627\u0639<\/p>\n<p>\u0627\u0644\u0645\u0646\u062a\u062c\u0640\u0627\u062a . \u064a\u0623\u062e\u0640\u0630 \u0627\u0633\u0645\u0647\u0627 \u0645\u0646 \u0627\u0644\u0627\u062b\u064a\u0644\u064a\u0646 \u0628\u062d\u0640\u0627\u0644\u0629 \u0645\u0648\u0646\u0640\u0648\u0645\u0631 , \u0648\u064a\u062a\u0640\u0645<\/p>\n<p>\u0627\u0646\u062a\u0640\u0627\u062c \u0628\u0648\u0644\u064a \u0627\u062b\u064a\u0644\u064a\u0646 \u0628\u0627\u0633\u062a\u062e\u0640\u062f\u0627\u0645 \u0627\u0644\u0627\u062b\u064a\u0644\u064a\u0646 . \u0648\u0628\u0635\u0648\u0631\u0629 \u0639\u0640\u0627\u0645\u0629<\/p>\n<p>\u064a\u0633\u062a\u0639\u0645\u0644 \u0641\u064a \u0627\u0644\u0635\u0646\u0627\u0639\u0627\u062a \u0627\u0644\u0628\u0644\u0627\u0633\u062a\u064a\u0643\u0640\u064a\u0629 \u062a\u062d\u062a \u0627\u0633\u0640\u0645 \u0645\u062e\u062a\u0635\u0631 \u0628\u064a<\/p>\n<p>\u0626\u064a .,\u0648\u0641\u064a \u0627\u0644\u062d\u0642\u064a\u0642\u0629 \u0645\u0631\u062a\u0628\u0637\u0640\u0629 \u0628\u0648\u0627\u0633\u0637\u0640\u0629 \u062c\u0632\u064a\u062a\u064a\u0646 \u0645\u0631\u0628\u0648\u0637\u064a\u0646\u00a0\u00a0 \u00a0\u00a0\u00a0\u00a0, \u0648\u064a\u062a\u0643\u0648\u0646 \u0645\u0640\u0646 2CH \u062b\u0646\u0627\u0626\u064a .\u0637\u0631\u064a\u0642\u0629 \u0627\u0646\u062a\u0627\u062c<\/p>\n<p>C2H4<\/p>\n<p>\u0628\u0648\u0644\u064a \u0627\u062b\u064a\u0644\u0640\u0640\u064a\u0646 \u00a0, \u0648\u062a\u0646\u0634\u0627 \u0645\u0640\u0639 \u0628\u0644\u0645\u0640\u0631\u0629 \u0627\u0644\u0627\u062b\u064a\u0644\u064a\u0646 .\u0637\u0631\u064a\u0642\u0629 \u0627\u0644\u0628\u0644\u0645\u0631\u0629,<\/p>\n<p>\u064a\u0645\u0643\u0646 \u0627\u0646 \u064a\u062a\u0643\u0648\u0646 \u0628\u0637\u0631\u0642 \u0627\u0644\u0628\u0645\u0644\u0631\u0629 \u0627\u0644\u062c\u0630\u0631\u064a\u0640\u0629 ,(CH2=CH2)<\/p>\n<p>, \u0648\u0627\u0644\u0628\u0644\u0645\u0631\u0629 \u0627\u0644\u0627\u0645\u0648\u0646\u064a\u0648\u0645\u064a\u0629 ,\u0648\u0628\u0644\u0645\u0640\u0631\u0629 \u0627\u0644\u062a\u0646\u0633\u064a\u0642 \u0627\u0644\u0627\u0645\u0648\u0646\u064a\u0648\u0645\u064a<\/p>\n<p>\u0648\u0627\u0644\u0628\u0644\u0645\u0631\u0629 \u0627\u0644\u0645\u0648\u062c\u0640\u0628\u0629 ,\u0648\u062a\u0648\u0641\u0631 \u0643\u0644 \u0648\u0627\u062d\u0640\u062f\u0629 \u0645\u0646 \u0647\u0640\u0630\u0627 \u0627\u0644\u0637\u0631\u0642 \u0627\u0646\u062a\u0627\u062c<\/p>\n<p>\u0628\u0648\u0644\u064a \u0627\u062b\u064a\u0644\u064a\u0646\u0627\u062a \u0628\u0623\u0646\u0648\u0627\u0639 \u0645\u062e\u062a\u0644\u0641\u0640\u0629 .<\/p>\n<h2>\u00a0 <img loading=\"lazy\" decoding=\"async\" class=\"alignnone size-full wp-image-3329\" src=\"http:\/\/www.alpil.com.tr\/\/wp-content\/uploads\/2017\/01\/Ba\u015fl\u0131ks\u0131z-4.jpg\" alt=\"basliksiz-4\" width=\"105\" height=\"98\" \/><img loading=\"lazy\" decoding=\"async\" class=\"alignnone size-full wp-image-3330\" src=\"http:\/\/www.alpil.com.tr\/\/wp-content\/uploads\/2017\/01\/kkk.jpg\" alt=\"kkk\" width=\"105\" height=\"98\" \/><\/h2>\n<h2>\u062a\u0635\u0646\u0640\u0640\u064a\u0641 \u0627\u0644\u0628\u0648\u0644\u064a \u0627\u0644\u0627\u062b\u064a\u0644\u064a\u0640\u0646<\/h2>\n<p>\u062a\u0635\u0646\u0640\u0641 \u0628\u0648\u0644\u064a \u0627\u062b\u064a\u0644\u0640\u064a\u0646 \u0628\u0639\u0640\u0640\u062f\u0629 \u0627\u0644\u0641\u0626\u0640\u0640\u0627\u062a \u0639\u0644\u0649 \u0627\u0633\u0627\u0633 \u0627\u0644\u0643\u062b\u0640\u0640\u0627\u0641\u0629<\/p>\n<p>\u0648\u0627\u0644\u0645\u0645\u064a\u0632\u0627\u062a \u0627\u0644\u0643\u064a\u0645\u064a\u0627\u0648\u064a\u0629 . \u0627\u0644\u0645\u0645\u064a\u0632\u0627\u062a \u0627\u0644\u0645\u064a\u0643\u0627\u0646\u064a\u0643\u064a\u0629 , \u0648\u0627\u0644\u0648\u0632\u0646<\/p>\n<p>\u0627\u0644\u062c\u0640\u0632\u0626\u064a , \u0648\u0627\u0644\u0647\u064a\u0643\u0644 \u0627\u0644\u0628\u0644\u0648\u0631\u064a \u0645\u062a\u0645\u062b\u0644\u0640\u0629 \u062d\u0633\u0628 \u0627\u0644\u0627\u0646\u0648\u0627\u0639<\/p>\n<p>\u0627\u0644\u0645\u062a\u0641\u0631\u0639\u0640\u0640\u0629 .<\/p>\n<ul>\n<li>\u064a\u0648 \u0627\u062c \u0627\u0645 \u062f\u0628\u0644 \u064a\u0648 \u0628\u064a \u0626\u064a)\u0628\u0648\u0632\u0646 \u062c\u0640\u0632\u0626\u064a \u0639\u0640\u0627\u0644\u064a \u062c\u0640\u062f\u0627 \u0628\u064a \u0626\u064a)<\/li>\n<li>\u0627\u062c \u062f\u064a \u0628\u064a \u0626\u064a ( \u0628\u0643\u062b\u0640\u0640\u0627\u0641\u0629 \u0639\u0640\u0627\u0644\u064a\u0629 \u0628\u064a \u0626\u064a )<\/li>\n<li>\u0627\u062c \u062f\u064a \u0627\u0643\u0633 \u0627\u0644 \u0628\u064a \u0626\u064a ( \u0631\u0628\u0637 \u0645\u0639\u0627\u0643\u0633\u0629 \u0628\u0643\u062b\u0640\u0640\u0627\u0641\u0629 \u0639\u0627\u0644\u064a\u0629 \u0628\u064a\u0626\u064a)<\/li>\n<li>\u0628\u064a \u0626\u064a \u0627\u0643\u0633 ( \u0631\u0628\u0637 \u0645\u0639\u0627\u0643\u0633 \u0628\u064a \u0626\u064a )<\/li>\n<li>\u0627\u0645 \u062f\u064a \u0628\u064a \u0626\u064a ( \u0628\u0643\u062b\u0627\u0641\u0629 \u0645\u062a\u0648\u0633\u0637\u0640\u0629 \u0628\u064a \u0626\u064a )<\/li>\n<li>\u0627\u0644 \u062f\u064a \u0628\u064a \u0626\u064a ( \u0628\u0643\u062b\u0627\u0641\u0629 \u0648\u0627\u0637\u0640\u0626\u0640\u0640\u0629\u00a0 \u0628\u064a \u0626\u064a )<\/li>\n<li>\u0627\u0644 \u0627\u0644 \u062f\u064a \u0628\u064a \u0626\u064a ( \u0631\u0628\u0637 \u0627\u062e\u0640\u062f\u0648\u062f\u064a \u0630\u0627\u062a \u0627\u0644\u0643\u062b\u0627\u0641\u0629 \u0627\u0644\u0648\u0637\u0626\u0629\u0628\u064a \u0626\u064a )<strong>\u0627\u0644\u0645\u0645\u0640\u064a\u0632\u0627\u062a<\/strong><\/li>\n<\/ul>\n<p>\u0628\u0627\u0644\u0631\u063a\u0640\u0645 \u0627\u0638\u0647\u0640\u0627\u0631\u0647\u0640\u0627 \u062a\u063a\u0640\u0640\u064a\u064a\u0631\u0627\u062a \u062d\u0633\u0628 \u0627\u0644\u0627\u0646\u0648\u0627\u0639 \u0627\u0644\u0645\u0645\u064a\u0640\u0640\u0632\u0629 ,<\/p>\n<p>\u064a\u0645\u0643\u0646 \u0627\u062f\u0627\u0631\u062c \u0627\u0644\u0645\u0645\u0640\u064a\u0632\u0627\u062a \u0627\u0644\u0639\u0640\u0640\u0627\u0645\u0629 \u0627\u0644\u0645\u0634\u0645\u0648\u0644\u0629 \u0639\u0644\u0649 \u0627\u0644\u0644\u064a\u0648\u0646\u0640\u0629 ,<\/p>\n<p>\u0627\u0644\u0645\u0642\u0627\u0648\u0645\u0640\u0629 \u0627\u0644\u062c\u0640\u064a\u062f\u0629 \u0636\u0640\u0640\u062f \u0627\u0644\u0631\u0637\u0640\u0648\u0628\u0629 \u0648\u0627\u0644\u0638\u0631\u0648\u0641 \u0627\u0644\u062c\u0640\u0640\u0648\u064a\u0629<\/p>\n<p>\u0627\u0644\u062e\u0627\u0631\u062c\u0640\u064a\u0629 , \u0648\u0642\u0648\u062a\u0647\u0627 \u0627\u0644\u0645\u064a\u0643\u0627\u0646\u064a\u0643\u064a\u0640\u0629 \u0627\u0644\u0636\u0639\u0640\u064a\u0641\u0629 \u0648\u0645\u0642\u0627\u0648\u0645\u062a\u0647\u0627<\/p>\n<p>\u0627\u0644\u0643\u064a\u0645\u064a\u0627\u0648\u064a\u0629 \u0627\u0644\u0639\u0640\u0627\u0644\u0640\u0629 , \u0648\u062a\u0633\u062a\u0639\u0645\u0644 \u0628\u0635\u0648\u0631\u0629 \u0634\u0627\u0626\u0639\u0640\u0629 \u0641\u064a \u0627\u0644\u0627\u0637\u0628\u0627\u0642 ,<\/p>\n<p>\u0648\u0641\u064a \u0627\u0644\u0639\u0644\u0628 \u0627\u0644\u0628\u0644\u0627\u0633\u062a\u064a\u0643\u064a\u0629 , \u0648\u0641\u064a \u0627\u0644\u0645\u0648\u0627\u062f \u0627\u0644\u0645\u0637\u0628\u062e\u0640\u064a\u0629 , \u0648\u0641\u064a<\/p>\n<p>\u0627\u0644\u062a\u0633\u0643\u064a\u0627\u062a , \u0648\u0641\u064a \u0627\u0644\u0627\u0646\u0627\u0628\u064a\u0628 \u0648\u0627\u0644\u0645\u0648\u0627\u0633\u064a\u0631 , \u0648\u0641\u064a \u0627\u0644\u0644\u0639\u0640\u0627\u0628\u0627\u062a , \u0648\u0641\u064a<\/p>\n<p>\u0627\u0644\u0627\u0633\u0640\u0644\u0627\u0643 , \u0648\u0641\u064a \u0627\u0644\u0637\u0628\u0642\u0627\u062a \u0627\u0644\u0639\u0627\u0632\u0644\u0640\u0629 ,\u0648\u0627\u0644\u062a\u063a\u0644\u064a\u0641 \u0648\u0627\u0641\u0644\u0627\u0645 \u0627\u0644\u062a\u063a\u0644\u064a\u0641 . \u0648\u062a\u062a\u0645\u064a\u0640\u0632 \u0628\u0642\u0644\u0640\u0629 \u062a\u0643\u0627\u0644\u064a\u0641\u0647\u0627 .[\/vc_column_text][\/vc_column][\/vc_row]<\/p>","protected":false},"excerpt":{"rendered":"<p>[vc_row rt_row_background_width=&#8221;default&#8221; rt_row_style=&#8221;default-style&#8221; rt_row_borders=&#8221;&#8221; rt_row_paddings=&#8221;true&#8221; rt_bg_effect=&#8221;classic&#8221; rt_bg_image_repeat=&#8221;repeat&#8221; rt_bg_size=&#8221;cover&#8221; rt_bg_position=&#8221;right top&#8221; rt_bg_attachment=&#8221;scroll&#8221; rt_bg_video_format=&#8221;self-hosted&#8221;][vc_column rt_wrp_col_paddings=&#8221;false&#8221; rt_border_top=&#8221;&#8221; rt_border_bottom=&#8221;&#8221; rt_border_left=&#8221;&#8221; rt_border_right=&#8221;&#8221; rt_border_top_mobile=&#8221;&#8221; rt_border_bottom_mobile=&#8221;&#8221; rt_border_left_mobile=&#8221;&#8221; rt_border_right_mobile=&#8221;&#8221; rt_bg_image_repeat=&#8221;repeat&#8221; rt_bg_size=&#8221;auto auto&#8221; rt_bg_position=&#8221;right top&#8221; rt_bg_attachment=&#8221;scroll&#8221;][vc_images_carousel images=&#8221;3501&#8243; img_size=&#8221;full&#8221;][vc_column_text]\u0639\u0628\u0627\u0631\u0629 \u0639\u0646 \u0628\u0644\u0627\u0633\u062a\u0640\u0643 \u062d\u0631\u0627\u0631\u064a\u00a0 \u0645\u0633\u062a\u0639\u0645\u0640\u0644 \u0641\u064a \u0643\u0640\u0640\u0627\u0641\u0629 \u0627\u0646\u0640\u0648\u0627\u0639 \u0627\u0644\u0645\u0646\u062a\u062c\u0640\u0627\u062a . \u064a\u0623\u062e\u0640\u0630 \u0627\u0633\u0645\u0647\u0627 \u0645\u0646 \u0627\u0644\u0627\u062b\u064a\u0644\u064a\u0646 \u0628\u062d\u0640\u0627\u0644\u0629 \u0645\u0648\u0646\u0640\u0648\u0645\u0631 , \u0648\u064a\u062a\u0640\u0645 \u0627\u0646\u062a\u0640\u0627\u062c \u0628\u0648\u0644\u064a \u0627\u062b\u064a\u0644\u064a\u0646 \u0628\u0627\u0633\u062a\u062e\u0640\u062f\u0627\u0645 \u0627\u0644\u0627\u062b\u064a\u0644\u064a\u0646 . \u0648\u0628\u0635\u0648\u0631\u0629 \u0639\u0640\u0627\u0645\u0629 \u064a\u0633\u062a\u0639\u0645\u0644 [&hellip;]<\/p>\n","protected":false},"author":2,"featured_media":0,"parent":3326,"menu_order":0,"comment_status":"closed","ping_status":"closed","template":"","meta":{"rs_blank_template":"","rs_page_bg_color":"","slide_template_v7":"","footnotes":""},"class_list":["post-3328","page","type-page","status-publish","hentry"],"_links":{"self":[{"href":"https:\/\/www.alpil.com.tr\/ar\/wp-json\/wp\/v2\/pages\/3328","targetHints":{"allow":["GET"]}}],"collection":[{"href":"https:\/\/www.alpil.com.tr\/ar\/wp-json\/wp\/v2\/pages"}],"about":[{"href":"https:\/\/www.alpil.com.tr\/ar\/wp-json\/wp\/v2\/types\/page"}],"author":[{"embeddable":true,"href":"https:\/\/www.alpil.com.tr\/ar\/wp-json\/wp\/v2\/users\/2"}],"replies":[{"embeddable":true,"href":"https:\/\/www.alpil.com.tr\/ar\/wp-json\/wp\/v2\/comments?post=3328"}],"version-history":[{"count":0,"href":"https:\/\/www.alpil.com.tr\/ar\/wp-json\/wp\/v2\/pages\/3328\/revisions"}],"up":[{"embeddable":true,"href":"https:\/\/www.alpil.com.tr\/ar\/wp-json\/wp\/v2\/pages\/3326"}],"wp:attachment":[{"href":"https:\/\/www.alpil.com.tr\/ar\/wp-json\/wp\/v2\/media?parent=3328"}],"curies":[{"name":"wp","href":"https:\/\/api.w.org\/{rel}","templated":true}]}}