{"id":2610,"date":"2015-02-02T04:29:48","date_gmt":"2015-02-02T02:29:48","guid":{"rendered":"http:\/\/rttheme19.rtthemes.com\/?page_id=4"},"modified":"2018-01-12T13:52:13","modified_gmt":"2018-01-12T10:52:13","slug":"anasayfa","status":"publish","type":"page","link":"https:\/\/www.alpil.com.tr\/de\/","title":{"rendered":"HAUPTSEITE"},"content":{"rendered":"<p>[vc_row rt_row_background_width=&#8220;fullwidth&#8220; rt_row_content_width=&#8220;fullwidth&#8220; rt_row_style=&#8220;default-style&#8220; rt_row_borders=&#8220;&#8220; rt_row_paddings=&#8220;false&#8220; rt_bg_effect=&#8220;classic&#8220; rt_bg_image_repeat=&#8220;repeat&#8220; rt_bg_size=&#8220;cover&#8220; rt_bg_position=&#8220;right top&#8220; rt_bg_attachment=&#8220;scroll&#8220; rt_bg_video_format=&#8220;self-hosted&#8220;][vc_column rt_wrp_col_paddings=&#8220;false&#8220; rt_border_top=&#8220;&#8220; rt_border_bottom=&#8220;&#8220; rt_border_left=&#8220;&#8220; rt_border_right=&#8220;&#8220; rt_border_top_mobile=&#8220;&#8220; rt_border_bottom_mobile=&#8220;&#8220; rt_border_left_mobile=&#8220;&#8220; rt_border_right_mobile=&#8220;&#8220; rt_bg_image_repeat=&#8220;repeat&#8220; rt_bg_size=&#8220;auto auto&#8220; rt_bg_position=&#8220;right top&#8220; rt_bg_attachment=&#8220;scroll&#8220;][rev_slider_vc alias=&#8220;alpilslider&#8220;][\/vc_column][\/vc_row][vc_row rt_row_background_width=&#8220;fullwidth&#8220; rt_row_content_width=&#8220;default&#8220; rt_row_style=&#8220;default-style&#8220; rt_column_placement=&#8220;middle&#8220; rt_row_borders=&#8220;&#8220; rt_col_anim=&#8220;true&#8220; rt_row_paddings=&#8220;true&#8220; rt_bg_effect=&#8220;classic&#8220; rt_bg_image_repeat=&#8220;repeat&#8220; rt_bg_size=&#8220;cover&#8220; rt_bg_position=&#8220;right top&#8220; rt_bg_attachment=&#8220;scroll&#8220; rt_bg_video_format=&#8220;self-hosted&#8220; rt_padding_top=&#8220;20&#8243; rt_padding_bottom=&#8220;80&#8243;][vc_column rt_wrp_col_paddings=&#8220;false&#8220; rt_border_top=&#8220;&#8220; rt_border_bottom=&#8220;&#8220; rt_border_left=&#8220;&#8220; rt_border_right=&#8220;&#8220; rt_border_top_mobile=&#8220;&#8220; rt_border_bottom_mobile=&#8220;&#8220; rt_border_left_mobile=&#8220;&#8220; rt_border_right_mobile=&#8220;&#8220; rt_bg_image_repeat=&#8220;repeat&#8220; rt_bg_size=&#8220;auto auto&#8220; rt_bg_position=&#8220;right top&#8220; rt_bg_attachment=&#8220;scroll&#8220;]<div class=\"rt_heading_wrapper style-3\">\n\t\t\t\t\t\t<h3 class=\"rt_heading  body-font style-3\"  style=\"font-size:40px;line-height:135%;\" data-maxfont-size=\"40\" data-minfont-size=\"30\">&#8222;Die Schminke des Architekten&#8220;<\/h3>\n\t\t\t\t\t<\/div><div class=\"rt_heading_wrapper style-7\">\n\t\t\t\t\t\t<h3 class=\"rt_heading  aligncenter body-font style-7\"  style=\"font-size:40px;line-height:135%;\" data-maxfont-size=\"40\" data-minfont-size=\"30\">Alpil Aluminium<\/h3>\n\t\t\t\t\t<\/div>[vc_separator style=&#8220;style-6&#8243; margin_top=&#8220;0&#8243; margin_bottom=&#8220;40&#8243;][vc_column_text]<\/p>\n<h5 style=\"text-align: center;\">Alpil Al\u00fcminyum 30 y\u0131ld\u0131r madencilik ve plastik geri d\u00f6n\u00fc\u015f\u00fcm\u00fc yapan Celalo\u011flu Plasti\u011fin bir yan kurulu\u015fudur.<\/h5>\n<p>[\/vc_column_text][vc_column_text]<\/p>\n<p style=\"text-align: left;\">\u00a0 \u00a0 \u00a0 \u00a0 \u00a0 Alpil Al\u00fcminyum ist eine Tochtergesellschaft des Unternehmens Celalo\u011flu Plastik, das seit 30 Jahren in Adana, Bergbau und Kunststoffrecycling betreibt. Celalo\u011flu Plastik ist das derzeit die gr\u00f6\u00dfte integrierte Kunststoffrecyclinganlage unseres Landes und hat eine monatliche Produktionskapazit\u00e4t von 4.000 Tonnen.<\/p>\n<p style=\"text-align: left;\">\u00a0 \u00a0 \u00a0 \u00a0 Unsere Verbundplatten der Marken SmartBOND und TrendBOND, die wir als Alpil Al\u00fcminyum herstellen, werden in 50 verschiedenen Farbm\u00f6glichkeiten sowie mit Holzmuster, Silberspiegel und Goldspiegel angeboten.<\/p>\n<p style=\"text-align: left;\">\u00a0 \u00a0 \u00a0 \u00a0 Alpil Al\u00fcminyum, das auch Kunststoffplatten in verschiedenen Breiten (50 cm bis 185 cm) herstellt, ist auch in der Baubranche und im Automobilsektor t\u00e4tig. (Die so hergestellten Kunststoffplatten werden zum Abdichten in den Fundamenten von Bauwerken eingesetzt. In unserer Anlage mit einer geschlossenen Fl\u00e4che von 9000 m\u00b2 und einer Produktionskapazit\u00e4t von 1.500.000 m\u00b2 f\u00fchren wir unsere Produktion mit amateurhaftem Geist und professionellem Verst\u00e4ndnis fort.<\/p>\n<p>[\/vc_column_text][vc_empty_space height=&#8220;35px&#8220;][\/vc_column][\/vc_row][vc_row rt_row_background_width=&#8220;fullwidth&#8220; rt_row_content_width=&#8220;default&#8220; rt_row_style=&#8220;alt-style-2&#8243; rt_column_placement=&#8220;middle&#8220; rt_row_borders=&#8220;&#8220; rt_col_anim=&#8220;true&#8220; rt_row_paddings=&#8220;true&#8220; rt_bg_image=&#8220;2759&#8243; rt_bg_effect=&#8220;classic&#8220; rt_bg_image_repeat=&#8220;repeat&#8220; rt_bg_size=&#8220;cover&#8220; rt_bg_position=&#8220;center center&#8220; rt_bg_attachment=&#8220;scroll&#8220; rt_bg_video_format=&#8220;self-hosted&#8220; rt_row_width=&#8220;default&#8220; rt_row_placement=&#8220;true&#8220; rt_padding_top=&#8220;70&#8243; rt_padding_bottom=&#8220;70&#8243;][vc_column width=&#8220;2\/3&#8243; rt_wrp_col_paddings=&#8220;false&#8220; rt_border_top=&#8220;&#8220; rt_border_bottom=&#8220;&#8220; rt_border_left=&#8220;&#8220; rt_border_right=&#8220;&#8220; rt_border_top_mobile=&#8220;&#8220; rt_border_bottom_mobile=&#8220;&#8220; rt_border_left_mobile=&#8220;&#8220; rt_border_right_mobile=&#8220;&#8220; rt_bg_image_repeat=&#8220;repeat&#8220; rt_bg_size=&#8220;auto auto&#8220; rt_bg_position=&#8220;right top&#8220; rt_bg_attachment=&#8220;scroll&#8220;]<div class=\"rt_heading_wrapper \" style=\"padding-bottom:0px;\">\n\t\t\t\t\t\t<h4 class=\"rt_heading  \"  style=\"font-size:23px;margin-bottom:0px;\">Al\u00fcminyum kompozit panel; iki adet levha ve aras\u0131ndaki d\u00fc\u015f\u00fck yo\u011funluklu polietilen malzemenin birle\u015fiminden olu\u015fan yap\u0131 malzemesidir.<\/h4>\n\t\t\t\t\t<\/div>[\/vc_column][vc_column width=&#8220;1\/3&#8243; rt_wrp_col_paddings=&#8220;false&#8220; rt_border_top=&#8220;&#8220; rt_border_bottom=&#8220;&#8220; rt_border_left=&#8220;&#8220; rt_border_right=&#8220;&#8220; rt_border_top_mobile=&#8220;&#8220; rt_border_bottom_mobile=&#8220;&#8220; rt_border_left_mobile=&#8220;&#8220; rt_border_right_mobile=&#8220;&#8220; rt_bg_image_repeat=&#8220;repeat&#8220; rt_bg_size=&#8220;auto auto&#8220; rt_bg_position=&#8220;right top&#8220; rt_bg_attachment=&#8220;scroll&#8220;]<div class=\"button_wrapper  hero\"><a  href=\"http:\/\/www.alpil.com.tr\/urunler\/aluminyum-kompozit-panel\/\" target=\"_self\" title=\"Alpil Kompozit Panel\" class=\"button_  secondary-font custom hero\" style=\"background-color:transparent;border-width:3px;\" data-hover-style=\"color:#ffffff !important;background-color:#16b9a7 !important;border-color:#16b9a7 !important;\"><span class=\"icon-angle-right\"><\/span>Alpil Kompozit Panel<\/a><\/div>[\/vc_column][\/vc_row]<\/p>","protected":false},"excerpt":{"rendered":"<p>[vc_row rt_row_background_width=&#8220;fullwidth&#8220; rt_row_content_width=&#8220;fullwidth&#8220; rt_row_style=&#8220;default-style&#8220; rt_row_borders=&#8220;&#8220; rt_row_paddings=&#8220;false&#8220; rt_bg_effect=&#8220;classic&#8220; rt_bg_image_repeat=&#8220;repeat&#8220; rt_bg_size=&#8220;cover&#8220; rt_bg_position=&#8220;right top&#8220; rt_bg_attachment=&#8220;scroll&#8220; rt_bg_video_format=&#8220;self-hosted&#8220;][vc_column rt_wrp_col_paddings=&#8220;false&#8220; rt_border_top=&#8220;&#8220; rt_border_bottom=&#8220;&#8220; rt_border_left=&#8220;&#8220; rt_border_right=&#8220;&#8220; rt_border_top_mobile=&#8220;&#8220; rt_border_bottom_mobile=&#8220;&#8220; rt_border_left_mobile=&#8220;&#8220; rt_border_right_mobile=&#8220;&#8220; rt_bg_image_repeat=&#8220;repeat&#8220; rt_bg_size=&#8220;auto auto&#8220; rt_bg_position=&#8220;right top&#8220; rt_bg_attachment=&#8220;scroll&#8220;][rev_slider_vc alias=&#8220;alpilslider&#8220;][\/vc_column][\/vc_row][vc_row rt_row_background_width=&#8220;fullwidth&#8220; rt_row_content_width=&#8220;default&#8220; rt_row_style=&#8220;default-style&#8220; rt_column_placement=&#8220;middle&#8220; rt_row_borders=&#8220;&#8220; rt_col_anim=&#8220;true&#8220; rt_row_paddings=&#8220;true&#8220; rt_bg_effect=&#8220;classic&#8220; rt_bg_image_repeat=&#8220;repeat&#8220; rt_bg_size=&#8220;cover&#8220; rt_bg_position=&#8220;right top&#8220; rt_bg_attachment=&#8220;scroll&#8220; rt_bg_video_format=&#8220;self-hosted&#8220; rt_padding_top=&#8220;20&#8243; rt_padding_bottom=&#8220;80&#8243;][vc_column rt_wrp_col_paddings=&#8220;false&#8220; rt_border_top=&#8220;&#8220; rt_border_bottom=&#8220;&#8220; rt_border_left=&#8220;&#8220; rt_border_right=&#8220;&#8220; rt_border_top_mobile=&#8220;&#8220; rt_border_bottom_mobile=&#8220;&#8220; rt_border_left_mobile=&#8220;&#8220; rt_border_right_mobile=&#8220;&#8220; rt_bg_image_repeat=&#8220;repeat&#8220; [&hellip;]<\/p>\n","protected":false},"author":2,"featured_media":0,"parent":0,"menu_order":0,"comment_status":"open","ping_status":"closed","template":"","meta":{"rs_blank_template":"","rs_page_bg_color":"","slide_template_v7":"","footnotes":""},"class_list":["post-2610","page","type-page","status-publish","hentry"],"_links":{"self":[{"href":"https:\/\/www.alpil.com.tr\/de\/wp-json\/wp\/v2\/pages\/2610","targetHints":{"allow":["GET"]}}],"collection":[{"href":"https:\/\/www.alpil.com.tr\/de\/wp-json\/wp\/v2\/pages"}],"about":[{"href":"https:\/\/www.alpil.com.tr\/de\/wp-json\/wp\/v2\/types\/page"}],"author":[{"embeddable":true,"href":"https:\/\/www.alpil.com.tr\/de\/wp-json\/wp\/v2\/users\/2"}],"replies":[{"embeddable":true,"href":"https:\/\/www.alpil.com.tr\/de\/wp-json\/wp\/v2\/comments?post=2610"}],"version-history":[{"count":0,"href":"https:\/\/www.alpil.com.tr\/de\/wp-json\/wp\/v2\/pages\/2610\/revisions"}],"wp:attachment":[{"href":"https:\/\/www.alpil.com.tr\/de\/wp-json\/wp\/v2\/media?parent=2610"}],"curies":[{"name":"wp","href":"https:\/\/api.w.org\/{rel}","templated":true}]}}