{"id":3117,"date":"2016-12-08T16:34:54","date_gmt":"2016-12-08T14:34:54","guid":{"rendered":"http:\/\/www.alpil.com.tr\/demo\/?page_id=3117"},"modified":"2018-02-09T17:17:53","modified_gmt":"2018-02-09T14:17:53","slug":"renk-kartelasi","status":"publish","type":"page","link":"https:\/\/www.alpil.com.tr\/de\/teknik-bilgiler\/renk-kartelasi\/","title":{"rendered":"Farbpalette"},"content":{"rendered":"<p><\/p>\n<p style=\"text-indent: 20px;\">Bei Aluminium-Verbundplatten-Ausf\u00fchrungen stehen alle Farben der Farbpalette zur Verf\u00fcgung. Daneben besteht die M\u00f6glichkeit, \u00fcber eine bestimmte Menge in allen Ral-Farben, speziellen Farben und Abmessungen herzustellen. Neben diesen Produktkategorien wie Granit-, Holzmuster, Silberspiegel, Goldspiegel, gestreichelter Spiegel, doppelseitiges Silber, A1, A2, B1, B2 (brandbest\u00e4ndig) bestehen auch verschiedene spezielle M\u00f6glichkeiten .<\/p>\n<p>\n\t\t<style type=\"text\/css\">\n\t\t\t#gallery-8 {\n\t\t\t\tmargin: auto;\n\t\t\t}\n\t\t\t#gallery-8 .gallery-item {\n\t\t\t\tfloat: left;\n\t\t\t\tmargin-top: 10px;\n\t\t\t\ttext-align: center;\n\t\t\t\twidth: 100%;\n\t\t\t}\n\t\t\t#gallery-8 img {\n\t\t\t\tborder: 2px solid #cfcfcf;\n\t\t\t}\n\t\t\t#gallery-8 .gallery-caption {\n\t\t\t\tmargin-left: 0;\n\t\t\t}\n\t\t\t\/* see gallery_shortcode() in wp-includes\/media.php *\/\n\t\t<\/style>\n\t\t<div id='gallery-8' class='gallery galleryid-3117 gallery-columns-1 gallery-size-full'><dl class='gallery-item'>\n\t\t\t<dt class='gallery-icon landscape'>\n\t\t\t\t<a href='https:\/\/www.alpil.com.tr\/wp-content\/uploads\/2016\/12\/renk-kartelasa\u0131.jpg'><img loading=\"lazy\" decoding=\"async\" width=\"2048\" height=\"803\" src=\"https:\/\/www.alpil.com.tr\/wp-content\/uploads\/2016\/12\/renk-kartelasa\u0131.jpg\" class=\"attachment-full size-full\" alt=\"\" srcset=\"https:\/\/www.alpil.com.tr\/wp-content\/uploads\/2016\/12\/renk-kartelasa\u0131.jpg 2048w, https:\/\/www.alpil.com.tr\/wp-content\/uploads\/2016\/12\/renk-kartelasa\u0131-300x118.jpg 300w, https:\/\/www.alpil.com.tr\/wp-content\/uploads\/2016\/12\/renk-kartelasa\u0131-768x301.jpg 768w, https:\/\/www.alpil.com.tr\/wp-content\/uploads\/2016\/12\/renk-kartelasa\u0131-1024x402.jpg 1024w\" sizes=\"auto, (max-width: 2048px) 100vw, 2048px\" \/><\/a>\n\t\t\t<\/dt><\/dl><br style=\"clear: both\" \/>\n\t\t<\/div>\n<\/p>","protected":false},"excerpt":{"rendered":"<p>Bei Aluminium-Verbundplatten-Ausf\u00fchrungen stehen alle Farben der Farbpalette zur Verf\u00fcgung. Daneben besteht die M\u00f6glichkeit, \u00fcber eine bestimmte Menge in allen Ral-Farben, speziellen Farben und Abmessungen herzustellen. Neben diesen Produktkategorien wie Granit-, Holzmuster, Silberspiegel, Goldspiegel, gestreichelter Spiegel, doppelseitiges Silber, A1, A2, B1, B2 (brandbest\u00e4ndig) bestehen auch verschiedene spezielle M\u00f6glichkeiten .<\/p>\n","protected":false},"author":2,"featured_media":0,"parent":3345,"menu_order":0,"comment_status":"closed","ping_status":"closed","template":"","meta":{"rs_blank_template":"","rs_page_bg_color":"","slide_template_v7":"","footnotes":""},"class_list":["post-3117","page","type-page","status-publish","hentry"],"_links":{"self":[{"href":"https:\/\/www.alpil.com.tr\/de\/wp-json\/wp\/v2\/pages\/3117","targetHints":{"allow":["GET"]}}],"collection":[{"href":"https:\/\/www.alpil.com.tr\/de\/wp-json\/wp\/v2\/pages"}],"about":[{"href":"https:\/\/www.alpil.com.tr\/de\/wp-json\/wp\/v2\/types\/page"}],"author":[{"embeddable":true,"href":"https:\/\/www.alpil.com.tr\/de\/wp-json\/wp\/v2\/users\/2"}],"replies":[{"embeddable":true,"href":"https:\/\/www.alpil.com.tr\/de\/wp-json\/wp\/v2\/comments?post=3117"}],"version-history":[{"count":0,"href":"https:\/\/www.alpil.com.tr\/de\/wp-json\/wp\/v2\/pages\/3117\/revisions"}],"up":[{"embeddable":true,"href":"https:\/\/www.alpil.com.tr\/de\/wp-json\/wp\/v2\/pages\/3345"}],"wp:attachment":[{"href":"https:\/\/www.alpil.com.tr\/de\/wp-json\/wp\/v2\/media?parent=3117"}],"curies":[{"name":"wp","href":"https:\/\/api.w.org\/{rel}","templated":true}]}}