{"id":3298,"date":"2017-01-05T15:19:32","date_gmt":"2017-01-05T13:19:32","guid":{"rendered":"http:\/\/www.alpil.com.tr\/demo\/?page_id=3298"},"modified":"2017-05-06T15:25:42","modified_gmt":"2017-05-06T12:25:42","slug":"is-sagligi-ve-guvenligi-politikamiz","status":"publish","type":"page","link":"https:\/\/www.alpil.com.tr\/de\/kalite-ve-yonetim-sistemi\/is-sagligi-ve-guvenligi-politikamiz\/","title":{"rendered":"Unsere Politik zu Arbeitssicherheit und Gesundheitsschutz"},"content":{"rendered":"<p>[vc_row rt_row_background_width=&#8220;default&#8220; rt_row_style=&#8220;default-style&#8220; rt_row_borders=&#8220;&#8220; rt_row_paddings=&#8220;true&#8220; rt_bg_effect=&#8220;classic&#8220; rt_bg_image_repeat=&#8220;repeat&#8220; rt_bg_size=&#8220;cover&#8220; rt_bg_position=&#8220;right top&#8220; rt_bg_attachment=&#8220;scroll&#8220; rt_bg_video_format=&#8220;self-hosted&#8220;][vc_column rt_wrp_col_paddings=&#8220;false&#8220; rt_border_top=&#8220;&#8220; rt_border_bottom=&#8220;&#8220; rt_border_left=&#8220;&#8220; rt_border_right=&#8220;&#8220; rt_border_top_mobile=&#8220;&#8220; rt_border_bottom_mobile=&#8220;&#8220; rt_border_left_mobile=&#8220;&#8220; rt_border_right_mobile=&#8220;&#8220; rt_bg_image_repeat=&#8220;repeat&#8220; rt_bg_size=&#8220;auto auto&#8220; rt_bg_position=&#8220;right top&#8220; rt_bg_attachment=&#8220;scroll&#8220;][vc_images_carousel images=&#8220;3486&#8243; img_size=&#8220;full&#8220;][vc_column_text]<\/p>\n<p style=\"text-indent: 10px;\">Bei Alpil Al\u00fcminyum basiert unsere Politik der Arbeitssicherheit und des Gesundheitsschutzes auf Respekt gegen\u00fcber dem Menschen und der Umgebung, in der er lebt. Auf allen Bereichen, in den Alpil Al\u00fcminyum t\u00e4tig ist, besitzt die Arbeitssicherheit und der Gesundheitsschutz (ISG) oberste Priorit\u00e4t und wird mit dem Schlagwort &#8222;Sch\u00fctze deine Gesundheit, sch\u00fctze deine Arbeit&#8220; zur Sprache gebracht. Jeder ist verpflichtet, innerhalb seiner Zust\u00e4ndigkeitsgrenzen das N\u00f6tige zu tun, um eine sichere und gesunde Arbeitsumgebung zu schaffen. Eine unserer wichtigsten Aufgaben besteht darin, alle unsere Mitarbeiter und die Umwelt, in der wir uns befinden, gegen m\u00f6gliche Gefahren unserer Industrie zu sch\u00fctzen.<\/p>\n<p>In diesem Sinne;<\/p>\n<ul>\n<li>verpflichten wir uns im Rahmen unserer ISG-Politik dazu, in allen Betrieben und Nebenbetrieben zur Sicherung der Gesundheit und Sicherheit aller Mitarbeiter, Subauftragnehmer, Besucher und au\u00dferhalb der Betriebsst\u00e4tten arbeitenden Unternehmenspersonals geltende ISG-Vorschriften und im Einklang mit anderen mit ISG zusammenh\u00e4ngenden Notwendigkeiten achtend alle n\u00f6tigen Ma\u00dfnahmen zu ergreifen, alle Werkzeuge und pers\u00f6nliche Schutzausr\u00fcstungen verf\u00fcgbar zu halten und wenn n\u00f6tig Anwendung dieser zu veranlassen,<\/li>\n<li>in allen Betrieben und Nebenbetrieben alle unsicheren Umst\u00e4nde und Verhalten, die Arbeitsunf\u00e4lle und Berufskrankheiten verursachen k\u00f6nnten, durch eine effiziente Risikoeinsch\u00e4tzung im Voraus zu bestimmen und beseitigen,<\/li>\n<li>Arbeitsunf\u00e4lle und Berufskrankheiten verursachende Risiken im Betrieb festzustellen, Gesundheit, Sicherheit und sozialen Wohlstand der Mitarbeiter auf allen Ebenen, Besucher, Subauftragnehmer zu sichern, ihnen und ihren Familien alle Arten von materiellen und immateriellen Verlusten zu minimieren,<\/li>\n<li>unsere Mitarbeiter in Sachen Sicherheit und Gesundheit bei der Arbeit aufzukl\u00e4ren und ihnen ein Verst\u00e4ndnis f\u00fcr Arbeitssicherheit und Gesundheitsschutz zu vermitteln,<\/li>\n<li>zu gew\u00e4hrleisten, dass die durch Alpil Al\u00fcminyum aufgestellten Regeln hinsichtlich Arbeitssicherheit und Gesundheitsschutz auch durch Subauftragnehmern und Besuchern eingehalten werden, die innerhalb des Betriebes arbeiten,<\/li>\n<li>Alpil Al\u00fcminyum hinsichtlich der Anwendungen zu Arbeitssicherheit und Gesundheitsschutz bei angemeldeten Einrichtungen und Berufskammern zu einem Vorbildunternehmen zu machen,<\/li>\n<li>in Anbetracht der industriellen Entwicklungen m\u00f6gliche zuk\u00fcnftige Zust\u00e4nde heute vorhersagen zu k\u00f6nnen, st\u00e4ndige Entwicklung und Begutachtung unserer Lage,<\/li>\n<li>daf\u00fcr zu sorgen, dass das daf\u00fcr errichtete und ausgef\u00fchrte Managementsystem der ISG dauerhaft bestehen bleibt.<\/li>\n<\/ul>\n<p>[\/vc_column_text][\/vc_column][\/vc_row]<\/p>","protected":false},"excerpt":{"rendered":"<p>[vc_row rt_row_background_width=&#8220;default&#8220; rt_row_style=&#8220;default-style&#8220; rt_row_borders=&#8220;&#8220; rt_row_paddings=&#8220;true&#8220; rt_bg_effect=&#8220;classic&#8220; rt_bg_image_repeat=&#8220;repeat&#8220; rt_bg_size=&#8220;cover&#8220; rt_bg_position=&#8220;right top&#8220; rt_bg_attachment=&#8220;scroll&#8220; rt_bg_video_format=&#8220;self-hosted&#8220;][vc_column rt_wrp_col_paddings=&#8220;false&#8220; rt_border_top=&#8220;&#8220; rt_border_bottom=&#8220;&#8220; rt_border_left=&#8220;&#8220; rt_border_right=&#8220;&#8220; rt_border_top_mobile=&#8220;&#8220; rt_border_bottom_mobile=&#8220;&#8220; rt_border_left_mobile=&#8220;&#8220; rt_border_right_mobile=&#8220;&#8220; rt_bg_image_repeat=&#8220;repeat&#8220; rt_bg_size=&#8220;auto auto&#8220; rt_bg_position=&#8220;right top&#8220; rt_bg_attachment=&#8220;scroll&#8220;][vc_images_carousel images=&#8220;3486&#8243; img_size=&#8220;full&#8220;][vc_column_text] Bei Alpil Al\u00fcminyum basiert unsere Politik der Arbeitssicherheit und des Gesundheitsschutzes auf Respekt gegen\u00fcber dem Menschen und der Umgebung, in der er lebt. Auf allen Bereichen, [&hellip;]<\/p>\n","protected":false},"author":2,"featured_media":0,"parent":3291,"menu_order":0,"comment_status":"closed","ping_status":"closed","template":"","meta":{"rs_blank_template":"","rs_page_bg_color":"","slide_template_v7":"","footnotes":""},"class_list":["post-3298","page","type-page","status-publish","hentry"],"_links":{"self":[{"href":"https:\/\/www.alpil.com.tr\/de\/wp-json\/wp\/v2\/pages\/3298","targetHints":{"allow":["GET"]}}],"collection":[{"href":"https:\/\/www.alpil.com.tr\/de\/wp-json\/wp\/v2\/pages"}],"about":[{"href":"https:\/\/www.alpil.com.tr\/de\/wp-json\/wp\/v2\/types\/page"}],"author":[{"embeddable":true,"href":"https:\/\/www.alpil.com.tr\/de\/wp-json\/wp\/v2\/users\/2"}],"replies":[{"embeddable":true,"href":"https:\/\/www.alpil.com.tr\/de\/wp-json\/wp\/v2\/comments?post=3298"}],"version-history":[{"count":0,"href":"https:\/\/www.alpil.com.tr\/de\/wp-json\/wp\/v2\/pages\/3298\/revisions"}],"up":[{"embeddable":true,"href":"https:\/\/www.alpil.com.tr\/de\/wp-json\/wp\/v2\/pages\/3291"}],"wp:attachment":[{"href":"https:\/\/www.alpil.com.tr\/de\/wp-json\/wp\/v2\/media?parent=3298"}],"curies":[{"name":"wp","href":"https:\/\/api.w.org\/{rel}","templated":true}]}}