{"id":3328,"date":"2017-01-05T17:26:08","date_gmt":"2017-01-05T15:26:08","guid":{"rendered":"http:\/\/www.alpil.com.tr\/demo\/?page_id=3328"},"modified":"2017-05-06T16:03:32","modified_gmt":"2017-05-06T13:03:32","slug":"polietilen-pe","status":"publish","type":"page","link":"https:\/\/www.alpil.com.tr\/de\/urunler\/plastik\/polietilen-pe\/","title":{"rendered":"Polyethylen (PE)"},"content":{"rendered":"<p>[vc_row rt_row_background_width=&#8220;default&#8220; rt_row_style=&#8220;default-style&#8220; rt_row_borders=&#8220;&#8220; rt_row_paddings=&#8220;true&#8220; rt_bg_effect=&#8220;classic&#8220; rt_bg_image_repeat=&#8220;repeat&#8220; rt_bg_size=&#8220;cover&#8220; rt_bg_position=&#8220;right top&#8220; rt_bg_attachment=&#8220;scroll&#8220; rt_bg_video_format=&#8220;self-hosted&#8220;][vc_column rt_wrp_col_paddings=&#8220;false&#8220; rt_border_top=&#8220;&#8220; rt_border_bottom=&#8220;&#8220; rt_border_left=&#8220;&#8220; rt_border_right=&#8220;&#8220; rt_border_top_mobile=&#8220;&#8220; rt_border_bottom_mobile=&#8220;&#8220; rt_border_left_mobile=&#8220;&#8220; rt_border_right_mobile=&#8220;&#8220; rt_bg_image_repeat=&#8220;repeat&#8220; rt_bg_size=&#8220;auto auto&#8220; rt_bg_position=&#8220;right top&#8220; rt_bg_attachment=&#8220;scroll&#8220;][vc_images_carousel images=&#8220;3501&#8243; img_size=&#8220;full&#8220;][vc_column_text]<\/p>\n<p style=\"text-indent: 20px;\">Dies ist ein thermoplastischer Stoff, das in sehr vielen Produkten verwendet wird. Seinen Namen verdankt er einem Ethylen in Monomerform. Ethylen wird genutzt, um Polyethylen zu erstellen. In der Kunststoffverarbeitung ist die Abk\u00fcrzung PE g\u00e4ngig. Das Ethylenmolek\u00fcl C2H4, besteht eigentlich aus zwei CH2, die mit einer doppelten Verbindung miteinander verbunden sind. (CH2=CH2). Polyethylen wird durch Polymerisation von Ethylen hergestellt. Das Polymerisationsverfahren kann durch eine radikalische Polymerisation, anionische Polymerisation, ionische koordinative Polymerisation oder eine kationische Polymerisation erfolgen. Durch jeweils eine dieser Methoden wird eine andere Art Polyethylen hergestellt.<\/p>\n<h2>\u00a0 <img loading=\"lazy\" decoding=\"async\" class=\"alignnone size-full wp-image-3329\" src=\"http:\/\/www.alpil.com.tr\/\/wp-content\/uploads\/2017\/01\/Ba\u015fl\u0131ks\u0131z-4.jpg\" alt=\"basliksiz-4\" width=\"105\" height=\"98\" \/><img loading=\"lazy\" decoding=\"async\" class=\"alignnone size-full wp-image-3330\" src=\"http:\/\/www.alpil.com.tr\/\/wp-content\/uploads\/2017\/01\/kkk.jpg\" alt=\"kkk\" width=\"105\" height=\"98\" \/><\/h2>\n<h2><strong>KLASSIFIZIEGUNG VON POLYETHYLEN<\/strong><\/h2>\n<p style=\"text-indent: 20px;\">Polyethylen wird auf Grundlage seiner Dichte und chemischer Eigenschaften in verschiedenen Kategorien aufgeteilt. Seine mechanischen Eigenschaften sind abh\u00e4ngig von seinem Molekulargewicht, Kristallaufbau und Verzweigungstyp.<\/p>\n<ul>\n<li>UHMWPE ( PE mit ultrahohem Molekulargewicht)<\/li>\n<li>HDPE (PE mit hoher Dichte)<\/li>\n<li>HDXLPE (PE hoher Dichte, vernetzt)<\/li>\n<li>PEX (vernetztes PE)<\/li>\n<li>MDPE (PE mit mittlerer Dichte)<\/li>\n<li>LDPE (PE mit niedriger Dichte)<\/li>\n<li>LLDPE (PE mit linearer Verzweigung)<\/li>\n<\/ul>\n<h2>EIGENSCHAFTEN<\/h2>\n<p>Auch wenn seine Eigenschaften sich nach seinen Typen unterscheiden, gelten das Verhalten unter \u00e4u\u00dferen Bedingungen und Widerstandsf\u00e4higkeit gegen Feuchtigkeit, seine Flexibilit\u00e4t und seine hervorragende chemische Best\u00e4ndigkeit als allgemeine Eigenschaften. Sie werden sehr breitfl\u00e4chig eingesetzt wie z.B. in Gef\u00e4\u00dfen, Kunststoffkasten, K\u00fcchengegenst\u00e4nden, Beschichtungen, Rohren und Tuben, Spielwaren, Isolationsschichten an Kabeln, Verpackungsb\u00e4ndern etc. zu niedrigen Kosten.[\/vc_column_text][\/vc_column][\/vc_row]<\/p>","protected":false},"excerpt":{"rendered":"<p>[vc_row rt_row_background_width=&#8220;default&#8220; rt_row_style=&#8220;default-style&#8220; rt_row_borders=&#8220;&#8220; rt_row_paddings=&#8220;true&#8220; rt_bg_effect=&#8220;classic&#8220; rt_bg_image_repeat=&#8220;repeat&#8220; rt_bg_size=&#8220;cover&#8220; rt_bg_position=&#8220;right top&#8220; rt_bg_attachment=&#8220;scroll&#8220; rt_bg_video_format=&#8220;self-hosted&#8220;][vc_column rt_wrp_col_paddings=&#8220;false&#8220; rt_border_top=&#8220;&#8220; rt_border_bottom=&#8220;&#8220; rt_border_left=&#8220;&#8220; rt_border_right=&#8220;&#8220; rt_border_top_mobile=&#8220;&#8220; rt_border_bottom_mobile=&#8220;&#8220; rt_border_left_mobile=&#8220;&#8220; rt_border_right_mobile=&#8220;&#8220; rt_bg_image_repeat=&#8220;repeat&#8220; rt_bg_size=&#8220;auto auto&#8220; rt_bg_position=&#8220;right top&#8220; rt_bg_attachment=&#8220;scroll&#8220;][vc_images_carousel images=&#8220;3501&#8243; img_size=&#8220;full&#8220;][vc_column_text] Dies ist ein thermoplastischer Stoff, das in sehr vielen Produkten verwendet wird. Seinen Namen verdankt er einem Ethylen in Monomerform. Ethylen wird genutzt, um Polyethylen zu [&hellip;]<\/p>\n","protected":false},"author":2,"featured_media":0,"parent":3326,"menu_order":0,"comment_status":"closed","ping_status":"closed","template":"","meta":{"rs_blank_template":"","rs_page_bg_color":"","slide_template_v7":"","footnotes":""},"class_list":["post-3328","page","type-page","status-publish","hentry"],"_links":{"self":[{"href":"https:\/\/www.alpil.com.tr\/de\/wp-json\/wp\/v2\/pages\/3328","targetHints":{"allow":["GET"]}}],"collection":[{"href":"https:\/\/www.alpil.com.tr\/de\/wp-json\/wp\/v2\/pages"}],"about":[{"href":"https:\/\/www.alpil.com.tr\/de\/wp-json\/wp\/v2\/types\/page"}],"author":[{"embeddable":true,"href":"https:\/\/www.alpil.com.tr\/de\/wp-json\/wp\/v2\/users\/2"}],"replies":[{"embeddable":true,"href":"https:\/\/www.alpil.com.tr\/de\/wp-json\/wp\/v2\/comments?post=3328"}],"version-history":[{"count":0,"href":"https:\/\/www.alpil.com.tr\/de\/wp-json\/wp\/v2\/pages\/3328\/revisions"}],"up":[{"embeddable":true,"href":"https:\/\/www.alpil.com.tr\/de\/wp-json\/wp\/v2\/pages\/3326"}],"wp:attachment":[{"href":"https:\/\/www.alpil.com.tr\/de\/wp-json\/wp\/v2\/media?parent=3328"}],"curies":[{"name":"wp","href":"https:\/\/api.w.org\/{rel}","templated":true}]}}