{"id":3334,"date":"2017-01-05T17:28:47","date_gmt":"2017-01-05T15:28:47","guid":{"rendered":"http:\/\/www.alpil.com.tr\/demo\/?page_id=3334"},"modified":"2017-05-06T16:13:38","modified_gmt":"2017-05-06T13:13:38","slug":"polipropilen-pp","status":"publish","type":"page","link":"https:\/\/www.alpil.com.tr\/de\/urunler\/plastik\/polipropilen-pp\/","title":{"rendered":"Polypropylen (PP)"},"content":{"rendered":"<p>[vc_row rt_row_background_width=&#8220;default&#8220; rt_row_style=&#8220;default-style&#8220; rt_row_borders=&#8220;&#8220; rt_row_paddings=&#8220;true&#8220; rt_bg_effect=&#8220;classic&#8220; rt_bg_image_repeat=&#8220;repeat&#8220; rt_bg_size=&#8220;cover&#8220; rt_bg_position=&#8220;right top&#8220; rt_bg_attachment=&#8220;scroll&#8220; rt_bg_video_format=&#8220;self-hosted&#8220;][vc_column rt_wrp_col_paddings=&#8220;false&#8220; rt_border_top=&#8220;&#8220; rt_border_bottom=&#8220;&#8220; rt_border_left=&#8220;&#8220; rt_border_right=&#8220;&#8220; rt_border_top_mobile=&#8220;&#8220; rt_border_bottom_mobile=&#8220;&#8220; rt_border_left_mobile=&#8220;&#8220; rt_border_right_mobile=&#8220;&#8220; rt_bg_image_repeat=&#8220;repeat&#8220; rt_bg_size=&#8220;auto auto&#8220; rt_bg_position=&#8220;right top&#8220; rt_bg_attachment=&#8220;scroll&#8220;][vc_images_carousel images=&#8220;3504&#8243; img_size=&#8220;full&#8220;][vc_column_text]<\/p>\n<p style=\"text-indent: 20px;\">Hierbei handelt es sich um ein Polymer mit sehr breitem Anwendungsbereich von den bei der Fahrzeugherstellung verwendeten Teilen bis zu Textilien und Lebensmittelverpackungen. Das durch Polymerisation vom monomeren Propylen gewonnene Polypropylen ist gegen L\u00f6sungsmitteln (S\u00e4uren und Basen) extrem best\u00e4ndig. PP ist ein durch Polymerisation von Propylen hergestelltes, mittelhartes, transparentes, leicht verformbares, nicht teures Polymer. Das monomere Propylen wird aus Erd\u00f6l gewonnen. Es k\u00f6nnen ataktische, isotaktische und syndiotaktische PP mit verschiedenen Eigenschaften erstellt werden. Das Glas\u00fcbergangstemperatur des isotaktischen PP betr\u00e4gt -10\u00b0C und seine Schmelztemperatur liegt bei 160\u00b0C. Da der Schmelzpunkt niedrig ist, kann es bei Temperaturen 90-110\u00b0C verwendet werden. Unbelastet kann es Temperaturen um 140\u00b0C aushalten. Kristallanteil variiert zwischen 60 und 70 % und mit seiner Dichte von 0,90-92 g\/cm\u00b3 ist es der leichteste Thermoplast. PP hat eine gute chemische Best\u00e4ndigkeit. Obwohl gegen\u00fcber sichtbarem Lichtspektrum widerstandsf\u00e4hig, zerst\u00f6ren dennoch UV-Strahlen die Oberfl\u00e4chen aus PP hergestelltem Materials. Die Oxidation des Polymeren steigt mit der Temperaturzunahme und der zur Vermeidung von Oxidierung hinzugef\u00fcgte Kohlenstoff beschleunigt seine thermische Alterung. Sie wird zudem durch Chlor, Salpeters\u00e4ure und anderen starken Oxidationsmitteln beeinflusst. Es ist brennbar, brennt aber langsam. Es ist nicht giftig. Entsprechend modifiziert, entwickelt es eine gute W\u00e4rmebest\u00e4ndigkeit. \u2018\u2019Chrome plated\u2019\u2019, Spritzgie\u00dfen oder Blasformen und Extrusion sind seine Anwendungsformen. Einige wichtige Eigenschaften sind nachfolgend aufgef\u00fchrt.<\/p>\n<p><strong>PP-TYPEN:<\/strong><br \/>\nPP gibt es in drei Typen.<\/p>\n<p>1 . Polypropylene Homopolymere,<\/p>\n<p>2 . Polypropylene Blockpolymere,<\/p>\n<p>3 . Polypropylen Random-Copolymer unterscheidet sich von andren PP dadurch, dass es neben Sanit\u00e4reinrichtungen auch in f\u00fcr Warmwasserinstallation verwendet werden kann.<\/p>\n<p><strong>MERKMALE<\/strong><\/p>\n<ul>\n<li>Spezifisches Gewicht: 0,91<\/li>\n<li>Spannungskraft: 30-40 MPa<\/li>\n<li>Elastizit\u00e4tsmodul: 1400-1600 MPa<\/li>\n<li>Sto\u00dffestigkeit: 5-10 kj\/m\u00b2<\/li>\n<li>Verformungstemperatur: 110 \u00baC<\/li>\n<li>Vicat-Erweichungstemperatur: 155 \u00baC<\/li>\n<\/ul>\n<p><strong>VORTEILE<\/strong><\/p>\n<ul>\n<li>Breiter mechanischer Eigenschaftsbereich<\/li>\n<li>Chemische Belastbarkeit<\/li>\n<li>Elektrische Belastbarkeit<\/li>\n<li>Erm\u00fcdungsbest\u00e4ndigkeit<\/li>\n<li>Brandverz\u00f6gerung<\/li>\n<li>Preisleistungsverh\u00e4ltnis<\/li>\n<\/ul>\n<p><strong>EINSATZGEBIETE<\/strong><\/p>\n<ul>\n<li>Gartenm\u00f6bel<\/li>\n<li>Haushaltsmaschinengeh\u00e4use<\/li>\n<li>Ventilatorl\u00fcfter<\/li>\n<li>Waschmittelfach<\/li>\n<li>Waschmaschinetrommel<\/li>\n<li>Elektrowerkzeuge<\/li>\n<li>Reisetasche<\/li>\n<li>Reisekoffer<\/li>\n<li>Tasche<\/li>\n<li>Rasierschaumtuben<\/li>\n<li>Sterile Medizinwerkzeuge<\/li>\n<li>Regalkasten aus Kunststoff<\/li>\n<li>Luftfilter<\/li>\n<li>Kunststoffteller<\/li>\n<li>Flaschen<\/li>\n<li>Anzeigetabellen<\/li>\n<li>Sonnendach<\/li>\n<li>Reagenzgl\u00e4ser<\/li>\n<li>Transportbeh\u00e4lter<\/li>\n<li>Lagerbeh\u00e4lter<\/li>\n<li>Kasse<\/li>\n<li>Tesafilm<\/li>\n<li>Transparente Verpackung<\/li>\n<li>Isolierkanne<\/li>\n<\/ul>\n<p><strong>Der Verarbeitungsprozess des PP<\/strong><\/p>\n<ul>\n<li>PP kann durch bekannte thermoplastische Verfahren verformt werden.<\/li>\n<li>Empfohlene Temperaturwerte f\u00fcr die Verarbeitung mit Spritzgussverfahren: 180-260\u00b0C.<\/li>\n<\/ul>\n<p>[\/vc_column_text][\/vc_column][\/vc_row]<\/p>","protected":false},"excerpt":{"rendered":"<p>[vc_row rt_row_background_width=&#8220;default&#8220; rt_row_style=&#8220;default-style&#8220; rt_row_borders=&#8220;&#8220; rt_row_paddings=&#8220;true&#8220; rt_bg_effect=&#8220;classic&#8220; rt_bg_image_repeat=&#8220;repeat&#8220; rt_bg_size=&#8220;cover&#8220; rt_bg_position=&#8220;right top&#8220; rt_bg_attachment=&#8220;scroll&#8220; rt_bg_video_format=&#8220;self-hosted&#8220;][vc_column rt_wrp_col_paddings=&#8220;false&#8220; rt_border_top=&#8220;&#8220; rt_border_bottom=&#8220;&#8220; rt_border_left=&#8220;&#8220; rt_border_right=&#8220;&#8220; rt_border_top_mobile=&#8220;&#8220; rt_border_bottom_mobile=&#8220;&#8220; rt_border_left_mobile=&#8220;&#8220; rt_border_right_mobile=&#8220;&#8220; rt_bg_image_repeat=&#8220;repeat&#8220; rt_bg_size=&#8220;auto auto&#8220; rt_bg_position=&#8220;right top&#8220; rt_bg_attachment=&#8220;scroll&#8220;][vc_images_carousel images=&#8220;3504&#8243; img_size=&#8220;full&#8220;][vc_column_text] Hierbei handelt es sich um ein Polymer mit sehr breitem Anwendungsbereich von den bei der Fahrzeugherstellung verwendeten Teilen bis zu Textilien und Lebensmittelverpackungen. Das durch Polymerisation [&hellip;]<\/p>\n","protected":false},"author":2,"featured_media":0,"parent":3326,"menu_order":0,"comment_status":"closed","ping_status":"closed","template":"","meta":{"rs_blank_template":"","rs_page_bg_color":"","slide_template_v7":"","footnotes":""},"class_list":["post-3334","page","type-page","status-publish","hentry"],"_links":{"self":[{"href":"https:\/\/www.alpil.com.tr\/de\/wp-json\/wp\/v2\/pages\/3334","targetHints":{"allow":["GET"]}}],"collection":[{"href":"https:\/\/www.alpil.com.tr\/de\/wp-json\/wp\/v2\/pages"}],"about":[{"href":"https:\/\/www.alpil.com.tr\/de\/wp-json\/wp\/v2\/types\/page"}],"author":[{"embeddable":true,"href":"https:\/\/www.alpil.com.tr\/de\/wp-json\/wp\/v2\/users\/2"}],"replies":[{"embeddable":true,"href":"https:\/\/www.alpil.com.tr\/de\/wp-json\/wp\/v2\/comments?post=3334"}],"version-history":[{"count":0,"href":"https:\/\/www.alpil.com.tr\/de\/wp-json\/wp\/v2\/pages\/3334\/revisions"}],"up":[{"embeddable":true,"href":"https:\/\/www.alpil.com.tr\/de\/wp-json\/wp\/v2\/pages\/3326"}],"wp:attachment":[{"href":"https:\/\/www.alpil.com.tr\/de\/wp-json\/wp\/v2\/media?parent=3334"}],"curies":[{"name":"wp","href":"https:\/\/api.w.org\/{rel}","templated":true}]}}