{"id":3337,"date":"2017-01-05T17:30:15","date_gmt":"2017-01-05T15:30:15","guid":{"rendered":"http:\/\/www.alpil.com.tr\/demo\/?page_id=3337"},"modified":"2017-05-06T16:18:37","modified_gmt":"2017-05-06T13:18:37","slug":"ldpe-alcak-yogunluklu-pe","status":"publish","type":"page","link":"https:\/\/www.alpil.com.tr\/de\/urunler\/plastik\/ldpe-alcak-yogunluklu-pe\/","title":{"rendered":"LDPE (PE mit niedriger Dichte)"},"content":{"rendered":"<p>[vc_row rt_row_background_width=&#8220;default&#8220; rt_row_style=&#8220;default-style&#8220; rt_row_borders=&#8220;&#8220; rt_row_paddings=&#8220;true&#8220; rt_bg_effect=&#8220;classic&#8220; rt_bg_image_repeat=&#8220;repeat&#8220; rt_bg_size=&#8220;cover&#8220; rt_bg_position=&#8220;right top&#8220; rt_bg_attachment=&#8220;scroll&#8220; rt_bg_video_format=&#8220;self-hosted&#8220;][vc_column rt_wrp_col_paddings=&#8220;false&#8220; rt_border_top=&#8220;&#8220; rt_border_bottom=&#8220;&#8220; rt_border_left=&#8220;&#8220; rt_border_right=&#8220;&#8220; rt_border_top_mobile=&#8220;&#8220; rt_border_bottom_mobile=&#8220;&#8220; rt_border_left_mobile=&#8220;&#8220; rt_border_right_mobile=&#8220;&#8220; rt_bg_image_repeat=&#8220;repeat&#8220; rt_bg_size=&#8220;auto auto&#8220; rt_bg_position=&#8220;right top&#8220; rt_bg_attachment=&#8220;scroll&#8220;][vc_images_carousel images=&#8220;3508&#8243; img_size=&#8220;full&#8220;][vc_column_text]<\/p>\n<p style=\"text-indent: 20px;\">Bei PP handelt es sich um einen Thermoplast, der in sehr vielen verschiedene Produkten zur Anwendung kommt. Seinen Namen verdankt er einem Ethylen in Monomerform. Ethylen wird genutzt, um Polyethylen herzustellen. In der Kunststoffverarbeitung wird die Abk\u00fcrzung PE verwendet.<\/p>\n<p style=\"text-indent: 20px;\">Polyethylen wird auf Grundlage seiner Dichte und chemischer Eigenschaften in verschiedenen Kategorien aufgeteilt. Seine mechanischen Eigenschaften sind abh\u00e4ngig von seinem Molekulargewicht, Kristallaufbau und Verzweigungstyp.<\/p>\n<p style=\"text-indent: 20px;\"><strong>Polyethylen niedriger Dichte <\/strong>\u00a0(LDPE) ist ein thermoplastischer Stoff aus monomerem Ethylen. Das durch Imperial Chemical Industries (ICI) 1933 durch radikalische Polymerisation hergestellte Polyethylen ist das h\u00f6chstqualitative \u00a0<strong>Polyethylen niedriger Dichte<\/strong>. Heute wird das gleiche Verfahren verwendet.\u00a0<strong>Polyethylen niedriger Dichte<\/strong>\u00a0wird meistens in der Agrarindustrie genutzt. Mit dem Bedeutungszuwachs des au\u00dfersaisonalen Gem\u00fcseanbaus und der vermehrten D\u00fcngernutzung erh\u00f6hte sich auch seine Nutzung im Agrarsektor. Zudem wird Polyethylen niedriger Dichte oft in der Verpackung von Ausfuhrprodukten verwendet. Es gewann auch einen gro\u00dfen Anwendungsbereich in der Verkabelungsindustrie f\u00fcr die Telekommunikation, Energieverteilung und Industrie. In solchen Bereichen wird durch seine vermehrte Nutzung der Entwicklung von Industrie beigetragen.<strong>\u00a0<\/strong><strong>Polyethylen niedriger Dichte<\/strong>\u00a0wurde in der T\u00fcrkei erstmals 1970 hergestellt. LDPE 5,7% mit EPA-Recycling (gesch\u00e4tztes Recyclingverh\u00e4ltnis) gilt, trotz Wettbewerb mit moderneren Polymeren, nach wie vor als wichtiger Kunststoff. 2009 erreichte der \u00a0<strong>LDPE-Markt<\/strong>\u00a0einen Volumen von $ 22.200.000.000\u00a0 (\u20ac 15900000000). Polyethylen niedriger Dichte mit liegt in einem Bereich von 0,910-0,940 g \/ sm3. Mit Ausnahme von starken Oxidationsmitteln, sind diese bei Raumtemperatur nicht reaktiv und einige L\u00f6sungsmittel verursachen Schwellungen. Bei 80 \u00b0 C kontinuierlich und 95 \u00b0C f\u00fcr eine bestimmten Dauer best\u00e4ndig. Das Polyethylen niedriger Dichte existiert in transparenten und opaken Ausf\u00fchrungen, von besonders flexibel bis hart und zerbrechlich.<\/p>\n<p style=\"text-indent: 20px;\"><strong>Das Polyethylen niedriger Dichte<\/strong>\u00a0mit besitzt eine niedrigere Anziehungskraft zwischen den Molek\u00fclen (augenblickliche Dipolanziehung) als das Polyethylen mit h\u00f6herer Dichte (ca. 2% der Kohlenstoffatome verzweigt). Da seine eigenen Molek\u00fcle noch dichter sind, sind Nebenzweige voll und Kristalle dagegen in niedriger Menge. Zudem besitzt \u00a0<strong>Polyethylen niedrigerer Dichte <\/strong>\u00a0eine niedrigere Dichte. LDPE beinhaltet chemische Elemente wie Kohlenstoff und Wasserstoff.<\/p>\n<p><strong>MERKMALE<\/strong><\/p>\n<p>\u2022 Spezifisches Gewicht: 0,92<br \/>\n\u2022 Spannungskraft: 10-20 MPa<br \/>\n\u2022\u00a0 Elastizit\u00e4tsmodul: 300-500 MPa<br \/>\n\u2022 Sto\u00dffestigkeit: 500 kj\/m\u00b2<br \/>\n\u2022 Verformungstemperatur: 110 \u00baC<br \/>\n\u2022 Vicat-Erweichungstemperatur: 94 \u00baC<\/p>\n<p><strong>VORTEILE<\/strong><\/p>\n<p>\u2022 Breiter mechanischer Eigenschaftsbereich<br \/>\n\u2022 Chemische Belastbarkeit<br \/>\n\u2022 Elektrische Belastbarkeit<br \/>\n\u2022 Erm\u00fcdungsbest\u00e4ndigkeit<br \/>\n\u2022 Brandverz\u00f6gerung<br \/>\n\u2022 Preisleistungsverh\u00e4ltnis<br \/>\n<strong><br \/>\nEINSATZGEBIETE<br \/>\n<\/strong><br \/>\n\u2022 S\u00e4cke f\u00fcr Schwerlast<br \/>\n\u2022 Filmeherstellung<br \/>\n\u2022 Papierbeschichtungen<br \/>\n\u2022 Gebinde<br \/>\n\u2022 Spielzeug<br \/>\n\u2022 M\u00fclls\u00e4cke<br \/>\n\u2022 Stromisolation<br \/>\n\u2022 Flaschenproduktion<\/p>\n<p><strong>BEARBEITUNGPROZESS<\/strong><\/p>\n<ul>\n<li>LDPE kann durch bekannte thermoplastische Verfahren verformt werden.<\/li>\n<li>Empfohlene Temperaturwerte f\u00fcr die Verarbeitung mit Spritzgussverfahren: 180-240\u00b0C.<\/li>\n<\/ul>\n<p>[\/vc_column_text][\/vc_column][\/vc_row]<\/p>","protected":false},"excerpt":{"rendered":"<p>[vc_row rt_row_background_width=&#8220;default&#8220; rt_row_style=&#8220;default-style&#8220; rt_row_borders=&#8220;&#8220; rt_row_paddings=&#8220;true&#8220; rt_bg_effect=&#8220;classic&#8220; rt_bg_image_repeat=&#8220;repeat&#8220; rt_bg_size=&#8220;cover&#8220; rt_bg_position=&#8220;right top&#8220; rt_bg_attachment=&#8220;scroll&#8220; rt_bg_video_format=&#8220;self-hosted&#8220;][vc_column rt_wrp_col_paddings=&#8220;false&#8220; rt_border_top=&#8220;&#8220; rt_border_bottom=&#8220;&#8220; rt_border_left=&#8220;&#8220; rt_border_right=&#8220;&#8220; rt_border_top_mobile=&#8220;&#8220; rt_border_bottom_mobile=&#8220;&#8220; rt_border_left_mobile=&#8220;&#8220; rt_border_right_mobile=&#8220;&#8220; rt_bg_image_repeat=&#8220;repeat&#8220; rt_bg_size=&#8220;auto auto&#8220; rt_bg_position=&#8220;right top&#8220; rt_bg_attachment=&#8220;scroll&#8220;][vc_images_carousel images=&#8220;3508&#8243; img_size=&#8220;full&#8220;][vc_column_text] Bei PP handelt es sich um einen Thermoplast, der in sehr vielen verschiedene Produkten zur Anwendung kommt. Seinen Namen verdankt er einem Ethylen in Monomerform. Ethylen [&hellip;]<\/p>\n","protected":false},"author":2,"featured_media":0,"parent":3326,"menu_order":0,"comment_status":"closed","ping_status":"closed","template":"","meta":{"rs_blank_template":"","rs_page_bg_color":"","slide_template_v7":"","footnotes":""},"class_list":["post-3337","page","type-page","status-publish","hentry"],"_links":{"self":[{"href":"https:\/\/www.alpil.com.tr\/de\/wp-json\/wp\/v2\/pages\/3337","targetHints":{"allow":["GET"]}}],"collection":[{"href":"https:\/\/www.alpil.com.tr\/de\/wp-json\/wp\/v2\/pages"}],"about":[{"href":"https:\/\/www.alpil.com.tr\/de\/wp-json\/wp\/v2\/types\/page"}],"author":[{"embeddable":true,"href":"https:\/\/www.alpil.com.tr\/de\/wp-json\/wp\/v2\/users\/2"}],"replies":[{"embeddable":true,"href":"https:\/\/www.alpil.com.tr\/de\/wp-json\/wp\/v2\/comments?post=3337"}],"version-history":[{"count":0,"href":"https:\/\/www.alpil.com.tr\/de\/wp-json\/wp\/v2\/pages\/3337\/revisions"}],"up":[{"embeddable":true,"href":"https:\/\/www.alpil.com.tr\/de\/wp-json\/wp\/v2\/pages\/3326"}],"wp:attachment":[{"href":"https:\/\/www.alpil.com.tr\/de\/wp-json\/wp\/v2\/media?parent=3337"}],"curies":[{"name":"wp","href":"https:\/\/api.w.org\/{rel}","templated":true}]}}