{"id":3340,"date":"2017-01-05T17:41:08","date_gmt":"2017-01-05T15:41:08","guid":{"rendered":"http:\/\/www.alpil.com.tr\/demo\/?page_id=3340"},"modified":"2017-05-06T16:22:24","modified_gmt":"2017-05-06T13:22:24","slug":"hdpe-yuksek-yogunluklu-pe","status":"publish","type":"page","link":"https:\/\/www.alpil.com.tr\/de\/urunler\/plastik\/hdpe-yuksek-yogunluklu-pe\/","title":{"rendered":"HDPE (PE mit hoher Dichte)"},"content":{"rendered":"<p>[vc_row rt_row_background_width=&#8220;default&#8220; rt_row_style=&#8220;default-style&#8220; rt_row_borders=&#8220;&#8220; rt_row_paddings=&#8220;true&#8220; rt_bg_effect=&#8220;classic&#8220; rt_bg_image_repeat=&#8220;repeat&#8220; rt_bg_size=&#8220;cover&#8220; rt_bg_position=&#8220;right top&#8220; rt_bg_attachment=&#8220;scroll&#8220; rt_bg_video_format=&#8220;self-hosted&#8220;][vc_column rt_wrp_col_paddings=&#8220;false&#8220; rt_border_top=&#8220;&#8220; rt_border_bottom=&#8220;&#8220; rt_border_left=&#8220;&#8220; rt_border_right=&#8220;&#8220; rt_border_top_mobile=&#8220;&#8220; rt_border_bottom_mobile=&#8220;&#8220; rt_border_left_mobile=&#8220;&#8220; rt_border_right_mobile=&#8220;&#8220; rt_bg_image_repeat=&#8220;repeat&#8220; rt_bg_size=&#8220;auto auto&#8220; rt_bg_position=&#8220;right top&#8220; rt_bg_attachment=&#8220;scroll&#8220;][vc_images_carousel images=&#8220;3510&#8243; img_size=&#8220;full&#8220;][vc_column_text]<\/p>\n<p style=\"text-indent: 20px;\">Bei PP handelt es sich um einen Thermoplast, der in sehr vielen verschiedene Produkten zur Anwendung kommt. Seinen Namen verdankt er einem Ethylen in Monomerform. Ethylen wird genutzt, um Polyethylen herzustellen. In der Kunststoffverarbeitung wird die Abk\u00fcrzung PE verwendet. Polyethylen wird nach seiner Dichte in zwei Klassen mit niedriger und h\u00f6her Dichte unterteilt.<\/p>\n<p style=\"text-indent: 20px;\">Polyethylen wird auf Grundlage seiner Dichte und chemischer Eigenschaften in verschiedenen Kategorien aufgeteilt. Seine mechanischen Eigenschaften sind abh\u00e4ngig von seinem Molekulargewicht, Kristallaufbau und Verzweigungstyp.<\/p>\n<p>\u00a0 \u00a0 \u00a0 HDPE d.h.\u00a0<strong>Polyethylen hoher Dichte<\/strong>\u00a0ist ein Stoff aus Polyethylen mit hoher Dichte, der aus Erd\u00f6l gewonnen wird.\u00a0\u00a0<strong>\u00a0<\/strong>Wegen seiner <strong>hohen Dichte<\/strong>\u00a0hat es eine h\u00f6here Best\u00e4ndigkeit gegen\u00fcber chemischen Stoffen als andere Polyethylene.\u00a0<strong>Polyethylen hoher Dichte<\/strong> ist sto\u00dffest und kann leicht hergestellt werden.<\/p>\n<p style=\"text-indent: 20px;\">HDPE (<strong>Polyethylen hoher Dichte<\/strong>) ist f\u00fcr Spritzgie\u00dfen sehr gut geeignet und kann sterilisiert werden und ohne Belastung bis zu einer Temperatur von 80 verwendbar.<\/p>\n<p style=\"text-indent: 20px;\"><strong>Polyethylen hoher Dichte <\/strong>\u00a0besitzt zwar ein \u00e4hnliches Aussehen wie das Polyethylen niedriger Dichte. Es ist aber sehr viel h\u00e4rteres Polymer und seine Molekularmasse liegt im Bereich 150.000-400.000.\u00a0<strong>Polyethylen hoher Dichte<\/strong> hat eine gute Widerstandsf\u00e4higkeit gegen\u00fcber Wasser und chemischen Stoffen. Es hat allerding eine niedrigere Best\u00e4ndigkeit gegen\u00fcber Tageslicht und \u00e4u\u00dferen Verh\u00e4ltnissen als das \u00a0<strong>Polyethylen niedriger Dichte <\/strong><strong>\u00a0<\/strong>. Durch spezielle F\u00fcllungen kann aber diese Widerstandsf\u00e4higkeit erh\u00f6ht werden. Es hat sehr gute mechanische Eigenschaften, besonders hoch sind seine Sto\u00df- und Zugfestigkeit. Mit bestimmten F\u00fcllstoffen k\u00f6nnen diese Eigenschaften noch verbessert werden. Normalerweise liegt seine Zugfestigkeit im Bereich 225-350 kg \/cm2. Seine Temperaturbest\u00e4ndigkeit liegt \u00fcber 100 \u00b0C.<\/p>\n<p style=\"text-indent: 20px;\">Das Einsatzgebiet des HDPE ist breit. Es wird f\u00fcr Druckrohre, Gasverteilungsrohre, Flaschen, Kanister, K\u00fcchenger\u00e4te, nichtleitf\u00e4higes Material, Spielwaren verwendet.<\/p>\n<p style=\"text-indent: 20px;\">Es wird in der Industrie und produzierendem Gewerbe verwendet. Seine Best\u00e4ndigkeit gegen\u00fcber Wasser und chemischen Mitteln ist besonders hoch. Keine Schmutz- oder Rosthaftung und enth\u00e4lt keine toxischen Mittel, ist leicht zu reinigen. Es ist nicht widerstandsf\u00e4hig gegen\u00fcber Licht- und Witterungseinfl\u00fcssen.<strong>\u00a0<\/strong>Einer der Vorteile des <strong>Polyethylen hoher Dichte<\/strong><strong>\u00a0<\/strong> liegt darin, dass es keinen Schutzschicht braucht.. Au\u00dferdem ist es auch gegen\u00fcber Alterung besonders robust. Es kann leichter verbunden werden als Stahl, Aluminium oder Verbundwerkstoffen. Eine andere Eigenschaft ist seine Best\u00e4ndigkeit gegen\u00fcber Vereisung. In den letzten Jahren wurde es besonders wegen seine Best\u00e4ndigkeit gegen\u00fcber Wasser bevorzugt. Daher hat man begonnen,\u00a0<strong>Polyethylen hoher Dichte <\/strong>\u00a0auch f\u00fcr die Herstellung von Boten und Tanks zu verwenden.<\/p>\n<p style=\"text-indent: 20px;\"><strong>Polyethylen hoher Dichter<\/strong> eignet sich f\u00fcr folgende Gestaltungsverfahren gut: Spritzgie\u00dfen, Pulverbeschichtung, Drehbeschichtung. Erhalt der Temperatur im Bereich von 50-70 \u00b0C f\u00fcr die Spritzgussformen erh\u00f6ht die Qualit\u00e4t der aus dem Ger\u00e4t herauskommenden Produkte.\u00a0<strong>Polyethylen hoher Dichte <\/strong>\u00a0ist ein besonders effizientes Material elektrotechnische Anwendungen.<\/p>\n<p>EINSATZBEREICHE<\/p>\n<ul>\n<li>Herstellung von Haushaltswaren, Spielwaren<\/li>\n<li>Verpackungsstreifen<\/li>\n<li>Rohre (hartes Rohr, Waschmittel- und Kosmetikflaschen, nicht transparent),<\/li>\n<li>Wasser- und Gaskanister<\/li>\n<li>Rotationelle Beschichtungsmittel f\u00fcr Platten, Papier, Stoffe und Metall<\/li>\n<li>Einkaufst\u00fcten, Plastikt\u00fcten, Laminierung, Netzt\u00fcten, S\u00e4cke<\/li>\n<li>Druckwasserrohre, Erdgas- und Abwasserrohre<\/li>\n<li>Wasserversorgung, Kanalisation, Bew\u00e4sserung, Wasserverteilungsnetze.<\/li>\n<\/ul>\n<p>[\/vc_column_text][\/vc_column][\/vc_row]<\/p>","protected":false},"excerpt":{"rendered":"<p>[vc_row rt_row_background_width=&#8220;default&#8220; rt_row_style=&#8220;default-style&#8220; rt_row_borders=&#8220;&#8220; rt_row_paddings=&#8220;true&#8220; rt_bg_effect=&#8220;classic&#8220; rt_bg_image_repeat=&#8220;repeat&#8220; rt_bg_size=&#8220;cover&#8220; rt_bg_position=&#8220;right top&#8220; rt_bg_attachment=&#8220;scroll&#8220; rt_bg_video_format=&#8220;self-hosted&#8220;][vc_column rt_wrp_col_paddings=&#8220;false&#8220; rt_border_top=&#8220;&#8220; rt_border_bottom=&#8220;&#8220; rt_border_left=&#8220;&#8220; rt_border_right=&#8220;&#8220; rt_border_top_mobile=&#8220;&#8220; rt_border_bottom_mobile=&#8220;&#8220; rt_border_left_mobile=&#8220;&#8220; rt_border_right_mobile=&#8220;&#8220; rt_bg_image_repeat=&#8220;repeat&#8220; rt_bg_size=&#8220;auto auto&#8220; rt_bg_position=&#8220;right top&#8220; rt_bg_attachment=&#8220;scroll&#8220;][vc_images_carousel images=&#8220;3510&#8243; img_size=&#8220;full&#8220;][vc_column_text] Bei PP handelt es sich um einen Thermoplast, der in sehr vielen verschiedene Produkten zur Anwendung kommt. Seinen Namen verdankt er einem Ethylen in Monomerform. Ethylen [&hellip;]<\/p>\n","protected":false},"author":2,"featured_media":0,"parent":3326,"menu_order":0,"comment_status":"closed","ping_status":"closed","template":"","meta":{"rs_blank_template":"","rs_page_bg_color":"","slide_template_v7":"","footnotes":""},"class_list":["post-3340","page","type-page","status-publish","hentry"],"_links":{"self":[{"href":"https:\/\/www.alpil.com.tr\/de\/wp-json\/wp\/v2\/pages\/3340","targetHints":{"allow":["GET"]}}],"collection":[{"href":"https:\/\/www.alpil.com.tr\/de\/wp-json\/wp\/v2\/pages"}],"about":[{"href":"https:\/\/www.alpil.com.tr\/de\/wp-json\/wp\/v2\/types\/page"}],"author":[{"embeddable":true,"href":"https:\/\/www.alpil.com.tr\/de\/wp-json\/wp\/v2\/users\/2"}],"replies":[{"embeddable":true,"href":"https:\/\/www.alpil.com.tr\/de\/wp-json\/wp\/v2\/comments?post=3340"}],"version-history":[{"count":0,"href":"https:\/\/www.alpil.com.tr\/de\/wp-json\/wp\/v2\/pages\/3340\/revisions"}],"up":[{"embeddable":true,"href":"https:\/\/www.alpil.com.tr\/de\/wp-json\/wp\/v2\/pages\/3326"}],"wp:attachment":[{"href":"https:\/\/www.alpil.com.tr\/de\/wp-json\/wp\/v2\/media?parent=3340"}],"curies":[{"name":"wp","href":"https:\/\/api.w.org\/{rel}","templated":true}]}}