{"id":3377,"date":"2017-01-06T11:10:56","date_gmt":"2017-01-06T09:10:56","guid":{"rendered":"http:\/\/www.alpil.com.tr\/demo\/?page_id=3377"},"modified":"2018-03-19T16:32:11","modified_gmt":"2018-03-19T13:32:11","slug":"english-smartbond","status":"publish","type":"page","link":"https:\/\/www.alpil.com.tr\/de\/urunler\/english-smartbond\/","title":{"rendered":"SmartBOND"},"content":{"rendered":"<p>[vc_row rt_row_background_width=&#8220;default&#8220; rt_row_style=&#8220;default-style&#8220; rt_row_borders=&#8220;&#8220; rt_row_paddings=&#8220;true&#8220; rt_bg_effect=&#8220;classic&#8220; rt_bg_image_repeat=&#8220;repeat&#8220; rt_bg_size=&#8220;cover&#8220; rt_bg_position=&#8220;right top&#8220; rt_bg_attachment=&#8220;scroll&#8220; rt_bg_video_format=&#8220;self-hosted&#8220;][vc_column width=&#8220;2\/3&#8243; rt_wrp_col_paddings=&#8220;false&#8220; rt_border_top=&#8220;&#8220; rt_border_bottom=&#8220;&#8220; rt_border_left=&#8220;&#8220; rt_border_right=&#8220;&#8220; rt_border_top_mobile=&#8220;&#8220; rt_border_bottom_mobile=&#8220;&#8220; rt_border_left_mobile=&#8220;&#8220; rt_border_right_mobile=&#8220;&#8220; rt_bg_image_repeat=&#8220;repeat&#8220; rt_bg_size=&#8220;auto auto&#8220; rt_bg_position=&#8220;right top&#8220; rt_bg_attachment=&#8220;scroll&#8220;][vc_column_text]<\/p>\n<h4><strong>Technische Merkmale;<\/strong><\/h4>\n<ul>\n<li>Aluminiumdicke 0,25 mm und 0,30 mm<\/li>\n<li>Abmessungen: 125\u00d7320 cm \u2013 125\u00d7600 cm \u2013 150\u00d7320 cm \u2013 150\u00d7600 cm.<\/li>\n<li>Besitzt eine hohe Stabilit\u00e4t und Belastbarkeit.<\/li>\n<li>Hohe Best\u00e4ndigkeit gegen\u00fcber Witterungseinfl\u00fcssen und UV-Strahlung.<\/li>\n<li>Hohe Widerstandsf\u00e4higkeit gegen S\u00e4uren und Basen unter harten \u00e4u\u00dferen Umweltbedingungen.<\/li>\n<li>Geschmeidige, ebene und glatte Oberfl\u00e4cheneigenschaften.<\/li>\n<li>Leicht zu verarbeiten.<\/li>\n<li>Schall- und schwingungsd\u00e4mpfende Eigenschaften.<\/li>\n<li>Unterscheidet sich durch seine Nicht-Entflammbarkeit und W\u00e4rmed\u00e4mmung von anderen Verbundplatten.<\/li>\n<li>Hohe Sto\u00dffestigkeit.<\/li>\n<li>Sch\u00fctzt das Bauwerk vor sch\u00e4dlichen Einwirkungen industrieller und umweltbedingter Verunreinigungen.<\/li>\n<li>Stellt eine Barriere gegen Solarstrahlenbelastung dar.<\/li>\n<li>Es handelt sich dabei um ein leichtes Material, das dem Bauwerk keine zus\u00e4tzliche Belastung bringt.<\/li>\n<\/ul>\n<h4><strong>Vorteile:<\/strong><\/h4>\n<ul>\n<li><strong>SmartBOND Aluminium-Verbundplatten von Alpil <\/strong>besitzen durch herausragende Eigenschaften gegen\u00fcber anderen Produkten durch ihre Farbvielf\u00e4ltigkeit, Best\u00e4ndigkeit gegen\u00fcber Umweltauswirkungen, leichte Verformbarkeit sowie ihre W\u00e4rme- und Ger\u00e4uschd\u00e4mpfung.<\/li>\n<li>Sie bieten ein \u00e4sthetisches, attraktives Aussehen und sind leicht zu handhaben. Es handelt sich um ein 100% recycelbares, umweltfreundliches Produkt. Durch seine leichte Verarbeitung werden gute Ergebnisse bei der Gestaltung erw\u00fcnschter\u00a0 Ausf\u00fchrungen erzielt.<\/li>\n<li>Seine flexible Beschaffenheit erm\u00f6glicht es Ihnen, Ihre Kreativit\u00e4t voll auszusch\u00f6pfen.<\/li>\n<\/ul>\n<p><strong>Anwendungsgebiete:<\/strong><\/p>\n<ul>\n<li>Marketinganwendungen<\/li>\n<li>Anwendungen zur Innenausstattung<\/li>\n<\/ul>\n<p>[\/vc_column_text][\/vc_column][vc_column width=&#8220;1\/3&#8243; rt_wrp_col_paddings=&#8220;false&#8220; rt_border_top=&#8220;&#8220; rt_border_bottom=&#8220;&#8220; rt_border_left=&#8220;&#8220; rt_border_right=&#8220;&#8220; rt_border_top_mobile=&#8220;&#8220; rt_border_bottom_mobile=&#8220;&#8220; rt_border_left_mobile=&#8220;&#8220; rt_border_right_mobile=&#8220;&#8220; rt_bg_image_repeat=&#8220;repeat&#8220; rt_bg_size=&#8220;auto auto&#8220; rt_bg_position=&#8220;right top&#8220; rt_bg_attachment=&#8220;scroll&#8220;][vc_row_inner rt_row_style=&#8220;global-style&#8220; rt_row_borders=&#8220;&#8220; rt_row_paddings=&#8220;true&#8220; rt_bg_effect=&#8220;classic&#8220; rt_bg_image_repeat=&#8220;repeat&#8220; rt_bg_size=&#8220;cover&#8220; rt_bg_position=&#8220;right top&#8220; rt_bg_attachment=&#8220;scroll&#8220; rt_bg_video_format=&#8220;self-hosted&#8220;][vc_column_inner rt_wrp_col_paddings=&#8220;false&#8220; rt_border_top=&#8220;&#8220; rt_border_bottom=&#8220;&#8220; rt_border_left=&#8220;&#8220; rt_border_right=&#8220;&#8220; rt_border_top_mobile=&#8220;&#8220; rt_border_bottom_mobile=&#8220;&#8220; rt_border_left_mobile=&#8220;&#8220; rt_border_right_mobile=&#8220;&#8220; rt_bg_image_repeat=&#8220;repeat&#8220; rt_bg_size=&#8220;auto auto&#8220; rt_bg_position=&#8220;right top&#8220; rt_bg_attachment=&#8220;scroll&#8220;][vc_single_image image=&#8220;3378&#8243; img_size=&#8220;medium&#8220; style=&#8220;vc_box_rounded&#8220;][\/vc_column_inner][\/vc_row_inner][\/vc_column][\/vc_row]<\/p>","protected":false},"excerpt":{"rendered":"<p>[vc_row rt_row_background_width=&#8220;default&#8220; rt_row_style=&#8220;default-style&#8220; rt_row_borders=&#8220;&#8220; rt_row_paddings=&#8220;true&#8220; rt_bg_effect=&#8220;classic&#8220; rt_bg_image_repeat=&#8220;repeat&#8220; rt_bg_size=&#8220;cover&#8220; rt_bg_position=&#8220;right top&#8220; rt_bg_attachment=&#8220;scroll&#8220; rt_bg_video_format=&#8220;self-hosted&#8220;][vc_column width=&#8220;2\/3&#8243; rt_wrp_col_paddings=&#8220;false&#8220; rt_border_top=&#8220;&#8220; rt_border_bottom=&#8220;&#8220; rt_border_left=&#8220;&#8220; rt_border_right=&#8220;&#8220; rt_border_top_mobile=&#8220;&#8220; rt_border_bottom_mobile=&#8220;&#8220; rt_border_left_mobile=&#8220;&#8220; rt_border_right_mobile=&#8220;&#8220; rt_bg_image_repeat=&#8220;repeat&#8220; rt_bg_size=&#8220;auto auto&#8220; rt_bg_position=&#8220;right top&#8220; rt_bg_attachment=&#8220;scroll&#8220;][vc_column_text] Technische Merkmale; Aluminiumdicke 0,25 mm und 0,30 mm Abmessungen: 125\u00d7320 cm \u2013 125\u00d7600 cm \u2013 150\u00d7320 cm \u2013 150\u00d7600 cm. Besitzt eine hohe Stabilit\u00e4t und Belastbarkeit. Hohe [&hellip;]<\/p>\n","protected":false},"author":2,"featured_media":0,"parent":3312,"menu_order":0,"comment_status":"closed","ping_status":"closed","template":"","meta":{"rs_blank_template":"","rs_page_bg_color":"","slide_template_v7":"","footnotes":""},"class_list":["post-3377","page","type-page","status-publish","hentry"],"_links":{"self":[{"href":"https:\/\/www.alpil.com.tr\/de\/wp-json\/wp\/v2\/pages\/3377","targetHints":{"allow":["GET"]}}],"collection":[{"href":"https:\/\/www.alpil.com.tr\/de\/wp-json\/wp\/v2\/pages"}],"about":[{"href":"https:\/\/www.alpil.com.tr\/de\/wp-json\/wp\/v2\/types\/page"}],"author":[{"embeddable":true,"href":"https:\/\/www.alpil.com.tr\/de\/wp-json\/wp\/v2\/users\/2"}],"replies":[{"embeddable":true,"href":"https:\/\/www.alpil.com.tr\/de\/wp-json\/wp\/v2\/comments?post=3377"}],"version-history":[{"count":0,"href":"https:\/\/www.alpil.com.tr\/de\/wp-json\/wp\/v2\/pages\/3377\/revisions"}],"up":[{"embeddable":true,"href":"https:\/\/www.alpil.com.tr\/de\/wp-json\/wp\/v2\/pages\/3312"}],"wp:attachment":[{"href":"https:\/\/www.alpil.com.tr\/de\/wp-json\/wp\/v2\/media?parent=3377"}],"curies":[{"name":"wp","href":"https:\/\/api.w.org\/{rel}","templated":true}]}}