{"id":3192,"date":"2016-12-08T19:05:48","date_gmt":"2016-12-08T17:05:48","guid":{"rendered":"http:\/\/www.alpil.com.tr\/demo\/?page_id=3192"},"modified":"2017-05-06T15:38:47","modified_gmt":"2017-05-06T12:38:47","slug":"uretim-tesisi","status":"publish","type":"page","link":"https:\/\/www.alpil.com.tr\/es\/uretim-tesisi\/","title":{"rendered":"Planta de producci\u00f3n"},"content":{"rendered":"<p><\/p>\n<p style=\"text-indent: 20px;\">Pl\u00e1sticos Celalo\u011flu que presta sus servicios en la industria del reciclaje desde hace 30 a\u00f1os en una planta situada en la Carretera de Adana-Mersin, entr\u00f3 en el sector del aluminio con su marca Alpil. Con una capacidad mensual aproximadamente de 4.000 toneladas, en nuestra planta de producci\u00f3n cubierta de 9.000 m\u00b2 realizamos tambi\u00e9n el proceso de laminado y compuesto de paneles de aluminio derivados de pl\u00e1stico reciclado.<\/p>\n<p>Nuestra l\u00ednea de producci\u00f3n de 70 metros de largo, equipada con sistema digital de \u00faltima tecnolog\u00eda, en un solo paso los productos que se convierten en paneles compuestos despu\u00e9s de haber sometidos a 9 procesos. Podemos producir anualmente alrededor de 1.000.000 m\u00b2 de paneles compuestos de aluminio en nuestra l\u00ednea de m\u00e1quina de calefacci\u00f3n, refrigeraci\u00f3n y planchado, compuesta por 36 cilindros.<\/p>\n<p style=\"text-indent: 20px;\">Adem\u00e1s de m\u00e1s de 50 opciones de pintura de poli\u00e9ster y de PVDF con una amplia gama de colores, Aluminios Alpil que suministra desde su propia planta de reciclaje sus necesidades de materia prima de polietileno mientras importa desde el extranjero la materia prima de aluminio es capaz de producir en colores especiales atendiendo a los pedidos especiales.<\/p>\n<p>\n\t\t<style type=\"text\/css\">\n\t\t\t#gallery-6 {\n\t\t\t\tmargin: auto;\n\t\t\t}\n\t\t\t#gallery-6 .gallery-item {\n\t\t\t\tfloat: left;\n\t\t\t\tmargin-top: 10px;\n\t\t\t\ttext-align: center;\n\t\t\t\twidth: 33%;\n\t\t\t}\n\t\t\t#gallery-6 img {\n\t\t\t\tborder: 2px solid #cfcfcf;\n\t\t\t}\n\t\t\t#gallery-6 .gallery-caption {\n\t\t\t\tmargin-left: 0;\n\t\t\t}\n\t\t\t\/* see gallery_shortcode() in wp-includes\/media.php *\/\n\t\t<\/style>\n\t\t<div id='gallery-6' class='gallery galleryid-3192 gallery-columns-3 gallery-size-medium'><dl class='gallery-item'>\n\t\t\t<dt class='gallery-icon landscape'>\n\t\t\t\t<a href='https:\/\/www.alpil.com.tr\/wp-content\/uploads\/2016\/12\/3-2.jpg'><img loading=\"lazy\" decoding=\"async\" width=\"300\" height=\"200\" src=\"https:\/\/www.alpil.com.tr\/wp-content\/uploads\/2016\/12\/3-2-300x200.jpg\" class=\"attachment-medium size-medium\" alt=\"\" srcset=\"https:\/\/www.alpil.com.tr\/wp-content\/uploads\/2016\/12\/3-2-300x200.jpg 300w, https:\/\/www.alpil.com.tr\/wp-content\/uploads\/2016\/12\/3-2-768x512.jpg 768w, https:\/\/www.alpil.com.tr\/wp-content\/uploads\/2016\/12\/3-2.jpg 800w\" sizes=\"auto, (max-width: 300px) 100vw, 300px\" \/><\/a>\n\t\t\t<\/dt><\/dl><dl class='gallery-item'>\n\t\t\t<dt class='gallery-icon landscape'>\n\t\t\t\t<a href='https:\/\/www.alpil.com.tr\/wp-content\/uploads\/2016\/12\/4-2.jpg'><img loading=\"lazy\" decoding=\"async\" width=\"300\" height=\"200\" src=\"https:\/\/www.alpil.com.tr\/wp-content\/uploads\/2016\/12\/4-2-300x200.jpg\" class=\"attachment-medium size-medium\" alt=\"\" srcset=\"https:\/\/www.alpil.com.tr\/wp-content\/uploads\/2016\/12\/4-2-300x200.jpg 300w, https:\/\/www.alpil.com.tr\/wp-content\/uploads\/2016\/12\/4-2-768x512.jpg 768w, https:\/\/www.alpil.com.tr\/wp-content\/uploads\/2016\/12\/4-2.jpg 800w\" sizes=\"auto, (max-width: 300px) 100vw, 300px\" \/><\/a>\n\t\t\t<\/dt><\/dl><dl class='gallery-item'>\n\t\t\t<dt class='gallery-icon landscape'>\n\t\t\t\t<a href='https:\/\/www.alpil.com.tr\/wp-content\/uploads\/2016\/12\/5.jpg'><img loading=\"lazy\" decoding=\"async\" width=\"300\" height=\"200\" src=\"https:\/\/www.alpil.com.tr\/wp-content\/uploads\/2016\/12\/5-300x200.jpg\" class=\"attachment-medium size-medium\" alt=\"\" srcset=\"https:\/\/www.alpil.com.tr\/wp-content\/uploads\/2016\/12\/5-300x200.jpg 300w, https:\/\/www.alpil.com.tr\/wp-content\/uploads\/2016\/12\/5-768x512.jpg 768w, https:\/\/www.alpil.com.tr\/wp-content\/uploads\/2016\/12\/5.jpg 800w\" sizes=\"auto, (max-width: 300px) 100vw, 300px\" \/><\/a>\n\t\t\t<\/dt><\/dl><br style=\"clear: both\" \/><dl class='gallery-item'>\n\t\t\t<dt class='gallery-icon landscape'>\n\t\t\t\t<a href='https:\/\/www.alpil.com.tr\/wp-content\/uploads\/2016\/12\/6.jpg'><img loading=\"lazy\" decoding=\"async\" width=\"300\" height=\"200\" src=\"https:\/\/www.alpil.com.tr\/wp-content\/uploads\/2016\/12\/6-300x200.jpg\" class=\"attachment-medium size-medium\" alt=\"\" srcset=\"https:\/\/www.alpil.com.tr\/wp-content\/uploads\/2016\/12\/6-300x200.jpg 300w, https:\/\/www.alpil.com.tr\/wp-content\/uploads\/2016\/12\/6-768x512.jpg 768w, https:\/\/www.alpil.com.tr\/wp-content\/uploads\/2016\/12\/6.jpg 800w\" sizes=\"auto, (max-width: 300px) 100vw, 300px\" \/><\/a>\n\t\t\t<\/dt><\/dl><dl class='gallery-item'>\n\t\t\t<dt class='gallery-icon landscape'>\n\t\t\t\t<a href='https:\/\/www.alpil.com.tr\/wp-content\/uploads\/2016\/12\/7.jpg'><img loading=\"lazy\" decoding=\"async\" width=\"300\" height=\"200\" src=\"https:\/\/www.alpil.com.tr\/wp-content\/uploads\/2016\/12\/7-300x200.jpg\" class=\"attachment-medium size-medium\" alt=\"\" srcset=\"https:\/\/www.alpil.com.tr\/wp-content\/uploads\/2016\/12\/7-300x200.jpg 300w, https:\/\/www.alpil.com.tr\/wp-content\/uploads\/2016\/12\/7-768x512.jpg 768w, https:\/\/www.alpil.com.tr\/wp-content\/uploads\/2016\/12\/7.jpg 800w\" sizes=\"auto, (max-width: 300px) 100vw, 300px\" \/><\/a>\n\t\t\t<\/dt><\/dl><dl class='gallery-item'>\n\t\t\t<dt class='gallery-icon landscape'>\n\t\t\t\t<a href='https:\/\/www.alpil.com.tr\/wp-content\/uploads\/2016\/12\/8.jpg'><img loading=\"lazy\" decoding=\"async\" width=\"300\" height=\"200\" src=\"https:\/\/www.alpil.com.tr\/wp-content\/uploads\/2016\/12\/8-300x200.jpg\" class=\"attachment-medium size-medium\" alt=\"\" srcset=\"https:\/\/www.alpil.com.tr\/wp-content\/uploads\/2016\/12\/8-300x200.jpg 300w, https:\/\/www.alpil.com.tr\/wp-content\/uploads\/2016\/12\/8-768x512.jpg 768w, https:\/\/www.alpil.com.tr\/wp-content\/uploads\/2016\/12\/8.jpg 800w\" sizes=\"auto, (max-width: 300px) 100vw, 300px\" \/><\/a>\n\t\t\t<\/dt><\/dl><br style=\"clear: both\" \/><dl class='gallery-item'>\n\t\t\t<dt class='gallery-icon landscape'>\n\t\t\t\t<a href='https:\/\/www.alpil.com.tr\/wp-content\/uploads\/2016\/12\/9.jpg'><img loading=\"lazy\" decoding=\"async\" width=\"300\" height=\"200\" src=\"https:\/\/www.alpil.com.tr\/wp-content\/uploads\/2016\/12\/9-300x200.jpg\" class=\"attachment-medium size-medium\" alt=\"\" srcset=\"https:\/\/www.alpil.com.tr\/wp-content\/uploads\/2016\/12\/9-300x200.jpg 300w, https:\/\/www.alpil.com.tr\/wp-content\/uploads\/2016\/12\/9-768x512.jpg 768w, https:\/\/www.alpil.com.tr\/wp-content\/uploads\/2016\/12\/9.jpg 800w\" sizes=\"auto, (max-width: 300px) 100vw, 300px\" \/><\/a>\n\t\t\t<\/dt><\/dl><dl class='gallery-item'>\n\t\t\t<dt class='gallery-icon landscape'>\n\t\t\t\t<a href='https:\/\/www.alpil.com.tr\/wp-content\/uploads\/2016\/12\/10.jpg'><img loading=\"lazy\" decoding=\"async\" width=\"300\" height=\"200\" src=\"https:\/\/www.alpil.com.tr\/wp-content\/uploads\/2016\/12\/10-300x200.jpg\" class=\"attachment-medium size-medium\" alt=\"\" srcset=\"https:\/\/www.alpil.com.tr\/wp-content\/uploads\/2016\/12\/10-300x200.jpg 300w, https:\/\/www.alpil.com.tr\/wp-content\/uploads\/2016\/12\/10-768x512.jpg 768w, https:\/\/www.alpil.com.tr\/wp-content\/uploads\/2016\/12\/10.jpg 800w\" sizes=\"auto, (max-width: 300px) 100vw, 300px\" \/><\/a>\n\t\t\t<\/dt><\/dl><dl class='gallery-item'>\n\t\t\t<dt class='gallery-icon landscape'>\n\t\t\t\t<a href='https:\/\/www.alpil.com.tr\/wp-content\/uploads\/2016\/12\/11.jpg'><img loading=\"lazy\" decoding=\"async\" width=\"300\" height=\"200\" src=\"https:\/\/www.alpil.com.tr\/wp-content\/uploads\/2016\/12\/11-300x200.jpg\" class=\"attachment-medium size-medium\" alt=\"\" srcset=\"https:\/\/www.alpil.com.tr\/wp-content\/uploads\/2016\/12\/11-300x200.jpg 300w, https:\/\/www.alpil.com.tr\/wp-content\/uploads\/2016\/12\/11-768x512.jpg 768w, https:\/\/www.alpil.com.tr\/wp-content\/uploads\/2016\/12\/11.jpg 800w\" sizes=\"auto, (max-width: 300px) 100vw, 300px\" \/><\/a>\n\t\t\t<\/dt><\/dl><br style=\"clear: both\" \/><dl class='gallery-item'>\n\t\t\t<dt class='gallery-icon landscape'>\n\t\t\t\t<a href='https:\/\/www.alpil.com.tr\/wp-content\/uploads\/2016\/12\/12.jpg'><img loading=\"lazy\" decoding=\"async\" width=\"300\" height=\"200\" src=\"https:\/\/www.alpil.com.tr\/wp-content\/uploads\/2016\/12\/12-300x200.jpg\" class=\"attachment-medium size-medium\" alt=\"\" srcset=\"https:\/\/www.alpil.com.tr\/wp-content\/uploads\/2016\/12\/12-300x200.jpg 300w, https:\/\/www.alpil.com.tr\/wp-content\/uploads\/2016\/12\/12-768x512.jpg 768w, https:\/\/www.alpil.com.tr\/wp-content\/uploads\/2016\/12\/12.jpg 800w\" sizes=\"auto, (max-width: 300px) 100vw, 300px\" \/><\/a>\n\t\t\t<\/dt><\/dl><dl class='gallery-item'>\n\t\t\t<dt class='gallery-icon landscape'>\n\t\t\t\t<a href='https:\/\/www.alpil.com.tr\/wp-content\/uploads\/2016\/12\/13.jpg'><img loading=\"lazy\" decoding=\"async\" width=\"300\" height=\"200\" src=\"https:\/\/www.alpil.com.tr\/wp-content\/uploads\/2016\/12\/13-300x200.jpg\" class=\"attachment-medium size-medium\" alt=\"\" srcset=\"https:\/\/www.alpil.com.tr\/wp-content\/uploads\/2016\/12\/13-300x200.jpg 300w, https:\/\/www.alpil.com.tr\/wp-content\/uploads\/2016\/12\/13-768x512.jpg 768w, https:\/\/www.alpil.com.tr\/wp-content\/uploads\/2016\/12\/13.jpg 800w\" sizes=\"auto, (max-width: 300px) 100vw, 300px\" \/><\/a>\n\t\t\t<\/dt><\/dl><dl class='gallery-item'>\n\t\t\t<dt class='gallery-icon landscape'>\n\t\t\t\t<a href='https:\/\/www.alpil.com.tr\/wp-content\/uploads\/2016\/12\/14.jpg'><img loading=\"lazy\" decoding=\"async\" width=\"300\" height=\"190\" src=\"https:\/\/www.alpil.com.tr\/wp-content\/uploads\/2016\/12\/14-300x190.jpg\" class=\"attachment-medium size-medium\" alt=\"\" srcset=\"https:\/\/www.alpil.com.tr\/wp-content\/uploads\/2016\/12\/14-300x190.jpg 300w, https:\/\/www.alpil.com.tr\/wp-content\/uploads\/2016\/12\/14-768x487.jpg 768w, https:\/\/www.alpil.com.tr\/wp-content\/uploads\/2016\/12\/14.jpg 800w\" sizes=\"auto, (max-width: 300px) 100vw, 300px\" \/><\/a>\n\t\t\t<\/dt><\/dl><br style=\"clear: both\" \/><dl class='gallery-item'>\n\t\t\t<dt class='gallery-icon landscape'>\n\t\t\t\t<a href='https:\/\/www.alpil.com.tr\/wp-content\/uploads\/2016\/12\/2-2.jpg'><img loading=\"lazy\" decoding=\"async\" width=\"300\" height=\"169\" src=\"https:\/\/www.alpil.com.tr\/wp-content\/uploads\/2016\/12\/2-2-300x169.jpg\" class=\"attachment-medium size-medium\" alt=\"\" srcset=\"https:\/\/www.alpil.com.tr\/wp-content\/uploads\/2016\/12\/2-2-300x169.jpg 300w, https:\/\/www.alpil.com.tr\/wp-content\/uploads\/2016\/12\/2-2-768x433.jpg 768w, https:\/\/www.alpil.com.tr\/wp-content\/uploads\/2016\/12\/2-2.jpg 800w\" sizes=\"auto, (max-width: 300px) 100vw, 300px\" \/><\/a>\n\t\t\t<\/dt><\/dl>\n\t\t\t<br style='clear: both' \/>\n\t\t<\/div>\n<\/p>","protected":false},"excerpt":{"rendered":"<p>Pl\u00e1sticos Celalo\u011flu que presta sus servicios en la industria del reciclaje desde hace 30 a\u00f1os en una planta situada en la Carretera de Adana-Mersin, entr\u00f3 en el sector del aluminio con su marca Alpil. Con una capacidad mensual aproximadamente de 4.000 toneladas, en nuestra planta de producci\u00f3n cubierta de 9.000 m\u00b2 realizamos tambi\u00e9n el proceso [&hellip;]<\/p>\n","protected":false},"author":2,"featured_media":0,"parent":0,"menu_order":0,"comment_status":"closed","ping_status":"closed","template":"","meta":{"rs_blank_template":"","rs_page_bg_color":"","slide_template_v7":"","footnotes":""},"class_list":["post-3192","page","type-page","status-publish","hentry"],"_links":{"self":[{"href":"https:\/\/www.alpil.com.tr\/es\/wp-json\/wp\/v2\/pages\/3192","targetHints":{"allow":["GET"]}}],"collection":[{"href":"https:\/\/www.alpil.com.tr\/es\/wp-json\/wp\/v2\/pages"}],"about":[{"href":"https:\/\/www.alpil.com.tr\/es\/wp-json\/wp\/v2\/types\/page"}],"author":[{"embeddable":true,"href":"https:\/\/www.alpil.com.tr\/es\/wp-json\/wp\/v2\/users\/2"}],"replies":[{"embeddable":true,"href":"https:\/\/www.alpil.com.tr\/es\/wp-json\/wp\/v2\/comments?post=3192"}],"version-history":[{"count":0,"href":"https:\/\/www.alpil.com.tr\/es\/wp-json\/wp\/v2\/pages\/3192\/revisions"}],"wp:attachment":[{"href":"https:\/\/www.alpil.com.tr\/es\/wp-json\/wp\/v2\/media?parent=3192"}],"curies":[{"name":"wp","href":"https:\/\/api.w.org\/{rel}","templated":true}]}}