{"id":3294,"date":"2017-01-05T15:15:59","date_gmt":"2017-01-05T13:15:59","guid":{"rendered":"http:\/\/www.alpil.com.tr\/demo\/?page_id=3294"},"modified":"2017-05-06T15:20:12","modified_gmt":"2017-05-06T12:20:12","slug":"cevre-politikamiz","status":"publish","type":"page","link":"https:\/\/www.alpil.com.tr\/es\/kalite-ve-yonetim-sistemi\/cevre-politikamiz\/","title":{"rendered":"Nuestra Pol\u00edtica Ambiental"},"content":{"rendered":"<p>[vc_row rt_row_background_width=\u00bbdefault\u00bb rt_row_style=\u00bbdefault-style\u00bb rt_row_borders=\u00bb\u00bb rt_row_paddings=\u00bbtrue\u00bb rt_bg_effect=\u00bbclassic\u00bb rt_bg_image_repeat=\u00bbrepeat\u00bb rt_bg_size=\u00bbcover\u00bb rt_bg_position=\u00bbright top\u00bb rt_bg_attachment=\u00bbscroll\u00bb rt_bg_video_format=\u00bbself-hosted\u00bb][vc_column rt_wrp_col_paddings=\u00bbfalse\u00bb rt_border_top=\u00bb\u00bb rt_border_bottom=\u00bb\u00bb rt_border_left=\u00bb\u00bb rt_border_right=\u00bb\u00bb rt_border_top_mobile=\u00bb\u00bb rt_border_bottom_mobile=\u00bb\u00bb rt_border_left_mobile=\u00bb\u00bb rt_border_right_mobile=\u00bb\u00bb rt_bg_image_repeat=\u00bbrepeat\u00bb rt_bg_size=\u00bbauto auto\u00bb rt_bg_position=\u00bbright top\u00bb rt_bg_attachment=\u00bbscroll\u00bb][vc_images_carousel images=\u00bb3483&#8243; img_size=\u00bbfull\u00bb][vc_column_text]<\/p>\n<ul>\n<li>Utiliza en todas sus actividades materias primas y tecnolog\u00eda con menor impacto ambiental, m\u00e1s reciclable,<\/li>\n<li>Cumple con la legislaci\u00f3n ambiental vigente y las condiciones de los clientes,<\/li>\n<li>Controla los residuos y evita la contaminaci\u00f3n ambiental elimin\u00e1ndolos adecuadamente,<\/li>\n<li>Asegura el uso eficiente de la energ\u00eda y los recursos naturales,<\/li>\n<li>Esfuerza para aumentar la conciencia ambiental de nuestros trabajadores y suministradores.<\/li>\n<li>Es ser una empresa que mejora continuamente la eficacia del Sistema de Gesti\u00f3n Ambiental y logra los objetivos medioambientales fijados.<\/li>\n<\/ul>\n<p>[\/vc_column_text][\/vc_column][\/vc_row]<\/p>","protected":false},"excerpt":{"rendered":"<p>[vc_row rt_row_background_width=\u00bbdefault\u00bb rt_row_style=\u00bbdefault-style\u00bb rt_row_borders=\u00bb\u00bb rt_row_paddings=\u00bbtrue\u00bb rt_bg_effect=\u00bbclassic\u00bb rt_bg_image_repeat=\u00bbrepeat\u00bb rt_bg_size=\u00bbcover\u00bb rt_bg_position=\u00bbright top\u00bb rt_bg_attachment=\u00bbscroll\u00bb rt_bg_video_format=\u00bbself-hosted\u00bb][vc_column rt_wrp_col_paddings=\u00bbfalse\u00bb rt_border_top=\u00bb\u00bb rt_border_bottom=\u00bb\u00bb rt_border_left=\u00bb\u00bb rt_border_right=\u00bb\u00bb rt_border_top_mobile=\u00bb\u00bb rt_border_bottom_mobile=\u00bb\u00bb rt_border_left_mobile=\u00bb\u00bb rt_border_right_mobile=\u00bb\u00bb rt_bg_image_repeat=\u00bbrepeat\u00bb rt_bg_size=\u00bbauto auto\u00bb rt_bg_position=\u00bbright top\u00bb rt_bg_attachment=\u00bbscroll\u00bb][vc_images_carousel images=\u00bb3483&#8243; img_size=\u00bbfull\u00bb][vc_column_text] Utiliza en todas sus actividades materias primas y tecnolog\u00eda con menor impacto ambiental, m\u00e1s reciclable, Cumple con la legislaci\u00f3n ambiental vigente y las condiciones de los [&hellip;]<\/p>\n","protected":false},"author":2,"featured_media":0,"parent":3291,"menu_order":0,"comment_status":"closed","ping_status":"closed","template":"","meta":{"rs_blank_template":"","rs_page_bg_color":"","slide_template_v7":"","footnotes":""},"class_list":["post-3294","page","type-page","status-publish","hentry"],"_links":{"self":[{"href":"https:\/\/www.alpil.com.tr\/es\/wp-json\/wp\/v2\/pages\/3294","targetHints":{"allow":["GET"]}}],"collection":[{"href":"https:\/\/www.alpil.com.tr\/es\/wp-json\/wp\/v2\/pages"}],"about":[{"href":"https:\/\/www.alpil.com.tr\/es\/wp-json\/wp\/v2\/types\/page"}],"author":[{"embeddable":true,"href":"https:\/\/www.alpil.com.tr\/es\/wp-json\/wp\/v2\/users\/2"}],"replies":[{"embeddable":true,"href":"https:\/\/www.alpil.com.tr\/es\/wp-json\/wp\/v2\/comments?post=3294"}],"version-history":[{"count":0,"href":"https:\/\/www.alpil.com.tr\/es\/wp-json\/wp\/v2\/pages\/3294\/revisions"}],"up":[{"embeddable":true,"href":"https:\/\/www.alpil.com.tr\/es\/wp-json\/wp\/v2\/pages\/3291"}],"wp:attachment":[{"href":"https:\/\/www.alpil.com.tr\/es\/wp-json\/wp\/v2\/media?parent=3294"}],"curies":[{"name":"wp","href":"https:\/\/api.w.org\/{rel}","templated":true}]}}