{"id":3298,"date":"2017-01-05T15:19:32","date_gmt":"2017-01-05T13:19:32","guid":{"rendered":"http:\/\/www.alpil.com.tr\/demo\/?page_id=3298"},"modified":"2017-05-06T15:25:42","modified_gmt":"2017-05-06T12:25:42","slug":"is-sagligi-ve-guvenligi-politikamiz","status":"publish","type":"page","link":"https:\/\/www.alpil.com.tr\/es\/kalite-ve-yonetim-sistemi\/is-sagligi-ve-guvenligi-politikamiz\/","title":{"rendered":"Nuestra Pol\u00edtica de Salud Ocupacional y Seguridad"},"content":{"rendered":"<p>[vc_row rt_row_background_width=\u00bbdefault\u00bb rt_row_style=\u00bbdefault-style\u00bb rt_row_borders=\u00bb\u00bb rt_row_paddings=\u00bbtrue\u00bb rt_bg_effect=\u00bbclassic\u00bb rt_bg_image_repeat=\u00bbrepeat\u00bb rt_bg_size=\u00bbcover\u00bb rt_bg_position=\u00bbright top\u00bb rt_bg_attachment=\u00bbscroll\u00bb rt_bg_video_format=\u00bbself-hosted\u00bb][vc_column rt_wrp_col_paddings=\u00bbfalse\u00bb rt_border_top=\u00bb\u00bb rt_border_bottom=\u00bb\u00bb rt_border_left=\u00bb\u00bb rt_border_right=\u00bb\u00bb rt_border_top_mobile=\u00bb\u00bb rt_border_bottom_mobile=\u00bb\u00bb rt_border_left_mobile=\u00bb\u00bb rt_border_right_mobile=\u00bb\u00bb rt_bg_image_repeat=\u00bbrepeat\u00bb rt_bg_size=\u00bbauto auto\u00bb rt_bg_position=\u00bbright top\u00bb rt_bg_attachment=\u00bbscroll\u00bb][vc_images_carousel images=\u00bb3486&#8243; img_size=\u00bbfull\u00bb][vc_column_text]<\/p>\n<p style=\"text-indent: 10px;\">La Pol\u00edtica de Salud Ocupacional y Seguridad que adoptamos en Aluminios Alpil se basa en el respeto en las personas y el medio ambiente en el que vivimos. La primera prioridad de Aluminios Alpil en todos los campos de su actividad es el principio de Salud y Seguridad Ocupacional (SSO) y lo expresa con su le\u00f1a; \u201cProteger a la salud es proteger el negocio\u201d. Para proporcionar un ambiente de trabajo seguro y saludable todos est\u00e1n obligados a hacer lo que est\u00e9 dentro de su jurisdicci\u00f3n. Uno de nuestros objetivos m\u00e1s importantes es proteger a nuestros empleados y nuestro medio ambiente contra los riesgos potenciales que presenta nuestra l\u00ednea de negocio.<\/p>\n<p>Y para conseguirlo;<\/p>\n<ul>\n<li>Asegurar la salud y seguridad de nuestros trabajadores, subcontratistas, visitantes y personal que trabaja fuera de la oficina y en cumplimiento de la legislaci\u00f3n de SSO en vigor y los dem\u00e1s requisitos relativos a la SSO, tomar todo tipo de medidas, mantener las herramientas y los equipos, y en especial los Equipos de Protecci\u00f3n Personal y proporcionar el uso necesario de \u00e9stos en nuestras oficinas y sus complementos,<\/li>\n<li>Haciendo una evaluaci\u00f3n eficaz del riesgo poder identificar y eliminar por adelantado situaciones y movimientos inseguros, riesgo de posibles accidentes que puedan causar accidentes de trabajo y enfermedades profesionales en las oficinas y sus complementos,<\/li>\n<li>Identificando los riesgos que puedan causar accidentes de trabajo y enfermedades profesionales en las oficinas y sus complementos, garantizar la seguridad y el bienestar social de los trabajadores de cualquier nivel, visitantes y subcontratistas y reducir cualquier tipo de p\u00e9rdidas materiales y espirituales que puedan surgir contra estas personas y sus familias,<\/li>\n<li>Formar nuestros trabajadores sobre la salud y seguridad ocupacional y darles una buena conciencia de salud y seguridad ocupacional,<\/li>\n<li>Garantizar el cumplimiento de las normas por parte de las subcontratistas que prestan servicios en nuestros lugares de trabajo y los visitantes de Aluminios Alpil,<\/li>\n<li>En cuanto a las pr\u00e1cticas de salud y seguridad ocupacional, la SSO, convertir Aluminios Alpil en una empresa ejemplar ante las instituciones, c\u00e1maras y asociaciones industriales,<\/li>\n<li>Teniendo en cuenta el desarrollo del mundo industrial predecir ahora algunas situaciones que pueden surgir en el futuro, mejorar continuamente y revisar su caso,<\/li>\n<li>Nuestro compromiso como nuestra pol\u00edtica de la SSO es asegurar la continuidad de la Gesti\u00f3n del Sistema de SSO establecida y ejecutada para este prop\u00f3sito.<\/li>\n<\/ul>\n<p>[\/vc_column_text][\/vc_column][\/vc_row]<\/p>","protected":false},"excerpt":{"rendered":"<p>[vc_row rt_row_background_width=\u00bbdefault\u00bb rt_row_style=\u00bbdefault-style\u00bb rt_row_borders=\u00bb\u00bb rt_row_paddings=\u00bbtrue\u00bb rt_bg_effect=\u00bbclassic\u00bb rt_bg_image_repeat=\u00bbrepeat\u00bb rt_bg_size=\u00bbcover\u00bb rt_bg_position=\u00bbright top\u00bb rt_bg_attachment=\u00bbscroll\u00bb rt_bg_video_format=\u00bbself-hosted\u00bb][vc_column rt_wrp_col_paddings=\u00bbfalse\u00bb rt_border_top=\u00bb\u00bb rt_border_bottom=\u00bb\u00bb rt_border_left=\u00bb\u00bb rt_border_right=\u00bb\u00bb rt_border_top_mobile=\u00bb\u00bb rt_border_bottom_mobile=\u00bb\u00bb rt_border_left_mobile=\u00bb\u00bb rt_border_right_mobile=\u00bb\u00bb rt_bg_image_repeat=\u00bbrepeat\u00bb rt_bg_size=\u00bbauto auto\u00bb rt_bg_position=\u00bbright top\u00bb rt_bg_attachment=\u00bbscroll\u00bb][vc_images_carousel images=\u00bb3486&#8243; img_size=\u00bbfull\u00bb][vc_column_text] La Pol\u00edtica de Salud Ocupacional y Seguridad que adoptamos en Aluminios Alpil se basa en el respeto en las personas y el medio ambiente en el [&hellip;]<\/p>\n","protected":false},"author":2,"featured_media":0,"parent":3291,"menu_order":0,"comment_status":"closed","ping_status":"closed","template":"","meta":{"rs_blank_template":"","rs_page_bg_color":"","slide_template_v7":"","footnotes":""},"class_list":["post-3298","page","type-page","status-publish","hentry"],"_links":{"self":[{"href":"https:\/\/www.alpil.com.tr\/es\/wp-json\/wp\/v2\/pages\/3298","targetHints":{"allow":["GET"]}}],"collection":[{"href":"https:\/\/www.alpil.com.tr\/es\/wp-json\/wp\/v2\/pages"}],"about":[{"href":"https:\/\/www.alpil.com.tr\/es\/wp-json\/wp\/v2\/types\/page"}],"author":[{"embeddable":true,"href":"https:\/\/www.alpil.com.tr\/es\/wp-json\/wp\/v2\/users\/2"}],"replies":[{"embeddable":true,"href":"https:\/\/www.alpil.com.tr\/es\/wp-json\/wp\/v2\/comments?post=3298"}],"version-history":[{"count":0,"href":"https:\/\/www.alpil.com.tr\/es\/wp-json\/wp\/v2\/pages\/3298\/revisions"}],"up":[{"embeddable":true,"href":"https:\/\/www.alpil.com.tr\/es\/wp-json\/wp\/v2\/pages\/3291"}],"wp:attachment":[{"href":"https:\/\/www.alpil.com.tr\/es\/wp-json\/wp\/v2\/media?parent=3298"}],"curies":[{"name":"wp","href":"https:\/\/api.w.org\/{rel}","templated":true}]}}