{"id":3304,"date":"2017-01-05T15:27:51","date_gmt":"2017-01-05T13:27:51","guid":{"rendered":"http:\/\/www.alpil.com.tr\/demo\/?page_id=3304"},"modified":"2017-05-06T15:41:33","modified_gmt":"2017-05-06T12:41:33","slug":"ik-politikasi","status":"publish","type":"page","link":"https:\/\/www.alpil.com.tr\/es\/kurumsal\/insan-kaynaklari\/ik-politikasi\/","title":{"rendered":"Pol\u00edtica de RR.HH."},"content":{"rendered":"<p>[vc_row rt_row_background_width=\u00bbdefault\u00bb rt_row_style=\u00bbdefault-style\u00bb rt_row_borders=\u00bb\u00bb rt_row_paddings=\u00bbtrue\u00bb rt_bg_effect=\u00bbclassic\u00bb rt_bg_image_repeat=\u00bbrepeat\u00bb rt_bg_size=\u00bbcover\u00bb rt_bg_position=\u00bbright top\u00bb rt_bg_attachment=\u00bbscroll\u00bb rt_bg_video_format=\u00bbself-hosted\u00bb][vc_column rt_wrp_col_paddings=\u00bbfalse\u00bb rt_border_top=\u00bb\u00bb rt_border_bottom=\u00bb\u00bb rt_border_left=\u00bb\u00bb rt_border_right=\u00bb\u00bb rt_border_top_mobile=\u00bb\u00bb rt_border_bottom_mobile=\u00bb\u00bb rt_border_left_mobile=\u00bb\u00bb rt_border_right_mobile=\u00bb\u00bb rt_bg_image_repeat=\u00bbrepeat\u00bb rt_bg_size=\u00bbauto auto\u00bb rt_bg_position=\u00bbright top\u00bb rt_bg_attachment=\u00bbscroll\u00bb][vc_images_carousel images=\u00bb3491&#8243; img_size=\u00bbfull\u00bb][vc_column_text]<\/p>\n<ul>\n<li>Mantener y mejorar el conocimiento y la cultura corporativa de Alpil.<\/li>\n<li>Con la conciencia de trabajar por Alpil y ser parte de Alpil, manteniendo el esp\u00edritu aficionado, pero al mismo tiempo siguiendo el proceso profesional crear un entorno de trabajo en l\u00ednea con la visi\u00f3n de la empresa, construido sobre una base s\u00f3lida, permanente y de larga duraci\u00f3n<\/li>\n<li>Asegurar la expansi\u00f3n en la cultura corporativa de la prioridad de los valores humanos y de los recursos empleados, reconocer mejor los recursos humanos, comprender y garantizar el desarrollo personal y aumentar la eficiencia.<\/li>\n<\/ul>\n<h3><u>\u201cNuestros Empleados son Nuestros Activos m\u00e1s Valiosos.\u201d<\/u><\/h3>\n<p style=\"text-indent: 20px;\">La Estrategia de Recursos Humanos de Alpil que trata de articular en su terminolog\u00eda los \u00abValores Humanos\u00bb en el lugar de Recursos Humanos, es;<br \/>\nCentrar en los objetivos y la estrategia de crecimiento de la empresa, trabajar en equipo, participar en la gesti\u00f3n de procesos, estar abierto al cambio y mundo, ser exitoso, altamente motivado feliz y crear la mano de obra educada.<\/p>\n<p>Para conseguirlo,<\/p>\n<ul>\n<li>Generaci\u00f3n de las plantillas de personal de manera que asegure el crecimiento de la empresa y que cree un valor a\u00f1adido a la visi\u00f3n,<\/li>\n<li>En el marco de los principios \u00e9ticos legales y aceptados internacionalmente lograr que los trabajadores trabajen de forma dependiente de la cultura corporativa,<\/li>\n<li>Asegurar el desarrollo creando planes de desarrollo administrativos, personales y profesionales que aumente el conocimiento t\u00e9cnico y las habilidades de los empleados en l\u00ednea con la misi\u00f3n y los valores corporativos.<\/li>\n<li>Lograr en el ambiente de trabajo y la cultura corporativa una comunicaci\u00f3n clara y basada en confianza mutua.<\/li>\n<li>Realizar el trabajo necesario para elevar la motivaci\u00f3n de los empleados,<\/li>\n<li>Fomento del trabajo en equipo, creaci\u00f3n de equipos de alta concentraci\u00f3n que utilizan eficientemente el tiempo,<\/li>\n<li>En todos los procesos del trabajo asegurar la internalizaci\u00f3n de la conciencia de la calidad por todos los empleados.<\/li>\n<\/ul>\n<p>[\/vc_column_text][\/vc_column][\/vc_row]<\/p>","protected":false},"excerpt":{"rendered":"<p>[vc_row rt_row_background_width=\u00bbdefault\u00bb rt_row_style=\u00bbdefault-style\u00bb rt_row_borders=\u00bb\u00bb rt_row_paddings=\u00bbtrue\u00bb rt_bg_effect=\u00bbclassic\u00bb rt_bg_image_repeat=\u00bbrepeat\u00bb rt_bg_size=\u00bbcover\u00bb rt_bg_position=\u00bbright top\u00bb rt_bg_attachment=\u00bbscroll\u00bb rt_bg_video_format=\u00bbself-hosted\u00bb][vc_column rt_wrp_col_paddings=\u00bbfalse\u00bb rt_border_top=\u00bb\u00bb rt_border_bottom=\u00bb\u00bb rt_border_left=\u00bb\u00bb rt_border_right=\u00bb\u00bb rt_border_top_mobile=\u00bb\u00bb rt_border_bottom_mobile=\u00bb\u00bb rt_border_left_mobile=\u00bb\u00bb rt_border_right_mobile=\u00bb\u00bb rt_bg_image_repeat=\u00bbrepeat\u00bb rt_bg_size=\u00bbauto auto\u00bb rt_bg_position=\u00bbright top\u00bb rt_bg_attachment=\u00bbscroll\u00bb][vc_images_carousel images=\u00bb3491&#8243; img_size=\u00bbfull\u00bb][vc_column_text] Mantener y mejorar el conocimiento y la cultura corporativa de Alpil. Con la conciencia de trabajar por Alpil y ser parte de Alpil, manteniendo el esp\u00edritu [&hellip;]<\/p>\n","protected":false},"author":2,"featured_media":0,"parent":3301,"menu_order":0,"comment_status":"closed","ping_status":"closed","template":"","meta":{"rs_blank_template":"","rs_page_bg_color":"","slide_template_v7":"","footnotes":""},"class_list":["post-3304","page","type-page","status-publish","hentry"],"_links":{"self":[{"href":"https:\/\/www.alpil.com.tr\/es\/wp-json\/wp\/v2\/pages\/3304","targetHints":{"allow":["GET"]}}],"collection":[{"href":"https:\/\/www.alpil.com.tr\/es\/wp-json\/wp\/v2\/pages"}],"about":[{"href":"https:\/\/www.alpil.com.tr\/es\/wp-json\/wp\/v2\/types\/page"}],"author":[{"embeddable":true,"href":"https:\/\/www.alpil.com.tr\/es\/wp-json\/wp\/v2\/users\/2"}],"replies":[{"embeddable":true,"href":"https:\/\/www.alpil.com.tr\/es\/wp-json\/wp\/v2\/comments?post=3304"}],"version-history":[{"count":0,"href":"https:\/\/www.alpil.com.tr\/es\/wp-json\/wp\/v2\/pages\/3304\/revisions"}],"up":[{"embeddable":true,"href":"https:\/\/www.alpil.com.tr\/es\/wp-json\/wp\/v2\/pages\/3301"}],"wp:attachment":[{"href":"https:\/\/www.alpil.com.tr\/es\/wp-json\/wp\/v2\/media?parent=3304"}],"curies":[{"name":"wp","href":"https:\/\/api.w.org\/{rel}","templated":true}]}}