{"id":3328,"date":"2017-01-05T17:26:08","date_gmt":"2017-01-05T15:26:08","guid":{"rendered":"http:\/\/www.alpil.com.tr\/demo\/?page_id=3328"},"modified":"2017-05-06T16:03:32","modified_gmt":"2017-05-06T13:03:32","slug":"polietilen-pe","status":"publish","type":"page","link":"https:\/\/www.alpil.com.tr\/es\/urunler\/plastik\/polietilen-pe\/","title":{"rendered":"Polietileno (PE)"},"content":{"rendered":"<p>[vc_row rt_row_background_width=\u00bbdefault\u00bb rt_row_style=\u00bbdefault-style\u00bb rt_row_borders=\u00bb\u00bb rt_row_paddings=\u00bbtrue\u00bb rt_bg_effect=\u00bbclassic\u00bb rt_bg_image_repeat=\u00bbrepeat\u00bb rt_bg_size=\u00bbcover\u00bb rt_bg_position=\u00bbright top\u00bb rt_bg_attachment=\u00bbscroll\u00bb rt_bg_video_format=\u00bbself-hosted\u00bb][vc_column rt_wrp_col_paddings=\u00bbfalse\u00bb rt_border_top=\u00bb\u00bb rt_border_bottom=\u00bb\u00bb rt_border_left=\u00bb\u00bb rt_border_right=\u00bb\u00bb rt_border_top_mobile=\u00bb\u00bb rt_border_bottom_mobile=\u00bb\u00bb rt_border_left_mobile=\u00bb\u00bb rt_border_right_mobile=\u00bb\u00bb rt_bg_image_repeat=\u00bbrepeat\u00bb rt_bg_size=\u00bbauto auto\u00bb rt_bg_position=\u00bbright top\u00bb rt_bg_attachment=\u00bbscroll\u00bb][vc_images_carousel images=\u00bb3501&#8243; img_size=\u00bbfull\u00bb][vc_column_text]<\/p>\n<p style=\"text-indent: 20px;\">Es un termopl\u00e1stico utilizado en diversos productos. Su nombre deriva de mon\u00f3mero de etileno, el polietileno est\u00e1 fabricado utilizando el etileno. En la industria de pl\u00e1stico, su nombre corto es PE. La mol\u00e9cula de etileno C2H4 en realidad se compone de dos CH2 de doble enlace. (CH2=CH2). El modo de producci\u00f3n de polietileno es la polimerizaci\u00f3n del etileno. El m\u00e9todo de polimerizaci\u00f3n puede ser de m\u00e9todos de la\u00a0 polimerizaci\u00f3n radical, la polimerizaci\u00f3n ani\u00f3nica, la polimerizaci\u00f3n de coordinaci\u00f3n de iones y la polimerizaci\u00f3n cati\u00f3nica. Cada uno de estos m\u00e9todos permite la producci\u00f3n de diferentes tipos de polietileno.<\/p>\n<h2>\u00a0 <img loading=\"lazy\" decoding=\"async\" class=\"alignnone size-full wp-image-3329\" src=\"http:\/\/www.alpil.com.tr\/\/wp-content\/uploads\/2017\/01\/Ba\u015fl\u0131ks\u0131z-4.jpg\" alt=\"basliksiz-4\" width=\"105\" height=\"98\" \/><img loading=\"lazy\" decoding=\"async\" class=\"alignnone size-full wp-image-3330\" src=\"http:\/\/www.alpil.com.tr\/\/wp-content\/uploads\/2017\/01\/kkk.jpg\" alt=\"kkk\" width=\"105\" height=\"98\" \/><\/h2>\n<p><strong>CLASIFICACI\u00d3N DEL POLIETILENO<\/strong><\/p>\n<p style=\"text-indent: 20px;\">Se clasifican en varias categor\u00edas sobre la base de densidad la polietileno y las propiedades qu\u00edmicas. Las propiedades mec\u00e1nicas dependen del peso molecular, estructura cristalina y del tipo de ramificaci\u00f3n.<\/p>\n<ul>\n<li>PEPMUA (PE de Peso Molecular Ultra Alto)<\/li>\n<li>PEAD (PE de alta densidad)<\/li>\n<li>PEADR (PE de alta densidad reticulado)<\/li>\n<li>XLPE (PE reticulado)<\/li>\n<li>PEMD (PE de media densidad)<\/li>\n<li>PEBD (PE de baja densidad)<\/li>\n<li>PELBD (PE lineal de baja densidad)<\/li>\n<\/ul>\n<h2>CARACTER\u00cdSTICAS<\/h2>\n<p style=\"text-indent: 20px;\">Aunque las caracter\u00edsticas var\u00edan dependiendo del tipo; buena resistencia a las condiciones ambientales y la humedad, flexibilidad, baja resistencia mec\u00e1nica y la resistencia qu\u00edmica superior figuran como caracter\u00edsticas generales. Tiene una muy amplia aplicaci\u00f3n tales como contenedores, recipientes de pl\u00e1stico, utensilios, platos, tuber\u00edas y tubos, juguetes, capas de cable de aislamiento, tales como envases y embalajes de pel\u00edcula. Bajo costo.<\/p>\n<p>[\/vc_column_text][\/vc_column][\/vc_row]<\/p>","protected":false},"excerpt":{"rendered":"<p>[vc_row rt_row_background_width=\u00bbdefault\u00bb rt_row_style=\u00bbdefault-style\u00bb rt_row_borders=\u00bb\u00bb rt_row_paddings=\u00bbtrue\u00bb rt_bg_effect=\u00bbclassic\u00bb rt_bg_image_repeat=\u00bbrepeat\u00bb rt_bg_size=\u00bbcover\u00bb rt_bg_position=\u00bbright top\u00bb rt_bg_attachment=\u00bbscroll\u00bb rt_bg_video_format=\u00bbself-hosted\u00bb][vc_column rt_wrp_col_paddings=\u00bbfalse\u00bb rt_border_top=\u00bb\u00bb rt_border_bottom=\u00bb\u00bb rt_border_left=\u00bb\u00bb rt_border_right=\u00bb\u00bb rt_border_top_mobile=\u00bb\u00bb rt_border_bottom_mobile=\u00bb\u00bb rt_border_left_mobile=\u00bb\u00bb rt_border_right_mobile=\u00bb\u00bb rt_bg_image_repeat=\u00bbrepeat\u00bb rt_bg_size=\u00bbauto auto\u00bb rt_bg_position=\u00bbright top\u00bb rt_bg_attachment=\u00bbscroll\u00bb][vc_images_carousel images=\u00bb3501&#8243; img_size=\u00bbfull\u00bb][vc_column_text] Es un termopl\u00e1stico utilizado en diversos productos. Su nombre deriva de mon\u00f3mero de etileno, el polietileno est\u00e1 fabricado utilizando el etileno. En la industria de pl\u00e1stico, [&hellip;]<\/p>\n","protected":false},"author":2,"featured_media":0,"parent":3326,"menu_order":0,"comment_status":"closed","ping_status":"closed","template":"","meta":{"rs_blank_template":"","rs_page_bg_color":"","slide_template_v7":"","footnotes":""},"class_list":["post-3328","page","type-page","status-publish","hentry"],"_links":{"self":[{"href":"https:\/\/www.alpil.com.tr\/es\/wp-json\/wp\/v2\/pages\/3328","targetHints":{"allow":["GET"]}}],"collection":[{"href":"https:\/\/www.alpil.com.tr\/es\/wp-json\/wp\/v2\/pages"}],"about":[{"href":"https:\/\/www.alpil.com.tr\/es\/wp-json\/wp\/v2\/types\/page"}],"author":[{"embeddable":true,"href":"https:\/\/www.alpil.com.tr\/es\/wp-json\/wp\/v2\/users\/2"}],"replies":[{"embeddable":true,"href":"https:\/\/www.alpil.com.tr\/es\/wp-json\/wp\/v2\/comments?post=3328"}],"version-history":[{"count":0,"href":"https:\/\/www.alpil.com.tr\/es\/wp-json\/wp\/v2\/pages\/3328\/revisions"}],"up":[{"embeddable":true,"href":"https:\/\/www.alpil.com.tr\/es\/wp-json\/wp\/v2\/pages\/3326"}],"wp:attachment":[{"href":"https:\/\/www.alpil.com.tr\/es\/wp-json\/wp\/v2\/media?parent=3328"}],"curies":[{"name":"wp","href":"https:\/\/api.w.org\/{rel}","templated":true}]}}