{"id":3334,"date":"2017-01-05T17:28:47","date_gmt":"2017-01-05T15:28:47","guid":{"rendered":"http:\/\/www.alpil.com.tr\/demo\/?page_id=3334"},"modified":"2017-05-06T16:13:38","modified_gmt":"2017-05-06T13:13:38","slug":"polipropilen-pp","status":"publish","type":"page","link":"https:\/\/www.alpil.com.tr\/es\/urunler\/plastik\/polipropilen-pp\/","title":{"rendered":"Polipropileno (PP)"},"content":{"rendered":"<p>[vc_row rt_row_background_width=\u00bbdefault\u00bb rt_row_style=\u00bbdefault-style\u00bb rt_row_borders=\u00bb\u00bb rt_row_paddings=\u00bbtrue\u00bb rt_bg_effect=\u00bbclassic\u00bb rt_bg_image_repeat=\u00bbrepeat\u00bb rt_bg_size=\u00bbcover\u00bb rt_bg_position=\u00bbright top\u00bb rt_bg_attachment=\u00bbscroll\u00bb rt_bg_video_format=\u00bbself-hosted\u00bb][vc_column rt_wrp_col_paddings=\u00bbfalse\u00bb rt_border_top=\u00bb\u00bb rt_border_bottom=\u00bb\u00bb rt_border_left=\u00bb\u00bb rt_border_right=\u00bb\u00bb rt_border_top_mobile=\u00bb\u00bb rt_border_bottom_mobile=\u00bb\u00bb rt_border_left_mobile=\u00bb\u00bb rt_border_right_mobile=\u00bb\u00bb rt_bg_image_repeat=\u00bbrepeat\u00bb rt_bg_size=\u00bbauto auto\u00bb rt_bg_position=\u00bbright top\u00bb rt_bg_attachment=\u00bbscroll\u00bb][vc_images_carousel images=\u00bb3504&#8243; img_size=\u00bbfull\u00bb][vc_column_text]Es un pol\u00edmero termopl\u00e1stico con un amplio uso desde las piezas utilizadas en la industria del autom\u00f3vil hasta textil y envasado de alimentos. Son extremadamente resistentes contra solventes qu\u00edmicos de polipropileno (\u00e1cidos y bases) fabricados de mon\u00f3mero de propileno convirti\u00e9ndolo en el pol\u00edmero. PP es un pol\u00edmero de bajo costo semi-r\u00edgido, transparente, maleable, producido por la polimerizaci\u00f3n de propileno. El mon\u00f3mero es propileno derivado del petr\u00f3leo. El PP puede prepararse de diferentes caracter\u00edsticas como los de at\u00e1ctico, isot\u00e1ctico y sindiot\u00e1ctico. Del PP Isot\u00e1ctico, la temperatura de transici\u00f3n v\u00edtrea es alrededor de -10 \u00b0 C y la temperatura de fusi\u00f3n es de 160 \u00b0 C. Como su punto de fusi\u00f3n es m\u00e1s bajo se utiliza a bajas temperaturas por ejemplo al rango de temperatura 90-110 \u00b0 C . Cuando no haya sobrecarga se puede soportar a temperaturas alrededor de 140 \u00b0 C. La tasa de cristal se var\u00eda entre 60 a 70%, con valores de densidad entre 0,90 a 92 g \/ cm\u00b3 el tipo m\u00e1s ligero es de termopl\u00e1stico. La resistencia qu\u00edmica del PP es buena. Adem\u00e1s de ser Resistente a la radiaci\u00f3n visible, los rayos UV se deterioran la superficie de los materiales de PP. La oxidaci\u00f3n del pol\u00edmero aumenta con la temperatura, el negro de carbono incorporado en el interior con el fin de evitar la oxidaci\u00f3n del pol\u00edmero acelera el envejecimiento t\u00e9rmico. Cloro, \u00e1cido n\u00edtrico, y<\/p>\n<p style=\"text-indent: 20px;\">Es influenciado por el cloro, \u00e1cido n\u00edtrico, y otros oxidantes fuertes.<\/p>\n<p><strong>TIPOS DE PP:<\/strong><br \/>\nExisten en tres tipos.<br \/>\n1. Homopol\u00edmero de polipropileno,<br \/>\n2. Copol\u00edmero de bloque de polipropileno,<br \/>\n3. Copol\u00edmero de polipropileno al azar, su caracter\u00edstica m\u00e1s distintiva es adem\u00e1s de que se pueda utilizar en la plomer\u00eda se puede tambi\u00e9n utilizar en instalaciones de agua caliente.<\/p>\n<p><strong>CARACTER\u00cdSTICAS<\/strong><\/p>\n<ul>\n<li>Peso espec\u00edfico: 0,91<\/li>\n<li>Resistencia a la tracci\u00f3n: 30-40 MPa<\/li>\n<li>M\u00f3dulo el\u00e1stico: 1400-1600 MPa<\/li>\n<li>Resistencia al impacto: 5-10 kj\/m\u00b2<\/li>\n<li>Deformaci\u00f3n de la temperatura: 110 \u00baC<\/li>\n<li>Temperatura de ablandamiento Vicat: 155 \u00baC<\/li>\n<\/ul>\n<p><strong>VENTAJAS<\/strong><\/p>\n<ul>\n<li>Amplia gama de propiedades mec\u00e1nicas<\/li>\n<li>Resistencia qu\u00edmica<\/li>\n<li>Resistencia el\u00e9ctrica<\/li>\n<li>Resistencia a la fatiga<\/li>\n<li>Retraso de la llama<\/li>\n<li>Relaci\u00f3n precio-rendimiento<\/li>\n<\/ul>\n<p><strong>\u00c1REAS DE APLICACI\u00d3N<\/strong><\/p>\n<ul>\n<li>Muebles de jard\u00edn<\/li>\n<li>Cuerpo de los electrodom\u00e9sticos<\/li>\n<li>Ventilador de ventilaci\u00f3n<\/li>\n<li>Caj\u00f3n de detergente<\/li>\n<li>Caldera de lavadora<\/li>\n<li>Herramientas el\u00e9ctricas<\/li>\n<li>Maleta<\/li>\n<li>Malet\u00edn<\/li>\n<li>Bolsa<\/li>\n<li>Tubos de crema de afeitar<\/li>\n<li>Suministros m\u00e9dicos est\u00e9riles<\/li>\n<li>Estantes de pl\u00e1stico<\/li>\n<li>Filtro de aire<\/li>\n<li>Recipientes de pl\u00e1stico<\/li>\n<li>Botellas<\/li>\n<li>Cuadros de mando<\/li>\n<li>Parasoles<\/li>\n<li>Tubos de ensayo<\/li>\n<li>Contenedores de transporte<\/li>\n<li>Contenedores de almacenamiento<\/li>\n<li>Cajas<\/li>\n<li>Bandas<\/li>\n<li>Empaque transparente<\/li>\n<li>Tazas<\/li>\n<\/ul>\n<p><strong>PROCESO DE TRABAJO PP <\/strong><\/p>\n<ul>\n<li>LDPE puede formarse por m\u00e9todos de procesamiento de termopl\u00e1sticos conocidos<\/li>\n<li>La temperatura de tratamiento recomendado para las inyecciones: rango de 180-260 \u00b0 C<\/li>\n<\/ul>\n<p>[\/vc_column_text][\/vc_column][\/vc_row]<\/p>","protected":false},"excerpt":{"rendered":"<p>[vc_row rt_row_background_width=\u00bbdefault\u00bb rt_row_style=\u00bbdefault-style\u00bb rt_row_borders=\u00bb\u00bb rt_row_paddings=\u00bbtrue\u00bb rt_bg_effect=\u00bbclassic\u00bb rt_bg_image_repeat=\u00bbrepeat\u00bb rt_bg_size=\u00bbcover\u00bb rt_bg_position=\u00bbright top\u00bb rt_bg_attachment=\u00bbscroll\u00bb rt_bg_video_format=\u00bbself-hosted\u00bb][vc_column rt_wrp_col_paddings=\u00bbfalse\u00bb rt_border_top=\u00bb\u00bb rt_border_bottom=\u00bb\u00bb rt_border_left=\u00bb\u00bb rt_border_right=\u00bb\u00bb rt_border_top_mobile=\u00bb\u00bb rt_border_bottom_mobile=\u00bb\u00bb rt_border_left_mobile=\u00bb\u00bb rt_border_right_mobile=\u00bb\u00bb rt_bg_image_repeat=\u00bbrepeat\u00bb rt_bg_size=\u00bbauto auto\u00bb rt_bg_position=\u00bbright top\u00bb rt_bg_attachment=\u00bbscroll\u00bb][vc_images_carousel images=\u00bb3504&#8243; img_size=\u00bbfull\u00bb][vc_column_text]Es un pol\u00edmero termopl\u00e1stico con un amplio uso desde las piezas utilizadas en la industria del autom\u00f3vil hasta textil y envasado de alimentos. Son extremadamente resistentes contra [&hellip;]<\/p>\n","protected":false},"author":2,"featured_media":0,"parent":3326,"menu_order":0,"comment_status":"closed","ping_status":"closed","template":"","meta":{"rs_blank_template":"","rs_page_bg_color":"","slide_template_v7":"","footnotes":""},"class_list":["post-3334","page","type-page","status-publish","hentry"],"_links":{"self":[{"href":"https:\/\/www.alpil.com.tr\/es\/wp-json\/wp\/v2\/pages\/3334","targetHints":{"allow":["GET"]}}],"collection":[{"href":"https:\/\/www.alpil.com.tr\/es\/wp-json\/wp\/v2\/pages"}],"about":[{"href":"https:\/\/www.alpil.com.tr\/es\/wp-json\/wp\/v2\/types\/page"}],"author":[{"embeddable":true,"href":"https:\/\/www.alpil.com.tr\/es\/wp-json\/wp\/v2\/users\/2"}],"replies":[{"embeddable":true,"href":"https:\/\/www.alpil.com.tr\/es\/wp-json\/wp\/v2\/comments?post=3334"}],"version-history":[{"count":0,"href":"https:\/\/www.alpil.com.tr\/es\/wp-json\/wp\/v2\/pages\/3334\/revisions"}],"up":[{"embeddable":true,"href":"https:\/\/www.alpil.com.tr\/es\/wp-json\/wp\/v2\/pages\/3326"}],"wp:attachment":[{"href":"https:\/\/www.alpil.com.tr\/es\/wp-json\/wp\/v2\/media?parent=3334"}],"curies":[{"name":"wp","href":"https:\/\/api.w.org\/{rel}","templated":true}]}}