{"id":3337,"date":"2017-01-05T17:30:15","date_gmt":"2017-01-05T15:30:15","guid":{"rendered":"http:\/\/www.alpil.com.tr\/demo\/?page_id=3337"},"modified":"2017-05-06T16:18:37","modified_gmt":"2017-05-06T13:18:37","slug":"ldpe-alcak-yogunluklu-pe","status":"publish","type":"page","link":"https:\/\/www.alpil.com.tr\/es\/urunler\/plastik\/ldpe-alcak-yogunluklu-pe\/","title":{"rendered":"PEBD (PE de baja densidad)"},"content":{"rendered":"<p>[vc_row rt_row_background_width=\u00bbdefault\u00bb rt_row_style=\u00bbdefault-style\u00bb rt_row_borders=\u00bb\u00bb rt_row_paddings=\u00bbtrue\u00bb rt_bg_effect=\u00bbclassic\u00bb rt_bg_image_repeat=\u00bbrepeat\u00bb rt_bg_size=\u00bbcover\u00bb rt_bg_position=\u00bbright top\u00bb rt_bg_attachment=\u00bbscroll\u00bb rt_bg_video_format=\u00bbself-hosted\u00bb][vc_column rt_wrp_col_paddings=\u00bbfalse\u00bb rt_border_top=\u00bb\u00bb rt_border_bottom=\u00bb\u00bb rt_border_left=\u00bb\u00bb rt_border_right=\u00bb\u00bb rt_border_top_mobile=\u00bb\u00bb rt_border_bottom_mobile=\u00bb\u00bb rt_border_left_mobile=\u00bb\u00bb rt_border_right_mobile=\u00bb\u00bb rt_bg_image_repeat=\u00bbrepeat\u00bb rt_bg_size=\u00bbauto auto\u00bb rt_bg_position=\u00bbright top\u00bb rt_bg_attachment=\u00bbscroll\u00bb][vc_images_carousel images=\u00bb3508&#8243; img_size=\u00bbfull\u00bb][vc_column_text]<\/p>\n<p style=\"text-indent: 20px;\">El polietileno est\u00e1 determinado como termopl\u00e1stico utilizado en una amplia variedad de productos. Su nombre deriva de mon\u00f3mero de etileno, el polietileno est\u00e1 fabricado utilizando el etileno. En la industria de pl\u00e1stico, su nombre corto es PE.<\/p>\n<p style=\"text-indent: 20px;\">Se clasifican en varias categor\u00edas sobre la base de densidad la polietileno y las propiedades qu\u00edmicas. Las propiedades mec\u00e1nicas dependen del peso molecular, la estructura cristalina y del tipo de ramificaci\u00f3n.<\/p>\n<p style=\"text-indent: 20px;\"><strong>El polietileno de baja densidad<\/strong> (LDPE o PEBD) es un material termopl\u00e1stico que se ha producido a partir de mon\u00f3mero de etileno. polietileno fabricado mediante la polimerizaci\u00f3n de radicales libres usando proceso de alta presi\u00f3n en 1933 por Imperial Chemical Industries (ICI) es conocido como el <strong>polietileno de baja densidad<\/strong> de m\u00e1s alta calidad. <strong>El<\/strong> <strong>polietileno de baja densidad <\/strong>generalmente se utiliza en el sector agr\u00edcola. Con el aumento de la importancia del cultivo de hortalizas en huertas y y el aumento de la fertilizaci\u00f3n se ha incrementado las \u00e1reas de uso en el sector agr\u00edcola. Adem\u00e1s polietileno de baja densidad se utiliza com\u00fanmente en los envases de los productos exportados. Tiene gran \u00e1reas de consumo como los de comunicaci\u00f3n, distribuci\u00f3n de energ\u00eda y la industria del cable. Aumentando la utilizaci\u00f3n en estos campos contribuye m\u00e1s a la industria. La fabricaci\u00f3n <strong>del<\/strong> <strong>polietileno de baja densidad <\/strong>en Turqu\u00eda ha comenzado en 1970. Aun la competencia de LDPE reciclado seg\u00fan \u00a0la \u00a0Agencia de Protecci\u00f3n Ambiental de EEUU EPA \u00a0con 5,7%\u00a0 (tasa de reciclado de pol\u00edmero modernizado) el LDPE sigue siendo un importante tipo de pl\u00e1stico. En el a\u00f1o 2009 el mercado del <strong>LDPE<\/strong> en el mundo alcanz\u00f3 a $ 22.200.000.000 (\u20ac 15900000000) en EEUU. Intervalo de densidad de polietileno de baja densidad se define por 0,910-0,940 g \/ sm<sup>3<\/sup>. Este provoca la hinchaz\u00f3n excepto los oxidantes fuertes no reactivos a temperatura ambiente, y algunos disolventes. Puede soportar hasta a 80 \u00b0 C a constantemente y por un cierto per\u00edodo de tiempo a \u00a095 \u00b0 C. Con variaciones transparentes u opacos el polietileno de baja densidad es muy flexible y r\u00edgido pero tiene una estructura fr\u00e1gil.<\/p>\n<p style=\"text-indent: 20px;\">Es baja la fuerza de las fuerzas intermoleculares del <strong>polietileno de baja densidad <\/strong>(las fuerzas de dipolo instant\u00e1neo \u2013 dipolo inducido) y la flexibilidad es alta, la ramificaci\u00f3n es m\u00e1s alta en polietileno de alta densidad (aproximadamente el 2% de los \u00e1tomos de carbono). Es m\u00e1s rigurosas sus las mol\u00e9culas por eso la ramificaci\u00f3n lateral es m\u00e1s densa y se cristaliza menos. Adem\u00e1s la densidad del <strong>polietileno de baja densidad <\/strong>es reducida. El LDPE contiene elementos qu\u00edmicos de carbono e hidr\u00f3geno.<\/p>\n<p><strong>CARACTER\u00cdSTICAS<\/strong><\/p>\n<p>\u2022 Peso espec\u00edfico: 0,92<br \/>\n\u2022 Resistencia a la tracci\u00f3n: 10-20 MPa<br \/>\n\u2022 M\u00f3dulo el\u00e1stico: 300-500 MPa<br \/>\n\u2022 Resistencia al impacto: 500 kj\/m\u00b2<br \/>\n\u2022 Deformaci\u00f3n de la temperatura: 110 \u00baC<br \/>\n\u2022 Temperatura de ablandamiento Vicat: 94 \u00baC<\/p>\n<p><strong>SUS VENTAJAS<\/strong><\/p>\n<p>\u2022 Amplia gama de propiedades mec\u00e1nicas<br \/>\n\u2022 Resistencia qu\u00edmica<br \/>\n\u2022 Resistencia el\u00e9ctrica<br \/>\n\u2022 Resistencia a la fatiga<br \/>\n\u2022 Retraso de la llama<br \/>\n\u2022\u00a0Relaci\u00f3n precio-rendimiento<br \/>\n<strong><br \/>\n\u00c1REAS DE APLICACI\u00d3N<br \/>\n<\/strong><br \/>\n\u2022 Bolsas de trabajo pesado<br \/>\n\u2022 Fabricaci\u00f3n de filmaci\u00f3n<br \/>\n\u2022 Revestimientos de papel<br \/>\n\u2022 Barril<br \/>\n\u2022 Juguetes<br \/>\n\u2022 Bolsas de residuos<br \/>\n\u2022 Aislamiento el\u00e9ctrico<br \/>\n\u2022 Fabricaci\u00f3n de botellas<\/p>\n<p><strong>PROCESO DE TRABAJO<\/strong><\/p>\n<ul>\n<li>LDPE puede formarse por m\u00e9todos de procesamiento de termopl\u00e1sticos conocidos.<\/li>\n<li>La temperatura de tratamiento recomendado para las inyecciones: rango de 180-240 \u00b0 C<\/li>\n<\/ul>\n<p>[\/vc_column_text][\/vc_column][\/vc_row]<\/p>","protected":false},"excerpt":{"rendered":"<p>[vc_row rt_row_background_width=\u00bbdefault\u00bb rt_row_style=\u00bbdefault-style\u00bb rt_row_borders=\u00bb\u00bb rt_row_paddings=\u00bbtrue\u00bb rt_bg_effect=\u00bbclassic\u00bb rt_bg_image_repeat=\u00bbrepeat\u00bb rt_bg_size=\u00bbcover\u00bb rt_bg_position=\u00bbright top\u00bb rt_bg_attachment=\u00bbscroll\u00bb rt_bg_video_format=\u00bbself-hosted\u00bb][vc_column rt_wrp_col_paddings=\u00bbfalse\u00bb rt_border_top=\u00bb\u00bb rt_border_bottom=\u00bb\u00bb rt_border_left=\u00bb\u00bb rt_border_right=\u00bb\u00bb rt_border_top_mobile=\u00bb\u00bb rt_border_bottom_mobile=\u00bb\u00bb rt_border_left_mobile=\u00bb\u00bb rt_border_right_mobile=\u00bb\u00bb rt_bg_image_repeat=\u00bbrepeat\u00bb rt_bg_size=\u00bbauto auto\u00bb rt_bg_position=\u00bbright top\u00bb rt_bg_attachment=\u00bbscroll\u00bb][vc_images_carousel images=\u00bb3508&#8243; img_size=\u00bbfull\u00bb][vc_column_text] El polietileno est\u00e1 determinado como termopl\u00e1stico utilizado en una amplia variedad de productos. Su nombre deriva de mon\u00f3mero de etileno, el polietileno est\u00e1 fabricado utilizando el [&hellip;]<\/p>\n","protected":false},"author":2,"featured_media":0,"parent":3326,"menu_order":0,"comment_status":"closed","ping_status":"closed","template":"","meta":{"rs_blank_template":"","rs_page_bg_color":"","slide_template_v7":"","footnotes":""},"class_list":["post-3337","page","type-page","status-publish","hentry"],"_links":{"self":[{"href":"https:\/\/www.alpil.com.tr\/es\/wp-json\/wp\/v2\/pages\/3337","targetHints":{"allow":["GET"]}}],"collection":[{"href":"https:\/\/www.alpil.com.tr\/es\/wp-json\/wp\/v2\/pages"}],"about":[{"href":"https:\/\/www.alpil.com.tr\/es\/wp-json\/wp\/v2\/types\/page"}],"author":[{"embeddable":true,"href":"https:\/\/www.alpil.com.tr\/es\/wp-json\/wp\/v2\/users\/2"}],"replies":[{"embeddable":true,"href":"https:\/\/www.alpil.com.tr\/es\/wp-json\/wp\/v2\/comments?post=3337"}],"version-history":[{"count":0,"href":"https:\/\/www.alpil.com.tr\/es\/wp-json\/wp\/v2\/pages\/3337\/revisions"}],"up":[{"embeddable":true,"href":"https:\/\/www.alpil.com.tr\/es\/wp-json\/wp\/v2\/pages\/3326"}],"wp:attachment":[{"href":"https:\/\/www.alpil.com.tr\/es\/wp-json\/wp\/v2\/media?parent=3337"}],"curies":[{"name":"wp","href":"https:\/\/api.w.org\/{rel}","templated":true}]}}