{"id":3384,"date":"2017-01-06T11:20:15","date_gmt":"2017-01-06T09:20:15","guid":{"rendered":"http:\/\/www.alpil.com.tr\/demo\/?page_id=3384"},"modified":"2018-03-02T10:29:25","modified_gmt":"2018-03-02T07:29:25","slug":"trendbond","status":"publish","type":"page","link":"https:\/\/www.alpil.com.tr\/es\/urunler\/trendbond\/","title":{"rendered":"TrendBOND"},"content":{"rendered":"<p>[vc_row rt_row_background_width=\u00bbdefault\u00bb rt_row_style=\u00bbdefault-style\u00bb rt_row_borders=\u00bb\u00bb rt_row_paddings=\u00bbtrue\u00bb rt_bg_effect=\u00bbclassic\u00bb rt_bg_image_repeat=\u00bbrepeat\u00bb rt_bg_size=\u00bbcover\u00bb rt_bg_position=\u00bbright top\u00bb rt_bg_attachment=\u00bbscroll\u00bb rt_bg_video_format=\u00bbself-hosted\u00bb][vc_column width=\u00bb2\/3&#8243; rt_wrp_col_paddings=\u00bbfalse\u00bb rt_border_top=\u00bb\u00bb rt_border_bottom=\u00bb\u00bb rt_border_left=\u00bb\u00bb rt_border_right=\u00bb\u00bb rt_border_top_mobile=\u00bb\u00bb rt_border_bottom_mobile=\u00bb\u00bb rt_border_left_mobile=\u00bb\u00bb rt_border_right_mobile=\u00bb\u00bb rt_bg_image_repeat=\u00bbrepeat\u00bb rt_bg_size=\u00bbauto auto\u00bb rt_bg_position=\u00bbright top\u00bb rt_bg_attachment=\u00bbscroll\u00bb][vc_column_text]<\/p>\n<h4><strong>Especificaciones t\u00e9cnicas;<\/strong><\/h4>\n<ul>\n<li>El espesor de aluminio es de 0,25 mm y 0,30mm.<\/li>\n<li>Dimensiones: 125\u00d7320 cm \u2013 125\u00d7600 cm \u2013 150\u00d7320 cm \u2013 150\u00d7600 cm.<\/li>\n<li>Tiene una alta rigidez y propiedades de resistencia.<\/li>\n<li>Presenta alta resistencia a las condiciones clim\u00e1ticas y a los rayos UV.<\/li>\n<li>Presenta rendimiento de resistencia a \u00e1cidos y alcalinos en el ambiente externo duro.<\/li>\n<li>Tiene una caracter\u00edstica de superficie lisa, suave y brillante.<\/li>\n<li>Es de f\u00e1cil trabajabilidad.<\/li>\n<li>Presenta propiedades de absorci\u00f3n de aislamiento ac\u00fastica y de vibraciones.<\/li>\n<li>Se difiere de otros paneles compuestos con sus caracter\u00edsticas de aislamiento t\u00e9rmico y retardante de llama.<\/li>\n<li>La resistencia al impacto es alta.<\/li>\n<li>Protege la estructura contra los efectos perjudiciales causados por la contaminaci\u00f3n industrial y ambiental.<\/li>\n<li>Hace de barrera contra la radiaci\u00f3n solar.<\/li>\n<li>Es de material ligero que no se ejerza ninguna fuerza carga adicional sobre la estructura.<\/li>\n<\/ul>\n<p><strong>Sus ventajas; <\/strong><\/p>\n<ul>\n<li>Con su variedad de color, resistencia a las influencias del medio ambiente, capacidad de conformaci\u00f3n f\u00e1cil y aislamiento t\u00e9rmico y ac\u00fastico<strong> Los paneles de aluminio compuesto de Alpil TrendBOND\u00a0<\/strong>aplicables en \u00e1reas muy variadas tienen caracter\u00edsticas superiores en comparaci\u00f3n otros materiales de construcci\u00f3n.<\/li>\n<li>Ofrece un aspecto elegante y est\u00e9tica y es f\u00e1cil de usar. Es un producto 100% reciclable y amigable con el ambiente. Gracias a su facilidad de procesamiento, da buenos resultados en la aplicaci\u00f3n de dise\u00f1os deseados.<\/li>\n<li>Su estructura flexible le permite ser creatividad como lo desee.<\/li>\n<\/ul>\n<p><strong>Las \u00e1reas de uso;<\/strong><\/p>\n<ul>\n<li>Revestimiento exterior<\/li>\n<li>Aplicaciones de publicidad y decoraci\u00f3n<\/li>\n<\/ul>\n<p>[\/vc_column_text][\/vc_column][vc_column width=\u00bb1\/3&#8243; rt_wrp_col_paddings=\u00bbfalse\u00bb rt_border_top=\u00bb\u00bb rt_border_bottom=\u00bb\u00bb rt_border_left=\u00bb\u00bb rt_border_right=\u00bb\u00bb rt_border_top_mobile=\u00bb\u00bb rt_border_bottom_mobile=\u00bb\u00bb rt_border_left_mobile=\u00bb\u00bb rt_border_right_mobile=\u00bb\u00bb rt_bg_image_repeat=\u00bbrepeat\u00bb rt_bg_size=\u00bbauto auto\u00bb rt_bg_position=\u00bbright top\u00bb rt_bg_attachment=\u00bbscroll\u00bb][vc_row_inner rt_row_style=\u00bbglobal-style\u00bb rt_row_borders=\u00bb\u00bb rt_row_paddings=\u00bbtrue\u00bb rt_bg_effect=\u00bbclassic\u00bb rt_bg_image_repeat=\u00bbrepeat\u00bb rt_bg_size=\u00bbcover\u00bb rt_bg_position=\u00bbright top\u00bb rt_bg_attachment=\u00bbscroll\u00bb rt_bg_video_format=\u00bbself-hosted\u00bb][vc_column_inner rt_wrp_col_paddings=\u00bbfalse\u00bb rt_border_top=\u00bb\u00bb rt_border_bottom=\u00bb\u00bb rt_border_left=\u00bb\u00bb rt_border_right=\u00bb\u00bb rt_border_top_mobile=\u00bb\u00bb rt_border_bottom_mobile=\u00bb\u00bb rt_border_left_mobile=\u00bb\u00bb rt_border_right_mobile=\u00bb\u00bb rt_bg_image_repeat=\u00bbrepeat\u00bb rt_bg_size=\u00bbauto auto\u00bb rt_bg_position=\u00bbright top\u00bb rt_bg_attachment=\u00bbscroll\u00bb][vc_single_image image=\u00bb3385&#8243; img_size=\u00bbmedium\u00bb style=\u00bbvc_box_rounded\u00bb][\/vc_column_inner][\/vc_row_inner][\/vc_column][\/vc_row]<\/p>","protected":false},"excerpt":{"rendered":"<p>[vc_row rt_row_background_width=\u00bbdefault\u00bb rt_row_style=\u00bbdefault-style\u00bb rt_row_borders=\u00bb\u00bb rt_row_paddings=\u00bbtrue\u00bb rt_bg_effect=\u00bbclassic\u00bb rt_bg_image_repeat=\u00bbrepeat\u00bb rt_bg_size=\u00bbcover\u00bb rt_bg_position=\u00bbright top\u00bb rt_bg_attachment=\u00bbscroll\u00bb rt_bg_video_format=\u00bbself-hosted\u00bb][vc_column width=\u00bb2\/3&#8243; rt_wrp_col_paddings=\u00bbfalse\u00bb rt_border_top=\u00bb\u00bb rt_border_bottom=\u00bb\u00bb rt_border_left=\u00bb\u00bb rt_border_right=\u00bb\u00bb rt_border_top_mobile=\u00bb\u00bb rt_border_bottom_mobile=\u00bb\u00bb rt_border_left_mobile=\u00bb\u00bb rt_border_right_mobile=\u00bb\u00bb rt_bg_image_repeat=\u00bbrepeat\u00bb rt_bg_size=\u00bbauto auto\u00bb rt_bg_position=\u00bbright top\u00bb rt_bg_attachment=\u00bbscroll\u00bb][vc_column_text] Especificaciones t\u00e9cnicas; El espesor de aluminio es de 0,25 mm y 0,30mm. Dimensiones: 125\u00d7320 cm \u2013 125\u00d7600 cm \u2013 150\u00d7320 cm \u2013 150\u00d7600 cm. Tiene una alta [&hellip;]<\/p>\n","protected":false},"author":2,"featured_media":0,"parent":3312,"menu_order":0,"comment_status":"closed","ping_status":"closed","template":"","meta":{"rs_blank_template":"","rs_page_bg_color":"","slide_template_v7":"","footnotes":""},"class_list":["post-3384","page","type-page","status-publish","hentry"],"_links":{"self":[{"href":"https:\/\/www.alpil.com.tr\/es\/wp-json\/wp\/v2\/pages\/3384","targetHints":{"allow":["GET"]}}],"collection":[{"href":"https:\/\/www.alpil.com.tr\/es\/wp-json\/wp\/v2\/pages"}],"about":[{"href":"https:\/\/www.alpil.com.tr\/es\/wp-json\/wp\/v2\/types\/page"}],"author":[{"embeddable":true,"href":"https:\/\/www.alpil.com.tr\/es\/wp-json\/wp\/v2\/users\/2"}],"replies":[{"embeddable":true,"href":"https:\/\/www.alpil.com.tr\/es\/wp-json\/wp\/v2\/comments?post=3384"}],"version-history":[{"count":0,"href":"https:\/\/www.alpil.com.tr\/es\/wp-json\/wp\/v2\/pages\/3384\/revisions"}],"up":[{"embeddable":true,"href":"https:\/\/www.alpil.com.tr\/es\/wp-json\/wp\/v2\/pages\/3312"}],"wp:attachment":[{"href":"https:\/\/www.alpil.com.tr\/es\/wp-json\/wp\/v2\/media?parent=3384"}],"curies":[{"name":"wp","href":"https:\/\/api.w.org\/{rel}","templated":true}]}}