{"id":2784,"date":"2016-09-08T20:29:31","date_gmt":"2016-09-08T17:29:31","guid":{"rendered":"http:\/\/rt19-demo12.rtthemes.com\/?page_id=2784"},"modified":"2017-05-06T15:09:22","modified_gmt":"2017-05-06T12:09:22","slug":"hakkimizda","status":"publish","type":"page","link":"https:\/\/www.alpil.com.tr\/fr\/kurumsal\/hakkimizda\/","title":{"rendered":"A propos de nous"},"content":{"rendered":"<p>[vc_row rt_row_background_width=\u00a0\u00bbfullwidth\u00a0\u00bb rt_row_content_width=\u00a0\u00bbdefault\u00a0\u00bb rt_row_style=\u00a0\u00bbdefault-style\u00a0\u00bb rt_column_placement=\u00a0\u00bbmiddle\u00a0\u00bb rt_row_borders=\u00a0\u00bb\u00a0\u00bb rt_row_paddings=\u00a0\u00bbtrue\u00a0\u00bb rt_bg_effect=\u00a0\u00bbclassic\u00a0\u00bb rt_bg_image_repeat=\u00a0\u00bbrepeat\u00a0\u00bb rt_bg_size=\u00a0\u00bbcover\u00a0\u00bb rt_bg_position=\u00a0\u00bbright top\u00a0\u00bb rt_bg_attachment=\u00a0\u00bbscroll\u00a0\u00bb rt_bg_video_format=\u00a0\u00bbself-hosted\u00a0\u00bb][vc_column width=\u00a0\u00bb1\/12&Prime; rt_wrp_col_paddings=\u00a0\u00bbfalse\u00a0\u00bb rt_border_top=\u00a0\u00bb\u00a0\u00bb rt_border_bottom=\u00a0\u00bb\u00a0\u00bb rt_border_left=\u00a0\u00bb\u00a0\u00bb rt_border_right=\u00a0\u00bbtrue\u00a0\u00bb rt_border_top_mobile=\u00a0\u00bb\u00a0\u00bb rt_border_bottom_mobile=\u00a0\u00bb\u00a0\u00bb rt_border_left_mobile=\u00a0\u00bb\u00a0\u00bb rt_border_right_mobile=\u00a0\u00bb\u00a0\u00bb rt_bg_image_repeat=\u00a0\u00bbrepeat\u00a0\u00bb rt_bg_size=\u00a0\u00bbauto auto\u00a0\u00bb rt_bg_position=\u00a0\u00bbright top\u00a0\u00bb rt_bg_attachment=\u00a0\u00bbscroll\u00a0\u00bb offset=\u00a0\u00bbvc_hidden-xs\u00a0\u00bb][vc_separator style=\u00a0\u00bbstyle-6&Prime; width=\u00a0\u00bb100%\u00a0\u00bb margin_top=\u00a0\u00bb0&Prime; margin_bottom=\u00a0\u00bb0&Prime;][\/vc_column][vc_column width=\u00a0\u00bb2\/3&Prime; rt_wrp_col_paddings=\u00a0\u00bbfalse\u00a0\u00bb rt_border_top=\u00a0\u00bb\u00a0\u00bb rt_border_bottom=\u00a0\u00bb\u00a0\u00bb rt_border_left=\u00a0\u00bb\u00a0\u00bb rt_border_right=\u00a0\u00bb\u00a0\u00bb rt_border_top_mobile=\u00a0\u00bb\u00a0\u00bb rt_border_bottom_mobile=\u00a0\u00bb\u00a0\u00bb rt_border_left_mobile=\u00a0\u00bb\u00a0\u00bb rt_border_right_mobile=\u00a0\u00bb\u00a0\u00bb rt_bg_image_repeat=\u00a0\u00bbrepeat\u00a0\u00bb rt_bg_size=\u00a0\u00bbauto auto\u00a0\u00bb rt_bg_position=\u00a0\u00bbright top\u00a0\u00bb rt_bg_attachment=\u00a0\u00bbscroll\u00a0\u00bb rt_padding_left=\u00a0\u00bb2%\u00a0\u00bb rt_padding_right=\u00a0\u00bb2%\u00a0\u00bb rt_padding_top=\u00a0\u00bb20&Prime; rt_padding_bottom=\u00a0\u00bb20&Prime;]<div class=\"rt_heading_wrapper style-1\">\n\t\t\t\t\t\t<h4 class=\"rt_heading  style-1\" >A propos de nous<\/h4>\n\t\t\t\t\t<\/div>[vc_images_carousel images=\u00a0\u00bb3456&Prime; img_size=\u00a0\u00bbfull\u00a0\u00bb][vc_column_text]<\/p>\n<p style=\"text-align: left;\">\u00a0 \u00a0 \u00a0 \u00a0 \u00a0 Alpil Al\u00fcminyum est une filiale de la compagnie Celalo\u011flu Plastik situ\u00e9 \u00e0 Adana et engag\u00e9 dans le recyclage de plastique et de m\u00e9tallurgie depuis 30 ans. Celalo\u011flu Plastik poss\u00e8de l\u2019une des installations int\u00e9gr\u00e9es de recyclage de plastique le plus grand du pays et a une capacit\u00e9 de production mensuelle de 4 milles tonnes.<\/p>\n<p style=\"text-align: left;\">\u00a0 \u00a0 \u00a0 \u00a0 \u00a0 Alpil Al\u00fcminyum a une vaste gamme de produits de panneaux composite de marque SmartBOND et TrendBOND produits en usine offrant plus de 50 choix de couleur y compris les motifs de bois, miroir d\u2019argent et miroir d\u2019or.<\/p>\n<p style=\"text-align: left;\">\u00a0 \u00a0 \u00a0 \u00a0 \u00a0 Alpil Al\u00fcminyum qui produit des panneaux simples en plastique avec diverses largeurs (allant de 50 cm \u00e0 185 cm, exerce aussi des activit\u00e9s dans le secteur de construction et d\u2019automobile. (Les panneaux en plastique sont utilis\u00e9s pour assurer l\u2019imperm\u00e9abilit\u00e9 dans les fondations de construction). Nous continuons \u00e0 rendre service avec notre approche professionnelle et esprit amateur dans notre usine ayant un terrain clos de 9000 m\u00b2 et une capacit\u00e9 de production annuelle de 1.500.000 m\u00b2.<\/p>\n<p>[\/vc_column_text][\/vc_column][\/vc_row][vc_row rt_row_background_width=\u00a0\u00bbfullwidth\u00a0\u00bb rt_row_content_width=\u00a0\u00bbdefault\u00a0\u00bb rt_row_style=\u00a0\u00bbdefault-style\u00a0\u00bb rt_column_placement=\u00a0\u00bbmiddle\u00a0\u00bb rt_row_borders=\u00a0\u00bb\u00a0\u00bb rt_row_paddings=\u00a0\u00bbtrue\u00a0\u00bb rt_bg_effect=\u00a0\u00bbclassic\u00a0\u00bb rt_bg_image_repeat=\u00a0\u00bbrepeat\u00a0\u00bb rt_bg_size=\u00a0\u00bbcover\u00a0\u00bb rt_bg_position=\u00a0\u00bbright top\u00a0\u00bb rt_bg_attachment=\u00a0\u00bbscroll\u00a0\u00bb rt_bg_video_format=\u00a0\u00bbself-hosted\u00a0\u00bb][vc_column width=\u00a0\u00bb1\/12&Prime; rt_wrp_col_paddings=\u00a0\u00bbfalse\u00a0\u00bb rt_border_top=\u00a0\u00bb\u00a0\u00bb rt_border_bottom=\u00a0\u00bb\u00a0\u00bb rt_border_left=\u00a0\u00bb\u00a0\u00bb rt_border_right=\u00a0\u00bbtrue\u00a0\u00bb rt_border_top_mobile=\u00a0\u00bb\u00a0\u00bb rt_border_bottom_mobile=\u00a0\u00bb\u00a0\u00bb rt_border_left_mobile=\u00a0\u00bb\u00a0\u00bb rt_border_right_mobile=\u00a0\u00bb\u00a0\u00bb rt_bg_image_repeat=\u00a0\u00bbrepeat\u00a0\u00bb rt_bg_size=\u00a0\u00bbauto auto\u00a0\u00bb rt_bg_position=\u00a0\u00bbright top\u00a0\u00bb rt_bg_attachment=\u00a0\u00bbscroll\u00a0\u00bb offset=\u00a0\u00bbvc_hidden-xs\u00a0\u00bb][vc_separator style=\u00a0\u00bbstyle-6&Prime; width=\u00a0\u00bb100%\u00a0\u00bb margin_top=\u00a0\u00bb0&Prime; margin_bottom=\u00a0\u00bb0&Prime;][\/vc_column][vc_column width=\u00a0\u00bb2\/3&Prime; rt_wrp_col_paddings=\u00a0\u00bbfalse\u00a0\u00bb rt_border_top=\u00a0\u00bb\u00a0\u00bb rt_border_bottom=\u00a0\u00bb\u00a0\u00bb rt_border_left=\u00a0\u00bb\u00a0\u00bb rt_border_right=\u00a0\u00bb\u00a0\u00bb rt_border_top_mobile=\u00a0\u00bb\u00a0\u00bb rt_border_bottom_mobile=\u00a0\u00bb\u00a0\u00bb rt_border_left_mobile=\u00a0\u00bb\u00a0\u00bb rt_border_right_mobile=\u00a0\u00bb\u00a0\u00bb rt_bg_image_repeat=\u00a0\u00bbrepeat\u00a0\u00bb rt_bg_size=\u00a0\u00bbauto auto\u00a0\u00bb rt_bg_position=\u00a0\u00bbright top\u00a0\u00bb rt_bg_attachment=\u00a0\u00bbscroll\u00a0\u00bb rt_padding_left=\u00a0\u00bb2%\u00a0\u00bb rt_padding_right=\u00a0\u00bb2%\u00a0\u00bb rt_padding_top=\u00a0\u00bb20&Prime; rt_padding_bottom=\u00a0\u00bb20&Prime;]<div class=\"rt_heading_wrapper style-1\">\n\t\t\t\t\t\t<h4 class=\"rt_heading  style-1\" >Notre mission<\/h4>\n\t\t\t\t\t<\/div>[vc_images_carousel images=\u00a0\u00bb3452&Prime; img_size=\u00a0\u00bbfull\u00a0\u00bb][vc_column_text]<\/p>\n<p style=\"text-indent: 20px;\">\u201cAvec notre personnel heureux et innovateur, \u00eatre le partenaire de solution aux projets de nos clients tout en leur assurant la facilit\u00e9 et gaiet\u00e9.\u201d<\/p>\n<p><strong>Nous sommes innovateurs<\/strong><\/p>\n<ul>\n<li>Nous d\u00e9terminons l\u2019ordre du secteur en tant que leader d\u2019id\u00e9e et d\u2019application.<\/li>\n<li>Notre puissance vient de nos diff\u00e9rences, notre innovation et cr\u00e9ation.<\/li>\n<li>Nous accordons une grande importance aux commentaires et critiques, nous cr\u00e9ons des opportunit\u00e9s de d\u00e9veloppement.<\/li>\n<\/ul>\n<p><strong>Nous sommes braves<\/strong><\/p>\n<ul>\n<li>Nous prenons nos d\u00e9cisions rapidement et mettons rapidement en \u0153uvre les changements et innovations.<\/li>\n<li>Nous avons pour but de r\u00e9ussir sous toutes conditions, nous luttons sans peur.<\/li>\n<li>Nous orientons le march\u00e9 et la comp\u00e9tition avec nos nouvelles solutions originales.<\/li>\n<\/ul>\n<p><strong>Nous sommes pr\u00eats \u00e0 coop\u00e9rer<\/strong><\/p>\n<ul>\n<li>Nous nous donnons de la valeur, nous sommes conscients de r\u00e9ussir ensemble.<\/li>\n<li>Nous travaillons jusqu\u2019au bout et sommes fiers et contents de r\u00e9ussir le difficile.<\/li>\n<li>Nous avons confiance en nos savoirs et comp\u00e9tences, travaillons en nous supportant.<\/li>\n<\/ul>\n<h3><strong>Notre Vision<\/strong><\/h3>\n<p style=\"text-indent: 20px;\">Devenir la compagnie \u201cla plus pr\u00e9f\u00e9r\u00e9e et appr\u00e9ci\u00e9e dans le secteur o\u00f9 nous travaillons\u201d.<\/p>\n<p><u><\/u><strong>Nous sommes fiables<\/strong><\/p>\n<ul>\n<li>Nous sommes proches de nos clients, nous offrons les solutions les plus appropri\u00e9es \u00e0 leurs besoins.<\/li>\n<li>Nous partageons nos d\u00e9cisions au travers d\u2019une communication transparente.<\/li>\n<li>Nous reconnaissons les diff\u00e9rences et les respectons.<\/li>\n<\/ul>\n<p><strong>Nous sommes pleins de vie<\/strong><\/p>\n<ul>\n<li>Nous commen\u00e7ons chaque jour avec enthousiasme.<\/li>\n<li>Nous avons toujours un esprit jeune et dynamique.<\/li>\n<li>Nous travaillons en prenant plaisir.<\/li>\n<\/ul>\n<p><strong>Nous sommes sinc\u00e8res<\/strong><\/p>\n<ul>\n<li>Nous sommes loin des pr\u00e9jug\u00e9s et gabarit, nous agissons comme nous le sommes.<\/li>\n<li>Nous partageons nos responsabilit\u00e9s avec toute la gaiet\u00e9 et tristesse de la vie, le succ\u00e8s\u00a0 et les difficult\u00e9s.<\/li>\n<li>Nous investissons sur des projets \u00e0 enrichir la soci\u00e9t\u00e9 et g\u00e9n\u00e9ration future.<\/li>\n<\/ul>\n<p>[\/vc_column_text][\/vc_column][\/vc_row][vc_row rt_row_background_width=\u00a0\u00bbfullwidth\u00a0\u00bb rt_row_content_width=\u00a0\u00bbdefault\u00a0\u00bb rt_row_style=\u00a0\u00bbdefault-style\u00a0\u00bb rt_column_placement=\u00a0\u00bbmiddle\u00a0\u00bb rt_row_borders=\u00a0\u00bb\u00a0\u00bb rt_row_paddings=\u00a0\u00bbtrue\u00a0\u00bb rt_bg_effect=\u00a0\u00bbclassic\u00a0\u00bb rt_bg_image_repeat=\u00a0\u00bbrepeat\u00a0\u00bb rt_bg_size=\u00a0\u00bbcover\u00a0\u00bb rt_bg_position=\u00a0\u00bbright top\u00a0\u00bb rt_bg_attachment=\u00a0\u00bbscroll\u00a0\u00bb rt_bg_video_format=\u00a0\u00bbself-hosted\u00a0\u00bb][vc_column width=\u00a0\u00bb1\/12&Prime; rt_wrp_col_paddings=\u00a0\u00bbfalse\u00a0\u00bb rt_border_top=\u00a0\u00bb\u00a0\u00bb rt_border_bottom=\u00a0\u00bb\u00a0\u00bb rt_border_left=\u00a0\u00bb\u00a0\u00bb rt_border_right=\u00a0\u00bbtrue\u00a0\u00bb rt_border_top_mobile=\u00a0\u00bb\u00a0\u00bb rt_border_bottom_mobile=\u00a0\u00bb\u00a0\u00bb rt_border_left_mobile=\u00a0\u00bb\u00a0\u00bb rt_border_right_mobile=\u00a0\u00bb\u00a0\u00bb rt_bg_image_repeat=\u00a0\u00bbrepeat\u00a0\u00bb rt_bg_size=\u00a0\u00bbauto auto\u00a0\u00bb rt_bg_position=\u00a0\u00bbright top\u00a0\u00bb rt_bg_attachment=\u00a0\u00bbscroll\u00a0\u00bb offset=\u00a0\u00bbvc_hidden-xs\u00a0\u00bb][vc_separator style=\u00a0\u00bbstyle-6&Prime; width=\u00a0\u00bb100%\u00a0\u00bb margin_top=\u00a0\u00bb0&Prime; margin_bottom=\u00a0\u00bb0&Prime;][\/vc_column][vc_column width=\u00a0\u00bb2\/3&Prime; rt_wrp_col_paddings=\u00a0\u00bbfalse\u00a0\u00bb rt_border_top=\u00a0\u00bb\u00a0\u00bb rt_border_bottom=\u00a0\u00bb\u00a0\u00bb rt_border_left=\u00a0\u00bb\u00a0\u00bb rt_border_right=\u00a0\u00bb\u00a0\u00bb rt_border_top_mobile=\u00a0\u00bb\u00a0\u00bb rt_border_bottom_mobile=\u00a0\u00bb\u00a0\u00bb rt_border_left_mobile=\u00a0\u00bb\u00a0\u00bb rt_border_right_mobile=\u00a0\u00bb\u00a0\u00bb rt_bg_image_repeat=\u00a0\u00bbrepeat\u00a0\u00bb rt_bg_size=\u00a0\u00bbauto auto\u00a0\u00bb rt_bg_position=\u00a0\u00bbright top\u00a0\u00bb rt_bg_attachment=\u00a0\u00bbscroll\u00a0\u00bb rt_padding_left=\u00a0\u00bb2%\u00a0\u00bb rt_padding_right=\u00a0\u00bb2%\u00a0\u00bb rt_padding_top=\u00a0\u00bb20&Prime; rt_padding_bottom=\u00a0\u00bb20&Prime;]<div class=\"rt_heading_wrapper style-1\">\n\t\t\t\t\t\t<h4 class=\"rt_heading  style-1\" >Nos valeurs<\/h4>\n\t\t\t\t\t<\/div>[vc_images_carousel images=\u00a0\u00bb3461&Prime; img_size=\u00a0\u00bbfull\u00a0\u00bb][vc_column_text]<\/p>\n<ul>\n<li><strong>Fiabilit\u00e9<\/strong><\/li>\n<\/ul>\n<p style=\"text-indent: 20px;\">La r\u00e9alisation d\u2019un processus sans erreur d\u00e9finie auparavant des employ\u00e9s, directeurs, produits et processus est la mesure de succ\u00e8s d\u2019apr\u00e8s le Standard donn\u00e9. Il s\u2019agit de la coh\u00e9rence dans le processus et les r\u00e9sultats et repr\u00e9sente ainsi l\u2019approbation du client gagn\u00e9.<\/p>\n<p style=\"text-indent: 20px;\">Il s\u2019agit de la fiabilit\u00e9 de nos employ\u00e9s et directeurs; la fiabilit\u00e9 de parole et comportement est le comportement conforme \u00e0 la parole. Il s\u2019agit de la fiabilit\u00e9 du syst\u00e8me, des processus; les r\u00e9sultats de meilleure qualit\u00e9 sont donn\u00e9s dans des conditions et environnement les plus sains. Ainsi le gain le plus important atteint est la fiabilit\u00e9 gagn\u00e9e avec la satisfaction client\u00e8le.<\/p>\n<ul>\n<li><strong>Succ\u00e8s Durable<\/strong><\/li>\n<\/ul>\n<p style=\"text-indent: 20px;\">Le succ\u00e8s signifie en fait l\u2019apparence de la performance attendue. De nos jours, le succ\u00e8s ne peut \u00eatre pr\u00e9cieux et permanent que lorsqu\u2019il est durable. Il est possible d\u2019attraper un d\u00e9veloppement continu \u00e0 long terme avec un succ\u00e8s se basant sur les d\u00e9veloppements durables. La gestion de succ\u00e8s est plus difficile que d\u2019atteindre le succ\u00e8s. Pendant que nos employ\u00e9s sont fiers et heureux d\u2019exp\u00e9rimenter le succ\u00e8s, la gestion donne de nouveaux objectifs encore plus \u00e9lev\u00e9s.<\/p>\n<p>Pour se d\u00e9velopper dans tous les domaines, il est n\u00e9cessaire de d\u00e9terminer et de r\u00e9aliser les d\u00e9cisions de d\u00e9veloppement intellectuel, croissance continue et sain dans le cadre de plans consistants. De nouveaux objectifs sont d\u00e9termin\u00e9s pendant que ceux atteints sont pr\u00e9serv\u00e9s. Les nouvelles strat\u00e9gies et objectifs permettent \u00e0 la compagnie de rester dynamique et jeune. Le bon timing est tr\u00e8s important pour donner de nouveaux objectifs. On commence \u00e0 travailler sur de nouvelles strat\u00e9gies lors de la formation du succ\u00e8s; tous les cadres d\u2019une \u00e9quipe concentr\u00e9e \u00e0 l\u2019objectif, les employ\u00e9s sont renforc\u00e9s avec des formations n\u00e9cessaires pour des objectifs sup\u00e9rieurs. Ax\u00e9 sur les r\u00e9sultats; en s\u2019axant sur les r\u00e9sultats, se d\u00e9velopper sans cesse pour pr\u00e9server le succ\u00e8s vis\u00e9 et assurer la continuit\u00e9 \u2026<\/p>\n<ul>\n<li><strong>Perfection<\/strong><\/li>\n<\/ul>\n<p style=\"text-indent: 20px;\">\u201cSi je fais un travail, je dois \u00eatre le meilleur\u201d La perfection est identifi\u00e9e comme entier, sans d\u00e9faut, complet, \u00eatre comp\u00e9tent. Il s\u2019agit du fonctionnement de meilleure qualit\u00e9 de toutes les fonctions de la structure institutionnelle, processus et d\u00e9partements de travail. Les positions attribu\u00e9es dans le cadre de la compagnie, les r\u00f4les, les t\u00e2ches, les comp\u00e9tences n\u00e9cessaires, les formations exig\u00e9es par ces comp\u00e9tences et les d\u00e9finitions sont d\u00e9finis. La coh\u00e9rence de la t\u00e2che avec le processus et l\u2019implication de l\u2019intelligence de la personne dans le processus sont aussi pris en consid\u00e9ration lors de la d\u00e9termination des d\u00e9finitions. Les nouvelles id\u00e9es sont prises en consid\u00e9ration, \u00e9valu\u00e9es, r\u00e9mun\u00e9r\u00e9es et mises en \u0153uvre. Avec notre approche de perfection; il s\u2019agit d\u2019un indicateur important pour mesurer la contribution de valeur ajout\u00e9e \u00e0 ses clients, partenaires, les personnes physiques et morales en relation directe avec la compagnie. Nous accordons une importance \u00e9gale aux parties prenantes en relation directe avec notre compagnie et l\u2019environnement. La perfection n\u2019est pas seulement vis\u00e9e dans les processus de travail et de production mais aussi dans toutes les t\u00e2ches, structure ou organisation.<\/p>\n<ul>\n<li><strong>Esprit d\u2019entreprise<\/strong><\/li>\n<\/ul>\n<p>L\u2019esprit d\u2019entreprise est d\u00e9fini comme la conception, organisation du processus de production comme facteur de production en rassemblant l\u2019effort, le capital et la nature et la prise en charge de tous ces risques. L\u2019approche d\u2019esprit d\u2019entreprise domine la totalit\u00e9 de l\u2019entreprise. Les nouvelles id\u00e9es, opinions sont support\u00e9es, \u00e9valu\u00e9es. La comp\u00e9tence, le courage et la connaissance sont des composants importants dans l\u2019approche d\u2019esprit d\u2019entreprise. Il est aussi important de bien conna\u00eetre les attentes et les demandes des clients dans l\u2019\u00e9valuation de nouveaux domaines. La fiabilit\u00e9 parmi nos valeurs est aussi importante pour l\u2019esprit d\u2019entreprise. La confiance des personnes en soi mais aussi envers la compagnie, les march\u00e9s et les partenaires est aussi importante pour la transformation de l\u2019esprit d\u2019entreprise au succ\u00e8s. Etre ouvert aux nouveaut\u00e9s n\u00e9cessite de produire de nouvelles solutions insolites aux probl\u00e8mes et besoins. La d\u00e9termination \u00e0 temps des opportunit\u00e9s, le bon timing des applications, la prise en charge des risques, perdre des mesures et d\u00e9cisions conformes aux conditions ou \u00eatre passionn\u00e9 pour acc\u00e9l\u00e9rer les processus sont des \u00e9l\u00e9ments permettant d\u2019augmenter le graphique de succ\u00e8s. Les approches pionni\u00e8res qui permettent \u00e0 l\u2019entrepreneur de rester au devant de ses comp\u00e9titeurs, sa comp\u00e9tence de d\u00e9cider d\u2019une mani\u00e8re rapide sont les facteurs importants de comp\u00e9tence.[\/vc_column_text][\/vc_column][\/vc_row]<\/p>","protected":false},"excerpt":{"rendered":"<p>[vc_row rt_row_background_width=\u00a0\u00bbfullwidth\u00a0\u00bb rt_row_content_width=\u00a0\u00bbdefault\u00a0\u00bb rt_row_style=\u00a0\u00bbdefault-style\u00a0\u00bb rt_column_placement=\u00a0\u00bbmiddle\u00a0\u00bb rt_row_borders=\u00a0\u00bb\u00a0\u00bb rt_row_paddings=\u00a0\u00bbtrue\u00a0\u00bb rt_bg_effect=\u00a0\u00bbclassic\u00a0\u00bb rt_bg_image_repeat=\u00a0\u00bbrepeat\u00a0\u00bb rt_bg_size=\u00a0\u00bbcover\u00a0\u00bb rt_bg_position=\u00a0\u00bbright top\u00a0\u00bb rt_bg_attachment=\u00a0\u00bbscroll\u00a0\u00bb rt_bg_video_format=\u00a0\u00bbself-hosted\u00a0\u00bb][vc_column width=\u00a0\u00bb1\/12&Prime; rt_wrp_col_paddings=\u00a0\u00bbfalse\u00a0\u00bb rt_border_top=\u00a0\u00bb\u00a0\u00bb rt_border_bottom=\u00a0\u00bb\u00a0\u00bb rt_border_left=\u00a0\u00bb\u00a0\u00bb rt_border_right=\u00a0\u00bbtrue\u00a0\u00bb rt_border_top_mobile=\u00a0\u00bb\u00a0\u00bb rt_border_bottom_mobile=\u00a0\u00bb\u00a0\u00bb rt_border_left_mobile=\u00a0\u00bb\u00a0\u00bb rt_border_right_mobile=\u00a0\u00bb\u00a0\u00bb rt_bg_image_repeat=\u00a0\u00bbrepeat\u00a0\u00bb rt_bg_size=\u00a0\u00bbauto auto\u00a0\u00bb rt_bg_position=\u00a0\u00bbright top\u00a0\u00bb rt_bg_attachment=\u00a0\u00bbscroll\u00a0\u00bb offset=\u00a0\u00bbvc_hidden-xs\u00a0\u00bb][vc_separator style=\u00a0\u00bbstyle-6&Prime; width=\u00a0\u00bb100%\u00a0\u00bb margin_top=\u00a0\u00bb0&Prime; margin_bottom=\u00a0\u00bb0&Prime;][\/vc_column][vc_column width=\u00a0\u00bb2\/3&Prime; rt_wrp_col_paddings=\u00a0\u00bbfalse\u00a0\u00bb rt_border_top=\u00a0\u00bb\u00a0\u00bb rt_border_bottom=\u00a0\u00bb\u00a0\u00bb rt_border_left=\u00a0\u00bb\u00a0\u00bb rt_border_right=\u00a0\u00bb\u00a0\u00bb rt_border_top_mobile=\u00a0\u00bb\u00a0\u00bb rt_border_bottom_mobile=\u00a0\u00bb\u00a0\u00bb rt_border_left_mobile=\u00a0\u00bb\u00a0\u00bb rt_border_right_mobile=\u00a0\u00bb\u00a0\u00bb rt_bg_image_repeat=\u00a0\u00bbrepeat\u00a0\u00bb rt_bg_size=\u00a0\u00bbauto auto\u00a0\u00bb rt_bg_position=\u00a0\u00bbright top\u00a0\u00bb rt_bg_attachment=\u00a0\u00bbscroll\u00a0\u00bb rt_padding_left=\u00a0\u00bb2%\u00a0\u00bb rt_padding_right=\u00a0\u00bb2%\u00a0\u00bb rt_padding_top=\u00a0\u00bb20&Prime; rt_padding_bottom=\u00a0\u00bb20&Prime;][vc_images_carousel [&hellip;]<\/p>\n","protected":false},"author":2,"featured_media":0,"parent":3000,"menu_order":0,"comment_status":"closed","ping_status":"closed","template":"","meta":{"rs_blank_template":"","rs_page_bg_color":"","slide_template_v7":"","footnotes":""},"class_list":["post-2784","page","type-page","status-publish","hentry"],"_links":{"self":[{"href":"https:\/\/www.alpil.com.tr\/fr\/wp-json\/wp\/v2\/pages\/2784","targetHints":{"allow":["GET"]}}],"collection":[{"href":"https:\/\/www.alpil.com.tr\/fr\/wp-json\/wp\/v2\/pages"}],"about":[{"href":"https:\/\/www.alpil.com.tr\/fr\/wp-json\/wp\/v2\/types\/page"}],"author":[{"embeddable":true,"href":"https:\/\/www.alpil.com.tr\/fr\/wp-json\/wp\/v2\/users\/2"}],"replies":[{"embeddable":true,"href":"https:\/\/www.alpil.com.tr\/fr\/wp-json\/wp\/v2\/comments?post=2784"}],"version-history":[{"count":0,"href":"https:\/\/www.alpil.com.tr\/fr\/wp-json\/wp\/v2\/pages\/2784\/revisions"}],"up":[{"embeddable":true,"href":"https:\/\/www.alpil.com.tr\/fr\/wp-json\/wp\/v2\/pages\/3000"}],"wp:attachment":[{"href":"https:\/\/www.alpil.com.tr\/fr\/wp-json\/wp\/v2\/media?parent=2784"}],"curies":[{"name":"wp","href":"https:\/\/api.w.org\/{rel}","templated":true}]}}