{"id":3298,"date":"2017-01-05T15:19:32","date_gmt":"2017-01-05T13:19:32","guid":{"rendered":"http:\/\/www.alpil.com.tr\/demo\/?page_id=3298"},"modified":"2017-05-06T15:25:42","modified_gmt":"2017-05-06T12:25:42","slug":"is-sagligi-ve-guvenligi-politikamiz","status":"publish","type":"page","link":"https:\/\/www.alpil.com.tr\/fr\/kalite-ve-yonetim-sistemi\/is-sagligi-ve-guvenligi-politikamiz\/","title":{"rendered":"Notre politique de sant\u00e9 et s\u00e9curit\u00e9 au travail"},"content":{"rendered":"<p>[vc_row rt_row_background_width=\u00a0\u00bbdefault\u00a0\u00bb rt_row_style=\u00a0\u00bbdefault-style\u00a0\u00bb rt_row_borders=\u00a0\u00bb\u00a0\u00bb rt_row_paddings=\u00a0\u00bbtrue\u00a0\u00bb rt_bg_effect=\u00a0\u00bbclassic\u00a0\u00bb rt_bg_image_repeat=\u00a0\u00bbrepeat\u00a0\u00bb rt_bg_size=\u00a0\u00bbcover\u00a0\u00bb rt_bg_position=\u00a0\u00bbright top\u00a0\u00bb rt_bg_attachment=\u00a0\u00bbscroll\u00a0\u00bb rt_bg_video_format=\u00a0\u00bbself-hosted\u00a0\u00bb][vc_column rt_wrp_col_paddings=\u00a0\u00bbfalse\u00a0\u00bb rt_border_top=\u00a0\u00bb\u00a0\u00bb rt_border_bottom=\u00a0\u00bb\u00a0\u00bb rt_border_left=\u00a0\u00bb\u00a0\u00bb rt_border_right=\u00a0\u00bb\u00a0\u00bb rt_border_top_mobile=\u00a0\u00bb\u00a0\u00bb rt_border_bottom_mobile=\u00a0\u00bb\u00a0\u00bb rt_border_left_mobile=\u00a0\u00bb\u00a0\u00bb rt_border_right_mobile=\u00a0\u00bb\u00a0\u00bb rt_bg_image_repeat=\u00a0\u00bbrepeat\u00a0\u00bb rt_bg_size=\u00a0\u00bbauto auto\u00a0\u00bb rt_bg_position=\u00a0\u00bbright top\u00a0\u00bb rt_bg_attachment=\u00a0\u00bbscroll\u00a0\u00bb][vc_images_carousel images=\u00a0\u00bb3486&Prime; img_size=\u00a0\u00bbfull\u00a0\u00bb][vc_column_text]<\/p>\n<p style=\"text-indent: 10px;\">Notre politique de sant\u00e9 et s\u00e9curit\u00e9 au travail chez Alpil Al\u00fcminyum repose sur le respect envers l\u2019\u00eatre humain et son environnement. La sant\u00e9 et la s\u00e9curit\u00e9 au travail (HSE) est la premi\u00e8re priorit\u00e9 accord\u00e9e dans tous les d\u00e9partements d\u2019Alpil Al\u00fcminyum et exprime cette compr\u00e9hension avec le slogan \u201cProt\u00e8ge ta sant\u00e9, prot\u00e8ge ton travail\u201d. Chacun est responsable de faire le n\u00e9cessaire dans le cadre de ses fonctions et comp\u00e9tences afin d\u2019assurer un environnement de travail fiable et sans danger. L\u2019un de nos objectifs le plus important est de prot\u00e9ger tous nos employ\u00e9s ainsi que tous les d\u00e9partements de travail contre tous les risques.<\/p>\n<p>En cons\u00e9quence;<\/p>\n<ul>\n<li>Afin d\u2019assurer la sant\u00e9 et la s\u00e9curit\u00e9 de nos employ\u00e9s \u00e0 l\u2019int\u00e9rieur et \u00e0 l\u2019ext\u00e9rieur de l\u2019entreprise, de nos sous-traitants, nos visiteurs, nous nous engageons \u00e0 prendre toutes les pr\u00e9cautions n\u00e9cessaires conformes aux dispositions concernant HSE ainsi que d\u2019autres dispositions relatives, d\u2019assurer la disponibilit\u00e9 et au besoin l\u2019usage des outils et \u00e9quipements de protection personnelle,<\/li>\n<li>De d\u00e9terminer au pr\u00e9alable les situations et comportements dangereux, les risques probables d\u2019accident qui peuvent engendrer des accidents et maladie professionnelle dans le lieu de travail et les appartenances en r\u00e9alisant une \u00e9valuation efficace des risques et par la suite de les \u00e9liminer,<\/li>\n<li>De d\u00e9terminer les risques qui peuvent engendrer les accidents au travail et maladies professionnelles; assurer la sant\u00e9, s\u00e9curit et s\u00e9curit\u00e9 sociale de tous ses employ\u00e9s \u00e0 tous niveaux, ses visiteurs, ses sous-traitants; de diminuer tout type de perte mat\u00e9rielle et morale de ces employ\u00e9s et familles,<\/li>\n<li>De former ses employ\u00e9s concernant la sant\u00e9 et s\u00e9curit\u00e9 au travail et d\u2019assurer une conscience conforme et n\u00e9cessaire sur la sant\u00e9 et s\u00e9curit\u00e9 au travail,<\/li>\n<li>D\u2019assurer que les sous-traitants et visiteurs respectent dans le lieu de travail les r\u00e8gles concernant la sant\u00e9 et s\u00e9curit\u00e9 au travail impos\u00e9es par Alpil Al\u00fcminyum,<\/li>\n<li>De permettre et d\u2019assurer qu\u2019Alpil Al\u00fcminyum devienne, du point de vue desapplications HSE, une compagnie mod\u00e8le au sein des soci\u00e9t\u00e9s li\u00e9es aux chambres d\u2019industrie et associations,<\/li>\n<li>Prenant en consid\u00e9ration le d\u00e9veloppement du monde industriel, d\u2019estimer d\u00e8s aujourd\u2019hui les cas probables \u00e0 rencontrer dans le futur, d\u2019assurer un d\u00e9veloppement continu et de r\u00e9viser l\u2019\u00e9tat pr\u00e9sent,<\/li>\n<li>D\u2019assurer \u00e0 cet effet la continuit\u00e9 du syst\u00e8me de gestion HSE con\u00e7u et install\u00e9.<\/li>\n<\/ul>\n<p>[\/vc_column_text][\/vc_column][\/vc_row]<\/p>","protected":false},"excerpt":{"rendered":"<p>[vc_row rt_row_background_width=\u00a0\u00bbdefault\u00a0\u00bb rt_row_style=\u00a0\u00bbdefault-style\u00a0\u00bb rt_row_borders=\u00a0\u00bb\u00a0\u00bb rt_row_paddings=\u00a0\u00bbtrue\u00a0\u00bb rt_bg_effect=\u00a0\u00bbclassic\u00a0\u00bb rt_bg_image_repeat=\u00a0\u00bbrepeat\u00a0\u00bb rt_bg_size=\u00a0\u00bbcover\u00a0\u00bb rt_bg_position=\u00a0\u00bbright top\u00a0\u00bb rt_bg_attachment=\u00a0\u00bbscroll\u00a0\u00bb rt_bg_video_format=\u00a0\u00bbself-hosted\u00a0\u00bb][vc_column rt_wrp_col_paddings=\u00a0\u00bbfalse\u00a0\u00bb rt_border_top=\u00a0\u00bb\u00a0\u00bb rt_border_bottom=\u00a0\u00bb\u00a0\u00bb rt_border_left=\u00a0\u00bb\u00a0\u00bb rt_border_right=\u00a0\u00bb\u00a0\u00bb rt_border_top_mobile=\u00a0\u00bb\u00a0\u00bb rt_border_bottom_mobile=\u00a0\u00bb\u00a0\u00bb rt_border_left_mobile=\u00a0\u00bb\u00a0\u00bb rt_border_right_mobile=\u00a0\u00bb\u00a0\u00bb rt_bg_image_repeat=\u00a0\u00bbrepeat\u00a0\u00bb rt_bg_size=\u00a0\u00bbauto auto\u00a0\u00bb rt_bg_position=\u00a0\u00bbright top\u00a0\u00bb rt_bg_attachment=\u00a0\u00bbscroll\u00a0\u00bb][vc_images_carousel images=\u00a0\u00bb3486&Prime; img_size=\u00a0\u00bbfull\u00a0\u00bb][vc_column_text] Notre politique de sant\u00e9 et s\u00e9curit\u00e9 au travail chez Alpil Al\u00fcminyum repose sur le respect envers l\u2019\u00eatre humain et son environnement. La sant\u00e9 et la s\u00e9curit\u00e9 [&hellip;]<\/p>\n","protected":false},"author":2,"featured_media":0,"parent":3291,"menu_order":0,"comment_status":"closed","ping_status":"closed","template":"","meta":{"rs_blank_template":"","rs_page_bg_color":"","slide_template_v7":"","footnotes":""},"class_list":["post-3298","page","type-page","status-publish","hentry"],"_links":{"self":[{"href":"https:\/\/www.alpil.com.tr\/fr\/wp-json\/wp\/v2\/pages\/3298","targetHints":{"allow":["GET"]}}],"collection":[{"href":"https:\/\/www.alpil.com.tr\/fr\/wp-json\/wp\/v2\/pages"}],"about":[{"href":"https:\/\/www.alpil.com.tr\/fr\/wp-json\/wp\/v2\/types\/page"}],"author":[{"embeddable":true,"href":"https:\/\/www.alpil.com.tr\/fr\/wp-json\/wp\/v2\/users\/2"}],"replies":[{"embeddable":true,"href":"https:\/\/www.alpil.com.tr\/fr\/wp-json\/wp\/v2\/comments?post=3298"}],"version-history":[{"count":0,"href":"https:\/\/www.alpil.com.tr\/fr\/wp-json\/wp\/v2\/pages\/3298\/revisions"}],"up":[{"embeddable":true,"href":"https:\/\/www.alpil.com.tr\/fr\/wp-json\/wp\/v2\/pages\/3291"}],"wp:attachment":[{"href":"https:\/\/www.alpil.com.tr\/fr\/wp-json\/wp\/v2\/media?parent=3298"}],"curies":[{"name":"wp","href":"https:\/\/api.w.org\/{rel}","templated":true}]}}