{"id":3304,"date":"2017-01-05T15:27:51","date_gmt":"2017-01-05T13:27:51","guid":{"rendered":"http:\/\/www.alpil.com.tr\/demo\/?page_id=3304"},"modified":"2017-05-06T15:41:33","modified_gmt":"2017-05-06T12:41:33","slug":"ik-politikasi","status":"publish","type":"page","link":"https:\/\/www.alpil.com.tr\/fr\/kurumsal\/insan-kaynaklari\/ik-politikasi\/","title":{"rendered":"Politique de RH"},"content":{"rendered":"<p>[vc_row rt_row_background_width=\u00a0\u00bbdefault\u00a0\u00bb rt_row_style=\u00a0\u00bbdefault-style\u00a0\u00bb rt_row_borders=\u00a0\u00bb\u00a0\u00bb rt_row_paddings=\u00a0\u00bbtrue\u00a0\u00bb rt_bg_effect=\u00a0\u00bbclassic\u00a0\u00bb rt_bg_image_repeat=\u00a0\u00bbrepeat\u00a0\u00bb rt_bg_size=\u00a0\u00bbcover\u00a0\u00bb rt_bg_position=\u00a0\u00bbright top\u00a0\u00bb rt_bg_attachment=\u00a0\u00bbscroll\u00a0\u00bb rt_bg_video_format=\u00a0\u00bbself-hosted\u00a0\u00bb][vc_column rt_wrp_col_paddings=\u00a0\u00bbfalse\u00a0\u00bb rt_border_top=\u00a0\u00bb\u00a0\u00bb rt_border_bottom=\u00a0\u00bb\u00a0\u00bb rt_border_left=\u00a0\u00bb\u00a0\u00bb rt_border_right=\u00a0\u00bb\u00a0\u00bb rt_border_top_mobile=\u00a0\u00bb\u00a0\u00bb rt_border_bottom_mobile=\u00a0\u00bb\u00a0\u00bb rt_border_left_mobile=\u00a0\u00bb\u00a0\u00bb rt_border_right_mobile=\u00a0\u00bb\u00a0\u00bb rt_bg_image_repeat=\u00a0\u00bbrepeat\u00a0\u00bb rt_bg_size=\u00a0\u00bbauto auto\u00a0\u00bb rt_bg_position=\u00a0\u00bbright top\u00a0\u00bb rt_bg_attachment=\u00a0\u00bbscroll\u00a0\u00bb][vc_images_carousel images=\u00a0\u00bb3491&Prime; img_size=\u00a0\u00bbfull\u00a0\u00bb][vc_column_text]<\/p>\n<ul>\n<li>Prot\u00e9ger et d\u00e9velopper la conscience et la culture institutionnelle de l\u2019entreprise Alpil.<\/li>\n<li>Travailler au sein de l\u2019entreprise Alpil implique la formation d\u2019un environnement de travail de long terme, fond\u00e9 sur des fondations solides et permanentes, conforme \u00e0 la vision de l\u2019entreprise dans le cadre du processus professionnel mais avec un esprit amateur et conscience de faire parti de la famille Alpil.<\/li>\n<li>Assurer la prolif\u00e9ration de la priorit\u00e9 des valeurs et ressources humaines au sein de la culture de l\u2019entreprise, mieux comprendre la ressource humaine, assurer et augmenter l\u2019efficacit\u00e9 du d\u00e9veloppement personnel.<\/li>\n<\/ul>\n<h3><strong><u>\u201cNotre richesse la plus pr\u00e9cieuse, nos employ\u00e9s.\u201d<\/u><\/strong><\/h3>\n<p style=\"text-indent: 20px;\">Strat\u00e9gie de Ressources Humaines d\u2019Alpil qui tente de d\u00e9finir dans la terminologie la notion de \u201cValeur Humaine\u201d au lieu de ressource humaine\u00a0;<br \/>\nFormer une main d\u2019\u0153uvre form\u00e9e et plus motiv\u00e9e et heureuse, ax\u00e9e sur les strat\u00e9gies et objectif de croissement de l\u2019entreprise, travaillant en \u00e9quipe, participant \u00e0 la gestion des processus, ouvert au changement et au monde, en d\u00e9veloppement constant, prenant sa place au succ\u00e8s.<\/p>\n<p>Pour cela\u00a0;<\/p>\n<ul>\n<li>Formation des \u00e9quipes de mani\u00e8re \u00e0 contribuer \u00e0 la croissance de la compagnie et d\u00e9veloppement de la vision,<\/li>\n<li>Assurer que tous les employ\u00e9s agissent et respectent la culture de la compagnie dans le cadre des principes d\u2019\u00e9thique g\u00e9n\u00e9ralement accept\u00e9s sur le plan international et les lois relatives,<\/li>\n<li>Assurer le d\u00e9veloppement en \u00e9tablissant des plans de d\u00e9veloppement de gestion, individuel et professionnel de mani\u00e8re \u00e0 augmenter les connaissances et comp\u00e9tences techniques des employ\u00e9s en fonction de leur fonction impliqu\u00e9e dans leur position et valeur de la compagnie,<\/li>\n<li>Assurer un environnement de travail impliquant une communication claire et nette bas\u00e9e sur la confiance et l\u2019adopter \u00e0 la culture de la compagnie,<\/li>\n<li>Effectuer les op\u00e9rations n\u00e9cessaires afin d\u2019augmenter la motivation des employ\u00e9s,<\/li>\n<li>Inciter le travail d\u2019\u00e9quipe, formation des \u00e9quipes de forte concentration de mani\u00e8re \u00e0 utiliser le temps efficacement,<\/li>\n<li>Assurer que la conscience de qualit\u00e9 soit incorpor\u00e9e par tous les employ\u00e9s dans toutes les \u00e9tapes du travail.<\/li>\n<\/ul>\n<p>[\/vc_column_text][\/vc_column][\/vc_row]<\/p>","protected":false},"excerpt":{"rendered":"<p>[vc_row rt_row_background_width=\u00a0\u00bbdefault\u00a0\u00bb rt_row_style=\u00a0\u00bbdefault-style\u00a0\u00bb rt_row_borders=\u00a0\u00bb\u00a0\u00bb rt_row_paddings=\u00a0\u00bbtrue\u00a0\u00bb rt_bg_effect=\u00a0\u00bbclassic\u00a0\u00bb rt_bg_image_repeat=\u00a0\u00bbrepeat\u00a0\u00bb rt_bg_size=\u00a0\u00bbcover\u00a0\u00bb rt_bg_position=\u00a0\u00bbright top\u00a0\u00bb rt_bg_attachment=\u00a0\u00bbscroll\u00a0\u00bb rt_bg_video_format=\u00a0\u00bbself-hosted\u00a0\u00bb][vc_column rt_wrp_col_paddings=\u00a0\u00bbfalse\u00a0\u00bb rt_border_top=\u00a0\u00bb\u00a0\u00bb rt_border_bottom=\u00a0\u00bb\u00a0\u00bb rt_border_left=\u00a0\u00bb\u00a0\u00bb rt_border_right=\u00a0\u00bb\u00a0\u00bb rt_border_top_mobile=\u00a0\u00bb\u00a0\u00bb rt_border_bottom_mobile=\u00a0\u00bb\u00a0\u00bb rt_border_left_mobile=\u00a0\u00bb\u00a0\u00bb rt_border_right_mobile=\u00a0\u00bb\u00a0\u00bb rt_bg_image_repeat=\u00a0\u00bbrepeat\u00a0\u00bb rt_bg_size=\u00a0\u00bbauto auto\u00a0\u00bb rt_bg_position=\u00a0\u00bbright top\u00a0\u00bb rt_bg_attachment=\u00a0\u00bbscroll\u00a0\u00bb][vc_images_carousel images=\u00a0\u00bb3491&Prime; img_size=\u00a0\u00bbfull\u00a0\u00bb][vc_column_text] Prot\u00e9ger et d\u00e9velopper la conscience et la culture institutionnelle de l\u2019entreprise Alpil. Travailler au sein de l\u2019entreprise Alpil implique la formation d\u2019un environnement de travail de [&hellip;]<\/p>\n","protected":false},"author":2,"featured_media":0,"parent":3301,"menu_order":0,"comment_status":"closed","ping_status":"closed","template":"","meta":{"rs_blank_template":"","rs_page_bg_color":"","slide_template_v7":"","footnotes":""},"class_list":["post-3304","page","type-page","status-publish","hentry"],"_links":{"self":[{"href":"https:\/\/www.alpil.com.tr\/fr\/wp-json\/wp\/v2\/pages\/3304","targetHints":{"allow":["GET"]}}],"collection":[{"href":"https:\/\/www.alpil.com.tr\/fr\/wp-json\/wp\/v2\/pages"}],"about":[{"href":"https:\/\/www.alpil.com.tr\/fr\/wp-json\/wp\/v2\/types\/page"}],"author":[{"embeddable":true,"href":"https:\/\/www.alpil.com.tr\/fr\/wp-json\/wp\/v2\/users\/2"}],"replies":[{"embeddable":true,"href":"https:\/\/www.alpil.com.tr\/fr\/wp-json\/wp\/v2\/comments?post=3304"}],"version-history":[{"count":0,"href":"https:\/\/www.alpil.com.tr\/fr\/wp-json\/wp\/v2\/pages\/3304\/revisions"}],"up":[{"embeddable":true,"href":"https:\/\/www.alpil.com.tr\/fr\/wp-json\/wp\/v2\/pages\/3301"}],"wp:attachment":[{"href":"https:\/\/www.alpil.com.tr\/fr\/wp-json\/wp\/v2\/media?parent=3304"}],"curies":[{"name":"wp","href":"https:\/\/api.w.org\/{rel}","templated":true}]}}