{"id":3314,"date":"2017-01-05T17:11:40","date_gmt":"2017-01-05T15:11:40","guid":{"rendered":"http:\/\/www.alpil.com.tr\/demo\/?page_id=3314"},"modified":"2018-03-02T09:56:58","modified_gmt":"2018-03-02T06:56:58","slug":"aluminyum-kompozit-panel","status":"publish","type":"page","link":"https:\/\/www.alpil.com.tr\/fr\/urunler\/aluminyum-kompozit-panel\/","title":{"rendered":"Panneau Composite Aluminium"},"content":{"rendered":"<p>[vc_row rt_row_background_width=\u00a0\u00bbdefault\u00a0\u00bb rt_row_style=\u00a0\u00bbdefault-style\u00a0\u00bb rt_row_borders=\u00a0\u00bb\u00a0\u00bb rt_row_paddings=\u00a0\u00bbtrue\u00a0\u00bb rt_bg_effect=\u00a0\u00bbclassic\u00a0\u00bb rt_bg_image_repeat=\u00a0\u00bbrepeat\u00a0\u00bb rt_bg_size=\u00a0\u00bbcover\u00a0\u00bb rt_bg_position=\u00a0\u00bbright top\u00a0\u00bb rt_bg_attachment=\u00a0\u00bbscroll\u00a0\u00bb rt_bg_video_format=\u00a0\u00bbself-hosted\u00a0\u00bb][vc_column rt_wrp_col_paddings=\u00a0\u00bbfalse\u00a0\u00bb rt_border_top=\u00a0\u00bb\u00a0\u00bb rt_border_bottom=\u00a0\u00bb\u00a0\u00bb rt_border_left=\u00a0\u00bb\u00a0\u00bb rt_border_right=\u00a0\u00bb\u00a0\u00bb rt_border_top_mobile=\u00a0\u00bb\u00a0\u00bb rt_border_bottom_mobile=\u00a0\u00bb\u00a0\u00bb rt_border_left_mobile=\u00a0\u00bb\u00a0\u00bb rt_border_right_mobile=\u00a0\u00bb\u00a0\u00bb rt_bg_image_repeat=\u00a0\u00bbrepeat\u00a0\u00bb rt_bg_size=\u00a0\u00bbauto auto\u00a0\u00bb rt_bg_position=\u00a0\u00bbright top\u00a0\u00bb rt_bg_attachment=\u00a0\u00bbscroll\u00a0\u00bb][vc_images_carousel images=\u00a0\u00bb3496&Prime; img_size=\u00a0\u00bbfull\u00a0\u00bb][vc_column_text]<strong>Al\u00fcminyum Kompozit Panel Nedir?<\/strong><\/p>\n<p style=\"text-indent: 20px;\">\u0130ki al\u00fcminyum levha aras\u0131na yerle\u015ftirilmi\u015f polietilen tabakadan olu\u015fan al\u00fcminyum kompozit paneller, g\u00fcn\u00fcm\u00fczde bina cephe giydirme sistemlerinden, reklam, tan\u0131t\u0131m ve dekoratif ama\u00e7l\u0131 uygulamalara dek geni\u015f bir yelpazede kullan\u0131m alan\u0131 bulmakta ve g\u00fcn ge\u00e7tik\u00e7e giderek artan bir e\u011filimle yayg\u0131nla\u015fmaya devam etmi\u015ftir.<\/p>\n<p style=\"text-indent: 20px;\">Al\u00fcminyum Kompozit Paneller ileri teknoloji ile \u00fcretilmi\u015f olup, modern mimaride rahatl\u0131kla kullan\u0131lan ve s\u0131kl\u0131kla tercih edilen bir yap\u0131 eleman\u0131d\u0131r. Her t\u00fcrl\u00fc bina ve konstr\u00fcksiyonda yeni bir g\u00f6r\u00fcn\u00fcm ve modern \u00e7izgiler \u00fcretilmesine yard\u0131mc\u0131 olur. Binalar\u0131n i\u00e7 ve d\u0131\u015f y\u00fczeylerinde kullan\u0131labilirli\u011fi al\u00fcminyum kompozit panelleri tercih edilen bir yap\u0131 malzemesi haline getirmi\u015ftir.<\/p>\n<p style=\"text-indent: 20px;\">\u00c7al\u0131\u015fma \u0131s\u0131s\u0131 -50 Oc \/ +80 Oc \/ 100 derecelik \u0131s\u0131 fark\u0131nda genle\u015fme 2,3 mm\/m&rsquo;dir. Al\u00fcminyum Kompozit Panel, her iki y\u00fczeyi \u00e7e\u015fitli kal\u0131nl\u0131klarda (\u00f6rne\u011fin 0,50 mm, 0,30 mm, 0,25 mm) al\u00fcminyum aras\u0131 non-toxic (\u00e7evre dostu) polietilenden olu\u015fan, d\u0131\u015f y\u00fczeyi de\u011fi\u015fik renkler ile kaplanabilen, ta\u015f\u0131ma, depolama ve uygulama a\u015famas\u0131nda renkli y\u00fczeyin zarar g\u00f6rmemesi i\u00e7in plastik film kapl\u0131 olan ve modern mimari yap\u0131larda s\u0131k\u00e7a tercih edilen bir kaplama malzemesidir.<\/p>\n<p style=\"text-indent: 20px;\">Binalar\u0131n kaplanmas\u0131nda ta\u015f veya beton gibi malzemeler yerine Al\u00fcminyum Kompozit Panelleri\u2019nin kullan\u0131lmas\u0131 binalara s\u0131cak ve modern g\u00f6r\u00fcn\u00fcmler kazand\u0131r\u0131yor. Bu sayede yepyeni ve temiz bir cepheye sahip olan binalar hem prestij kazan\u0131yor, hem de bu binalar\u0131n de\u011ferleri art\u0131yor. Eski binalar da Al\u00fcminyum Kompozit Paneller ile kaplanarak yeni ve modern bir g\u00f6r\u00fcn\u00fcme sahip oluyor.<\/p>\n<h4>Al\u00fcminyum Kompozit Paneller<\/h4>\n<p>* Son derece dayan\u0131kl\u0131 ve uzun \u00f6m\u00fcrl\u00fc,<br \/>\n* Di\u011fer cephe kaplama malzemelerine oranla daha hafif,<br \/>\n* D\u00fczg\u00fcn y\u00fczeyli, darbelere ve k\u0131r\u0131lmaya kar\u015f\u0131 dayan\u0131kl\u0131,<br \/>\n* \u0130\u015flenmesi kolay,<br \/>\n* Bak\u0131m ve temizli\u011fi kolay,<br \/>\n* Geni\u015f renk se\u00e7ene\u011fine sahip,<br \/>\n* Titre\u015fim emme \u00f6zelli\u011fine sahip ve korozyona kar\u015f\u0131 dayan\u0131kl\u0131.[\/vc_column_text][\/vc_column][\/vc_row]<\/p>","protected":false},"excerpt":{"rendered":"<p>[vc_row rt_row_background_width=\u00a0\u00bbdefault\u00a0\u00bb rt_row_style=\u00a0\u00bbdefault-style\u00a0\u00bb rt_row_borders=\u00a0\u00bb\u00a0\u00bb rt_row_paddings=\u00a0\u00bbtrue\u00a0\u00bb rt_bg_effect=\u00a0\u00bbclassic\u00a0\u00bb rt_bg_image_repeat=\u00a0\u00bbrepeat\u00a0\u00bb rt_bg_size=\u00a0\u00bbcover\u00a0\u00bb rt_bg_position=\u00a0\u00bbright top\u00a0\u00bb rt_bg_attachment=\u00a0\u00bbscroll\u00a0\u00bb rt_bg_video_format=\u00a0\u00bbself-hosted\u00a0\u00bb][vc_column rt_wrp_col_paddings=\u00a0\u00bbfalse\u00a0\u00bb rt_border_top=\u00a0\u00bb\u00a0\u00bb rt_border_bottom=\u00a0\u00bb\u00a0\u00bb rt_border_left=\u00a0\u00bb\u00a0\u00bb rt_border_right=\u00a0\u00bb\u00a0\u00bb rt_border_top_mobile=\u00a0\u00bb\u00a0\u00bb rt_border_bottom_mobile=\u00a0\u00bb\u00a0\u00bb rt_border_left_mobile=\u00a0\u00bb\u00a0\u00bb rt_border_right_mobile=\u00a0\u00bb\u00a0\u00bb rt_bg_image_repeat=\u00a0\u00bbrepeat\u00a0\u00bb rt_bg_size=\u00a0\u00bbauto auto\u00a0\u00bb rt_bg_position=\u00a0\u00bbright top\u00a0\u00bb rt_bg_attachment=\u00a0\u00bbscroll\u00a0\u00bb][vc_images_carousel images=\u00a0\u00bb3496&Prime; img_size=\u00a0\u00bbfull\u00a0\u00bb][vc_column_text]Al\u00fcminyum Kompozit Panel Nedir? \u0130ki al\u00fcminyum levha aras\u0131na yerle\u015ftirilmi\u015f polietilen tabakadan olu\u015fan al\u00fcminyum kompozit paneller, g\u00fcn\u00fcm\u00fczde bina cephe giydirme sistemlerinden, reklam, tan\u0131t\u0131m ve dekoratif ama\u00e7l\u0131 uygulamalara dek [&hellip;]<\/p>\n","protected":false},"author":2,"featured_media":0,"parent":3312,"menu_order":0,"comment_status":"closed","ping_status":"closed","template":"","meta":{"rs_blank_template":"","rs_page_bg_color":"","slide_template_v7":"","footnotes":""},"class_list":["post-3314","page","type-page","status-publish","hentry"],"_links":{"self":[{"href":"https:\/\/www.alpil.com.tr\/fr\/wp-json\/wp\/v2\/pages\/3314","targetHints":{"allow":["GET"]}}],"collection":[{"href":"https:\/\/www.alpil.com.tr\/fr\/wp-json\/wp\/v2\/pages"}],"about":[{"href":"https:\/\/www.alpil.com.tr\/fr\/wp-json\/wp\/v2\/types\/page"}],"author":[{"embeddable":true,"href":"https:\/\/www.alpil.com.tr\/fr\/wp-json\/wp\/v2\/users\/2"}],"replies":[{"embeddable":true,"href":"https:\/\/www.alpil.com.tr\/fr\/wp-json\/wp\/v2\/comments?post=3314"}],"version-history":[{"count":0,"href":"https:\/\/www.alpil.com.tr\/fr\/wp-json\/wp\/v2\/pages\/3314\/revisions"}],"up":[{"embeddable":true,"href":"https:\/\/www.alpil.com.tr\/fr\/wp-json\/wp\/v2\/pages\/3312"}],"wp:attachment":[{"href":"https:\/\/www.alpil.com.tr\/fr\/wp-json\/wp\/v2\/media?parent=3314"}],"curies":[{"name":"wp","href":"https:\/\/api.w.org\/{rel}","templated":true}]}}