{"id":3334,"date":"2017-01-05T17:28:47","date_gmt":"2017-01-05T15:28:47","guid":{"rendered":"http:\/\/www.alpil.com.tr\/demo\/?page_id=3334"},"modified":"2017-05-06T16:13:38","modified_gmt":"2017-05-06T13:13:38","slug":"polipropilen-pp","status":"publish","type":"page","link":"https:\/\/www.alpil.com.tr\/fr\/urunler\/plastik\/polipropilen-pp\/","title":{"rendered":"Polypropyl\u00e8ne (PP)"},"content":{"rendered":"<p>[vc_row rt_row_background_width=\u00a0\u00bbdefault\u00a0\u00bb rt_row_style=\u00a0\u00bbdefault-style\u00a0\u00bb rt_row_borders=\u00a0\u00bb\u00a0\u00bb rt_row_paddings=\u00a0\u00bbtrue\u00a0\u00bb rt_bg_effect=\u00a0\u00bbclassic\u00a0\u00bb rt_bg_image_repeat=\u00a0\u00bbrepeat\u00a0\u00bb rt_bg_size=\u00a0\u00bbcover\u00a0\u00bb rt_bg_position=\u00a0\u00bbright top\u00a0\u00bb rt_bg_attachment=\u00a0\u00bbscroll\u00a0\u00bb rt_bg_video_format=\u00a0\u00bbself-hosted\u00a0\u00bb][vc_column rt_wrp_col_paddings=\u00a0\u00bbfalse\u00a0\u00bb rt_border_top=\u00a0\u00bb\u00a0\u00bb rt_border_bottom=\u00a0\u00bb\u00a0\u00bb rt_border_left=\u00a0\u00bb\u00a0\u00bb rt_border_right=\u00a0\u00bb\u00a0\u00bb rt_border_top_mobile=\u00a0\u00bb\u00a0\u00bb rt_border_bottom_mobile=\u00a0\u00bb\u00a0\u00bb rt_border_left_mobile=\u00a0\u00bb\u00a0\u00bb rt_border_right_mobile=\u00a0\u00bb\u00a0\u00bb rt_bg_image_repeat=\u00a0\u00bbrepeat\u00a0\u00bb rt_bg_size=\u00a0\u00bbauto auto\u00a0\u00bb rt_bg_position=\u00a0\u00bbright top\u00a0\u00bb rt_bg_attachment=\u00a0\u00bbscroll\u00a0\u00bb][vc_images_carousel images=\u00a0\u00bb3504&Prime; img_size=\u00a0\u00bbfull\u00a0\u00bb][vc_column_text]Il s\u2019agit d\u2019un polym\u00e8re thermoplastique utilis\u00e9 largement dans un champ d\u2019application tr\u00e8s vaste allant du secteur automobile, au textile et\u00a0 secteur d\u2019emballage. Le polypropyl\u00e8ne obtenu par la transformation du monom\u00e8re propyl\u00e8ne en polym\u00e8re est tr\u00e8s r\u00e9sistant contre les solvants chimiques (acide et bases). PP est un polym\u00e8re \u00e9conomique, semi-rigide, transparent et facilement fa\u00e7onnable produit de la polym\u00e9risation de propyl\u00e8ne. Le propyl\u00e8ne qui est un monom\u00e8re provient du p\u00e9trole. Il est possible de pr\u00e9parer le PP ayant des caract\u00e9ristiques diff\u00e9rentes telles qu\u2019atactique, isotactique et syndiotactique. La temp\u00e9rature de transfert vitreux du PP isotactique est aux alentours de -10\u00b0C et la temp\u00e9rature de\u00a0 fusion de 160\u00b0C. Vu que le point de fusion est faible, il est possible de l\u2019utiliser dans des temp\u00e9ratures faibles dans l\u2019intervalle de 90-110\u00b0C. Il peut r\u00e9sister jusqu\u2019\u00e0 la temp\u00e9rature de 140\u2070C sans sur-chargement. Il s\u2019agit du thermoplastique le plus l\u00e9ger avec un taux de cristal allant de 60 \u00e0 70% et une valeur de concentration de 0,90 \u00e0 92 g\/cm\u00b3. La r\u00e9sistance chimique du PP est bonne. Lasurface apparente a une bonne r\u00e9sistance contre les rayons, les mat\u00e9riaux faits \u00e0 base de PP se d\u00e9gradent avec les rayons UV. L\u2019oxydation du polym\u00e8re augmente avec la temp\u00e9rature, le noir de carbone ajout\u00e9 afin d\u2019emp\u00eacher l\u2019oxydation acc\u00e9l\u00e8re le vieillissement thermique du polym\u00e8re. Il est influenc\u00e9 par le chlore, l\u2019acide nitrique et les autres oxydants puissants. Il est inflammable mais br\u00fble lentement. Il est non toxique. Il a une bonne r\u00e9sistance thermique en cas de modification correcte. \u2018\u2019Chrom\u00e9\u2019\u2019, il est utilis\u00e9 en l\u2019extrudant et moulage par extrusion et soufflage. Certaines caract\u00e9ristiques importantes sont donn\u00e9es ci-dessous.<\/p>\n<p><strong>TYPES DE PP<\/strong><br \/>\nIl y a trois types de PP.<br \/>\n1. Polypropyl\u00e8ne homopolym\u00e8re,<br \/>\n2. Polypropyl\u00e8ne block copolym\u00e8re,<br \/>\n3. Polypropyl\u00e8ne copolym\u00e8re par hasard, la caract\u00e9ristique la plus importante qui distingue PP des autres est son utilisation dans les installations, plus particuli\u00e8rement l\u2019utilisation des installations d\u2019eau chaude.<\/p>\n<p><strong>CARACTERISTIQUES<\/strong><\/p>\n<ul>\n<li>Densit\u00e9: 0,91<\/li>\n<li>Force de traction: 30-40 MPa<\/li>\n<li>Module d\u2019\u00e9lasticit\u00e9: 1400-1600 MPa<\/li>\n<li>R\u00e9sistance au choc: 5-10 kj\/m\u00b2<\/li>\n<li>Temp\u00e9rature de d\u00e9formation: 110 \u00baC<\/li>\n<li>Temp\u00e9rature d\u2019adoucissement Vicat: 155 \u00baC<\/li>\n<\/ul>\n<p><strong>AVANTAGES<\/strong><\/p>\n<ul>\n<li>Vaste range de caract\u00e9ristique m\u00e9canique<\/li>\n<li>R\u00e9sistance chimique<\/li>\n<li>R\u00e9sistance \u00e9lectrique<\/li>\n<li>R\u00e9sistance contre la fatigue<\/li>\n<li>Retardant de flamme<\/li>\n<li>Taux de rapport de prix<\/li>\n<\/ul>\n<p><strong>CHAMP D\u2019APLICATION<\/strong><\/p>\n<ul>\n<li>Mobilier de jardin<\/li>\n<li>Corps d\u2019appareils m\u00e9nagers<\/li>\n<li>Fan du ventilateur<\/li>\n<li>Compartiment de d\u00e9tergent<\/li>\n<li>Tambour de la machine \u00e0 laver<\/li>\n<li>Appareils \u00e9lectriques<\/li>\n<li>Valise<\/li>\n<li>Malle<\/li>\n<li>Sac<\/li>\n<li>Tubes de cr\u00e8me \u00e0 raser<\/li>\n<li>Outils st\u00e9riles de sant\u00e9<\/li>\n<li>Echelle en plastique<\/li>\n<li>Filtre d\u2019air<\/li>\n<li>R\u00e9cipients en plastique<\/li>\n<li>Bouteilles<\/li>\n<li>Panneaux indicateurs<\/li>\n<li>Pare-soleil<\/li>\n<li>Tubes d\u2019essai<\/li>\n<li>R\u00e9cipients de transport<\/li>\n<li>R\u00e9cipients de stockage<\/li>\n<li>Caisse<\/li>\n<li>Bande<\/li>\n<li>Emballage transparent<\/li>\n<li>Thermos<\/li>\n<\/ul>\n<p><strong>PROCESSUS D\u2019USINAGE PP <\/strong><\/p>\n<ul>\n<li>PP peut \u00eatre fa\u00e7onn\u00e9 avec les m\u00e9thodes d\u2019usinage connues pour le thermoplastique.<\/li>\n<li>Les valeurs de temp\u00e9rature conseill\u00e9es pour l\u2019usinage lors de l\u2019injection: entre 180 et 260\u00b0C.<\/li>\n<\/ul>\n<p>[\/vc_column_text][\/vc_column][\/vc_row]<\/p>","protected":false},"excerpt":{"rendered":"<p>[vc_row rt_row_background_width=\u00a0\u00bbdefault\u00a0\u00bb rt_row_style=\u00a0\u00bbdefault-style\u00a0\u00bb rt_row_borders=\u00a0\u00bb\u00a0\u00bb rt_row_paddings=\u00a0\u00bbtrue\u00a0\u00bb rt_bg_effect=\u00a0\u00bbclassic\u00a0\u00bb rt_bg_image_repeat=\u00a0\u00bbrepeat\u00a0\u00bb rt_bg_size=\u00a0\u00bbcover\u00a0\u00bb rt_bg_position=\u00a0\u00bbright top\u00a0\u00bb rt_bg_attachment=\u00a0\u00bbscroll\u00a0\u00bb rt_bg_video_format=\u00a0\u00bbself-hosted\u00a0\u00bb][vc_column rt_wrp_col_paddings=\u00a0\u00bbfalse\u00a0\u00bb rt_border_top=\u00a0\u00bb\u00a0\u00bb rt_border_bottom=\u00a0\u00bb\u00a0\u00bb rt_border_left=\u00a0\u00bb\u00a0\u00bb rt_border_right=\u00a0\u00bb\u00a0\u00bb rt_border_top_mobile=\u00a0\u00bb\u00a0\u00bb rt_border_bottom_mobile=\u00a0\u00bb\u00a0\u00bb rt_border_left_mobile=\u00a0\u00bb\u00a0\u00bb rt_border_right_mobile=\u00a0\u00bb\u00a0\u00bb rt_bg_image_repeat=\u00a0\u00bbrepeat\u00a0\u00bb rt_bg_size=\u00a0\u00bbauto auto\u00a0\u00bb rt_bg_position=\u00a0\u00bbright top\u00a0\u00bb rt_bg_attachment=\u00a0\u00bbscroll\u00a0\u00bb][vc_images_carousel images=\u00a0\u00bb3504&Prime; img_size=\u00a0\u00bbfull\u00a0\u00bb][vc_column_text]Il s\u2019agit d\u2019un polym\u00e8re thermoplastique utilis\u00e9 largement dans un champ d\u2019application tr\u00e8s vaste allant du secteur automobile, au textile et\u00a0 secteur d\u2019emballage. Le polypropyl\u00e8ne obtenu par la [&hellip;]<\/p>\n","protected":false},"author":2,"featured_media":0,"parent":3326,"menu_order":0,"comment_status":"closed","ping_status":"closed","template":"","meta":{"rs_blank_template":"","rs_page_bg_color":"","slide_template_v7":"","footnotes":""},"class_list":["post-3334","page","type-page","status-publish","hentry"],"_links":{"self":[{"href":"https:\/\/www.alpil.com.tr\/fr\/wp-json\/wp\/v2\/pages\/3334","targetHints":{"allow":["GET"]}}],"collection":[{"href":"https:\/\/www.alpil.com.tr\/fr\/wp-json\/wp\/v2\/pages"}],"about":[{"href":"https:\/\/www.alpil.com.tr\/fr\/wp-json\/wp\/v2\/types\/page"}],"author":[{"embeddable":true,"href":"https:\/\/www.alpil.com.tr\/fr\/wp-json\/wp\/v2\/users\/2"}],"replies":[{"embeddable":true,"href":"https:\/\/www.alpil.com.tr\/fr\/wp-json\/wp\/v2\/comments?post=3334"}],"version-history":[{"count":0,"href":"https:\/\/www.alpil.com.tr\/fr\/wp-json\/wp\/v2\/pages\/3334\/revisions"}],"up":[{"embeddable":true,"href":"https:\/\/www.alpil.com.tr\/fr\/wp-json\/wp\/v2\/pages\/3326"}],"wp:attachment":[{"href":"https:\/\/www.alpil.com.tr\/fr\/wp-json\/wp\/v2\/media?parent=3334"}],"curies":[{"name":"wp","href":"https:\/\/api.w.org\/{rel}","templated":true}]}}