{"id":3337,"date":"2017-01-05T17:30:15","date_gmt":"2017-01-05T15:30:15","guid":{"rendered":"http:\/\/www.alpil.com.tr\/demo\/?page_id=3337"},"modified":"2017-05-06T16:18:37","modified_gmt":"2017-05-06T13:18:37","slug":"ldpe-alcak-yogunluklu-pe","status":"publish","type":"page","link":"https:\/\/www.alpil.com.tr\/fr\/urunler\/plastik\/ldpe-alcak-yogunluklu-pe\/","title":{"rendered":"LDPE (PE de faible concentration)"},"content":{"rendered":"<p>[vc_row rt_row_background_width=\u00a0\u00bbdefault\u00a0\u00bb rt_row_style=\u00a0\u00bbdefault-style\u00a0\u00bb rt_row_borders=\u00a0\u00bb\u00a0\u00bb rt_row_paddings=\u00a0\u00bbtrue\u00a0\u00bb rt_bg_effect=\u00a0\u00bbclassic\u00a0\u00bb rt_bg_image_repeat=\u00a0\u00bbrepeat\u00a0\u00bb rt_bg_size=\u00a0\u00bbcover\u00a0\u00bb rt_bg_position=\u00a0\u00bbright top\u00a0\u00bb rt_bg_attachment=\u00a0\u00bbscroll\u00a0\u00bb rt_bg_video_format=\u00a0\u00bbself-hosted\u00a0\u00bb][vc_column rt_wrp_col_paddings=\u00a0\u00bbfalse\u00a0\u00bb rt_border_top=\u00a0\u00bb\u00a0\u00bb rt_border_bottom=\u00a0\u00bb\u00a0\u00bb rt_border_left=\u00a0\u00bb\u00a0\u00bb rt_border_right=\u00a0\u00bb\u00a0\u00bb rt_border_top_mobile=\u00a0\u00bb\u00a0\u00bb rt_border_bottom_mobile=\u00a0\u00bb\u00a0\u00bb rt_border_left_mobile=\u00a0\u00bb\u00a0\u00bb rt_border_right_mobile=\u00a0\u00bb\u00a0\u00bb rt_bg_image_repeat=\u00a0\u00bbrepeat\u00a0\u00bb rt_bg_size=\u00a0\u00bbauto auto\u00a0\u00bb rt_bg_position=\u00a0\u00bbright top\u00a0\u00bb rt_bg_attachment=\u00a0\u00bbscroll\u00a0\u00bb][vc_images_carousel images=\u00a0\u00bb3508&Prime; img_size=\u00a0\u00bbfull\u00a0\u00bb][vc_column_text]<\/p>\n<p style=\"text-indent: 20px;\">Le poly\u00e9thyl\u00e8ne est connu comme un thermoplastique utilis\u00e9 dans plusieurs produits. Son nom provient de l\u2019\u00e9thyl\u00e8ne sous forme de monom\u00e8re et le poly\u00e9thyl\u00e8ne est produit en utilisant de l\u2019\u00e9thyl\u00e8ne. Dans l\u2019industrie du plastique, il est simplement nomm\u00e9 par l\u2019abr\u00e9viation PP.<\/p>\n<p style=\"text-indent: 20px;\">Le poly\u00e9thyl\u00e8ne est classifi\u00e9 selon diff\u00e9rentes cat\u00e9gories en se basant sur la concentration et les caract\u00e9ristiques chimiques. Ses caract\u00e9ristiques m\u00e9caniques d\u00e9pendent de son poids mol\u00e9culaire, sa structure cristal et son type de d\u00e9rivation.<\/p>\n<p style=\"text-indent: 20px;\"><strong>Poly\u00e9thyl\u00e8ne de faire concentration<\/strong>\u00a0(LDPE), il s\u2019agit d\u2019un mat\u00e9riel connu comme mat\u00e9riel thermoplastique fait de monom\u00e8re. Le poly\u00e9thyl\u00e8ne produit pour la premi\u00e8re fois en 1933 par la compagnie Imperial Chemical Industries (ICI) en utilisant le processus de haute pression par la polym\u00e9risation radicale libre est nomm\u00e9 par Poly\u00e9thyl\u00e8ne de faible concentration de plus haute qualit\u00e9. Cette production utilise aujourd\u2019hui la m\u00eame m\u00e9thode.\u00a0<strong>Le poly\u00e9thyl\u00e8ne de faible concentration <\/strong>est g\u00e9n\u00e9ralement utilis\u00e9 dans le secteur d\u2019agriculture. Son utilisation dans le secteur d\u2019agriculture a augment\u00e9 avec l\u2019importance de culture de l\u00e9gume avant la saison et l\u2019augmentation de l\u2019utilisation de fertilisation. De plus, le poly\u00e9thyl\u00e8ne de faible concentration est aussi utilis\u00e9 pour l\u2019emballage des produits export\u00e9s. Il occupe aussi une place importante avec l\u2019utilisation de c\u00e2ble dans la communication, la distribution d\u2019\u00e9nergie et l\u2019industrie. Il contribue ainsi dans l\u2019industrie impliqu\u00e9e avec son utilisation dans ce type de secteur. La production de <strong>poly\u00e9thyl\u00e8ne \u00e0 faible concentration <\/strong>a commenc\u00e9 en 1970 en Turquie. EPA recyclable AYPE 5.7% (Malgr\u00e9 la comp\u00e9tition de l\u2019estimation du nombre de recyclage des polym\u00e8res modernes AYPE continue \u00e0 recevoir une note plastique plus importante. En 2009 le march\u00e9 d\u2019<strong>AYPE<\/strong>\u00a0a atteint un volume de 22.200.000.000\u00a0$ (\u20ac 15900000000). Le poly\u00e9thyl\u00e8ne \u00e0 fable concentration est d\u00e9fini avec une concentration allant de 0,910 \u00e0 0,940 g \/ cm3. A l\u2019exception des oxydants puissants, certains solvants non r\u00e9actifs en temp\u00e9rature ambiante entra\u00eenent le gonflement. Il est r\u00e9sistant \u00e0 la temp\u00e9rature constante de 80\u00b0C et jusqu\u2019\u00e0 95\u00b0C pour un certain temps. Le poly\u00e9thyl\u00e8ne \u00e0 faible concentration est consid\u00e9rablement flexible et rigide pour leur variation opaque ou transparente mais a une structure fragile.<\/p>\n<p style=\"text-indent: 20px;\"><strong>Le poly\u00e9thyl\u00e8ne \u00e0 faible densit\u00e9 <\/strong>a des liaisons intermol\u00e9culaires moins puissantes (dip\u00f4le imm\u00e9diat, traction dip\u00f4le) en d\u2019autres termes la r\u00e9sistance de traction est plus faible et flexibilit\u00e9 plus \u00e9lev\u00e9e, il y a plus de d\u00e9rivation en\u00a0 comparaison avec le poly\u00e9thyl\u00e8ne de forte concentration (environ 2% des atomes de carbone). Ses propres mol\u00e9cules sont plus denses et ses d\u00e9rivations secondaires plus encombr\u00e9es avec moins de cristal. De plus, la concentration du <strong>poly\u00e9thyl\u00e8ne \u00e0 faible concentration <\/strong>est plus basse. Les \u00e9l\u00e9ments chimiques LDPE contiennent du carbone et hydrog\u00e8ne.<\/p>\n<p><strong>CARACTERISTIQUES<\/strong><\/p>\n<p>\u2022 Densit\u00e9: 0,92<br \/>\n\u2022 Force de traction: 10-20 MPa<br \/>\n\u2022 Module d\u2019\u00e9lasticit\u00e9: 300-500 MPa<br \/>\n\u2022 R\u00e9sistance au choc: 500 kj\/m\u00b2<br \/>\n\u2022 Temp\u00e9rature de d\u00e9formation: 110 \u00baC<br \/>\n\u2022 Temp\u00e9rature d\u2019adoucissement Vicat\u00a0: 94 \u00baC<\/p>\n<p><strong>AVANTAGES<\/strong><\/p>\n<p>\u2022 Intervalle vaste des caract\u00e9ristiques m\u00e9caniques<br \/>\n\u2022 R\u00e9sistance chimique<br \/>\n\u2022 R\u00e9sistance \u00e9lectrique<br \/>\n\u2022 R\u00e9sistance contre la fatigue<br \/>\n\u2022 Retardant de flamme<br \/>\n\u2022 Taux de performance de prix<br \/>\n<strong><br \/>\nCHAMPS D\u2019APPLICATION<br \/>\n<\/strong><br \/>\n\u2022 Sacs \u00e0 usage industriel<br \/>\n\u2022 Production de Film<br \/>\n\u2022 Rev\u00eatement papier<br \/>\n\u2022 Baril<br \/>\n\u2022 Jouet<br \/>\n\u2022Sac poubelle<br \/>\n\u2022 Isolation \u00e9lectrique<br \/>\n\u2022 Fabrication de bouteille<\/p>\n<p><strong>PROCESSUS D\u2019USINAGE<\/strong><\/p>\n<ul>\n<li>Il est possible de fa\u00e7onner LDPE avec les m\u00e9thodes connues de fa\u00e7onnage du thermoplastique.<\/li>\n<li>Les valeurs de temp\u00e9rature conseill\u00e9es lors du fa\u00e7onnage \u00e0 injection: entre 180 et 240\u00b0C.<\/li>\n<\/ul>\n<p>[\/vc_column_text][\/vc_column][\/vc_row]<\/p>","protected":false},"excerpt":{"rendered":"<p>[vc_row rt_row_background_width=\u00a0\u00bbdefault\u00a0\u00bb rt_row_style=\u00a0\u00bbdefault-style\u00a0\u00bb rt_row_borders=\u00a0\u00bb\u00a0\u00bb rt_row_paddings=\u00a0\u00bbtrue\u00a0\u00bb rt_bg_effect=\u00a0\u00bbclassic\u00a0\u00bb rt_bg_image_repeat=\u00a0\u00bbrepeat\u00a0\u00bb rt_bg_size=\u00a0\u00bbcover\u00a0\u00bb rt_bg_position=\u00a0\u00bbright top\u00a0\u00bb rt_bg_attachment=\u00a0\u00bbscroll\u00a0\u00bb rt_bg_video_format=\u00a0\u00bbself-hosted\u00a0\u00bb][vc_column rt_wrp_col_paddings=\u00a0\u00bbfalse\u00a0\u00bb rt_border_top=\u00a0\u00bb\u00a0\u00bb rt_border_bottom=\u00a0\u00bb\u00a0\u00bb rt_border_left=\u00a0\u00bb\u00a0\u00bb rt_border_right=\u00a0\u00bb\u00a0\u00bb rt_border_top_mobile=\u00a0\u00bb\u00a0\u00bb rt_border_bottom_mobile=\u00a0\u00bb\u00a0\u00bb rt_border_left_mobile=\u00a0\u00bb\u00a0\u00bb rt_border_right_mobile=\u00a0\u00bb\u00a0\u00bb rt_bg_image_repeat=\u00a0\u00bbrepeat\u00a0\u00bb rt_bg_size=\u00a0\u00bbauto auto\u00a0\u00bb rt_bg_position=\u00a0\u00bbright top\u00a0\u00bb rt_bg_attachment=\u00a0\u00bbscroll\u00a0\u00bb][vc_images_carousel images=\u00a0\u00bb3508&Prime; img_size=\u00a0\u00bbfull\u00a0\u00bb][vc_column_text] Le poly\u00e9thyl\u00e8ne est connu comme un thermoplastique utilis\u00e9 dans plusieurs produits. Son nom provient de l\u2019\u00e9thyl\u00e8ne sous forme de monom\u00e8re et le poly\u00e9thyl\u00e8ne est produit en [&hellip;]<\/p>\n","protected":false},"author":2,"featured_media":0,"parent":3326,"menu_order":0,"comment_status":"closed","ping_status":"closed","template":"","meta":{"rs_blank_template":"","rs_page_bg_color":"","slide_template_v7":"","footnotes":""},"class_list":["post-3337","page","type-page","status-publish","hentry"],"_links":{"self":[{"href":"https:\/\/www.alpil.com.tr\/fr\/wp-json\/wp\/v2\/pages\/3337","targetHints":{"allow":["GET"]}}],"collection":[{"href":"https:\/\/www.alpil.com.tr\/fr\/wp-json\/wp\/v2\/pages"}],"about":[{"href":"https:\/\/www.alpil.com.tr\/fr\/wp-json\/wp\/v2\/types\/page"}],"author":[{"embeddable":true,"href":"https:\/\/www.alpil.com.tr\/fr\/wp-json\/wp\/v2\/users\/2"}],"replies":[{"embeddable":true,"href":"https:\/\/www.alpil.com.tr\/fr\/wp-json\/wp\/v2\/comments?post=3337"}],"version-history":[{"count":0,"href":"https:\/\/www.alpil.com.tr\/fr\/wp-json\/wp\/v2\/pages\/3337\/revisions"}],"up":[{"embeddable":true,"href":"https:\/\/www.alpil.com.tr\/fr\/wp-json\/wp\/v2\/pages\/3326"}],"wp:attachment":[{"href":"https:\/\/www.alpil.com.tr\/fr\/wp-json\/wp\/v2\/media?parent=3337"}],"curies":[{"name":"wp","href":"https:\/\/api.w.org\/{rel}","templated":true}]}}