{"id":3340,"date":"2017-01-05T17:41:08","date_gmt":"2017-01-05T15:41:08","guid":{"rendered":"http:\/\/www.alpil.com.tr\/demo\/?page_id=3340"},"modified":"2017-05-06T16:22:24","modified_gmt":"2017-05-06T13:22:24","slug":"hdpe-yuksek-yogunluklu-pe","status":"publish","type":"page","link":"https:\/\/www.alpil.com.tr\/fr\/urunler\/plastik\/hdpe-yuksek-yogunluklu-pe\/","title":{"rendered":"HDPE (PE Haute Densit\u00e9)"},"content":{"rendered":"<p>[vc_row rt_row_background_width=\u00a0\u00bbdefault\u00a0\u00bb rt_row_style=\u00a0\u00bbdefault-style\u00a0\u00bb rt_row_borders=\u00a0\u00bb\u00a0\u00bb rt_row_paddings=\u00a0\u00bbtrue\u00a0\u00bb rt_bg_effect=\u00a0\u00bbclassic\u00a0\u00bb rt_bg_image_repeat=\u00a0\u00bbrepeat\u00a0\u00bb rt_bg_size=\u00a0\u00bbcover\u00a0\u00bb rt_bg_position=\u00a0\u00bbright top\u00a0\u00bb rt_bg_attachment=\u00a0\u00bbscroll\u00a0\u00bb rt_bg_video_format=\u00a0\u00bbself-hosted\u00a0\u00bb][vc_column rt_wrp_col_paddings=\u00a0\u00bbfalse\u00a0\u00bb rt_border_top=\u00a0\u00bb\u00a0\u00bb rt_border_bottom=\u00a0\u00bb\u00a0\u00bb rt_border_left=\u00a0\u00bb\u00a0\u00bb rt_border_right=\u00a0\u00bb\u00a0\u00bb rt_border_top_mobile=\u00a0\u00bb\u00a0\u00bb rt_border_bottom_mobile=\u00a0\u00bb\u00a0\u00bb rt_border_left_mobile=\u00a0\u00bb\u00a0\u00bb rt_border_right_mobile=\u00a0\u00bb\u00a0\u00bb rt_bg_image_repeat=\u00a0\u00bbrepeat\u00a0\u00bb rt_bg_size=\u00a0\u00bbauto auto\u00a0\u00bb rt_bg_position=\u00a0\u00bbright top\u00a0\u00bb rt_bg_attachment=\u00a0\u00bbscroll\u00a0\u00bb][vc_images_carousel images=\u00a0\u00bb3510&Prime; img_size=\u00a0\u00bbfull\u00a0\u00bb][vc_column_text]<\/p>\n<p style=\"text-indent: 20px;\">Le poly\u00e9thyl\u00e8ne est connu comme un thermoplastique utilis\u00e9 dans plusieurs produits. Son nom provient de l\u2019\u00e9thyl\u00e8ne sous forme de monom\u00e8re et le poly\u00e9thyl\u00e8ne est produit en utilisant de l\u2019\u00e9thyl\u00e8ne. Dans l\u2019industrie du plastique, il est simplement nomm\u00e9 par l\u2019abr\u00e9viation PP.<\/p>\n<p>Le poly\u00e9thyl\u00e8ne est classifi\u00e9 selon diff\u00e9rentes cat\u00e9gories en se basant sur la concentration et les caract\u00e9ristiques chimiques. Ses caract\u00e9ristiques m\u00e9caniques d\u00e9pendent de son poids mol\u00e9culaire, sa structure cristal et son type de d\u00e9rivation.<\/p>\n<p>HDPE en d\u2019autres termes <strong>poly\u00e9thyl\u00e8ne de haute densit\u00e9<\/strong>\u00a0est un mat\u00e9riel poly\u00e9thyl\u00e8ne de forte concentration obtenu du p\u00e9trole.\u00a0Sa r\u00e9sistance contre les substances chimiques <strong>de haute concentration <\/strong>est plus grande en comparaison d\u2019autres poly\u00e9thyl\u00e8nes.\u00a0<strong>Le poly\u00e9thyl\u00e8ne Haute Densit\u00e9 <\/strong>est r\u00e9sistant contre les chocs et est facilement produit.<\/p>\n<p style=\"text-indent: 20px;\">HDPE (poly\u00e9thyl\u00e8ne Haute Densit\u00e9) est un mat\u00e9riel consid\u00e9rablement conforme \u00e0 l\u2019injection, st\u00e9rilis\u00e9 et utilisable jusqu&rsquo;\u00e0 80 degr\u00e9 en manque de charge.<\/p>\n<p style=\"text-indent: 20px;\"><strong>Bien que le<\/strong><strong> poly\u00e9thyl\u00e8ne haute densit\u00e9<\/strong>\u00a0ressemble en apparence au poly\u00e9thyl\u00e8ne faible densit\u00e9, il est bien plus rigide et est un polym\u00e8re dont le poids mol\u00e9culaire varie de 150.000 \u00e0 400.000.\u00a0La r\u00e9sistance du <strong>poly\u00e9thyl\u00e8ne haute densit\u00e9 <\/strong>contre l\u2019eau et les substances chimiques est bonne. Il n\u2019est pas aussi r\u00e9sistant que le poly\u00e9thyl\u00e8ne faible densit\u00e9 dans les conditions en plein air. Il est possible d\u2019augmenter cette r\u00e9sistance \u00e0 l\u2019aide de rembourrage particulier. Ses caract\u00e9ristiques m\u00e9caniques sont tr\u00e8s bonnes, sa r\u00e9sistance au choc et a la traction est particuli\u00e8rement \u00e9lev\u00e9e. Ces caract\u00e9ristiques sont encore plus augment\u00e9es \u00e0 l\u2019aide de certains mat\u00e9riaux de rembourrage. Normalement sa r\u00e9sistance \u00e0 la traction est aux alentours de 225-350 kg \/cm2. Sa r\u00e9sistance thermique est au-del\u00e0 de 100\u2070C.<\/p>\n<p style=\"text-indent: 20px;\">HDPE qui offre un vaste champ d\u2019utilisation, est utilis\u00e9 dans la production de tubes sous pression, tubes de distribution de gaz, bouteille, bidon, appareils m\u00e9nagers, isolation, jouet, appareils \u00e9lectriques et \u00e9lectroniques.<\/p>\n<p style=\"text-indent: 20px;\">Il est aussi utilis\u00e9 dans l\u2019industrie et le secteur de production. Sa r\u00e9sistance contre l\u2019eau et les substances chimiques est consid\u00e9rablement bonne. Elle emp\u00eache la salet\u00e9 et la rouille, ne contient pas de mati\u00e8re toxique et est facile \u00e0 nettoyer. Il ne s\u2019agit pas d\u2019un mat\u00e9riel r\u00e9sistant \u00e0 la lumi\u00e8re et les intemp\u00e9ries.<strong>\u00a0<\/strong>L\u2019un des autres avantages du<strong> poly\u00e9thyl\u00e8ne de haute densit\u00e9 <\/strong>est le non n\u00e9cessit\u00e9 d\u2019un rev\u00eatement protecteur. De plus, il est r\u00e9sistant contre le vieillissement. Il est plus facile \u00e0 assembler en comparaison avec l\u2019acier, l\u2019aluminium ou autres mat\u00e9riels composites. Une autre caract\u00e9ristique sp\u00e9cifique est sa r\u00e9sistance contre le gel. Il est de plus en plus utilis\u00e9 lors des derni\u00e8res ann\u00e9es gr\u00e2ce \u00e0 r\u00e9sistance contre l\u2019eau. C\u2019est bien pour cette raison que le <strong>poly\u00e9thyl\u00e8ne haute densit\u00e9 <\/strong>est utilis\u00e9 aujourd\u2019hui dans la construction de bateau et d\u2019entrep\u00f4t.<\/p>\n<p><strong>Le poly\u00e9thyl\u00e8ne haute densit\u00e9<\/strong> est un mat\u00e9riel qui peut \u00eatre utilis\u00e9 dans de nombreuses m\u00e9thodes de fa\u00e7onnage telles que l\u2019injection, rev\u00eatement par poudre, film, moulage rotationnel. Maintenir la temp\u00e9rature du moule d\u2019injection dans l\u2019intervalle 50-70 \u00b0C permet d\u2019augmenter la qualit\u00e9 du produit sortant de l\u2019appareil.\u00a0<strong>Le poly\u00e9thyl\u00e8ne haute densit\u00e9<\/strong> est aussi un mat\u00e9riel convenable pour les<\/p>\n<p>applications \u00e9lectriques.<\/p>\n<p>CHAMPS D\u2019APPLICATION<\/p>\n<ul>\n<li>Fourniture mobilier, jouet<\/li>\n<li>Film d\u2019emballage<\/li>\n<li>Tube (tube rigide, d\u00e9tergent et bouteille de cosm\u00e9tique (non transparent),<\/li>\n<li>Bidon d\u2019eau et de gaz<\/li>\n<li>Substances de moulage rotationnel du rev\u00eatement de panneau, papier, tissu et m\u00e9tal<\/li>\n<li>Pochette sous forme de T, pochette en plastique, laminage, sac en filet<\/li>\n<li>Tube d\u2019eau sous pression, gaz et canalisation<\/li>\n<li>Tubes de distribution d\u2019eau, canalisation, distribution du syst\u00e8me d\u2019irrigation, tubes de r\u00e9seau<\/li>\n<\/ul>\n<p>[\/vc_column_text][\/vc_column][\/vc_row]<\/p>","protected":false},"excerpt":{"rendered":"<p>[vc_row rt_row_background_width=\u00a0\u00bbdefault\u00a0\u00bb rt_row_style=\u00a0\u00bbdefault-style\u00a0\u00bb rt_row_borders=\u00a0\u00bb\u00a0\u00bb rt_row_paddings=\u00a0\u00bbtrue\u00a0\u00bb rt_bg_effect=\u00a0\u00bbclassic\u00a0\u00bb rt_bg_image_repeat=\u00a0\u00bbrepeat\u00a0\u00bb rt_bg_size=\u00a0\u00bbcover\u00a0\u00bb rt_bg_position=\u00a0\u00bbright top\u00a0\u00bb rt_bg_attachment=\u00a0\u00bbscroll\u00a0\u00bb rt_bg_video_format=\u00a0\u00bbself-hosted\u00a0\u00bb][vc_column rt_wrp_col_paddings=\u00a0\u00bbfalse\u00a0\u00bb rt_border_top=\u00a0\u00bb\u00a0\u00bb rt_border_bottom=\u00a0\u00bb\u00a0\u00bb rt_border_left=\u00a0\u00bb\u00a0\u00bb rt_border_right=\u00a0\u00bb\u00a0\u00bb rt_border_top_mobile=\u00a0\u00bb\u00a0\u00bb rt_border_bottom_mobile=\u00a0\u00bb\u00a0\u00bb rt_border_left_mobile=\u00a0\u00bb\u00a0\u00bb rt_border_right_mobile=\u00a0\u00bb\u00a0\u00bb rt_bg_image_repeat=\u00a0\u00bbrepeat\u00a0\u00bb rt_bg_size=\u00a0\u00bbauto auto\u00a0\u00bb rt_bg_position=\u00a0\u00bbright top\u00a0\u00bb rt_bg_attachment=\u00a0\u00bbscroll\u00a0\u00bb][vc_images_carousel images=\u00a0\u00bb3510&Prime; img_size=\u00a0\u00bbfull\u00a0\u00bb][vc_column_text] Le poly\u00e9thyl\u00e8ne est connu comme un thermoplastique utilis\u00e9 dans plusieurs produits. Son nom provient de l\u2019\u00e9thyl\u00e8ne sous forme de monom\u00e8re et le poly\u00e9thyl\u00e8ne est produit en [&hellip;]<\/p>\n","protected":false},"author":2,"featured_media":0,"parent":3326,"menu_order":0,"comment_status":"closed","ping_status":"closed","template":"","meta":{"rs_blank_template":"","rs_page_bg_color":"","slide_template_v7":"","footnotes":""},"class_list":["post-3340","page","type-page","status-publish","hentry"],"_links":{"self":[{"href":"https:\/\/www.alpil.com.tr\/fr\/wp-json\/wp\/v2\/pages\/3340","targetHints":{"allow":["GET"]}}],"collection":[{"href":"https:\/\/www.alpil.com.tr\/fr\/wp-json\/wp\/v2\/pages"}],"about":[{"href":"https:\/\/www.alpil.com.tr\/fr\/wp-json\/wp\/v2\/types\/page"}],"author":[{"embeddable":true,"href":"https:\/\/www.alpil.com.tr\/fr\/wp-json\/wp\/v2\/users\/2"}],"replies":[{"embeddable":true,"href":"https:\/\/www.alpil.com.tr\/fr\/wp-json\/wp\/v2\/comments?post=3340"}],"version-history":[{"count":0,"href":"https:\/\/www.alpil.com.tr\/fr\/wp-json\/wp\/v2\/pages\/3340\/revisions"}],"up":[{"embeddable":true,"href":"https:\/\/www.alpil.com.tr\/fr\/wp-json\/wp\/v2\/pages\/3326"}],"wp:attachment":[{"href":"https:\/\/www.alpil.com.tr\/fr\/wp-json\/wp\/v2\/media?parent=3340"}],"curies":[{"name":"wp","href":"https:\/\/api.w.org\/{rel}","templated":true}]}}