{"id":2784,"date":"2016-09-08T20:29:31","date_gmt":"2016-09-08T17:29:31","guid":{"rendered":"http:\/\/rt19-demo12.rtthemes.com\/?page_id=2784"},"modified":"2017-05-06T15:09:22","modified_gmt":"2017-05-06T12:09:22","slug":"hakkimizda","status":"publish","type":"page","link":"https:\/\/www.alpil.com.tr\/it\/kurumsal\/hakkimizda\/","title":{"rendered":"Su di noi"},"content":{"rendered":"<p>[vc_row rt_row_background_width=&#8221;fullwidth&#8221; rt_row_content_width=&#8221;default&#8221; rt_row_style=&#8221;default-style&#8221; rt_column_placement=&#8221;middle&#8221; rt_row_borders=&#8221;&#8221; rt_row_paddings=&#8221;true&#8221; rt_bg_effect=&#8221;classic&#8221; rt_bg_image_repeat=&#8221;repeat&#8221; rt_bg_size=&#8221;cover&#8221; rt_bg_position=&#8221;right top&#8221; rt_bg_attachment=&#8221;scroll&#8221; rt_bg_video_format=&#8221;self-hosted&#8221;][vc_column width=&#8221;1\/12&#8243; rt_wrp_col_paddings=&#8221;false&#8221; rt_border_top=&#8221;&#8221; rt_border_bottom=&#8221;&#8221; rt_border_left=&#8221;&#8221; rt_border_right=&#8221;true&#8221; rt_border_top_mobile=&#8221;&#8221; rt_border_bottom_mobile=&#8221;&#8221; rt_border_left_mobile=&#8221;&#8221; rt_border_right_mobile=&#8221;&#8221; rt_bg_image_repeat=&#8221;repeat&#8221; rt_bg_size=&#8221;auto auto&#8221; rt_bg_position=&#8221;right top&#8221; rt_bg_attachment=&#8221;scroll&#8221; offset=&#8221;vc_hidden-xs&#8221;][vc_separator style=&#8221;style-6&#8243; width=&#8221;100%&#8221; margin_top=&#8221;0&#8243; margin_bottom=&#8221;0&#8243;][\/vc_column][vc_column width=&#8221;2\/3&#8243; rt_wrp_col_paddings=&#8221;false&#8221; rt_border_top=&#8221;&#8221; rt_border_bottom=&#8221;&#8221; rt_border_left=&#8221;&#8221; rt_border_right=&#8221;&#8221; rt_border_top_mobile=&#8221;&#8221; rt_border_bottom_mobile=&#8221;&#8221; rt_border_left_mobile=&#8221;&#8221; rt_border_right_mobile=&#8221;&#8221; rt_bg_image_repeat=&#8221;repeat&#8221; rt_bg_size=&#8221;auto auto&#8221; rt_bg_position=&#8221;right top&#8221; rt_bg_attachment=&#8221;scroll&#8221; rt_padding_left=&#8221;2%&#8221; rt_padding_right=&#8221;2%&#8221; rt_padding_top=&#8221;20&#8243; rt_padding_bottom=&#8221;20&#8243;]<div class=\"rt_heading_wrapper style-1\">\n\t\t\t\t\t\t<h4 class=\"rt_heading  style-1\" >Su di noi<\/h4>\n\t\t\t\t\t<\/div>[vc_images_carousel images=&#8221;3456&#8243; img_size=&#8221;full&#8221;][vc_column_text]<\/p>\n<p style=\"text-align: left;\">\u00a0 \u00a0 \u00a0 \u00a0 \u00a0 Alpil Al\u00fcminyum \u00e8 la societ\u00e0 sussidiaria della societ\u00e0 Celaloglu Plastik che effettua presso Adana le attivit\u00e0 nel campo dell\u2019industria mineraria e del riciclaggio della plastica da 3\u2019 anni. Tutt\u2019oggi, Celaloglu Plastik \u00e8 una delle fabbriche pi\u00f9 grandi del nostro paese nel campo del riciclaggio della plastica e con una capacit\u00e0 di produzione mensile di 4 tonnellate.<\/p>\n<p style=\"text-align: left;\">\u00a0 \u00a0 \u00a0 \u00a0 Nella fabbrica di Alpil Al\u00fcminyum produciamo pannelli compositi con i marchi SmartBOND e TrendBOND con variet\u00e0 dei disegni in legno, degli specchi d\u2019argento e d\u2019oro in 50 diversi colori.<\/p>\n<p style=\"text-align: left;\">\u00a0 \u00a0 \u00a0 \u00a0 \u00a0 Alpil Al\u00fcminyum, che produce anche le lastre lisce di plastica in varie larghezze (da 50 cm a 185 cm), effettua delle attivit\u00e0 anche nel campo delle costruzioni ed delle automobili (le lastre di plastica vengono utilizzate per l\u2019impermeabilit\u00e0 delle fondamenta delle costruzioni). Nella nostra fabbrica di 9000 m\u00b2 avente una capacit\u00e0 di produzione annuale di 1.500.000 m\u00b2, continuiamo a offrire i servizi con un\u2019anima amatoriale e in un modo professionale.<\/p>\n<p>[\/vc_column_text][\/vc_column][\/vc_row][vc_row rt_row_background_width=&#8221;fullwidth&#8221; rt_row_content_width=&#8221;default&#8221; rt_row_style=&#8221;default-style&#8221; rt_column_placement=&#8221;middle&#8221; rt_row_borders=&#8221;&#8221; rt_row_paddings=&#8221;true&#8221; rt_bg_effect=&#8221;classic&#8221; rt_bg_image_repeat=&#8221;repeat&#8221; rt_bg_size=&#8221;cover&#8221; rt_bg_position=&#8221;right top&#8221; rt_bg_attachment=&#8221;scroll&#8221; rt_bg_video_format=&#8221;self-hosted&#8221;][vc_column width=&#8221;1\/12&#8243; rt_wrp_col_paddings=&#8221;false&#8221; rt_border_top=&#8221;&#8221; rt_border_bottom=&#8221;&#8221; rt_border_left=&#8221;&#8221; rt_border_right=&#8221;true&#8221; rt_border_top_mobile=&#8221;&#8221; rt_border_bottom_mobile=&#8221;&#8221; rt_border_left_mobile=&#8221;&#8221; rt_border_right_mobile=&#8221;&#8221; rt_bg_image_repeat=&#8221;repeat&#8221; rt_bg_size=&#8221;auto auto&#8221; rt_bg_position=&#8221;right top&#8221; rt_bg_attachment=&#8221;scroll&#8221; offset=&#8221;vc_hidden-xs&#8221;][vc_separator style=&#8221;style-6&#8243; width=&#8221;100%&#8221; margin_top=&#8221;0&#8243; margin_bottom=&#8221;0&#8243;][\/vc_column][vc_column width=&#8221;2\/3&#8243; rt_wrp_col_paddings=&#8221;false&#8221; rt_border_top=&#8221;&#8221; rt_border_bottom=&#8221;&#8221; rt_border_left=&#8221;&#8221; rt_border_right=&#8221;&#8221; rt_border_top_mobile=&#8221;&#8221; rt_border_bottom_mobile=&#8221;&#8221; rt_border_left_mobile=&#8221;&#8221; rt_border_right_mobile=&#8221;&#8221; rt_bg_image_repeat=&#8221;repeat&#8221; rt_bg_size=&#8221;auto auto&#8221; rt_bg_position=&#8221;right top&#8221; rt_bg_attachment=&#8221;scroll&#8221; rt_padding_left=&#8221;2%&#8221; rt_padding_right=&#8221;2%&#8221; rt_padding_top=&#8221;20&#8243; rt_padding_bottom=&#8221;20&#8243;]<div class=\"rt_heading_wrapper style-1\">\n\t\t\t\t\t\t<h4 class=\"rt_heading  style-1\" >La nostra missione<\/h4>\n\t\t\t\t\t<\/div>[vc_images_carousel images=&#8221;3452&#8243; img_size=&#8221;full&#8221;][vc_column_text]<\/p>\n<p style=\"text-indent: 20px;\">\u201cSotenere i nostri clienti con le nostre soluzioni confortevoli e piacevoli tramite il nostro personale felice ed innovativo\u201d<\/p>\n<p><strong>Siamo innovativi<\/strong><\/p>\n<ul>\n<li>Essendo, nel settore, leader delle idee e delle loro applicazioni, noi definiamo l\u2019ordine del giorno<\/li>\n<li>La nostra forza deriva dalla nostra differenza, dalla nostra creativit\u00e0 e dal nostro punto di vista innovativo.<\/li>\n<li>I feedback e le critiche sono molto importanti per noi dato che ci offrono opportunit\u00e0 di sviluppo.<\/li>\n<\/ul>\n<p><strong>Siamo coraggiosi <\/strong><\/p>\n<ul>\n<li>Prendiamo le decisioni velocemente e applichiamo i cambiamenti e le novit\u00e0 alla stessa velocit\u00e0.<\/li>\n<li>In ogni condizione, puntiamo solo al successo e lottiamo senza stancarci.<\/li>\n<li>Dirigiamo il mercato e la concorrenza grazie alle nostre soluzioni autentiche e innovative.<\/li>\n<\/ul>\n<p><strong>Siamo aperti alla collaborazione<\/strong><\/p>\n<ul>\n<li>Conosciamo il nostro valore e l\u2019importanza della collaborazione.<\/li>\n<li>Lavoriamo con tutta la nostra forza e siamo fieri e felici di realizzare sempre l\u2019impossibile.<\/li>\n<li>Ci fidiamo della nostra informazione e della nostra capacit\u00e0 e lavoriamo sempre sostenendoci a vicenda.<\/li>\n<\/ul>\n<h3><strong>La nostra visione<\/strong><\/h3>\n<p style=\"text-indent: 20px;\">\u201cEssere l\u2019azienda favorita e preferita nel nostro settore d\u2019attivit\u00e0.\u201d<\/p>\n<p><u><\/u><strong>Siamo affidabili<\/strong><\/p>\n<ul>\n<li>Siamo vicino ai nostri clienti, offriamo le soluzioni pi\u00f9 adatte alle loro esigenze.<\/li>\n<li>Condividiamo le nostre decisioni grazie ad una comunicazione il pi\u00f9 trasparente possibile.<\/li>\n<li>Comprendiamo le differenze e le rispettiamo.<\/li>\n<\/ul>\n<p><strong>Siamo pieni di vita<\/strong><\/p>\n<ul>\n<li>Iniziamo ogni nuova giornata con una grande emozione.<\/li>\n<li>Pensiamo sempre in modo giovanile e viviamo in modo dinamico.<\/li>\n<li>Lavoriamo con gusto, divertendoci.<\/li>\n<\/ul>\n<p><strong>Siamo sinceri<\/strong><\/p>\n<ul>\n<li>Siamo lontani dalle etichette e dai pregiudizi e ci comportiamo come siamo.<\/li>\n<li>Condividiamo la vita con le sue gioie e con le sue tristezze, con i successi, con le difficolt\u00e0 e con tutte le responsabilit\u00e0.<\/li>\n<li>Investiamo nella societ\u00e0 per creare valori importanti per la societ\u00e0 stessa e per le generazioni future.<\/li>\n<\/ul>\n<p>[\/vc_column_text][\/vc_column][\/vc_row][vc_row rt_row_background_width=&#8221;fullwidth&#8221; rt_row_content_width=&#8221;default&#8221; rt_row_style=&#8221;default-style&#8221; rt_column_placement=&#8221;middle&#8221; rt_row_borders=&#8221;&#8221; rt_row_paddings=&#8221;true&#8221; rt_bg_effect=&#8221;classic&#8221; rt_bg_image_repeat=&#8221;repeat&#8221; rt_bg_size=&#8221;cover&#8221; rt_bg_position=&#8221;right top&#8221; rt_bg_attachment=&#8221;scroll&#8221; rt_bg_video_format=&#8221;self-hosted&#8221;][vc_column width=&#8221;1\/12&#8243; rt_wrp_col_paddings=&#8221;false&#8221; rt_border_top=&#8221;&#8221; rt_border_bottom=&#8221;&#8221; rt_border_left=&#8221;&#8221; rt_border_right=&#8221;true&#8221; rt_border_top_mobile=&#8221;&#8221; rt_border_bottom_mobile=&#8221;&#8221; rt_border_left_mobile=&#8221;&#8221; rt_border_right_mobile=&#8221;&#8221; rt_bg_image_repeat=&#8221;repeat&#8221; rt_bg_size=&#8221;auto auto&#8221; rt_bg_position=&#8221;right top&#8221; rt_bg_attachment=&#8221;scroll&#8221; offset=&#8221;vc_hidden-xs&#8221;][vc_separator style=&#8221;style-6&#8243; width=&#8221;100%&#8221; margin_top=&#8221;0&#8243; margin_bottom=&#8221;0&#8243;][\/vc_column][vc_column width=&#8221;2\/3&#8243; rt_wrp_col_paddings=&#8221;false&#8221; rt_border_top=&#8221;&#8221; rt_border_bottom=&#8221;&#8221; rt_border_left=&#8221;&#8221; rt_border_right=&#8221;&#8221; rt_border_top_mobile=&#8221;&#8221; rt_border_bottom_mobile=&#8221;&#8221; rt_border_left_mobile=&#8221;&#8221; rt_border_right_mobile=&#8221;&#8221; rt_bg_image_repeat=&#8221;repeat&#8221; rt_bg_size=&#8221;auto auto&#8221; rt_bg_position=&#8221;right top&#8221; rt_bg_attachment=&#8221;scroll&#8221; rt_padding_left=&#8221;2%&#8221; rt_padding_right=&#8221;2%&#8221; rt_padding_top=&#8221;20&#8243; rt_padding_bottom=&#8221;20&#8243;]<div class=\"rt_heading_wrapper style-1\">\n\t\t\t\t\t\t<h4 class=\"rt_heading  style-1\" >I nostri valori<\/h4>\n\t\t\t\t\t<\/div>[vc_images_carousel images=&#8221;3461&#8243; img_size=&#8221;full&#8221;][vc_column_text]<\/p>\n<ul>\n<li><strong>L\u2019affidabilit\u00e0<\/strong><\/li>\n<\/ul>\n<p style=\"text-indent: 20px;\">Per il personale e per i dirigenti l\u2019affidabilit\u00e0 \u00e8 la misura del successo in base agli standard di perfezione dei prodotti e dei processi decisi precedentemente. Rappresenta la coerenza dei processi con i risultati e, di conseguenza, determina l\u2019approvazione dei clienti.<\/p>\n<p style=\"text-indent: 20px;\">\u00c8 l\u2019affidabilit\u00e0 del nostro personale e dei nostri dirigenti; La coerenza delle parole con i comportamenti, \u00e8 la sincerit\u00e0. \u00c8 l\u2019affidabilit\u00e0 dei sistemi e dei processi; Negli ambienti pi\u00f9 sani e sotto le condizioni pi\u00f9 sane, vengono prodotti i risultati di alta qualit\u00e0. Cosi, il guadagno pi\u00f9 importante \u00e8 l\u2019affidabilit\u00e0 ottenuta tramite la fiducia dei clienti.<\/p>\n<ul>\n<li><strong>Successo Costante<\/strong><\/li>\n<\/ul>\n<p style=\"text-indent: 20px;\">Il successo \u00e8 l\u2019avveramento del risultato atteso. Oggi come oggi, solo il successo costante \u00e8 stabile e prezioso. Solo con un successo che deriva dagli sviluppi costanti pu\u00f2 essere garantito uno successo a lungo termine. La direzione del successo \u00e8 pi\u00f9 difficile rispetto all\u2019ottenimento del successo. Mentre il personale gode della felicit\u00e0 del successo, la direzione dello stesso offre bersagli nuovi e pi\u00f9 elevati.<\/p>\n<p style=\"text-indent: 20px;\">Per ottenere lo sviluppo in tutti i campi \u00e8 necessario lo sviluppo mentale, la crescita costante e sana e l\u2019attivazione delle decisioni con le giuste progettazioni, con costanza. Le nuove strategie e i nuovi obiettivi mantengono l\u2019azienda dinamica e giovane. La tempestivit\u00e0 dei nuovi obiettivi \u00e8 molto importante. Durante la creazione di un successo, vengono studiate anche le nuove strategie, per una squadra concentrata sullo stesso obiettivo tutti gli stadi sono importanti e il personale deve essere sostenuto da un\u2019istruzione necessaria per gli obiettivi pi\u00f9 alti. Siamo concentrati sul risultato; concentrandoci sul risultato rendiamo durevole il successo e per rendere durevole il successo ci sviluppiamo senza sosta \u2026<\/p>\n<ul>\n<li><strong>Perfezione<\/strong><\/li>\n<\/ul>\n<p style=\"text-indent: 20px;\">\u201cDevo essere il migliore nel mio campo\u201d Il significato della perfezione \u00e8 l\u2019essere completo, preciso e competente. Le perfezione, in una struttura aziendale, \u00e8 il funzionamento di alta qualit\u00e0 di tutte le funzionalit\u00e0, di tutti i processi e di tutti i dipartimenti. Le societ\u00e0, le posizioni, i compiti, le competenze, le istruzioni e i processi che necessitano di queste competenze sono ben definiti. \u00c8 importante ed \u00e8 sostenuto non solo dalla realizzazione pi\u00f9 adatta al processo di un lavoro ma anche dalla concentrazione sul lavoro del personale. Le nuove idee vengono ascoltate con attenzione, vengono valutate, vengono premiate e vengono applicate. Insieme all\u2019atteggiamento perfezionista, il valore di sostegno che viene offerto ai clienti, ai soci, a tutte le persone e a tutti gli enti con cui si ha un rapporto diretto \u00e8 un indice molto importante. La nostra azienda da ugualmente importanza ai partner indiretti e all\u2019ambiente. La perfezione aziendale \u00e8 l\u2019obiettivo pi\u00f9 importante non solo nei processi di lavoro e di produzione, ma anche in tutte le funzioni, costruzioni e organizzazioni.<\/p>\n<ul>\n<li><strong>Imprenditorialit\u00e0<\/strong><\/li>\n<\/ul>\n<p style=\"text-indent: 20px;\">L\u2019imprenditorialit\u00e0 viene descritta come la progettazione del processo di produzione e come fattore di produzione, unendo gli sforzi con il capitale e con la natura e con l\u2019assunzione di responsabilit\u00e0 di tutti i rischi. L\u2019anima imprenditoriale domina in tutta l\u2019azienda. Le nuove idee e opinioni vanno sostenute e valutate. Nell\u2019anima imprenditoriale la capacit\u00e0, il coraggio e l\u2019informazione sono degli elementi molto importanti. \u00c8 importante anche conoscere i dettagli dei desideri e delle aspettative dei clienti per poter valutare i nuovi campi di applicazione. La fiducia impressa dai mercati e dai soci alle persone e all\u2019azienda ha la stessa importanza dell\u2019auto fiducia delle persone e dell\u2019azienda. Essere aperti alle novit\u00e0 richiede capacit\u00e0 finalizzate a trovare soluzioni innovative ed insolite ai problemi e alle esigenze. La capacit\u00e0 di definire il momento opportuno per sviluppare le nuove idee per le nuove occasioni, la tempestivit\u00e0 per l\u2019applicazione di queste nuove idee, l\u2019assunzione dei rischi, il potersi ritirare o il poter velocizzare i processi sono degli elementi che aumentano il grafico del successo quando le condizioni lo richiedono. L\u2019elemento che tiene l\u2019imprenditore avanti rispetto ai suoi rivali \u00e8 la capacit\u00e0 di saper assumere velocemente le decisioni ragionevoli.<\/p>\n<p>[\/vc_column_text][\/vc_column][\/vc_row]<\/p>","protected":false},"excerpt":{"rendered":"<p>[vc_row rt_row_background_width=&#8221;fullwidth&#8221; rt_row_content_width=&#8221;default&#8221; rt_row_style=&#8221;default-style&#8221; rt_column_placement=&#8221;middle&#8221; rt_row_borders=&#8221;&#8221; rt_row_paddings=&#8221;true&#8221; rt_bg_effect=&#8221;classic&#8221; rt_bg_image_repeat=&#8221;repeat&#8221; rt_bg_size=&#8221;cover&#8221; rt_bg_position=&#8221;right top&#8221; rt_bg_attachment=&#8221;scroll&#8221; rt_bg_video_format=&#8221;self-hosted&#8221;][vc_column width=&#8221;1\/12&#8243; rt_wrp_col_paddings=&#8221;false&#8221; rt_border_top=&#8221;&#8221; rt_border_bottom=&#8221;&#8221; rt_border_left=&#8221;&#8221; rt_border_right=&#8221;true&#8221; rt_border_top_mobile=&#8221;&#8221; rt_border_bottom_mobile=&#8221;&#8221; rt_border_left_mobile=&#8221;&#8221; rt_border_right_mobile=&#8221;&#8221; rt_bg_image_repeat=&#8221;repeat&#8221; rt_bg_size=&#8221;auto auto&#8221; rt_bg_position=&#8221;right top&#8221; rt_bg_attachment=&#8221;scroll&#8221; offset=&#8221;vc_hidden-xs&#8221;][vc_separator style=&#8221;style-6&#8243; width=&#8221;100%&#8221; margin_top=&#8221;0&#8243; margin_bottom=&#8221;0&#8243;][\/vc_column][vc_column width=&#8221;2\/3&#8243; rt_wrp_col_paddings=&#8221;false&#8221; rt_border_top=&#8221;&#8221; rt_border_bottom=&#8221;&#8221; rt_border_left=&#8221;&#8221; rt_border_right=&#8221;&#8221; rt_border_top_mobile=&#8221;&#8221; rt_border_bottom_mobile=&#8221;&#8221; rt_border_left_mobile=&#8221;&#8221; rt_border_right_mobile=&#8221;&#8221; rt_bg_image_repeat=&#8221;repeat&#8221; rt_bg_size=&#8221;auto auto&#8221; rt_bg_position=&#8221;right top&#8221; rt_bg_attachment=&#8221;scroll&#8221; rt_padding_left=&#8221;2%&#8221; rt_padding_right=&#8221;2%&#8221; rt_padding_top=&#8221;20&#8243; rt_padding_bottom=&#8221;20&#8243;][vc_images_carousel [&hellip;]<\/p>\n","protected":false},"author":2,"featured_media":0,"parent":3000,"menu_order":0,"comment_status":"closed","ping_status":"closed","template":"","meta":{"rs_blank_template":"","rs_page_bg_color":"","slide_template_v7":"","footnotes":""},"class_list":["post-2784","page","type-page","status-publish","hentry"],"_links":{"self":[{"href":"https:\/\/www.alpil.com.tr\/it\/wp-json\/wp\/v2\/pages\/2784","targetHints":{"allow":["GET"]}}],"collection":[{"href":"https:\/\/www.alpil.com.tr\/it\/wp-json\/wp\/v2\/pages"}],"about":[{"href":"https:\/\/www.alpil.com.tr\/it\/wp-json\/wp\/v2\/types\/page"}],"author":[{"embeddable":true,"href":"https:\/\/www.alpil.com.tr\/it\/wp-json\/wp\/v2\/users\/2"}],"replies":[{"embeddable":true,"href":"https:\/\/www.alpil.com.tr\/it\/wp-json\/wp\/v2\/comments?post=2784"}],"version-history":[{"count":0,"href":"https:\/\/www.alpil.com.tr\/it\/wp-json\/wp\/v2\/pages\/2784\/revisions"}],"up":[{"embeddable":true,"href":"https:\/\/www.alpil.com.tr\/it\/wp-json\/wp\/v2\/pages\/3000"}],"wp:attachment":[{"href":"https:\/\/www.alpil.com.tr\/it\/wp-json\/wp\/v2\/media?parent=2784"}],"curies":[{"name":"wp","href":"https:\/\/api.w.org\/{rel}","templated":true}]}}