{"id":3000,"date":"2016-11-29T23:05:49","date_gmt":"2016-11-29T21:05:49","guid":{"rendered":"http:\/\/www.alpil.com.tr\/demo\/?page_id=3000"},"modified":"2017-04-25T15:07:30","modified_gmt":"2017-04-25T12:07:30","slug":"kurumsal","status":"publish","type":"page","link":"https:\/\/www.alpil.com.tr\/it\/kurumsal\/","title":{"rendered":"Kurumsal"},"content":{"rendered":"<p>[vc_row rt_row_background_width=&#8221;default&#8221; rt_row_style=&#8221;default-style&#8221; rt_row_borders=&#8221;&#8221; rt_row_paddings=&#8221;true&#8221; rt_bg_effect=&#8221;classic&#8221; rt_bg_image_repeat=&#8221;repeat&#8221; rt_bg_size=&#8221;cover&#8221; rt_bg_position=&#8221;right top&#8221; rt_bg_attachment=&#8221;scroll&#8221; rt_bg_video_format=&#8221;self-hosted&#8221;][vc_column width=&#8221;1\/3&#8243; rt_wrp_col_paddings=&#8221;false&#8221; rt_border_top=&#8221;&#8221; rt_border_bottom=&#8221;&#8221; rt_border_left=&#8221;&#8221; rt_border_right=&#8221;&#8221; rt_border_top_mobile=&#8221;&#8221; rt_border_bottom_mobile=&#8221;&#8221; rt_border_left_mobile=&#8221;&#8221; rt_border_right_mobile=&#8221;&#8221; rt_bg_image_repeat=&#8221;repeat&#8221; rt_bg_size=&#8221;auto auto&#8221; rt_bg_position=&#8221;right top&#8221; rt_bg_attachment=&#8221;scroll&#8221;][vc_column_text]<img loading=\"lazy\" decoding=\"async\" class=\"alignnone wp-image-3003 size-full\" src=\"http:\/\/www.alpil.com.tr\/\/wp-content\/uploads\/2016\/11\/hakkimizda.jpg\" alt=\"hakkimizda\" width=\"500\" height=\"333\" srcset=\"https:\/\/www.alpil.com.tr\/wp-content\/uploads\/2016\/11\/hakkimizda.jpg 500w, https:\/\/www.alpil.com.tr\/wp-content\/uploads\/2016\/11\/hakkimizda-300x200.jpg 300w\" sizes=\"auto, (max-width: 500px) 100vw, 500px\" \/>[\/vc_column_text][\/vc_column][vc_column width=&#8221;2\/3&#8243; rt_wrp_col_paddings=&#8221;false&#8221; rt_border_top=&#8221;&#8221; rt_border_bottom=&#8221;&#8221; rt_border_left=&#8221;&#8221; rt_border_right=&#8221;&#8221; rt_border_top_mobile=&#8221;&#8221; rt_border_bottom_mobile=&#8221;&#8221; rt_border_left_mobile=&#8221;&#8221; rt_border_right_mobile=&#8221;&#8221; rt_bg_image_repeat=&#8221;repeat&#8221; rt_bg_size=&#8221;auto auto&#8221; rt_bg_position=&#8221;right top&#8221; rt_bg_attachment=&#8221;scroll&#8221;][vc_column_text]<\/p>\n<p style=\"text-indent: 10px;\">Alpil Al\u00fcminyum 30 y\u0131ld\u0131r madencilik ve plastik geri d\u00f6n\u00fc\u015f\u00fcm\u00fc yapan Celalo\u011flu Plasti\u011fin bir yan kurulu\u015fudur.Celalo\u011flu Plastik halihaz\u0131rda \u00dclkemizin en b\u00fcy\u00fck entegre plastik geri d\u00f6n\u00fc\u015f\u00fcm tesislerinden biri olup, ayl\u0131k \u00fcretim kapasitesi 4 bin ton\/ay d\u0131r.<\/p>\n<p style=\"text-indent: 10px;\">Alpil Al\u00fcminyum b\u00fcnyesinde \u00fcretimini ger\u00e7ekle\u015ftirdi\u011fimiz, SMARTBOND ve TRENDBOND markal\u0131 kompozit panel \u00fcr\u00fcnlerimizin Ah\u015fap desen, g\u00fcm\u00fc\u015f ve Alt\u0131n ayna olmak \u00fczere 50 ye yak\u0131n renk se\u00e7ene\u011fi mevcuttur. Muhtelif enlerde ( 50 cm&#8230;&#8230;&#8230;&#8230;&#8230;&#8230;&#8230;&#8230;.185 cm ye kadar\/en) d\u00fcz plastik levha da \u00fcreten Alpil Al\u00fcminyum, \u0130n\u015faat ve otomotiv sekt\u00f6rlerinde de faaliyette bulunmaktad\u0131r. (\u00dcretilen plastik levhalar in\u015faatlar\u0131n temellerinde s\u0131zd\u0131rmazl\u0131kta kullan\u0131lmaktad\u0131r).<\/p>\n<p style=\"text-indent: 10px;\">9 Bin m2 kapal\u0131 alanda y\u0131ll\u0131k 1,500,000 m2 \u00fcretim kapasitesine sahip tesisimiz de amat\u00f6r ruh ve profesyonel anlay\u0131\u015fla hizmet vermeye devam etmekteyiz.<\/p>\n<p>[\/vc_column_text][\/vc_column][\/vc_row]<\/p>\n","protected":false},"excerpt":{"rendered":"<p>[vc_row rt_row_background_width=&#8221;default&#8221; rt_row_style=&#8221;default-style&#8221; rt_row_borders=&#8221;&#8221; rt_row_paddings=&#8221;true&#8221; rt_bg_effect=&#8221;classic&#8221; rt_bg_image_repeat=&#8221;repeat&#8221; rt_bg_size=&#8221;cover&#8221; rt_bg_position=&#8221;right top&#8221; rt_bg_attachment=&#8221;scroll&#8221; rt_bg_video_format=&#8221;self-hosted&#8221;][vc_column width=&#8221;1\/3&#8243; rt_wrp_col_paddings=&#8221;false&#8221; rt_border_top=&#8221;&#8221; rt_border_bottom=&#8221;&#8221; rt_border_left=&#8221;&#8221; rt_border_right=&#8221;&#8221; rt_border_top_mobile=&#8221;&#8221; rt_border_bottom_mobile=&#8221;&#8221; rt_border_left_mobile=&#8221;&#8221; rt_border_right_mobile=&#8221;&#8221; rt_bg_image_repeat=&#8221;repeat&#8221; rt_bg_size=&#8221;auto auto&#8221; rt_bg_position=&#8221;right top&#8221; rt_bg_attachment=&#8221;scroll&#8221;][vc_column_text][\/vc_column_text][\/vc_column][vc_column width=&#8221;2\/3&#8243; rt_wrp_col_paddings=&#8221;false&#8221; rt_border_top=&#8221;&#8221; rt_border_bottom=&#8221;&#8221; rt_border_left=&#8221;&#8221; rt_border_right=&#8221;&#8221; rt_border_top_mobile=&#8221;&#8221; rt_border_bottom_mobile=&#8221;&#8221; rt_border_left_mobile=&#8221;&#8221; rt_border_right_mobile=&#8221;&#8221; rt_bg_image_repeat=&#8221;repeat&#8221; rt_bg_size=&#8221;auto auto&#8221; rt_bg_position=&#8221;right top&#8221; rt_bg_attachment=&#8221;scroll&#8221;][vc_column_text] Alpil Al\u00fcminyum 30 y\u0131ld\u0131r madencilik ve plastik geri d\u00f6n\u00fc\u015f\u00fcm\u00fc yapan Celalo\u011flu [&hellip;]<\/p>\n","protected":false},"author":2,"featured_media":0,"parent":0,"menu_order":5,"comment_status":"closed","ping_status":"closed","template":"","meta":{"rs_blank_template":"","rs_page_bg_color":"","slide_template_v7":"","footnotes":""},"class_list":["post-3000","page","type-page","status-publish","hentry"],"_links":{"self":[{"href":"https:\/\/www.alpil.com.tr\/it\/wp-json\/wp\/v2\/pages\/3000","targetHints":{"allow":["GET"]}}],"collection":[{"href":"https:\/\/www.alpil.com.tr\/it\/wp-json\/wp\/v2\/pages"}],"about":[{"href":"https:\/\/www.alpil.com.tr\/it\/wp-json\/wp\/v2\/types\/page"}],"author":[{"embeddable":true,"href":"https:\/\/www.alpil.com.tr\/it\/wp-json\/wp\/v2\/users\/2"}],"replies":[{"embeddable":true,"href":"https:\/\/www.alpil.com.tr\/it\/wp-json\/wp\/v2\/comments?post=3000"}],"version-history":[{"count":0,"href":"https:\/\/www.alpil.com.tr\/it\/wp-json\/wp\/v2\/pages\/3000\/revisions"}],"wp:attachment":[{"href":"https:\/\/www.alpil.com.tr\/it\/wp-json\/wp\/v2\/media?parent=3000"}],"curies":[{"name":"wp","href":"https:\/\/api.w.org\/{rel}","templated":true}]}}