{"id":3298,"date":"2017-01-05T15:19:32","date_gmt":"2017-01-05T13:19:32","guid":{"rendered":"http:\/\/www.alpil.com.tr\/demo\/?page_id=3298"},"modified":"2017-05-06T15:25:42","modified_gmt":"2017-05-06T12:25:42","slug":"is-sagligi-ve-guvenligi-politikamiz","status":"publish","type":"page","link":"https:\/\/www.alpil.com.tr\/it\/kalite-ve-yonetim-sistemi\/is-sagligi-ve-guvenligi-politikamiz\/","title":{"rendered":"Nostra Politica della Salute e della Sicurezza sul Lavoro"},"content":{"rendered":"<p>[vc_row rt_row_background_width=&#8221;default&#8221; rt_row_style=&#8221;default-style&#8221; rt_row_borders=&#8221;&#8221; rt_row_paddings=&#8221;true&#8221; rt_bg_effect=&#8221;classic&#8221; rt_bg_image_repeat=&#8221;repeat&#8221; rt_bg_size=&#8221;cover&#8221; rt_bg_position=&#8221;right top&#8221; rt_bg_attachment=&#8221;scroll&#8221; rt_bg_video_format=&#8221;self-hosted&#8221;][vc_column rt_wrp_col_paddings=&#8221;false&#8221; rt_border_top=&#8221;&#8221; rt_border_bottom=&#8221;&#8221; rt_border_left=&#8221;&#8221; rt_border_right=&#8221;&#8221; rt_border_top_mobile=&#8221;&#8221; rt_border_bottom_mobile=&#8221;&#8221; rt_border_left_mobile=&#8221;&#8221; rt_border_right_mobile=&#8221;&#8221; rt_bg_image_repeat=&#8221;repeat&#8221; rt_bg_size=&#8221;auto auto&#8221; rt_bg_position=&#8221;right top&#8221; rt_bg_attachment=&#8221;scroll&#8221;][vc_images_carousel images=&#8221;3486&#8243; img_size=&#8221;full&#8221;][vc_column_text]<\/p>\n<p style=\"text-indent: 10px;\">La politica della salute e della sicurezza di Alpil Al\u00fcminyum deriva dal nostro rispetto alle persone e all\u2019ambiente. In tutti i campi d\u2019attivit\u00e0 di Alpil Al\u00fcminyum la salute e la sicurezza sul lavoro hanno la priorit\u00e0 e il nostro slogan \u201cproteggi la tua salute, proteggi il tuo lavoro\u201d rispecchia molto bene la nostra prospettiva. Per poter garantire un ambiente di lavoro sicuro e sano, tutti devono essere responsabili nell\u2019eseguire i propri compiti nei confini del proprio potere. Uno dei nostri obiettivi pi\u00f9 importanti \u00e8 quello di proteggere il nostro personale e l\u2019ambiente dai rischi verificabili nel nostro campo di lavoro.<\/p>\n<p>In questo senso;<\/p>\n<ul>\n<li>Nel luogo di lavoro e nelle aree limitrofe per poter garantire la sicurezza e per poter proteggere la salute dei nostri operai, dei nostri subappaltatori, dei nostri ospiti e del nostro personale che lavora fuori dal luogo di lavoro, ci adattiamo alle norme della salute e della sicurezza sul lavoro assumendo tutte le precauzioni necessarie per adempiere a queste norme. Abbiamo tutti gli equipaggiamenti necessari per la protezione personale per poterli utilizzare nel momento di necessita,<\/li>\n<li>Nel luogo di lavoro e nelle aree limitrofe effettuiamo una valutazione efficace dei rischi per impedire le situazioni e i comportamenti insicuri che possono causare degli incidenti sul lavoro, delle malattie sul lavoro, individuando ed eliminando detti pericoli precocemente,<\/li>\n<li>Definendo rischi che possono determinare degli incidenti e delle malattie sul lavoro, proteggiamo la salute, la sicurezza e il benessere sociale del nostro personale di ogni livello, dei nostri ospiti e dei nostri subappaltatori e cos\u00ec diminuiamo le perdite materiali e morali per queste persone.<\/li>\n<li>Istruiamo il nostro personale sulla salute e sulla sicurezza sul lavoro offrendogli le informazioni sulla salute e sulla sicurezza,<\/li>\n<li>Facciamo in modo che i nostri ospiti e i nostri Subappaltatori, che lavorano presso i nostri luoghi di lavoro, si adattino alle regole sulla salute e sulla sicurezza di lavoro definite da Alpil Al\u00fcminyum,<\/li>\n<li>In aderenza alle norme sulla salute sulla sicurezza sul lavoro, rendiamo Alpil Al\u00fcminyum una azienda esempio nei confronti delle autorit\u00e0, delle camere d\u2019industria e delle associazioni,<\/li>\n<li>Prendendo in considerazione lo sviluppo del mondo industriale, cerchiamo di indovinare da oggi le situazioni possibili del futuro, ci sviluppiamo e valutiamo la nostra situazione costantemente.<\/li>\n<li>In questo senso, rendiamo costante il nostro sistema sulle norme sulla salute e sulla sicurezza sul lavoro e garantiamo la nostra politica della salute e della sicurezza sul lavoro<\/li>\n<\/ul>\n<p>[\/vc_column_text][\/vc_column][\/vc_row]<\/p>","protected":false},"excerpt":{"rendered":"<p>[vc_row rt_row_background_width=&#8221;default&#8221; rt_row_style=&#8221;default-style&#8221; rt_row_borders=&#8221;&#8221; rt_row_paddings=&#8221;true&#8221; rt_bg_effect=&#8221;classic&#8221; rt_bg_image_repeat=&#8221;repeat&#8221; rt_bg_size=&#8221;cover&#8221; rt_bg_position=&#8221;right top&#8221; rt_bg_attachment=&#8221;scroll&#8221; rt_bg_video_format=&#8221;self-hosted&#8221;][vc_column rt_wrp_col_paddings=&#8221;false&#8221; rt_border_top=&#8221;&#8221; rt_border_bottom=&#8221;&#8221; rt_border_left=&#8221;&#8221; rt_border_right=&#8221;&#8221; rt_border_top_mobile=&#8221;&#8221; rt_border_bottom_mobile=&#8221;&#8221; rt_border_left_mobile=&#8221;&#8221; rt_border_right_mobile=&#8221;&#8221; rt_bg_image_repeat=&#8221;repeat&#8221; rt_bg_size=&#8221;auto auto&#8221; rt_bg_position=&#8221;right top&#8221; rt_bg_attachment=&#8221;scroll&#8221;][vc_images_carousel images=&#8221;3486&#8243; img_size=&#8221;full&#8221;][vc_column_text] La politica della salute e della sicurezza di Alpil Al\u00fcminyum deriva dal nostro rispetto alle persone e all\u2019ambiente. In tutti i campi d\u2019attivit\u00e0 di Alpil Al\u00fcminyum [&hellip;]<\/p>\n","protected":false},"author":2,"featured_media":0,"parent":3291,"menu_order":0,"comment_status":"closed","ping_status":"closed","template":"","meta":{"rs_blank_template":"","rs_page_bg_color":"","slide_template_v7":"","footnotes":""},"class_list":["post-3298","page","type-page","status-publish","hentry"],"_links":{"self":[{"href":"https:\/\/www.alpil.com.tr\/it\/wp-json\/wp\/v2\/pages\/3298","targetHints":{"allow":["GET"]}}],"collection":[{"href":"https:\/\/www.alpil.com.tr\/it\/wp-json\/wp\/v2\/pages"}],"about":[{"href":"https:\/\/www.alpil.com.tr\/it\/wp-json\/wp\/v2\/types\/page"}],"author":[{"embeddable":true,"href":"https:\/\/www.alpil.com.tr\/it\/wp-json\/wp\/v2\/users\/2"}],"replies":[{"embeddable":true,"href":"https:\/\/www.alpil.com.tr\/it\/wp-json\/wp\/v2\/comments?post=3298"}],"version-history":[{"count":0,"href":"https:\/\/www.alpil.com.tr\/it\/wp-json\/wp\/v2\/pages\/3298\/revisions"}],"up":[{"embeddable":true,"href":"https:\/\/www.alpil.com.tr\/it\/wp-json\/wp\/v2\/pages\/3291"}],"wp:attachment":[{"href":"https:\/\/www.alpil.com.tr\/it\/wp-json\/wp\/v2\/media?parent=3298"}],"curies":[{"name":"wp","href":"https:\/\/api.w.org\/{rel}","templated":true}]}}