{"id":3304,"date":"2017-01-05T15:27:51","date_gmt":"2017-01-05T13:27:51","guid":{"rendered":"http:\/\/www.alpil.com.tr\/demo\/?page_id=3304"},"modified":"2017-05-06T15:41:33","modified_gmt":"2017-05-06T12:41:33","slug":"ik-politikasi","status":"publish","type":"page","link":"https:\/\/www.alpil.com.tr\/it\/kurumsal\/insan-kaynaklari\/ik-politikasi\/","title":{"rendered":"Politica delle Risorse Umane"},"content":{"rendered":"<p>[vc_row rt_row_background_width=&#8221;default&#8221; rt_row_style=&#8221;default-style&#8221; rt_row_borders=&#8221;&#8221; rt_row_paddings=&#8221;true&#8221; rt_bg_effect=&#8221;classic&#8221; rt_bg_image_repeat=&#8221;repeat&#8221; rt_bg_size=&#8221;cover&#8221; rt_bg_position=&#8221;right top&#8221; rt_bg_attachment=&#8221;scroll&#8221; rt_bg_video_format=&#8221;self-hosted&#8221;][vc_column rt_wrp_col_paddings=&#8221;false&#8221; rt_border_top=&#8221;&#8221; rt_border_bottom=&#8221;&#8221; rt_border_left=&#8221;&#8221; rt_border_right=&#8221;&#8221; rt_border_top_mobile=&#8221;&#8221; rt_border_bottom_mobile=&#8221;&#8221; rt_border_left_mobile=&#8221;&#8221; rt_border_right_mobile=&#8221;&#8221; rt_bg_image_repeat=&#8221;repeat&#8221; rt_bg_size=&#8221;auto auto&#8221; rt_bg_position=&#8221;right top&#8221; rt_bg_attachment=&#8221;scroll&#8221;][vc_images_carousel images=&#8221;3491&#8243; img_size=&#8221;full&#8221;][vc_column_text]<\/p>\n<ul>\n<li>Proteggere e sviluppare la coscienza d\u2019azienda di Alpil e la cultura aziendale.<\/li>\n<li>Creare un ambiente di lavoro di lungo termine fondato su principi stabili e costanti, in armonia con la visione aziendale in tutti i processi professionali, con la coscienza di essere Alpil e di lavorare per Alpil.<\/li>\n<li>Diffondere i valori umani e la precedenza delle risorse del personale dentro la cultura aziendale, conoscere meglio le risorse umane e svilupparle per aumentare la sua efficienza.<\/li>\n<\/ul>\n<h3><strong><u>\u201cIl nostro patrimonio pi\u00f9 importante \u00e8 il nostro personale.\u201d<\/u><\/strong><\/h3>\n<p style=\"text-indent: 20px;\">La strategia delle risorse umane di Alpil che cerca di utilizzare l\u2019espressione \u201cValori Umani\u201d al posto di quella \u201cRisorse Umane\u201d, \u00e8 sotto definita:<br \/>\nLa nostra azienda \u00e8 formata da una forza umana che \u00e8 concentrata sugli obiettivi e sullo sviluppo, che lavora in squadra, che partecipa alle fasi amministrative, che \u00e8 aperta al mondo, che si sviluppa costantemente, che ha successo con la propria alta motivazione e che \u00e8 felice ed istruita.<\/p>\n<p>Per questo motivo,<\/p>\n<ul>\n<li>Le nostre strutture vengono create in modo da sostenere lo sviluppo e la visione dell\u2019azienda,<\/li>\n<li>Il personale effettua le proprie attivit\u00e0 in conformit\u00e0 alle regole etiche accettate dalle leggi e dagli ambienti internazionali, in una maniera legata alla cultura aziendale,<\/li>\n<li>In base ai compiti richiesti dai valori e dalle posizioni dell\u2019azienda, ci sviluppiamo aumentando i livelli dell\u2019informazione e della capacit\u00e0 tecnica del nostro personale e creando progetti amministrativi, personali e professionali,<\/li>\n<li>Diamo una particolare importanza alla comunicazione chiara e netta, basata sulla fiducia reciproca nell\u2019ambiente di lavoro e nella cultura aziendale,<\/li>\n<li>Effettuiamo tutte le attivit\u00e0 necessarie per aumentare la motivazione del nostro personale,<\/li>\n<li>Incoraggiamo il lavoro di squadra, creiamo squadre che utilizzano il tempo in maniera efficace, grazie alla loro concentrazione sul lavoro,<\/li>\n<li>In ogni fase del lavoro, cerchiamo di far interiorizzare da tutto il nostro personale la coscienza della qualit\u00e0.<\/li>\n<\/ul>\n<p>[\/vc_column_text][\/vc_column][\/vc_row]<\/p>","protected":false},"excerpt":{"rendered":"<p>[vc_row rt_row_background_width=&#8221;default&#8221; rt_row_style=&#8221;default-style&#8221; rt_row_borders=&#8221;&#8221; rt_row_paddings=&#8221;true&#8221; rt_bg_effect=&#8221;classic&#8221; rt_bg_image_repeat=&#8221;repeat&#8221; rt_bg_size=&#8221;cover&#8221; rt_bg_position=&#8221;right top&#8221; rt_bg_attachment=&#8221;scroll&#8221; rt_bg_video_format=&#8221;self-hosted&#8221;][vc_column rt_wrp_col_paddings=&#8221;false&#8221; rt_border_top=&#8221;&#8221; rt_border_bottom=&#8221;&#8221; rt_border_left=&#8221;&#8221; rt_border_right=&#8221;&#8221; rt_border_top_mobile=&#8221;&#8221; rt_border_bottom_mobile=&#8221;&#8221; rt_border_left_mobile=&#8221;&#8221; rt_border_right_mobile=&#8221;&#8221; rt_bg_image_repeat=&#8221;repeat&#8221; rt_bg_size=&#8221;auto auto&#8221; rt_bg_position=&#8221;right top&#8221; rt_bg_attachment=&#8221;scroll&#8221;][vc_images_carousel images=&#8221;3491&#8243; img_size=&#8221;full&#8221;][vc_column_text] Proteggere e sviluppare la coscienza d\u2019azienda di Alpil e la cultura aziendale. Creare un ambiente di lavoro di lungo termine fondato su principi stabili e costanti, [&hellip;]<\/p>\n","protected":false},"author":2,"featured_media":0,"parent":3301,"menu_order":0,"comment_status":"closed","ping_status":"closed","template":"","meta":{"rs_blank_template":"","rs_page_bg_color":"","slide_template_v7":"","footnotes":""},"class_list":["post-3304","page","type-page","status-publish","hentry"],"_links":{"self":[{"href":"https:\/\/www.alpil.com.tr\/it\/wp-json\/wp\/v2\/pages\/3304","targetHints":{"allow":["GET"]}}],"collection":[{"href":"https:\/\/www.alpil.com.tr\/it\/wp-json\/wp\/v2\/pages"}],"about":[{"href":"https:\/\/www.alpil.com.tr\/it\/wp-json\/wp\/v2\/types\/page"}],"author":[{"embeddable":true,"href":"https:\/\/www.alpil.com.tr\/it\/wp-json\/wp\/v2\/users\/2"}],"replies":[{"embeddable":true,"href":"https:\/\/www.alpil.com.tr\/it\/wp-json\/wp\/v2\/comments?post=3304"}],"version-history":[{"count":0,"href":"https:\/\/www.alpil.com.tr\/it\/wp-json\/wp\/v2\/pages\/3304\/revisions"}],"up":[{"embeddable":true,"href":"https:\/\/www.alpil.com.tr\/it\/wp-json\/wp\/v2\/pages\/3301"}],"wp:attachment":[{"href":"https:\/\/www.alpil.com.tr\/it\/wp-json\/wp\/v2\/media?parent=3304"}],"curies":[{"name":"wp","href":"https:\/\/api.w.org\/{rel}","templated":true}]}}