{"id":3328,"date":"2017-01-05T17:26:08","date_gmt":"2017-01-05T15:26:08","guid":{"rendered":"http:\/\/www.alpil.com.tr\/demo\/?page_id=3328"},"modified":"2017-05-06T16:03:32","modified_gmt":"2017-05-06T13:03:32","slug":"polietilen-pe","status":"publish","type":"page","link":"https:\/\/www.alpil.com.tr\/it\/urunler\/plastik\/polietilen-pe\/","title":{"rendered":"Polietilene (PE)"},"content":{"rendered":"<p>[vc_row rt_row_background_width=&#8221;default&#8221; rt_row_style=&#8221;default-style&#8221; rt_row_borders=&#8221;&#8221; rt_row_paddings=&#8221;true&#8221; rt_bg_effect=&#8221;classic&#8221; rt_bg_image_repeat=&#8221;repeat&#8221; rt_bg_size=&#8221;cover&#8221; rt_bg_position=&#8221;right top&#8221; rt_bg_attachment=&#8221;scroll&#8221; rt_bg_video_format=&#8221;self-hosted&#8221;][vc_column rt_wrp_col_paddings=&#8221;false&#8221; rt_border_top=&#8221;&#8221; rt_border_bottom=&#8221;&#8221; rt_border_left=&#8221;&#8221; rt_border_right=&#8221;&#8221; rt_border_top_mobile=&#8221;&#8221; rt_border_bottom_mobile=&#8221;&#8221; rt_border_left_mobile=&#8221;&#8221; rt_border_right_mobile=&#8221;&#8221; rt_bg_image_repeat=&#8221;repeat&#8221; rt_bg_size=&#8221;auto auto&#8221; rt_bg_position=&#8221;right top&#8221; rt_bg_attachment=&#8221;scroll&#8221;][vc_images_carousel images=&#8221;3501&#8243; img_size=&#8221;full&#8221;][vc_column_text]<\/p>\n<p style=\"text-indent: 20px;\">\u00a0\u00c8 un termoplastico che viene utilizzato in vari prodotti. Prende il suo nome dall\u2019etilene nella forma di monomero. Tramite l\u2019etilene viene prodotto il polietilene. Generalmente, nell\u2019industria di plastica, viene utilizzata l\u2019abbreviazione\u00a0 PE. Le molecole di etilene C2H4 in realt\u00e0 sono formate da due CH2 legati con doppio legame. \u00a0(CH2=CH2). \u00a0La modalit\u00e0 di produzione del polietilene \u00e8 la polimerizzazione di etilene. La procedura di polimerizzazione potrebbe avvenire tramite i metodi di polimerizzazione radicalica, polimerizzazione anionica, polimerizzazione con coordinazione ionica e polimerizzazione cationica. Ogni metodo produce un diverso tipo di polietilene.<\/p>\n<h2>\u00a0 <img loading=\"lazy\" decoding=\"async\" class=\"alignnone size-full wp-image-3329\" src=\"http:\/\/www.alpil.com.tr\/\/wp-content\/uploads\/2017\/01\/Ba\u015fl\u0131ks\u0131z-4.jpg\" alt=\"basliksiz-4\" width=\"105\" height=\"98\" \/><img loading=\"lazy\" decoding=\"async\" class=\"alignnone size-full wp-image-3330\" src=\"http:\/\/www.alpil.com.tr\/\/wp-content\/uploads\/2017\/01\/kkk.jpg\" alt=\"kkk\" width=\"105\" height=\"98\" \/><\/h2>\n<h2><strong>CLASSIFICAZIONE DEL POLIETILENE<\/strong><\/h2>\n<p style=\"text-indent: 20px;\">\u00a0Il polietielene viene classificato in diverse categorie in base alla sua densit\u00e0 e alle sue caretteristiche chimiche. Le caratteristiche meccaniche dipendono dal peso molecolare, dalla struttura dei cristalli e di ramificazione.<\/p>\n<ul>\n<li>UHMWPE (PE con un peso moleculare ultra alto )<\/li>\n<li>HDPE (PE con alta densit\u00e0)<\/li>\n<li>HDXLPE (PE con alta densit\u00e0 di reticolazione)<\/li>\n<li>PEX (PE con reticolazione)<\/li>\n<li>MDPE (PE di media densit\u00e0)<\/li>\n<li>LDPE (PE di bassa densit\u00e0)<\/li>\n<li>LLDPE (PE con bassa densit\u00e0 e legami lineari)<\/li>\n<\/ul>\n<h2><strong>CARATTERISTICHE<\/strong><\/h2>\n<p style=\"text-indent: 20px;\">Anche se le differenze si mostrano soprattutto in base alle loro tipologie, le caratteristiche generali sono l\u2019alta resistenza contro le condizioni esterne e contro l\u2019umidit\u00e0, l\u2019elasticit\u00e0, la bassa forza meccanica e l\u2019alta resistenza chimica. Hanno una vasta gamma di utilizzo come ad esempio i contenitori, le scatole di plastica, gli oggetti di cucina, i rivestimenti, i tubi, i giocattoli, gli strati isolanti dei cavi, gli imballaggi e le pellicole. Ha un basso costo di produzione.<\/p>\n<p>[\/vc_column_text][\/vc_column][\/vc_row]<\/p>","protected":false},"excerpt":{"rendered":"<p>[vc_row rt_row_background_width=&#8221;default&#8221; rt_row_style=&#8221;default-style&#8221; rt_row_borders=&#8221;&#8221; rt_row_paddings=&#8221;true&#8221; rt_bg_effect=&#8221;classic&#8221; rt_bg_image_repeat=&#8221;repeat&#8221; rt_bg_size=&#8221;cover&#8221; rt_bg_position=&#8221;right top&#8221; rt_bg_attachment=&#8221;scroll&#8221; rt_bg_video_format=&#8221;self-hosted&#8221;][vc_column rt_wrp_col_paddings=&#8221;false&#8221; rt_border_top=&#8221;&#8221; rt_border_bottom=&#8221;&#8221; rt_border_left=&#8221;&#8221; rt_border_right=&#8221;&#8221; rt_border_top_mobile=&#8221;&#8221; rt_border_bottom_mobile=&#8221;&#8221; rt_border_left_mobile=&#8221;&#8221; rt_border_right_mobile=&#8221;&#8221; rt_bg_image_repeat=&#8221;repeat&#8221; rt_bg_size=&#8221;auto auto&#8221; rt_bg_position=&#8221;right top&#8221; rt_bg_attachment=&#8221;scroll&#8221;][vc_images_carousel images=&#8221;3501&#8243; img_size=&#8221;full&#8221;][vc_column_text] \u00a0\u00c8 un termoplastico che viene utilizzato in vari prodotti. Prende il suo nome dall\u2019etilene nella forma di monomero. Tramite l\u2019etilene viene prodotto il polietilene. Generalmente, nell\u2019industria [&hellip;]<\/p>\n","protected":false},"author":2,"featured_media":0,"parent":3326,"menu_order":0,"comment_status":"closed","ping_status":"closed","template":"","meta":{"rs_blank_template":"","rs_page_bg_color":"","slide_template_v7":"","footnotes":""},"class_list":["post-3328","page","type-page","status-publish","hentry"],"_links":{"self":[{"href":"https:\/\/www.alpil.com.tr\/it\/wp-json\/wp\/v2\/pages\/3328","targetHints":{"allow":["GET"]}}],"collection":[{"href":"https:\/\/www.alpil.com.tr\/it\/wp-json\/wp\/v2\/pages"}],"about":[{"href":"https:\/\/www.alpil.com.tr\/it\/wp-json\/wp\/v2\/types\/page"}],"author":[{"embeddable":true,"href":"https:\/\/www.alpil.com.tr\/it\/wp-json\/wp\/v2\/users\/2"}],"replies":[{"embeddable":true,"href":"https:\/\/www.alpil.com.tr\/it\/wp-json\/wp\/v2\/comments?post=3328"}],"version-history":[{"count":0,"href":"https:\/\/www.alpil.com.tr\/it\/wp-json\/wp\/v2\/pages\/3328\/revisions"}],"up":[{"embeddable":true,"href":"https:\/\/www.alpil.com.tr\/it\/wp-json\/wp\/v2\/pages\/3326"}],"wp:attachment":[{"href":"https:\/\/www.alpil.com.tr\/it\/wp-json\/wp\/v2\/media?parent=3328"}],"curies":[{"name":"wp","href":"https:\/\/api.w.org\/{rel}","templated":true}]}}