{"id":3334,"date":"2017-01-05T17:28:47","date_gmt":"2017-01-05T15:28:47","guid":{"rendered":"http:\/\/www.alpil.com.tr\/demo\/?page_id=3334"},"modified":"2017-05-06T16:13:38","modified_gmt":"2017-05-06T13:13:38","slug":"polipropilen-pp","status":"publish","type":"page","link":"https:\/\/www.alpil.com.tr\/it\/urunler\/plastik\/polipropilen-pp\/","title":{"rendered":"Polippropilene (PP)"},"content":{"rendered":"<p>[vc_row rt_row_background_width=&#8221;default&#8221; rt_row_style=&#8221;default-style&#8221; rt_row_borders=&#8221;&#8221; rt_row_paddings=&#8221;true&#8221; rt_bg_effect=&#8221;classic&#8221; rt_bg_image_repeat=&#8221;repeat&#8221; rt_bg_size=&#8221;cover&#8221; rt_bg_position=&#8221;right top&#8221; rt_bg_attachment=&#8221;scroll&#8221; rt_bg_video_format=&#8221;self-hosted&#8221;][vc_column rt_wrp_col_paddings=&#8221;false&#8221; rt_border_top=&#8221;&#8221; rt_border_bottom=&#8221;&#8221; rt_border_left=&#8221;&#8221; rt_border_right=&#8221;&#8221; rt_border_top_mobile=&#8221;&#8221; rt_border_bottom_mobile=&#8221;&#8221; rt_border_left_mobile=&#8221;&#8221; rt_border_right_mobile=&#8221;&#8221; rt_bg_image_repeat=&#8221;repeat&#8221; rt_bg_size=&#8221;auto auto&#8221; rt_bg_position=&#8221;right top&#8221; rt_bg_attachment=&#8221;scroll&#8221;][vc_images_carousel images=&#8221;3504&#8243; img_size=&#8221;full&#8221;][vc_column_text]<\/p>\n<p style=\"text-indent: 20px;\">\u00a0\u00c8 un polimero che ha una vasta gamma di applicazione che va dai pezzi che vengono utilizzati nell\u2019industria automobilistica, al tessile e agli imballaggi degli alimenti. Il polipropilene che viene ottenuto tramite la trasformazione del monomero di propilene nel polimero, ha una resistenza altissima ai solventi chimici (acidi ed alcali). Il PP \u00e8 un polimero che viene prodotto tramite la polimerizzazione del propileno, \u00e8 un prodotto semi duro, trasparente, facile da elaborare ed \u00e8 a basso prezzo. Il Propilene che \u00e8 un monomero, viene ottenuto dal petrolio. Potrebbero prepararsi dei PP come l\u2019atactico, l\u2019isotactico e il sindiotactico con diverse caratteristiche. La temperatura di permeabilit\u00e0 vetrosa del PP isotactico \u00e8 di circa -10\u00b0C e la temperatura di scioglimento \u00e8 di circa 160\u00b0C. Siccome il punto di scioglimento \u00e8 basso, pu\u00f2 essere utilizzato a basse temperature del tipo di 90-110\u00b0C. Quando non viene effettuato il caricamento, pu\u00f2 resistere alle temperature del tipo di 140\u00b0C. La proporzione del cristallo cambia in misura del 60-70%, \u00e8 il termoplastico con il valore pi\u00f9 basso di densit\u00e0 con valori tra i 0,90-92 g\/cm\u00b3. Il PP ha una buona resistenza chimica. \u00c8 resistente ai raggi visibili, tuttavia i raggi UV rovinano la superficie dei materiali fatti in PP. L\u2019ossidazione del polimero si alza insieme alla temperatura. Invece, il nero di carbone che viene aggiunto per impedire l\u2019ossidazione velocizza l\u2019invecchiamento del polimere. Il cloro, l\u2019acido nitrico e gli altri forti ossidanti hanno un effetto su questo materiale. Pu\u00f2 essere bruciato, ma brucia lentamente. Non contiene veleni. Quando viene modificato nella maniera opportuna, ha una buona resistenza al calore. Viene utilizzato tramite \u2018\u2019Chrome plated\u2019\u2019, iniezione o foggiatura e estrude.\u00a0 Sotto sono descritte alcune sue caratteristiche importanti.<\/p>\n<p><strong>VARIET\u00c0 DI PP:<\/strong><br \/>\nCi sono tre tipi di PP.<\/p>\n<ol>\n<li>Polipropilene omopolimere,<\/li>\n<li>Polipropilene blocco copolimero<\/li>\n<li>Polipropilene random copolimerom, la particolarit\u00e0 pi\u00f9 importante di PPr \u00e8 il fatto che pu\u00f2 essere utilizzato negli impianti idraulici e, inoltre, pu\u00f2 essere utilizzato negli impianti di acqua calda.<\/li>\n<\/ol>\n<p><strong>SPECIFICHE<\/strong><\/p>\n<ul>\n<li>Peso specifico : 0,91<\/li>\n<li>Forza di trazione : 30-40 MPa<\/li>\n<li>Modulo di elasticit\u00e0 : 1400-1600 MPa<\/li>\n<li>Resistenza all\u2019urto : 5-10 kj\/m\u00b2<\/li>\n<li>Temperatura di deformazione : 110 \u00baC<\/li>\n<li>Temperatura di ammorbidimento di vicat\u00a0 : 155 \u00baC<\/li>\n<\/ul>\n<p><strong>VANTAGGI<\/strong><\/p>\n<ul>\n<li>Intervallo largo delle specifiche meccaniche<\/li>\n<li>Resistenza chimica<\/li>\n<li>Resistenza elettrica<\/li>\n<li>Resistenza contro la stanchezza<\/li>\n<li>Permeabilit\u00e0 di fiamma<\/li>\n<li>Proporzione tra il prezzo e di performance<\/li>\n<\/ul>\n<p><strong>CAMPI DI APPLICAZIONE<\/strong><\/p>\n<ul>\n<li>Mobili da giardino<\/li>\n<li>Corpi dei grandi elettrodomestici<\/li>\n<li>Fan di ventilatore<\/li>\n<li>Scomparto di detersivo<\/li>\n<li>Cestello di lavatrice<\/li>\n<li>Elettrodomestici<\/li>\n<li>Valigie<\/li>\n<li>Zaini<\/li>\n<li>Borse<\/li>\n<li>Bombole per le creme da barba<\/li>\n<li>Mezzi sanitari sterili<\/li>\n<li>Mensole di plastica<\/li>\n<li>Filtri d\u2019aria<\/li>\n<li>Contenitori di plastica<\/li>\n<li>Bottiglie<\/li>\n<li>Cruscotti<\/li>\n<li>Parasole<\/li>\n<li>Provette<\/li>\n<li>Contenitori da trasporto<\/li>\n<li>Contenitori di immagazzinamento<\/li>\n<li>Casse<\/li>\n<li>Scotch<\/li>\n<li>Imballaggio trasparante<\/li>\n<li>Termos<\/li>\n<\/ul>\n<p><strong>PROCESSO DI ELABORAZIONE DI PP<\/strong><\/p>\n<ul>\n<li>Il PP pu\u00f2 essere foggiato tramite i metodi conosciuti di elaborazione dei termoplastici.<\/li>\n<li>Il valore di temperatura consigliata per l\u2019elaborazione nell\u2019operazione di iniezione \u00e8 tra 180-260\u00b0C.<\/li>\n<\/ul>\n<p>[\/vc_column_text][\/vc_column][\/vc_row]<\/p>","protected":false},"excerpt":{"rendered":"<p>[vc_row rt_row_background_width=&#8221;default&#8221; rt_row_style=&#8221;default-style&#8221; rt_row_borders=&#8221;&#8221; rt_row_paddings=&#8221;true&#8221; rt_bg_effect=&#8221;classic&#8221; rt_bg_image_repeat=&#8221;repeat&#8221; rt_bg_size=&#8221;cover&#8221; rt_bg_position=&#8221;right top&#8221; rt_bg_attachment=&#8221;scroll&#8221; rt_bg_video_format=&#8221;self-hosted&#8221;][vc_column rt_wrp_col_paddings=&#8221;false&#8221; rt_border_top=&#8221;&#8221; rt_border_bottom=&#8221;&#8221; rt_border_left=&#8221;&#8221; rt_border_right=&#8221;&#8221; rt_border_top_mobile=&#8221;&#8221; rt_border_bottom_mobile=&#8221;&#8221; rt_border_left_mobile=&#8221;&#8221; rt_border_right_mobile=&#8221;&#8221; rt_bg_image_repeat=&#8221;repeat&#8221; rt_bg_size=&#8221;auto auto&#8221; rt_bg_position=&#8221;right top&#8221; rt_bg_attachment=&#8221;scroll&#8221;][vc_images_carousel images=&#8221;3504&#8243; img_size=&#8221;full&#8221;][vc_column_text] \u00a0\u00c8 un polimero che ha una vasta gamma di applicazione che va dai pezzi che vengono utilizzati nell\u2019industria automobilistica, al tessile e agli imballaggi degli alimenti. [&hellip;]<\/p>\n","protected":false},"author":2,"featured_media":0,"parent":3326,"menu_order":0,"comment_status":"closed","ping_status":"closed","template":"","meta":{"rs_blank_template":"","rs_page_bg_color":"","slide_template_v7":"","footnotes":""},"class_list":["post-3334","page","type-page","status-publish","hentry"],"_links":{"self":[{"href":"https:\/\/www.alpil.com.tr\/it\/wp-json\/wp\/v2\/pages\/3334","targetHints":{"allow":["GET"]}}],"collection":[{"href":"https:\/\/www.alpil.com.tr\/it\/wp-json\/wp\/v2\/pages"}],"about":[{"href":"https:\/\/www.alpil.com.tr\/it\/wp-json\/wp\/v2\/types\/page"}],"author":[{"embeddable":true,"href":"https:\/\/www.alpil.com.tr\/it\/wp-json\/wp\/v2\/users\/2"}],"replies":[{"embeddable":true,"href":"https:\/\/www.alpil.com.tr\/it\/wp-json\/wp\/v2\/comments?post=3334"}],"version-history":[{"count":0,"href":"https:\/\/www.alpil.com.tr\/it\/wp-json\/wp\/v2\/pages\/3334\/revisions"}],"up":[{"embeddable":true,"href":"https:\/\/www.alpil.com.tr\/it\/wp-json\/wp\/v2\/pages\/3326"}],"wp:attachment":[{"href":"https:\/\/www.alpil.com.tr\/it\/wp-json\/wp\/v2\/media?parent=3334"}],"curies":[{"name":"wp","href":"https:\/\/api.w.org\/{rel}","templated":true}]}}