{"id":3337,"date":"2017-01-05T17:30:15","date_gmt":"2017-01-05T15:30:15","guid":{"rendered":"http:\/\/www.alpil.com.tr\/demo\/?page_id=3337"},"modified":"2017-05-06T16:18:37","modified_gmt":"2017-05-06T13:18:37","slug":"ldpe-alcak-yogunluklu-pe","status":"publish","type":"page","link":"https:\/\/www.alpil.com.tr\/it\/urunler\/plastik\/ldpe-alcak-yogunluklu-pe\/","title":{"rendered":"LDPE (PE Con Bassa Densit\u00e0)"},"content":{"rendered":"<p>[vc_row rt_row_background_width=&#8221;default&#8221; rt_row_style=&#8221;default-style&#8221; rt_row_borders=&#8221;&#8221; rt_row_paddings=&#8221;true&#8221; rt_bg_effect=&#8221;classic&#8221; rt_bg_image_repeat=&#8221;repeat&#8221; rt_bg_size=&#8221;cover&#8221; rt_bg_position=&#8221;right top&#8221; rt_bg_attachment=&#8221;scroll&#8221; rt_bg_video_format=&#8221;self-hosted&#8221;][vc_column rt_wrp_col_paddings=&#8221;false&#8221; rt_border_top=&#8221;&#8221; rt_border_bottom=&#8221;&#8221; rt_border_left=&#8221;&#8221; rt_border_right=&#8221;&#8221; rt_border_top_mobile=&#8221;&#8221; rt_border_bottom_mobile=&#8221;&#8221; rt_border_left_mobile=&#8221;&#8221; rt_border_right_mobile=&#8221;&#8221; rt_bg_image_repeat=&#8221;repeat&#8221; rt_bg_size=&#8221;auto auto&#8221; rt_bg_position=&#8221;right top&#8221; rt_bg_attachment=&#8221;scroll&#8221;][vc_images_carousel images=&#8221;3508&#8243; img_size=&#8221;full&#8221;][vc_column_text]<\/p>\n<p style=\"text-indent: 20px;\">Il polietilene viene descritto come un termoplastico che viene utilizzato nei vari prodotti. Prende il suo nome dall\u2019etilene nella forma di monomero, utilizzando l\u2019etilene viene prodotto il polietilene. Nell\u2019industria plastica viene chiamato brevemente come PE.<\/p>\n<p style=\"text-indent: 20px;\">\u00a0Il polietilene viene classificato in varie categorie in base alla sua densit\u00e0 e alle sue caratteristiche. Le caratteristiche meccaniche dipendono dal peso molecolare, dalla struttura dei cristalli e di ramificazione.<\/p>\n<p style=\"text-indent: 20px;\">\u00a0Il <strong>Polietilene a bassa densit\u00e0<\/strong> (LDPE), \u00e8 un materiale termoplastico ottenuto dall\u2019etilene di monomero. Il Polietilene a bassa densit\u00e0 che \u00e8 stato prodotto da Imperial Chemical Industries (ICI) nel 1933 tramite la polimerizzazione dei radicali liberi con il metodo dell\u2019alta pressione, \u00e8 <strong>il polietilene con la pi\u00f9 bassa densit\u00e0<\/strong>. Questa produzione oggi utilizza lo stesso metodo. <strong>Il polietilene a bassa densit\u00e0 <\/strong>generalmente viene utilizzato nel settore dell\u2019agricoltura. Ha avuto un ruolo pi\u00f9 importante a seguito dello sviluppo della produzione delle verdure primizie e dei fertilizzanti. Inoltre, il polietilene di bassa densit\u00e0 viene utilizzato spesso negli imballaggi dei prodotti di esportazione. Viene consumato spesso nei campi di comunicazione, della distribuzione dell\u2019energia e dell\u2019industria. In questi campi aiuta lo sviluppo dell\u2019industria. <strong>Il polietilene a bassa densit\u00e0 <\/strong>\u00e8 iniziato ad essere prodotto in Turchia nel 1970. ??? Il polietilene a bassa densit\u00e0 viene definito con un intervallo di densit\u00e0 tra 0,910-0,940 g \/ sm3. ??? Nelle sue variazioni trasparenti e opache, il polietilene a bassa densit\u00e0 pu\u00f2 essere eleastico e duro ma si pu\u00f2 rompere facilmente.<\/p>\n<p style=\"text-indent: 20px;\">Inoltre, <strong>il polietilene a bassa densit\u00e0 <\/strong>ha una densit\u00e0 bassa. Gli elementi chimici di LDPE contengono carbone ed idrogeno.<\/p>\n<p><strong>SPECIFICHE<\/strong><\/p>\n<p>\u2022\u00a0Peso specifico : 0,92<br \/>\n\u2022 \u00a0Forza di trazione : 10-20 MPa<br \/>\n\u2022 Modulo di elasticit\u00e0 : 300-500 MPa<br \/>\n\u2022 \u00a0Resistenza all\u2019urto : 500 kj\/m\u00b2<br \/>\n\u2022 Temperatura di deformazione : 110 \u00baC<br \/>\n\u2022Temperatura di ammorbidimento di vicat\u00a0 : 94 \u00baC<\/p>\n<p><strong>VANTAGGI<\/strong><\/p>\n<p>\u2022 \u00a0Intervallo largo delle specifiche meccaniche<br \/>\n\u2022 \u00a0Resistenza chimica<br \/>\n\u2022 \u00a0Resistenza elettrica<br \/>\n\u2022 \u00a0Resistenza contro la stanchezza<br \/>\n\u2022 \u00a0Permeabilit\u00e0 di fiamma<br \/>\n\u2022 \u00a0Proporzione tra il prezzo e di performance<br \/>\n<strong><br \/>\nCAMPI DI APPLICAZIONE<br \/>\n<\/strong><br \/>\n\u2022 Buste di servizio pesante<br \/>\n\u2022 Produzione di pellicola<br \/>\n\u2022 \u00a0Rivestimento di carta<br \/>\n\u2022 \u00a0Barile<br \/>\n\u2022 \u00a0Giocattoli<br \/>\n\u2022 \u00a0Sacchi d\u2019immondizia<br \/>\n\u2022 \u00a0Isolamento di elettricit\u00e0<br \/>\n\u2022\u00a0Produzione delle bottiglie<\/p>\n<p><strong>PROCESSO DI ELABORAZIONE<\/strong><\/p>\n<ul>\n<li>Il LDPE pu\u00f2 essere forgiato tramite i metodi conosciuti di elaborazione dei termoplastici.<\/li>\n<li>Il valore di temperatura consigliata per l\u2019elaborazione nell\u2019operazione di iniezione \u00e8 tra i 180-240\u00b0C.<\/li>\n<\/ul>\n<p>[\/vc_column_text][\/vc_column][\/vc_row]<\/p>","protected":false},"excerpt":{"rendered":"<p>[vc_row rt_row_background_width=&#8221;default&#8221; rt_row_style=&#8221;default-style&#8221; rt_row_borders=&#8221;&#8221; rt_row_paddings=&#8221;true&#8221; rt_bg_effect=&#8221;classic&#8221; rt_bg_image_repeat=&#8221;repeat&#8221; rt_bg_size=&#8221;cover&#8221; rt_bg_position=&#8221;right top&#8221; rt_bg_attachment=&#8221;scroll&#8221; rt_bg_video_format=&#8221;self-hosted&#8221;][vc_column rt_wrp_col_paddings=&#8221;false&#8221; rt_border_top=&#8221;&#8221; rt_border_bottom=&#8221;&#8221; rt_border_left=&#8221;&#8221; rt_border_right=&#8221;&#8221; rt_border_top_mobile=&#8221;&#8221; rt_border_bottom_mobile=&#8221;&#8221; rt_border_left_mobile=&#8221;&#8221; rt_border_right_mobile=&#8221;&#8221; rt_bg_image_repeat=&#8221;repeat&#8221; rt_bg_size=&#8221;auto auto&#8221; rt_bg_position=&#8221;right top&#8221; rt_bg_attachment=&#8221;scroll&#8221;][vc_images_carousel images=&#8221;3508&#8243; img_size=&#8221;full&#8221;][vc_column_text] Il polietilene viene descritto come un termoplastico che viene utilizzato nei vari prodotti. Prende il suo nome dall\u2019etilene nella forma di monomero, utilizzando l\u2019etilene viene prodotto [&hellip;]<\/p>\n","protected":false},"author":2,"featured_media":0,"parent":3326,"menu_order":0,"comment_status":"closed","ping_status":"closed","template":"","meta":{"rs_blank_template":"","rs_page_bg_color":"","slide_template_v7":"","footnotes":""},"class_list":["post-3337","page","type-page","status-publish","hentry"],"_links":{"self":[{"href":"https:\/\/www.alpil.com.tr\/it\/wp-json\/wp\/v2\/pages\/3337","targetHints":{"allow":["GET"]}}],"collection":[{"href":"https:\/\/www.alpil.com.tr\/it\/wp-json\/wp\/v2\/pages"}],"about":[{"href":"https:\/\/www.alpil.com.tr\/it\/wp-json\/wp\/v2\/types\/page"}],"author":[{"embeddable":true,"href":"https:\/\/www.alpil.com.tr\/it\/wp-json\/wp\/v2\/users\/2"}],"replies":[{"embeddable":true,"href":"https:\/\/www.alpil.com.tr\/it\/wp-json\/wp\/v2\/comments?post=3337"}],"version-history":[{"count":0,"href":"https:\/\/www.alpil.com.tr\/it\/wp-json\/wp\/v2\/pages\/3337\/revisions"}],"up":[{"embeddable":true,"href":"https:\/\/www.alpil.com.tr\/it\/wp-json\/wp\/v2\/pages\/3326"}],"wp:attachment":[{"href":"https:\/\/www.alpil.com.tr\/it\/wp-json\/wp\/v2\/media?parent=3337"}],"curies":[{"name":"wp","href":"https:\/\/api.w.org\/{rel}","templated":true}]}}