{"id":3340,"date":"2017-01-05T17:41:08","date_gmt":"2017-01-05T15:41:08","guid":{"rendered":"http:\/\/www.alpil.com.tr\/demo\/?page_id=3340"},"modified":"2017-05-06T16:22:24","modified_gmt":"2017-05-06T13:22:24","slug":"hdpe-yuksek-yogunluklu-pe","status":"publish","type":"page","link":"https:\/\/www.alpil.com.tr\/it\/urunler\/plastik\/hdpe-yuksek-yogunluklu-pe\/","title":{"rendered":"HDPE (PE Con Alta Densit\u00e0)"},"content":{"rendered":"<p>[vc_row rt_row_background_width=&#8221;default&#8221; rt_row_style=&#8221;default-style&#8221; rt_row_borders=&#8221;&#8221; rt_row_paddings=&#8221;true&#8221; rt_bg_effect=&#8221;classic&#8221; rt_bg_image_repeat=&#8221;repeat&#8221; rt_bg_size=&#8221;cover&#8221; rt_bg_position=&#8221;right top&#8221; rt_bg_attachment=&#8221;scroll&#8221; rt_bg_video_format=&#8221;self-hosted&#8221;][vc_column rt_wrp_col_paddings=&#8221;false&#8221; rt_border_top=&#8221;&#8221; rt_border_bottom=&#8221;&#8221; rt_border_left=&#8221;&#8221; rt_border_right=&#8221;&#8221; rt_border_top_mobile=&#8221;&#8221; rt_border_bottom_mobile=&#8221;&#8221; rt_border_left_mobile=&#8221;&#8221; rt_border_right_mobile=&#8221;&#8221; rt_bg_image_repeat=&#8221;repeat&#8221; rt_bg_size=&#8221;auto auto&#8221; rt_bg_position=&#8221;right top&#8221; rt_bg_attachment=&#8221;scroll&#8221;][vc_images_carousel images=&#8221;3510&#8243; img_size=&#8221;full&#8221;][vc_column_text]<\/p>\n<p style=\"text-indent: 20px;\">Il polietilene viene descritto come un termoplastico che viene utilizzato nei vari prodotti. Prende il suo nome dall\u2019etilene nella forma di monomero, utilizzando l\u2019etilene viene prodotto il polietilene. Nell\u2019industria della plastica viene indicato brevemente come PE. In base alla sua densit\u00e0 viene diviso in due gruppi: il polietilene ad alta densita e a bassa densit\u00e0.<\/p>\n<p style=\"text-indent: 20px;\">\u00a0Il polietilene viene classificato nelle varie categorie in base alla sua densit\u00e0 e alle sue caratteristiche. Le caratteristiche meccaniche dipendono dal peso molecolare, dalla struttura dei cristalli e di ramificazione.<\/p>\n<p>\u00a0 \u00a0 \u00a0 L\u2019HDPE <strong>polietilene ad alta densit\u00e0<\/strong> \u00e8 un materiale in polietilene ad alta densit\u00e0 ottenuto dal petrolio. Siccome \u00e8 ad alta densit\u00e0 \u00e8 pi\u00f9 resistente rispetto agli altri tipi di polietilene ai materiali chimici. <strong>Il polietilene ad alta densit\u00e0<\/strong> \u00e8 resistente all\u2019urto e pu\u00f2 essere prodotto facilmente.<\/p>\n<p style=\"text-indent: 20px;\">\u00a0L\u2019HDPE<strong> (polietilene ad alta densit\u00e0) <\/strong>\u00e8 un materiale adatto ad essere iniettato, pu\u00f2 essere sterilizzato e quando non ci sono altri carichi pu\u00f2 essere utilizzato fino ad 80 gradi.<\/p>\n<p style=\"text-indent: 20px;\">\u00a0<strong>Il polietilene ad alta densit\u00e0 <\/strong>per il suo aspetto assomiglia al polietilene a bassa densit\u00e0 per\u00f2 \u00e8 molto pi\u00f9 duro, \u00e8 un polimere con una massa molecolare di circa 150.000-400.000. <strong>Il polietilene ad alta densit\u00e0 <\/strong>ha un\u2019ottima resistenza all\u2019acqua e ai materiali chimici. Invece non \u00e8 resistete alla luce e alle condizioni all\u2019aria aperta come <strong>il polietilene a bassa densit\u00e0<\/strong>. Tramite alcuni materiali di imbottitura, le sue caratteristiche possono essere migliorate. Normalmente, la sua resistenza al restringimento \u00e8 di circa 225-350 kg \/cm2. La sua resistenza al calore \u00e8 maggiore ai 100 \u00b0C.<\/p>\n<p style=\"text-indent: 20px;\">\u00a0Ha una vasta gamma di applicazioni come la produzione dei tubi di pressione, dei tubi di distribuzione del gas, delle bottiglie, degli isolatori, dei giocattoli, degli oggetti elettrici ed elettronici.<\/p>\n<p style=\"text-indent: 20px;\">Pu\u00f2 essere utilizzato per il settore dell\u2019industria e della produzione. Ha un\u2019ottima resistenza all\u2019acqua e ai materiali chimici. Non trattiene la sporcizia e la ruggine. Non contiene i materiali tossici ed \u00e8 molto facile da pulire. Non \u00e8 resistente alla luce e alle condizioni all\u2019aria aperta. Uno dei vantaggi del <strong>polietilene ad alta densit\u00e0 <\/strong>\u00e8 il fatto che non ha bisogno di avere un rivestimento protettore. Inoltre, \u00e8 molto resistente all\u2019invecchiamento. Pu\u00f2 essere unito pi\u00f9 facilmente rispetto agli altri materiali tipo l\u2019acciao, l\u2019alluminio e gli materiali compositi. Un\u2019altra sua caratteristica \u00e8 la sua resistenza al congelamento. Per la sua resistenza all\u2019acqua viene preferito maggiormente negli ultimi anni. Per questo motivo il <strong>polietilene a bassa densit\u00e0 <\/strong>viene utilizzato nella costruzione delle barche e dei depositi.<\/p>\n<p style=\"text-indent: 20px;\"><strong>Il polietilene ad alta densit\u00e0 <\/strong>\u00e8 un materiale adatto a vari tipi di foggiatura tipo l\u2019iniezione, il rivestimento a polvere, la pellicola, la faggiatura rottamante, etc. Il mantenimento dello stampo di iniezione a 50-70 \u00b0C aumenta la qualit\u00e0 del prodotto che esce dall\u2019attrezzatura. <strong>Il polietilene ad alta densit\u00e0 <\/strong>\u00e8 un materiale molto adatto anche alle applicazioni elettriche.<\/p>\n<p>CAMPI D\u2019APPLICAZIONE<\/p>\n<ul>\n<li>Oggetti di casa, giocattoli<\/li>\n<li>Pellicola di imballaggio<\/li>\n<li>Tubo (tubo duro, bottiglie di detersivo e di cosmetici (non trasparente)),<\/li>\n<li>Bidone d\u2019acqua e di gas<\/li>\n<li>Materiali di stampo rotazionale per i rivestimenti di pannelli, di carta, di tessuto e di metallo<\/li>\n<li>Buste a canottiera, buste plastiche, laminazione, sacchi a rete<\/li>\n<li>Tubi di acqua a pressione, di gas e di scarico<\/li>\n<li>Tubi di distribuzione di acqua, di scarico e di irrigazione<\/li>\n<\/ul>\n<p>[\/vc_column_text][\/vc_column][\/vc_row]<\/p>","protected":false},"excerpt":{"rendered":"<p>[vc_row rt_row_background_width=&#8221;default&#8221; rt_row_style=&#8221;default-style&#8221; rt_row_borders=&#8221;&#8221; rt_row_paddings=&#8221;true&#8221; rt_bg_effect=&#8221;classic&#8221; rt_bg_image_repeat=&#8221;repeat&#8221; rt_bg_size=&#8221;cover&#8221; rt_bg_position=&#8221;right top&#8221; rt_bg_attachment=&#8221;scroll&#8221; rt_bg_video_format=&#8221;self-hosted&#8221;][vc_column rt_wrp_col_paddings=&#8221;false&#8221; rt_border_top=&#8221;&#8221; rt_border_bottom=&#8221;&#8221; rt_border_left=&#8221;&#8221; rt_border_right=&#8221;&#8221; rt_border_top_mobile=&#8221;&#8221; rt_border_bottom_mobile=&#8221;&#8221; rt_border_left_mobile=&#8221;&#8221; rt_border_right_mobile=&#8221;&#8221; rt_bg_image_repeat=&#8221;repeat&#8221; rt_bg_size=&#8221;auto auto&#8221; rt_bg_position=&#8221;right top&#8221; rt_bg_attachment=&#8221;scroll&#8221;][vc_images_carousel images=&#8221;3510&#8243; img_size=&#8221;full&#8221;][vc_column_text] Il polietilene viene descritto come un termoplastico che viene utilizzato nei vari prodotti. Prende il suo nome dall\u2019etilene nella forma di monomero, utilizzando l\u2019etilene viene prodotto [&hellip;]<\/p>\n","protected":false},"author":2,"featured_media":0,"parent":3326,"menu_order":0,"comment_status":"closed","ping_status":"closed","template":"","meta":{"rs_blank_template":"","rs_page_bg_color":"","slide_template_v7":"","footnotes":""},"class_list":["post-3340","page","type-page","status-publish","hentry"],"_links":{"self":[{"href":"https:\/\/www.alpil.com.tr\/it\/wp-json\/wp\/v2\/pages\/3340","targetHints":{"allow":["GET"]}}],"collection":[{"href":"https:\/\/www.alpil.com.tr\/it\/wp-json\/wp\/v2\/pages"}],"about":[{"href":"https:\/\/www.alpil.com.tr\/it\/wp-json\/wp\/v2\/types\/page"}],"author":[{"embeddable":true,"href":"https:\/\/www.alpil.com.tr\/it\/wp-json\/wp\/v2\/users\/2"}],"replies":[{"embeddable":true,"href":"https:\/\/www.alpil.com.tr\/it\/wp-json\/wp\/v2\/comments?post=3340"}],"version-history":[{"count":0,"href":"https:\/\/www.alpil.com.tr\/it\/wp-json\/wp\/v2\/pages\/3340\/revisions"}],"up":[{"embeddable":true,"href":"https:\/\/www.alpil.com.tr\/it\/wp-json\/wp\/v2\/pages\/3326"}],"wp:attachment":[{"href":"https:\/\/www.alpil.com.tr\/it\/wp-json\/wp\/v2\/media?parent=3340"}],"curies":[{"name":"wp","href":"https:\/\/api.w.org\/{rel}","templated":true}]}}