{"id":2784,"date":"2016-09-08T20:29:31","date_gmt":"2016-09-08T17:29:31","guid":{"rendered":"http:\/\/rt19-demo12.rtthemes.com\/?page_id=2784"},"modified":"2017-05-06T15:09:22","modified_gmt":"2017-05-06T12:09:22","slug":"hakkimizda","status":"publish","type":"page","link":"https:\/\/www.alpil.com.tr\/pt\/kurumsal\/hakkimizda\/","title":{"rendered":"Acerca de N\u00f3s"},"content":{"rendered":"<p>[vc_row rt_row_background_width=&#8221;fullwidth&#8221; rt_row_content_width=&#8221;default&#8221; rt_row_style=&#8221;default-style&#8221; rt_column_placement=&#8221;middle&#8221; rt_row_borders=&#8221;&#8221; rt_row_paddings=&#8221;true&#8221; rt_bg_effect=&#8221;classic&#8221; rt_bg_image_repeat=&#8221;repeat&#8221; rt_bg_size=&#8221;cover&#8221; rt_bg_position=&#8221;right top&#8221; rt_bg_attachment=&#8221;scroll&#8221; rt_bg_video_format=&#8221;self-hosted&#8221;][vc_column width=&#8221;1\/12&#8243; rt_wrp_col_paddings=&#8221;false&#8221; rt_border_top=&#8221;&#8221; rt_border_bottom=&#8221;&#8221; rt_border_left=&#8221;&#8221; rt_border_right=&#8221;true&#8221; rt_border_top_mobile=&#8221;&#8221; rt_border_bottom_mobile=&#8221;&#8221; rt_border_left_mobile=&#8221;&#8221; rt_border_right_mobile=&#8221;&#8221; rt_bg_image_repeat=&#8221;repeat&#8221; rt_bg_size=&#8221;auto auto&#8221; rt_bg_position=&#8221;right top&#8221; rt_bg_attachment=&#8221;scroll&#8221; offset=&#8221;vc_hidden-xs&#8221;][vc_separator style=&#8221;style-6&#8243; width=&#8221;100%&#8221; margin_top=&#8221;0&#8243; margin_bottom=&#8221;0&#8243;][\/vc_column][vc_column width=&#8221;2\/3&#8243; rt_wrp_col_paddings=&#8221;false&#8221; rt_border_top=&#8221;&#8221; rt_border_bottom=&#8221;&#8221; rt_border_left=&#8221;&#8221; rt_border_right=&#8221;&#8221; rt_border_top_mobile=&#8221;&#8221; rt_border_bottom_mobile=&#8221;&#8221; rt_border_left_mobile=&#8221;&#8221; rt_border_right_mobile=&#8221;&#8221; rt_bg_image_repeat=&#8221;repeat&#8221; rt_bg_size=&#8221;auto auto&#8221; rt_bg_position=&#8221;right top&#8221; rt_bg_attachment=&#8221;scroll&#8221; rt_padding_left=&#8221;2%&#8221; rt_padding_right=&#8221;2%&#8221; rt_padding_top=&#8221;20&#8243; rt_padding_bottom=&#8221;20&#8243;]<div class=\"rt_heading_wrapper style-1\">\n\t\t\t\t\t\t<h4 class=\"rt_heading  style-1\" >Acerca de N\u00f3s <\/h4>\n\t\t\t\t\t<\/div>[vc_images_carousel images=&#8221;3456&#8243; img_size=&#8221;full&#8221;][vc_column_text]A Alpil Al\u00fcminyum \u00e9 uma empresa subsidi\u00e1ria da Celalo\u011flu Plastik que se ocupa com o setor mineiro e a reciclagem de pl\u00e1stico em Adana h\u00e1 30 anos. A Celalo\u011flu Plastik atualmente possui um dos maiores estabelecimentos integrados de reciclagem de pl\u00e1stico que conta com uma capacidade mensal de produ\u00e7\u00e3o de 4 toneladas.<\/p>\n<p>Os nossos pain\u00e9is comp\u00f3sitos das marcas SmartBOND e TrendBOND est\u00e3o dispon\u00edveis em cerca de 50 cores entre as quais desenhos de madeira, espelho de prata e espelho de ouro.<\/p>\n<p>A Alpil Al\u00fcminyum produz tamb\u00e9m placas planas de pl\u00e1stico em v\u00e1rias larguras (de 50 cm at\u00e9 185 cm), atuamos tamb\u00e9m no setor automotivo e no setor de constru\u00e7\u00e3o (as placas pl\u00e1sticas produzidas s\u00e3o usadas nas funda\u00e7\u00f5es das constru\u00e7\u00f5es para assegurar impermeabilidade). Realizamos as nossas atividades com um esp\u00edrito amador e mentalidade profissional no nosso estabelecimento que conta com uma \u00e1rea coberta de 9000 m\u00b2 e uma capacidade anual de produ\u00e7\u00e3o de 1.500.000 m\u00b2.[\/vc_column_text][\/vc_column][\/vc_row][vc_row rt_row_background_width=&#8221;fullwidth&#8221; rt_row_content_width=&#8221;default&#8221; rt_row_style=&#8221;default-style&#8221; rt_column_placement=&#8221;middle&#8221; rt_row_borders=&#8221;&#8221; rt_row_paddings=&#8221;true&#8221; rt_bg_effect=&#8221;classic&#8221; rt_bg_image_repeat=&#8221;repeat&#8221; rt_bg_size=&#8221;cover&#8221; rt_bg_position=&#8221;right top&#8221; rt_bg_attachment=&#8221;scroll&#8221; rt_bg_video_format=&#8221;self-hosted&#8221;][vc_column width=&#8221;1\/12&#8243; rt_wrp_col_paddings=&#8221;false&#8221; rt_border_top=&#8221;&#8221; rt_border_bottom=&#8221;&#8221; rt_border_left=&#8221;&#8221; rt_border_right=&#8221;true&#8221; rt_border_top_mobile=&#8221;&#8221; rt_border_bottom_mobile=&#8221;&#8221; rt_border_left_mobile=&#8221;&#8221; rt_border_right_mobile=&#8221;&#8221; rt_bg_image_repeat=&#8221;repeat&#8221; rt_bg_size=&#8221;auto auto&#8221; rt_bg_position=&#8221;right top&#8221; rt_bg_attachment=&#8221;scroll&#8221; offset=&#8221;vc_hidden-xs&#8221;][vc_separator style=&#8221;style-6&#8243; width=&#8221;100%&#8221; margin_top=&#8221;0&#8243; margin_bottom=&#8221;0&#8243;][\/vc_column][vc_column width=&#8221;2\/3&#8243; rt_wrp_col_paddings=&#8221;false&#8221; rt_border_top=&#8221;&#8221; rt_border_bottom=&#8221;&#8221; rt_border_left=&#8221;&#8221; rt_border_right=&#8221;&#8221; rt_border_top_mobile=&#8221;&#8221; rt_border_bottom_mobile=&#8221;&#8221; rt_border_left_mobile=&#8221;&#8221; rt_border_right_mobile=&#8221;&#8221; rt_bg_image_repeat=&#8221;repeat&#8221; rt_bg_size=&#8221;auto auto&#8221; rt_bg_position=&#8221;right top&#8221; rt_bg_attachment=&#8221;scroll&#8221; rt_padding_left=&#8221;2%&#8221; rt_padding_right=&#8221;2%&#8221; rt_padding_top=&#8221;20&#8243; rt_padding_bottom=&#8221;20&#8243;]<div class=\"rt_heading_wrapper style-1\">\n\t\t\t\t\t\t<h4 class=\"rt_heading  style-1\" >A Nossa Miss\u00e3o<\/h4>\n\t\t\t\t\t<\/div>[vc_images_carousel images=&#8221;3452&#8243; img_size=&#8221;full&#8221;][vc_column_text]<\/p>\n<p style=\"text-indent: 20px;\">\u201cSer um parceiro que cria solu\u00e7\u00f5es que facilitem e tornem mais c\u00f3modos os projetos dos nossos clientes gra\u00e7as aos nossos colaboradores felizes e inovadores.<\/p>\n<p style=\"text-indent: 20px;\"><strong>Somos Inovadores<\/strong><\/p>\n<ul>\n<li style=\"text-indent: 20px;\">Sendo l\u00edderes daideia e aplica\u00e7\u00e3o no setor, n\u00f3s determinamos a atualidade do setor<\/li>\n<li style=\"text-indent: 20px;\">A nossa for\u00e7a vem das nossas diferen\u00e7as, da nossa criatividade e da nossa inova\u00e7\u00e3o.<\/li>\n<li style=\"text-indent: 20px;\">Damos valor a retornos e autocr\u00edtica e criamos oportunidades para desenvolvimento.<\/li>\n<\/ul>\n<p style=\"text-indent: 20px;\"><strong>Somos Corajosos<\/strong><\/p>\n<ul>\n<li style=\"text-indent: 20px;\">Tomamos decis\u00f5es r\u00e1pidas e pomos rapidamente em pr\u00e1tica as mudan\u00e7as e as\u00a0inova\u00e7\u00f5es.<\/li>\n<li style=\"text-indent: 20px;\">Ambicionamos o \u00eaxito em todas as condi\u00e7\u00f5es e lutamos sem desistir.<\/li>\n<li style=\"text-indent: 20px;\">Orientamos o mercado e dirigimos a concorr\u00eancia atrav\u00e9s desolu\u00e7\u00f5es originais e inovadoras.<\/li>\n<\/ul>\n<p style=\"text-indent: 20px;\">\u00a0<strong>Estamos Abertos para Colabora\u00e7\u00e3o<\/strong><\/p>\n<ul>\n<li style=\"text-indent: 20px;\">Damos valor a outros e acreditamos em \u00eaxito conjunto.<\/li>\n<li style=\"text-indent: 20px;\">Trabalhamos com determina\u00e7\u00e3o e sentimos orgulho e alegria quando temos \u00eaxito em projetos que pareciam dif\u00edceis de alcan\u00e7ar.<\/li>\n<li style=\"text-indent: 20px;\">Acreditamos em conhecimentos e habilidades de outros e estamos prontos para trabalhar em conjunto.<\/li>\n<\/ul>\n<p style=\"text-indent: 20px;\"><strong>A Nossa Vis\u00e3o<\/strong><\/p>\n<p style=\"text-indent: 20px;\">\u201c Ser a empresa preferida e escolhida do setor em que atuamos\u201d<\/p>\n<p style=\"text-indent: 20px;\"><strong>Somos Confi\u00e1veis<\/strong><\/p>\n<ul>\n<li style=\"text-indent: 20px;\">Atendemos cuidadosamente os clientes, oferecemos a melhor solu\u00e7\u00e3o para as suas necessidades.<\/li>\n<li style=\"text-indent: 20px;\">Divulgamos as nossas decis\u00f5es com transpar\u00eancia.<\/li>\n<li style=\"text-indent: 20px;\">Entendemos e respeitamos as diferen\u00e7as.<\/li>\n<\/ul>\n<p style=\"text-indent: 20px;\"><strong>Temos Amor \u00e0 Vida<\/strong><\/p>\n<p style=\"text-indent: 20px;\">Come\u00e7amos cada novo dia com entusiasmo.<\/p>\n<p style=\"text-indent: 20px;\">Pensamos sempre como jovens e vivemos dinamicamente.<\/p>\n<p style=\"text-indent: 20px;\">Trabalhamos com gosto.<\/p>\n<p style=\"text-indent: 20px;\"><strong>Somos Sinceros <\/strong><\/p>\n<ul>\n<li style=\"text-indent: 20px;\">Comportamo-nos com sinceridade, livres de estere\u00f3tipos e preconceitos.<\/li>\n<li style=\"text-indent: 20px;\">Compartilhamos a vida, as alegrias e as tristezas, compartilhamos a responsabilidade, o \u00eaxito e as dificuldades.<\/li>\n<li style=\"text-indent: 20px;\">Realizamos investimentos que acrescentam valor \u00e0 sociedade bem como \u00e0s gera\u00e7\u00f5es posteriores<\/li>\n<\/ul>\n<p>[\/vc_column_text][\/vc_column][\/vc_row][vc_row rt_row_background_width=&#8221;fullwidth&#8221; rt_row_content_width=&#8221;default&#8221; rt_row_style=&#8221;default-style&#8221; rt_column_placement=&#8221;middle&#8221; rt_row_borders=&#8221;&#8221; rt_row_paddings=&#8221;true&#8221; rt_bg_effect=&#8221;classic&#8221; rt_bg_image_repeat=&#8221;repeat&#8221; rt_bg_size=&#8221;cover&#8221; rt_bg_position=&#8221;right top&#8221; rt_bg_attachment=&#8221;scroll&#8221; rt_bg_video_format=&#8221;self-hosted&#8221;][vc_column width=&#8221;1\/12&#8243; rt_wrp_col_paddings=&#8221;false&#8221; rt_border_top=&#8221;&#8221; rt_border_bottom=&#8221;&#8221; rt_border_left=&#8221;&#8221; rt_border_right=&#8221;true&#8221; rt_border_top_mobile=&#8221;&#8221; rt_border_bottom_mobile=&#8221;&#8221; rt_border_left_mobile=&#8221;&#8221; rt_border_right_mobile=&#8221;&#8221; rt_bg_image_repeat=&#8221;repeat&#8221; rt_bg_size=&#8221;auto auto&#8221; rt_bg_position=&#8221;right top&#8221; rt_bg_attachment=&#8221;scroll&#8221; offset=&#8221;vc_hidden-xs&#8221;][vc_separator style=&#8221;style-6&#8243; width=&#8221;100%&#8221; margin_top=&#8221;0&#8243; margin_bottom=&#8221;0&#8243;][\/vc_column][vc_column width=&#8221;2\/3&#8243; rt_wrp_col_paddings=&#8221;false&#8221; rt_border_top=&#8221;&#8221; rt_border_bottom=&#8221;&#8221; rt_border_left=&#8221;&#8221; rt_border_right=&#8221;&#8221; rt_border_top_mobile=&#8221;&#8221; rt_border_bottom_mobile=&#8221;&#8221; rt_border_left_mobile=&#8221;&#8221; rt_border_right_mobile=&#8221;&#8221; rt_bg_image_repeat=&#8221;repeat&#8221; rt_bg_size=&#8221;auto auto&#8221; rt_bg_position=&#8221;right top&#8221; rt_bg_attachment=&#8221;scroll&#8221; rt_padding_left=&#8221;2%&#8221; rt_padding_right=&#8221;2%&#8221; rt_padding_top=&#8221;20&#8243; rt_padding_bottom=&#8221;20&#8243;]<div class=\"rt_heading_wrapper style-1\">\n\t\t\t\t\t\t<h4 class=\"rt_heading  style-1\" >Os Nossos Valores<\/h4>\n\t\t\t\t\t<\/div>[vc_images_carousel images=&#8221;3461&#8243; img_size=&#8221;full&#8221;][vc_column_text]<\/p>\n<ul>\n<li><strong>Confiabilidade<\/strong><\/li>\n<\/ul>\n<p style=\"text-indent: 20px;\">Trata-se do crit\u00e9rio correto para o sucesso dos trabalhadores, dirigentes, produtos e processos de acordo com um padr\u00e3 opr\u00e9-determinado. Deste modo a coer\u00eancia \u00e9 assegurada e os clientes ganham deste facto.<\/p>\n<p style=\"text-indent: 20px;\">Os nossos trabalhadores e dirigentes s\u00e3o confi\u00e1veis; Existe uma coer\u00eancia entre palavras e a\u00e7\u00f5es. Isso permite o funcionamento confi\u00e1vel do sistema e dos processos. Os\u00a0resultados de alta qualidade obt\u00eam-se em ambientes e condi\u00e7\u00f5es mais saud\u00e1veis. Daqui resulta a satisfa\u00e7\u00e3o dos clientes e a confiabilidade.<\/p>\n<ul>\n<li><strong>\u00caxito Sustent\u00e1vel<\/strong><\/li>\n<\/ul>\n<p style=\"text-indent: 20px;\">\u00caxito \u00e9 oresultado de um trabalho bem-sucedido. Hoje em dia o \u00eaxito \u00e9 valioso somente se for sustent\u00e1vel e permanente. O \u00eaxito baseado em factos sustent\u00e1veis permite um desenvolvimento cont\u00ednuo. A gest\u00e3o do \u00eaxito \u00e9 mais dif\u00edcil do que alcan\u00e7\u00e1-lo. A dire\u00e7\u00e3o da empresa aponta alvos novos e mais altos quando os trabalhadores sentem a felicidade do \u00eaxito.<\/p>\n<p style=\"text-indent: 20px;\">\u00c9 necess\u00e1rio desenvolvimento mental, crescimento cont\u00ednuo e saud\u00e1vel e p\u00f4r em pr\u00e1tica, de uma forma est\u00e1vel, as decis\u00f5es\u00a0 atrav\u00e9s dos planos certos para se desenvolver em todas as \u00e1reas. \u00c9 necess\u00e1rio estabelecer novos alvos enquanto se guarda o que se possui. Novas estrat\u00e9gias e novos alvos mant\u00eam a empresa din\u00e2mica e jovem. O timing \u00e9 muito importante para estabelecer novos alvos. As novas estrat\u00e9gias elaboram-se enquanto um \u00eaxito est\u00e1 para surgir. Uma equipa que est\u00e1 focada no mesmo alvo est\u00e1 apoiada com uma forma\u00e7\u00e3o necess\u00e1ria. \u00c9 preciso ter uma estrat\u00e9gia orientada para os resultados, assim obt\u00e9m-se um desenvolvimento cont\u00ednuo que permite \u00eaxito permanente.<\/p>\n<ul>\n<li><strong>Perfecionismo<\/strong><\/li>\n<\/ul>\n<p style=\"text-indent: 20px;\">\u201cSe fa\u00e7o um trabalho, devo ser o melhor\u201d. Perfecionismo significa ser totalmente competente sem margem para erros. Todas as unidades da estrutura corporativa devem funcionar como um todo, segundo os padr\u00f5es da mais alta qualidade. As posi\u00e7\u00f5es, os trabalhos, as compet\u00eancias necess\u00e1rias, as forma\u00e7\u00f5es exigidas por estas compet\u00eancias s\u00e3o definidos. Al\u00e9m da realiza\u00e7\u00e3o de uma determinada tarefa de acordo com o processo, deve-se ter em considera\u00e7\u00e3o e apoiar a dedica\u00e7\u00e3o total de um trabalhador ao realizar uma tarefa. As novas ideias s\u00e3o escutadas atentamente, avaliadas, premiadas e postas em pr\u00e1tica. A mentalidade de perfecionismo acrescenta valor ao nosso trabalho a favor de clientes, parceiros de neg\u00f3cio e todas as pessoas reais e jur\u00eddicas que tenham uma rela\u00e7\u00e3o direta com a empresa. O ambiente e as pessoas que n\u00e3o t\u00eam rela\u00e7\u00e3o direta com a\u00a0empresa tamb\u00e9m s\u00e3o considerados no \u00e2mbito do perfecionismo. O perfecionismo \u00e9 um alvo n\u00e3o s\u00f3 para os processos de trabalho e produ\u00e7\u00e3o mas,tamb\u00e9m para todas as fun\u00e7\u00f5es, estruturas e organiza\u00e7\u00f5es corporativas<\/p>\n<ul>\n<li><strong>Empreendedorismo<\/strong><\/li>\n<\/ul>\n<p style=\"text-indent: 20px;\">O empreendedorismo consiste em reunir m\u00e3o-de-obra, capital social e ambiente para projetar e organizar os fatores produtivos assumindo todos os riscos. A mentalidade do empreendedorismo domina em toda a nossa empresa. As novas ideias s\u00e3o apoiadas e avaliadas. Talento, coragem e conhecimentos s\u00e3o elementos importantes do empreendedorismo. O facto de se conhecer pormenorizadamente os pedidos e expectativas dos clientes \u00e9 importante para avaliar novas \u00e1reas de neg\u00f3cios. A confiabilidade \u00e9 muito importante para o empreendedorismo. Al\u00e9m da confian\u00e7a da pessoa ou da empresa em si, a do mercado e dos parceiros em pessoa ou empresa \u00e9 um factor muito importante no que diz respeito \u00e0 transforma\u00e7\u00e3o do empreendedorismo em \u00eaxito. Estar aberto a novidades exige produ\u00e7\u00e3o de novas e inusuais solu\u00e7\u00f5es para problemas e necessidades. Determina\u00e7\u00e3o atempada para aproveitar oportunidades, aplica\u00e7\u00e3o atempada, assun\u00e7\u00e3o de riscos, dar passos para frente tendo em conta a conjuntura, aumentam o \u00eaxito. Abordagens pioneiras e habilidade de tomar decis\u00f5es r\u00e1pidas e razo\u00e1veis colocam o empreendedor mais \u00e0 frente em rela\u00e7\u00e3o aos seus advers\u00e1rios.<\/p>\n<p>[\/vc_column_text][\/vc_column][\/vc_row]<\/p>","protected":false},"excerpt":{"rendered":"<p>[vc_row rt_row_background_width=&#8221;fullwidth&#8221; rt_row_content_width=&#8221;default&#8221; rt_row_style=&#8221;default-style&#8221; rt_column_placement=&#8221;middle&#8221; rt_row_borders=&#8221;&#8221; rt_row_paddings=&#8221;true&#8221; rt_bg_effect=&#8221;classic&#8221; rt_bg_image_repeat=&#8221;repeat&#8221; rt_bg_size=&#8221;cover&#8221; rt_bg_position=&#8221;right top&#8221; rt_bg_attachment=&#8221;scroll&#8221; rt_bg_video_format=&#8221;self-hosted&#8221;][vc_column width=&#8221;1\/12&#8243; rt_wrp_col_paddings=&#8221;false&#8221; rt_border_top=&#8221;&#8221; rt_border_bottom=&#8221;&#8221; rt_border_left=&#8221;&#8221; rt_border_right=&#8221;true&#8221; rt_border_top_mobile=&#8221;&#8221; rt_border_bottom_mobile=&#8221;&#8221; rt_border_left_mobile=&#8221;&#8221; rt_border_right_mobile=&#8221;&#8221; rt_bg_image_repeat=&#8221;repeat&#8221; rt_bg_size=&#8221;auto auto&#8221; rt_bg_position=&#8221;right top&#8221; rt_bg_attachment=&#8221;scroll&#8221; offset=&#8221;vc_hidden-xs&#8221;][vc_separator style=&#8221;style-6&#8243; width=&#8221;100%&#8221; margin_top=&#8221;0&#8243; margin_bottom=&#8221;0&#8243;][\/vc_column][vc_column width=&#8221;2\/3&#8243; rt_wrp_col_paddings=&#8221;false&#8221; rt_border_top=&#8221;&#8221; rt_border_bottom=&#8221;&#8221; rt_border_left=&#8221;&#8221; rt_border_right=&#8221;&#8221; rt_border_top_mobile=&#8221;&#8221; rt_border_bottom_mobile=&#8221;&#8221; rt_border_left_mobile=&#8221;&#8221; rt_border_right_mobile=&#8221;&#8221; rt_bg_image_repeat=&#8221;repeat&#8221; rt_bg_size=&#8221;auto auto&#8221; rt_bg_position=&#8221;right top&#8221; rt_bg_attachment=&#8221;scroll&#8221; rt_padding_left=&#8221;2%&#8221; rt_padding_right=&#8221;2%&#8221; rt_padding_top=&#8221;20&#8243; rt_padding_bottom=&#8221;20&#8243;][vc_images_carousel [&hellip;]<\/p>\n","protected":false},"author":2,"featured_media":0,"parent":3000,"menu_order":0,"comment_status":"closed","ping_status":"closed","template":"","meta":{"rs_blank_template":"","rs_page_bg_color":"","slide_template_v7":"","footnotes":""},"class_list":["post-2784","page","type-page","status-publish","hentry"],"_links":{"self":[{"href":"https:\/\/www.alpil.com.tr\/pt\/wp-json\/wp\/v2\/pages\/2784","targetHints":{"allow":["GET"]}}],"collection":[{"href":"https:\/\/www.alpil.com.tr\/pt\/wp-json\/wp\/v2\/pages"}],"about":[{"href":"https:\/\/www.alpil.com.tr\/pt\/wp-json\/wp\/v2\/types\/page"}],"author":[{"embeddable":true,"href":"https:\/\/www.alpil.com.tr\/pt\/wp-json\/wp\/v2\/users\/2"}],"replies":[{"embeddable":true,"href":"https:\/\/www.alpil.com.tr\/pt\/wp-json\/wp\/v2\/comments?post=2784"}],"version-history":[{"count":0,"href":"https:\/\/www.alpil.com.tr\/pt\/wp-json\/wp\/v2\/pages\/2784\/revisions"}],"up":[{"embeddable":true,"href":"https:\/\/www.alpil.com.tr\/pt\/wp-json\/wp\/v2\/pages\/3000"}],"wp:attachment":[{"href":"https:\/\/www.alpil.com.tr\/pt\/wp-json\/wp\/v2\/media?parent=2784"}],"curies":[{"name":"wp","href":"https:\/\/api.w.org\/{rel}","templated":true}]}}