{"id":3097,"date":"2016-12-08T16:12:08","date_gmt":"2016-12-08T14:12:08","guid":{"rendered":"http:\/\/www.alpil.com.tr\/demo\/?page_id=3097"},"modified":"2017-05-06T15:19:12","modified_gmt":"2017-05-06T12:19:12","slug":"kalite-politikamiz","status":"publish","type":"page","link":"https:\/\/www.alpil.com.tr\/pt\/kurumsal\/kalite-politikamiz\/","title":{"rendered":"A Nossa Pol\u00edtica de Qualidade"},"content":{"rendered":"<p>[vc_row rt_row_background_width=&#8221;default&#8221; rt_row_style=&#8221;default-style&#8221; rt_row_borders=&#8221;&#8221; rt_row_paddings=&#8221;true&#8221; rt_bg_effect=&#8221;classic&#8221; rt_bg_image_repeat=&#8221;repeat&#8221; rt_bg_size=&#8221;cover&#8221; rt_bg_position=&#8221;right top&#8221; rt_bg_attachment=&#8221;scroll&#8221; rt_bg_video_format=&#8221;self-hosted&#8221;][vc_column rt_wrp_col_paddings=&#8221;false&#8221; rt_border_top=&#8221;&#8221; rt_border_bottom=&#8221;&#8221; rt_border_left=&#8221;&#8221; rt_border_right=&#8221;&#8221; rt_border_top_mobile=&#8221;&#8221; rt_border_bottom_mobile=&#8221;&#8221; rt_border_left_mobile=&#8221;&#8221; rt_border_right_mobile=&#8221;&#8221; rt_bg_image_repeat=&#8221;repeat&#8221; rt_bg_size=&#8221;auto auto&#8221; rt_bg_position=&#8221;right top&#8221; rt_bg_attachment=&#8221;scroll&#8221;][vc_images_carousel images=&#8221;3474&#8243; img_size=&#8221;full&#8221;][vc_column_text]<\/p>\n<ul>\n<li>Sekt\u00f6r\u00fcne uygun ulusal ve uluslararas\u0131 standartlara, mevzuatlara, \u0130\u015f sa\u011fl\u0131\u011f\u0131 ve g\u00fcvenli\u011fi ve \u00e7evre mevzuatlar\u0131na uymak.<\/li>\n<li>M\u00fc\u015fteri ihtiya\u00e7 ve beklentilerini en iyi \u015fekilde anlamak, cevap vermek ve kar\u015f\u0131lamak.<\/li>\n<li>Sat\u0131\u015f s\u00fcrecinde taahh\u00fct edilen zamanda \u00fcr\u00fcnleri teslim etmek.<\/li>\n<li>Kaliteden taviz vermeden her zaman yeniliklere a\u00e7\u0131k olmak ve her noktada s\u00fcrekli iyile\u015fme ve m\u00fckemmel olan\u0131 \u00fcretmeyi temel felsefemiz olarak belirlemek.<\/li>\n<li>\u015eirketin t\u00fcm b\u00f6l\u00fcmlerinde \u00e7al\u0131\u015fanlar\u0131n memnuniyetini sa\u011flamak.<\/li>\n<li>T\u00fcm \u00fcretim ve hizmet a\u015famalar\u0131m\u0131zda \u00e7evre kirlili\u011finin \u00f6nlenmesini ve \u00e7evresel performans\u0131m\u0131z\u0131n s\u00fcrekli geli\u015ftirilmesini sa\u011flamak.<\/li>\n<li>Alpil markas\u0131na ba\u011fl\u0131 \u00e7al\u0131\u015fanlarla, m\u00fc\u015fterilerimizin sesini dinleyerek, m\u00fc\u015fterilerimize dokunan s\u00fcre\u00e7lerimizi s\u00fcrekli g\u00f6zden ge\u00e7irmek.<\/li>\n<li>Verdi\u011fimiz hizmetin kalitesini garanti eder, m\u00fc\u015fterilerimizin \u015fik\u00e2yet ve isteklerini adil ve objektif bir \u015fekilde de\u011ferlendirerek, sorumlulu\u011funu \u00fcstlenmek.<\/li>\n<li>\u015eik\u00e2yet ve \u00f6nerilerin k\u00f6k nedenlerine iner, kal\u0131c\u0131 iyile\u015ftirmeleri sistem ve s\u00fcre\u00e7lerimizde uygulamak.<\/li>\n<li>Deneyimimiz ve m\u00fc\u015fteri odakl\u0131 hizmetimizle sahip oldu\u011fumuz t\u00fcm kaynaklar\u0131 m\u00fc\u015fterilerimizden gelen geri bildirimleri yasal mevzuat ve d\u00fczenlemelere uygun hareket ederek &#8220;m\u00fc\u015fteri memnuniyeti&#8221; ne d\u00f6n\u00fc\u015ft\u00fcrmek \u00fczere kullanmak.<\/li>\n<\/ul>\n<p>[\/vc_column_text][\/vc_column][\/vc_row]<\/p>","protected":false},"excerpt":{"rendered":"<p>[vc_row rt_row_background_width=&#8221;default&#8221; rt_row_style=&#8221;default-style&#8221; rt_row_borders=&#8221;&#8221; rt_row_paddings=&#8221;true&#8221; rt_bg_effect=&#8221;classic&#8221; rt_bg_image_repeat=&#8221;repeat&#8221; rt_bg_size=&#8221;cover&#8221; rt_bg_position=&#8221;right top&#8221; rt_bg_attachment=&#8221;scroll&#8221; rt_bg_video_format=&#8221;self-hosted&#8221;][vc_column rt_wrp_col_paddings=&#8221;false&#8221; rt_border_top=&#8221;&#8221; rt_border_bottom=&#8221;&#8221; rt_border_left=&#8221;&#8221; rt_border_right=&#8221;&#8221; rt_border_top_mobile=&#8221;&#8221; rt_border_bottom_mobile=&#8221;&#8221; rt_border_left_mobile=&#8221;&#8221; rt_border_right_mobile=&#8221;&#8221; rt_bg_image_repeat=&#8221;repeat&#8221; rt_bg_size=&#8221;auto auto&#8221; rt_bg_position=&#8221;right top&#8221; rt_bg_attachment=&#8221;scroll&#8221;][vc_images_carousel images=&#8221;3474&#8243; img_size=&#8221;full&#8221;][vc_column_text] Sekt\u00f6r\u00fcne uygun ulusal ve uluslararas\u0131 standartlara, mevzuatlara, \u0130\u015f sa\u011fl\u0131\u011f\u0131 ve g\u00fcvenli\u011fi ve \u00e7evre mevzuatlar\u0131na uymak. M\u00fc\u015fteri ihtiya\u00e7 ve beklentilerini en iyi \u015fekilde anlamak, cevap vermek ve [&hellip;]<\/p>\n","protected":false},"author":2,"featured_media":0,"parent":3000,"menu_order":0,"comment_status":"closed","ping_status":"closed","template":"","meta":{"rs_blank_template":"","rs_page_bg_color":"","slide_template_v7":"","footnotes":""},"class_list":["post-3097","page","type-page","status-publish","hentry"],"_links":{"self":[{"href":"https:\/\/www.alpil.com.tr\/pt\/wp-json\/wp\/v2\/pages\/3097","targetHints":{"allow":["GET"]}}],"collection":[{"href":"https:\/\/www.alpil.com.tr\/pt\/wp-json\/wp\/v2\/pages"}],"about":[{"href":"https:\/\/www.alpil.com.tr\/pt\/wp-json\/wp\/v2\/types\/page"}],"author":[{"embeddable":true,"href":"https:\/\/www.alpil.com.tr\/pt\/wp-json\/wp\/v2\/users\/2"}],"replies":[{"embeddable":true,"href":"https:\/\/www.alpil.com.tr\/pt\/wp-json\/wp\/v2\/comments?post=3097"}],"version-history":[{"count":0,"href":"https:\/\/www.alpil.com.tr\/pt\/wp-json\/wp\/v2\/pages\/3097\/revisions"}],"up":[{"embeddable":true,"href":"https:\/\/www.alpil.com.tr\/pt\/wp-json\/wp\/v2\/pages\/3000"}],"wp:attachment":[{"href":"https:\/\/www.alpil.com.tr\/pt\/wp-json\/wp\/v2\/media?parent=3097"}],"curies":[{"name":"wp","href":"https:\/\/api.w.org\/{rel}","templated":true}]}}