{"id":3294,"date":"2017-01-05T15:15:59","date_gmt":"2017-01-05T13:15:59","guid":{"rendered":"http:\/\/www.alpil.com.tr\/demo\/?page_id=3294"},"modified":"2017-05-06T15:20:12","modified_gmt":"2017-05-06T12:20:12","slug":"cevre-politikamiz","status":"publish","type":"page","link":"https:\/\/www.alpil.com.tr\/pt\/kalite-ve-yonetim-sistemi\/cevre-politikamiz\/","title":{"rendered":"A Nossa Pol\u00edtica Ambiental"},"content":{"rendered":"<p>[vc_row rt_row_background_width=&#8221;default&#8221; rt_row_style=&#8221;default-style&#8221; rt_row_borders=&#8221;&#8221; rt_row_paddings=&#8221;true&#8221; rt_bg_effect=&#8221;classic&#8221; rt_bg_image_repeat=&#8221;repeat&#8221; rt_bg_size=&#8221;cover&#8221; rt_bg_position=&#8221;right top&#8221; rt_bg_attachment=&#8221;scroll&#8221; rt_bg_video_format=&#8221;self-hosted&#8221;][vc_column rt_wrp_col_paddings=&#8221;false&#8221; rt_border_top=&#8221;&#8221; rt_border_bottom=&#8221;&#8221; rt_border_left=&#8221;&#8221; rt_border_right=&#8221;&#8221; rt_border_top_mobile=&#8221;&#8221; rt_border_bottom_mobile=&#8221;&#8221; rt_border_left_mobile=&#8221;&#8221; rt_border_right_mobile=&#8221;&#8221; rt_bg_image_repeat=&#8221;repeat&#8221; rt_bg_size=&#8221;auto auto&#8221; rt_bg_position=&#8221;right top&#8221; rt_bg_attachment=&#8221;scroll&#8221;][vc_images_carousel images=&#8221;3483&#8243; img_size=&#8221;full&#8221;][vc_column_text]<\/p>\n<ul>\n<li>Utilizar mat\u00e9rias-primas e tecnologia com menos impacto ambiental e mais recicl\u00e1veis.<\/li>\n<li>Respeitar a legisla\u00e7\u00e3o ambiental vigente e as exig\u00eancias dos clientes.<\/li>\n<li>Controlar os res\u00edduos e elimin\u00e1-los de forma apropriada para prevenir a polui\u00e7\u00e3o ambiental.<\/li>\n<li>Utilizar eficazmente energia e recursos naturais.<\/li>\n<li>Sensibilizar todos os colaboradores e fornecedores acerca do ambiente.<\/li>\n<li>Melhorar continuamente o sistema da gest\u00e3o ambiental e alcan\u00e7ar as metas relacionadas com o ambiente.<\/li>\n<\/ul>\n<p>[\/vc_column_text][\/vc_column][\/vc_row]<\/p>","protected":false},"excerpt":{"rendered":"<p>[vc_row rt_row_background_width=&#8221;default&#8221; rt_row_style=&#8221;default-style&#8221; rt_row_borders=&#8221;&#8221; rt_row_paddings=&#8221;true&#8221; rt_bg_effect=&#8221;classic&#8221; rt_bg_image_repeat=&#8221;repeat&#8221; rt_bg_size=&#8221;cover&#8221; rt_bg_position=&#8221;right top&#8221; rt_bg_attachment=&#8221;scroll&#8221; rt_bg_video_format=&#8221;self-hosted&#8221;][vc_column rt_wrp_col_paddings=&#8221;false&#8221; rt_border_top=&#8221;&#8221; rt_border_bottom=&#8221;&#8221; rt_border_left=&#8221;&#8221; rt_border_right=&#8221;&#8221; rt_border_top_mobile=&#8221;&#8221; rt_border_bottom_mobile=&#8221;&#8221; rt_border_left_mobile=&#8221;&#8221; rt_border_right_mobile=&#8221;&#8221; rt_bg_image_repeat=&#8221;repeat&#8221; rt_bg_size=&#8221;auto auto&#8221; rt_bg_position=&#8221;right top&#8221; rt_bg_attachment=&#8221;scroll&#8221;][vc_images_carousel images=&#8221;3483&#8243; img_size=&#8221;full&#8221;][vc_column_text] Utilizar mat\u00e9rias-primas e tecnologia com menos impacto ambiental e mais recicl\u00e1veis. Respeitar a legisla\u00e7\u00e3o ambiental vigente e as exig\u00eancias dos clientes. Controlar os res\u00edduos e elimin\u00e1-los [&hellip;]<\/p>\n","protected":false},"author":2,"featured_media":0,"parent":3291,"menu_order":0,"comment_status":"closed","ping_status":"closed","template":"","meta":{"rs_blank_template":"","rs_page_bg_color":"","slide_template_v7":"","footnotes":""},"class_list":["post-3294","page","type-page","status-publish","hentry"],"_links":{"self":[{"href":"https:\/\/www.alpil.com.tr\/pt\/wp-json\/wp\/v2\/pages\/3294","targetHints":{"allow":["GET"]}}],"collection":[{"href":"https:\/\/www.alpil.com.tr\/pt\/wp-json\/wp\/v2\/pages"}],"about":[{"href":"https:\/\/www.alpil.com.tr\/pt\/wp-json\/wp\/v2\/types\/page"}],"author":[{"embeddable":true,"href":"https:\/\/www.alpil.com.tr\/pt\/wp-json\/wp\/v2\/users\/2"}],"replies":[{"embeddable":true,"href":"https:\/\/www.alpil.com.tr\/pt\/wp-json\/wp\/v2\/comments?post=3294"}],"version-history":[{"count":0,"href":"https:\/\/www.alpil.com.tr\/pt\/wp-json\/wp\/v2\/pages\/3294\/revisions"}],"up":[{"embeddable":true,"href":"https:\/\/www.alpil.com.tr\/pt\/wp-json\/wp\/v2\/pages\/3291"}],"wp:attachment":[{"href":"https:\/\/www.alpil.com.tr\/pt\/wp-json\/wp\/v2\/media?parent=3294"}],"curies":[{"name":"wp","href":"https:\/\/api.w.org\/{rel}","templated":true}]}}