{"id":3298,"date":"2017-01-05T15:19:32","date_gmt":"2017-01-05T13:19:32","guid":{"rendered":"http:\/\/www.alpil.com.tr\/demo\/?page_id=3298"},"modified":"2017-05-06T15:25:42","modified_gmt":"2017-05-06T12:25:42","slug":"is-sagligi-ve-guvenligi-politikamiz","status":"publish","type":"page","link":"https:\/\/www.alpil.com.tr\/pt\/kalite-ve-yonetim-sistemi\/is-sagligi-ve-guvenligi-politikamiz\/","title":{"rendered":"A nossa Pol\u00edtica de Sa\u00fade e Seguran\u00e7a no Trabalho"},"content":{"rendered":"<p>[vc_row rt_row_background_width=&#8221;default&#8221; rt_row_style=&#8221;default-style&#8221; rt_row_borders=&#8221;&#8221; rt_row_paddings=&#8221;true&#8221; rt_bg_effect=&#8221;classic&#8221; rt_bg_image_repeat=&#8221;repeat&#8221; rt_bg_size=&#8221;cover&#8221; rt_bg_position=&#8221;right top&#8221; rt_bg_attachment=&#8221;scroll&#8221; rt_bg_video_format=&#8221;self-hosted&#8221;][vc_column rt_wrp_col_paddings=&#8221;false&#8221; rt_border_top=&#8221;&#8221; rt_border_bottom=&#8221;&#8221; rt_border_left=&#8221;&#8221; rt_border_right=&#8221;&#8221; rt_border_top_mobile=&#8221;&#8221; rt_border_bottom_mobile=&#8221;&#8221; rt_border_left_mobile=&#8221;&#8221; rt_border_right_mobile=&#8221;&#8221; rt_bg_image_repeat=&#8221;repeat&#8221; rt_bg_size=&#8221;auto auto&#8221; rt_bg_position=&#8221;right top&#8221; rt_bg_attachment=&#8221;scroll&#8221;][vc_images_carousel images=&#8221;3486&#8243; img_size=&#8221;full&#8221;][vc_column_text]<\/p>\n<p style=\"text-indent: 10px;\">A pol\u00edtica de sa\u00fade e seguran\u00e7a no Trabalho da Alpil Al\u00fcminyum baseia-se no respeito pelo ser humano e ambiente. A Alpil Al\u00fcmniyum prioriza semprea sa\u00fade e a seguran\u00e7a do trabalho e agimos de acordo com o lema \u201c proteja a sua sa\u00fade, proteja o seu trabalho\u201d. Cada um dos colaboradores \u00e9 respons\u00e1vel pela parte que lhe cabe em assegurar um ambiente de trabalho seguro e saud\u00e1vel. Um dos nossos alvos mais importantes consiste em proteger o ambiente e os riscos de trabalho.<\/p>\n<p style=\"text-indent: 10px;\">Neste sentido realizamos o seguinte;<\/p>\n<ul>\n<li style=\"text-indent: 10px;\">Tomar todas as medidas necess\u00e1rias, disponibilizar equipamentos de prote\u00e7\u00e3o pessoal e usar os mesmos nos casos necess\u00e1rios de acordo com a legisla\u00e7\u00e3o e os regulamentos relacionados com sa\u00fade e seguran\u00e7a no trabalho para assegurar a sa\u00fade e a seguran\u00e7a dos colaboradores que trabalham dentro e fora dos nossos estabelecimentos, empresas subcontratadas e visitantes.<\/li>\n<li style=\"text-indent: 10px;\">Atrav\u00e9s de uma an\u00e1lise eficiente de riscos, avaliar antecipadamente e prevenir os eventuais riscos de acidente, acidentes de trabalho e doen\u00e7as profissionais no local de trabalho.<\/li>\n<li style=\"text-indent: 10px;\">Detetar eventuais riscos que possam causar acidentes de trabalho e doen\u00e7as profissionais, assegurar o bem-estar dos colaboradores, visitantes, empresas subcontratadas, reduzir todo o tipo de danos materiais e morais que eles e os seus familiares possam sofrer.<\/li>\n<li style=\"text-indent: 10px;\">Dar forma\u00e7\u00e3o aos nossos colaboradores em sa\u00fade e seguran\u00e7a no trabalho e sensibiliz\u00e1-los acerca de sa\u00fade e seguran\u00e7a no trabalho.<\/li>\n<li style=\"text-indent: 10px;\">Fazer com que as empresas subcontratadas e os visitantes no local de trabalho respeitem as regras relacionadas com sa\u00fade e seguran\u00e7a no trabalho estabelecidas pela Alpil Al\u00fcminyum.<\/li>\n<li style=\"text-indent: 10px;\">Tornar a Alpil Al\u00fcminyum uma empresa exemplar em termos de sa\u00fade e seguran\u00e7a no trabalho junto das entidades, c\u00e2maras de com\u00e9rcio e associa\u00e7\u00f5es \u00e0s quais a empresa est\u00e1 afiliada.<\/li>\n<li style=\"text-indent: 10px;\">Prever eventuais situa\u00e7\u00f5es com as quais a empresa se pode deparar tendo em conta o crescimento do mundo industrial, promover um desenvolvimento cont\u00ednuo, avaliar a si mesma.<\/li>\n<li style=\"text-indent: 10px;\">Manter a vig\u00eancia do sistema de sa\u00fade e seguran\u00e7a no trabalho para alcan\u00e7ar as metas acima citadas.<\/li>\n<\/ul>\n<p>[\/vc_column_text][\/vc_column][\/vc_row]<\/p>","protected":false},"excerpt":{"rendered":"<p>[vc_row rt_row_background_width=&#8221;default&#8221; rt_row_style=&#8221;default-style&#8221; rt_row_borders=&#8221;&#8221; rt_row_paddings=&#8221;true&#8221; rt_bg_effect=&#8221;classic&#8221; rt_bg_image_repeat=&#8221;repeat&#8221; rt_bg_size=&#8221;cover&#8221; rt_bg_position=&#8221;right top&#8221; rt_bg_attachment=&#8221;scroll&#8221; rt_bg_video_format=&#8221;self-hosted&#8221;][vc_column rt_wrp_col_paddings=&#8221;false&#8221; rt_border_top=&#8221;&#8221; rt_border_bottom=&#8221;&#8221; rt_border_left=&#8221;&#8221; rt_border_right=&#8221;&#8221; rt_border_top_mobile=&#8221;&#8221; rt_border_bottom_mobile=&#8221;&#8221; rt_border_left_mobile=&#8221;&#8221; rt_border_right_mobile=&#8221;&#8221; rt_bg_image_repeat=&#8221;repeat&#8221; rt_bg_size=&#8221;auto auto&#8221; rt_bg_position=&#8221;right top&#8221; rt_bg_attachment=&#8221;scroll&#8221;][vc_images_carousel images=&#8221;3486&#8243; img_size=&#8221;full&#8221;][vc_column_text] A pol\u00edtica de sa\u00fade e seguran\u00e7a no Trabalho da Alpil Al\u00fcminyum baseia-se no respeito pelo ser humano e ambiente. A Alpil Al\u00fcmniyum prioriza semprea sa\u00fade e [&hellip;]<\/p>\n","protected":false},"author":2,"featured_media":0,"parent":3291,"menu_order":0,"comment_status":"closed","ping_status":"closed","template":"","meta":{"rs_blank_template":"","rs_page_bg_color":"","slide_template_v7":"","footnotes":""},"class_list":["post-3298","page","type-page","status-publish","hentry"],"_links":{"self":[{"href":"https:\/\/www.alpil.com.tr\/pt\/wp-json\/wp\/v2\/pages\/3298","targetHints":{"allow":["GET"]}}],"collection":[{"href":"https:\/\/www.alpil.com.tr\/pt\/wp-json\/wp\/v2\/pages"}],"about":[{"href":"https:\/\/www.alpil.com.tr\/pt\/wp-json\/wp\/v2\/types\/page"}],"author":[{"embeddable":true,"href":"https:\/\/www.alpil.com.tr\/pt\/wp-json\/wp\/v2\/users\/2"}],"replies":[{"embeddable":true,"href":"https:\/\/www.alpil.com.tr\/pt\/wp-json\/wp\/v2\/comments?post=3298"}],"version-history":[{"count":0,"href":"https:\/\/www.alpil.com.tr\/pt\/wp-json\/wp\/v2\/pages\/3298\/revisions"}],"up":[{"embeddable":true,"href":"https:\/\/www.alpil.com.tr\/pt\/wp-json\/wp\/v2\/pages\/3291"}],"wp:attachment":[{"href":"https:\/\/www.alpil.com.tr\/pt\/wp-json\/wp\/v2\/media?parent=3298"}],"curies":[{"name":"wp","href":"https:\/\/api.w.org\/{rel}","templated":true}]}}