{"id":3304,"date":"2017-01-05T15:27:51","date_gmt":"2017-01-05T13:27:51","guid":{"rendered":"http:\/\/www.alpil.com.tr\/demo\/?page_id=3304"},"modified":"2017-05-06T15:41:33","modified_gmt":"2017-05-06T12:41:33","slug":"ik-politikasi","status":"publish","type":"page","link":"https:\/\/www.alpil.com.tr\/pt\/kurumsal\/insan-kaynaklari\/ik-politikasi\/","title":{"rendered":"Pol\u00edtica dos Recursos Humanos"},"content":{"rendered":"<p>[vc_row rt_row_background_width=&#8221;default&#8221; rt_row_style=&#8221;default-style&#8221; rt_row_borders=&#8221;&#8221; rt_row_paddings=&#8221;true&#8221; rt_bg_effect=&#8221;classic&#8221; rt_bg_image_repeat=&#8221;repeat&#8221; rt_bg_size=&#8221;cover&#8221; rt_bg_position=&#8221;right top&#8221; rt_bg_attachment=&#8221;scroll&#8221; rt_bg_video_format=&#8221;self-hosted&#8221;][vc_column rt_wrp_col_paddings=&#8221;false&#8221; rt_border_top=&#8221;&#8221; rt_border_bottom=&#8221;&#8221; rt_border_left=&#8221;&#8221; rt_border_right=&#8221;&#8221; rt_border_top_mobile=&#8221;&#8221; rt_border_bottom_mobile=&#8221;&#8221; rt_border_left_mobile=&#8221;&#8221; rt_border_right_mobile=&#8221;&#8221; rt_bg_image_repeat=&#8221;repeat&#8221; rt_bg_size=&#8221;auto auto&#8221; rt_bg_position=&#8221;right top&#8221; rt_bg_attachment=&#8221;scroll&#8221;][vc_images_carousel images=&#8221;3491&#8243; img_size=&#8221;full&#8221;][vc_column_text]<\/p>\n<ul>\n<li>Manter e desenvolver a mentalidade e cultura corporativa da Alpil.<\/li>\n<li>Proporcionar um ambiente de trabalho de longa dura\u00e7\u00e3o baseado no esp\u00edrito amador e na mentalidade profissional da Alpil. Respeitar a vis\u00e3o da Alpil ao determinar a pol\u00edtica dos recursos humanos.<\/li>\n<li>Priorizar valores humanos e recursos humanos na cultura corporativa. Conhecer e entender melhor os recursos humanos, proporcionar desenvolvimento pessoal e aumentar a efici\u00eancia dos recursos humanos.<\/li>\n<\/ul>\n<h3><strong>\u201cO nosso bem mais valioso s\u00e3o os nossos colaboradores.\u201d<\/strong><\/h3>\n<p style=\"text-indent: 20px;\">A Alpil tenciona substituir o termo recursos humanos por valores humanos. A nossa estrat\u00e9gia dos recursos humanos \u00e9 a seguinte:<\/p>\n<p style=\"text-indent: 20px;\">Possuir colaboradores felizes e motivados que trabalhem em equipa, focados nos alvos e nas estrat\u00e9gias de crescimento da empresa, abertos a mudan\u00e7as e ao mundo, que se desenvolvem de forma cont\u00ednua e t\u00eam \u00eaxito.<\/p>\n<p style=\"text-indent: 20px;\">Para alcan\u00e7ar este objetivo garantimos o seguinte:<\/p>\n<ul>\n<li style=\"text-indent: 20px;\">Os colaboradores s\u00e3o escolhidos de forma que\u00a0acrescentem valor, crescimento e vis\u00e3o \u00e0 empresa.<\/li>\n<li style=\"text-indent: 20px;\">Os colaboradores trabalham de acordo com a cultura da empresa em conformidade com as leis e os princ\u00edpios internacionais de \u00e9tica.<\/li>\n<li style=\"text-indent: 20px;\">Elaborar planos de desenvolvimento profissional que aumentam as habilidades e os conhecimentos t\u00e9cnicos dos colaboradores. Estes planos s\u00e3o compat\u00edveis com as posi\u00e7\u00f5es dos colaboradores bem como com os valores da empresa.<\/li>\n<li style=\"text-indent: 20px;\">Estabelecer uma comunica\u00e7\u00e3o aberta e clara baseada na confian\u00e7a m\u00fatua dentro da empresa.<\/li>\n<li style=\"text-indent: 20px;\">Fazer tudo o que \u00e9 poss\u00edvel para aumentar a motiva\u00e7\u00e3o dos colaboradores.<\/li>\n<li style=\"text-indent: 20px;\">Incentivar o trabalho em equipa, formar equipas com alta concentra\u00e7\u00e3o mental que usem eficazmente o tempo.<\/li>\n<\/ul>\n<p style=\"text-indent: 20px;\">Fazer com que a mentalidade de qualidade sejam adotada pelos colaboradores em todos os processos.<\/p>\n<p>[\/vc_column_text][\/vc_column][\/vc_row]<\/p>","protected":false},"excerpt":{"rendered":"<p>[vc_row rt_row_background_width=&#8221;default&#8221; rt_row_style=&#8221;default-style&#8221; rt_row_borders=&#8221;&#8221; rt_row_paddings=&#8221;true&#8221; rt_bg_effect=&#8221;classic&#8221; rt_bg_image_repeat=&#8221;repeat&#8221; rt_bg_size=&#8221;cover&#8221; rt_bg_position=&#8221;right top&#8221; rt_bg_attachment=&#8221;scroll&#8221; rt_bg_video_format=&#8221;self-hosted&#8221;][vc_column rt_wrp_col_paddings=&#8221;false&#8221; rt_border_top=&#8221;&#8221; rt_border_bottom=&#8221;&#8221; rt_border_left=&#8221;&#8221; rt_border_right=&#8221;&#8221; rt_border_top_mobile=&#8221;&#8221; rt_border_bottom_mobile=&#8221;&#8221; rt_border_left_mobile=&#8221;&#8221; rt_border_right_mobile=&#8221;&#8221; rt_bg_image_repeat=&#8221;repeat&#8221; rt_bg_size=&#8221;auto auto&#8221; rt_bg_position=&#8221;right top&#8221; rt_bg_attachment=&#8221;scroll&#8221;][vc_images_carousel images=&#8221;3491&#8243; img_size=&#8221;full&#8221;][vc_column_text] Manter e desenvolver a mentalidade e cultura corporativa da Alpil. Proporcionar um ambiente de trabalho de longa dura\u00e7\u00e3o baseado no esp\u00edrito amador e na mentalidade profissional [&hellip;]<\/p>\n","protected":false},"author":2,"featured_media":0,"parent":3301,"menu_order":0,"comment_status":"closed","ping_status":"closed","template":"","meta":{"rs_blank_template":"","rs_page_bg_color":"","slide_template_v7":"","footnotes":""},"class_list":["post-3304","page","type-page","status-publish","hentry"],"_links":{"self":[{"href":"https:\/\/www.alpil.com.tr\/pt\/wp-json\/wp\/v2\/pages\/3304","targetHints":{"allow":["GET"]}}],"collection":[{"href":"https:\/\/www.alpil.com.tr\/pt\/wp-json\/wp\/v2\/pages"}],"about":[{"href":"https:\/\/www.alpil.com.tr\/pt\/wp-json\/wp\/v2\/types\/page"}],"author":[{"embeddable":true,"href":"https:\/\/www.alpil.com.tr\/pt\/wp-json\/wp\/v2\/users\/2"}],"replies":[{"embeddable":true,"href":"https:\/\/www.alpil.com.tr\/pt\/wp-json\/wp\/v2\/comments?post=3304"}],"version-history":[{"count":0,"href":"https:\/\/www.alpil.com.tr\/pt\/wp-json\/wp\/v2\/pages\/3304\/revisions"}],"up":[{"embeddable":true,"href":"https:\/\/www.alpil.com.tr\/pt\/wp-json\/wp\/v2\/pages\/3301"}],"wp:attachment":[{"href":"https:\/\/www.alpil.com.tr\/pt\/wp-json\/wp\/v2\/media?parent=3304"}],"curies":[{"name":"wp","href":"https:\/\/api.w.org\/{rel}","templated":true}]}}