{"id":3334,"date":"2017-01-05T17:28:47","date_gmt":"2017-01-05T15:28:47","guid":{"rendered":"http:\/\/www.alpil.com.tr\/demo\/?page_id=3334"},"modified":"2017-05-06T16:13:38","modified_gmt":"2017-05-06T13:13:38","slug":"polipropilen-pp","status":"publish","type":"page","link":"https:\/\/www.alpil.com.tr\/pt\/urunler\/plastik\/polipropilen-pp\/","title":{"rendered":"Polipropileno (PP)"},"content":{"rendered":"<p>[vc_row rt_row_background_width=&#8221;default&#8221; rt_row_style=&#8221;default-style&#8221; rt_row_borders=&#8221;&#8221; rt_row_paddings=&#8221;true&#8221; rt_bg_effect=&#8221;classic&#8221; rt_bg_image_repeat=&#8221;repeat&#8221; rt_bg_size=&#8221;cover&#8221; rt_bg_position=&#8221;right top&#8221; rt_bg_attachment=&#8221;scroll&#8221; rt_bg_video_format=&#8221;self-hosted&#8221;][vc_column rt_wrp_col_paddings=&#8221;false&#8221; rt_border_top=&#8221;&#8221; rt_border_bottom=&#8221;&#8221; rt_border_left=&#8221;&#8221; rt_border_right=&#8221;&#8221; rt_border_top_mobile=&#8221;&#8221; rt_border_bottom_mobile=&#8221;&#8221; rt_border_left_mobile=&#8221;&#8221; rt_border_right_mobile=&#8221;&#8221; rt_bg_image_repeat=&#8221;repeat&#8221; rt_bg_size=&#8221;auto auto&#8221; rt_bg_position=&#8221;right top&#8221; rt_bg_attachment=&#8221;scroll&#8221;][vc_images_carousel images=&#8221;3504&#8243; img_size=&#8221;full&#8221;][vc_column_text]<\/p>\n<p style=\"text-indent: 20px;\">Trata-se de um pol\u00edmerotermo pl\u00e1stico cuja \u00e1rea de aplica\u00e7\u00e3o varia de pe\u00e7as utilizadas na ind\u00fastria automotiva at\u00e9 embalagens de t\u00eaxtil e alimentos. O polipropileno obtido atrav\u00e9s da polimeriza\u00e7\u00e3o do propileno mon\u00f3mero \u00e9 altamente resistente aos solventes qu\u00edmicos (\u00e1cidos e bases). O PP \u00e9 um pol\u00edmero male\u00e1vel, econ\u00f3mico, semiduro e transparente que se produz atrav\u00e9s da polimeriza\u00e7\u00e3o do propileno. O Propileno mon\u00f3mero obt\u00e9m-se atrav\u00e9s do petr\u00f3leo. Pode-se obter PP at\u00e1tico, isot\u00e1tico e sindiot\u00e1tico, cada um dos destes possui caracter\u00edsticas diferentes. O PP isot\u00e1tico possui temperatura de transi\u00e7\u00e3o v\u00edtrea de -10\u00b0C e temperatura de fus\u00e3o de cerca de 160\u00b0C. Como possui uma temperatura baixa de fus\u00e3o pode ser usado em baixas temperaturas por exemplo entre 90-110\u00b0C. Pode resistir at\u00e9 140\u00b0C caso n\u00e3o esteja sujeito a cargas. A taxa de cristal varia entre 60-70%. Com a sua densidade de 0,90-92g\/cm\u00b3 possui a caracter\u00edstica de ser o termopl\u00e1stico mais leve. O PP tem uma boa resist\u00eancia qu\u00edmica. Resiste aos raios vis\u00edveis, por\u00e9m os raios UV danificam as superf\u00edcies dos materiais produzidos a partir de PP. A oxida\u00e7\u00e3o do pol\u00edmero aumenta com o calor, o negro de carbono incorporado para evitar a oxida\u00e7\u00e3o acelera o envelhecimento t\u00e9rmico do pol\u00edmero. O cloro, \u00e1cido n\u00edtrico e outros oxidantes fortes afetam este material. Pode ser queimado mas queima-se lentamente. N\u00e3o \u00e9 t\u00f3xico. Possui uma boa resist\u00eancia t\u00e9rmica caso se modifique adequadamente. Usa-se atrav\u00e9s da inje\u00e7\u00e3o \u201cchrome plated\u201d ou da moldagem por sopro e extrus\u00e3o. Algumas caracter\u00edsticas importantes s\u00e3o indicadas abaixo.<\/p>\n<p><strong>TIPOS DO PP:<\/strong><br \/>\nPP classifica-se em 3 tipos.<br \/>\n1. Polipropileno homopol\u00edmero,<br \/>\n2. Polipropileno copol\u00edmero em bloco,<br \/>\n3. Polipropileno copol\u00edmero random A caracter\u00edstica distintiva mais importante do PPr \u00e9 a sua utiliza\u00e7\u00e3o nas instala\u00e7\u00f5es sanit\u00e1rias e nas instala\u00e7\u00f5es de \u00e1gua quente.<\/p>\n<p><strong>CARACTER\u00cdSTICAS<\/strong><\/p>\n<ul>\n<li>Peso espec\u00edfico: 0,91<\/li>\n<li>Resist\u00eancia \u00e0 tra\u00e7\u00e3o: 30-40 MPa<\/li>\n<li>M\u00f3dulo el\u00e1stico: 1400-1600 Mpa<\/li>\n<li>Resist\u00eancia ao impacto: 5-10 kj\/m\u00b2<\/li>\n<li>Temperatura de deforma\u00e7\u00e3o: 110 \u00baC<\/li>\n<li>Temperatura de amolecimento Vicat: 155 \u00baC<\/li>\n<\/ul>\n<p><strong>VANTAGENS<\/strong><\/p>\n<ul>\n<li>Vasta gama de caracter\u00edsticas mec\u00e2nicas<\/li>\n<li>Resist\u00eancia qu\u00edmica<\/li>\n<li>Resist\u00eancia el\u00e9ctrica<\/li>\n<li>Resist\u00eancia \u00e0 fadiga<\/li>\n<li>Retardante de chama<\/li>\n<li>Propor\u00e7\u00e3o pre\u00e7o-desempenho<\/li>\n<\/ul>\n<p><strong>\u00c1REAS DE APLICA\u00c7\u00c3O<\/strong><\/p>\n<ul>\n<li>Mob\u00edlias de jardim<\/li>\n<li>Embalagens dos produtos de linha branca<\/li>\n<li>H\u00e9lice de ventilador<\/li>\n<li>Gaveta de detergente<\/li>\n<li>Caldeira da m\u00e1quina de lavar roupa<\/li>\n<li>Aparelhos electr\u00f3nicos<\/li>\n<li>Malas de viagem<\/li>\n<li>Malas<\/li>\n<li>Bolsa<\/li>\n<li>Tubos de creme de barbear<\/li>\n<li>Aparelhos m\u00e9dicos est\u00e9rilos<\/li>\n<li>Prateleira pl\u00e1stica<\/li>\n<li>Filtro de ar<\/li>\n<li>Recipientes pl\u00e1sticos<\/li>\n<li>Garrafas<\/li>\n<li>Indicadores<\/li>\n<li>Guarda-sol<\/li>\n<li>Tubos de ensaio<\/li>\n<li>Contentores de transporte<\/li>\n<li>Contentores de armazenamento<\/li>\n<li>Caixa-forte<\/li>\n<li>Fita<\/li>\n<li>Embalagem transparente<\/li>\n<li>Garrafa t\u00e9rmica<\/li>\n<\/ul>\n<p><strong>PROCESSO DE FABRICA\u00c7\u00c3O DO PP<\/strong><\/p>\n<ul>\n<li>O PP pode ser modelado com os m\u00e9todos conhecidos de processamento de termopl\u00e1stico.<\/li>\n<li>A temperatura recomendada para inje\u00e7\u00e3o ou processamento est\u00e1 entre 180-260\u00b0C.<\/li>\n<\/ul>\n<p>[\/vc_column_text][\/vc_column][\/vc_row]<\/p>","protected":false},"excerpt":{"rendered":"<p>[vc_row rt_row_background_width=&#8221;default&#8221; rt_row_style=&#8221;default-style&#8221; rt_row_borders=&#8221;&#8221; rt_row_paddings=&#8221;true&#8221; rt_bg_effect=&#8221;classic&#8221; rt_bg_image_repeat=&#8221;repeat&#8221; rt_bg_size=&#8221;cover&#8221; rt_bg_position=&#8221;right top&#8221; rt_bg_attachment=&#8221;scroll&#8221; rt_bg_video_format=&#8221;self-hosted&#8221;][vc_column rt_wrp_col_paddings=&#8221;false&#8221; rt_border_top=&#8221;&#8221; rt_border_bottom=&#8221;&#8221; rt_border_left=&#8221;&#8221; rt_border_right=&#8221;&#8221; rt_border_top_mobile=&#8221;&#8221; rt_border_bottom_mobile=&#8221;&#8221; rt_border_left_mobile=&#8221;&#8221; rt_border_right_mobile=&#8221;&#8221; rt_bg_image_repeat=&#8221;repeat&#8221; rt_bg_size=&#8221;auto auto&#8221; rt_bg_position=&#8221;right top&#8221; rt_bg_attachment=&#8221;scroll&#8221;][vc_images_carousel images=&#8221;3504&#8243; img_size=&#8221;full&#8221;][vc_column_text] Trata-se de um pol\u00edmerotermo pl\u00e1stico cuja \u00e1rea de aplica\u00e7\u00e3o varia de pe\u00e7as utilizadas na ind\u00fastria automotiva at\u00e9 embalagens de t\u00eaxtil e alimentos. O polipropileno obtido atrav\u00e9s [&hellip;]<\/p>\n","protected":false},"author":2,"featured_media":0,"parent":3326,"menu_order":0,"comment_status":"closed","ping_status":"closed","template":"","meta":{"rs_blank_template":"","rs_page_bg_color":"","slide_template_v7":"","footnotes":""},"class_list":["post-3334","page","type-page","status-publish","hentry"],"_links":{"self":[{"href":"https:\/\/www.alpil.com.tr\/pt\/wp-json\/wp\/v2\/pages\/3334","targetHints":{"allow":["GET"]}}],"collection":[{"href":"https:\/\/www.alpil.com.tr\/pt\/wp-json\/wp\/v2\/pages"}],"about":[{"href":"https:\/\/www.alpil.com.tr\/pt\/wp-json\/wp\/v2\/types\/page"}],"author":[{"embeddable":true,"href":"https:\/\/www.alpil.com.tr\/pt\/wp-json\/wp\/v2\/users\/2"}],"replies":[{"embeddable":true,"href":"https:\/\/www.alpil.com.tr\/pt\/wp-json\/wp\/v2\/comments?post=3334"}],"version-history":[{"count":0,"href":"https:\/\/www.alpil.com.tr\/pt\/wp-json\/wp\/v2\/pages\/3334\/revisions"}],"up":[{"embeddable":true,"href":"https:\/\/www.alpil.com.tr\/pt\/wp-json\/wp\/v2\/pages\/3326"}],"wp:attachment":[{"href":"https:\/\/www.alpil.com.tr\/pt\/wp-json\/wp\/v2\/media?parent=3334"}],"curies":[{"name":"wp","href":"https:\/\/api.w.org\/{rel}","templated":true}]}}