{"id":3337,"date":"2017-01-05T17:30:15","date_gmt":"2017-01-05T15:30:15","guid":{"rendered":"http:\/\/www.alpil.com.tr\/demo\/?page_id=3337"},"modified":"2017-05-06T16:18:37","modified_gmt":"2017-05-06T13:18:37","slug":"ldpe-alcak-yogunluklu-pe","status":"publish","type":"page","link":"https:\/\/www.alpil.com.tr\/pt\/urunler\/plastik\/ldpe-alcak-yogunluklu-pe\/","title":{"rendered":"LPDE (PE de baixa densidade)"},"content":{"rendered":"<p>[vc_row rt_row_background_width=&#8221;default&#8221; rt_row_style=&#8221;default-style&#8221; rt_row_borders=&#8221;&#8221; rt_row_paddings=&#8221;true&#8221; rt_bg_effect=&#8221;classic&#8221; rt_bg_image_repeat=&#8221;repeat&#8221; rt_bg_size=&#8221;cover&#8221; rt_bg_position=&#8221;right top&#8221; rt_bg_attachment=&#8221;scroll&#8221; rt_bg_video_format=&#8221;self-hosted&#8221;][vc_column rt_wrp_col_paddings=&#8221;false&#8221; rt_border_top=&#8221;&#8221; rt_border_bottom=&#8221;&#8221; rt_border_left=&#8221;&#8221; rt_border_right=&#8221;&#8221; rt_border_top_mobile=&#8221;&#8221; rt_border_bottom_mobile=&#8221;&#8221; rt_border_left_mobile=&#8221;&#8221; rt_border_right_mobile=&#8221;&#8221; rt_bg_image_repeat=&#8221;repeat&#8221; rt_bg_size=&#8221;auto auto&#8221; rt_bg_position=&#8221;right top&#8221; rt_bg_attachment=&#8221;scroll&#8221;][vc_images_carousel images=&#8221;3508&#8243; img_size=&#8221;full&#8221;][vc_column_text]<\/p>\n<p style=\"text-indent: 20px;\">O polietileno \u00e9 um termopl\u00e1stico que se usa em v\u00e1rios produtos. O seu nome vem doetileno no estado mon\u00f3mero. O polietileno produz-se a partir de etileno. Geralmente, o seu nome abreviado no setor pl\u00e1stico \u00e9 PE.<\/p>\n<p style=\"text-indent: 20px;\">O polietileno classifica-se em v\u00e1rias categorias tendo em conta a densidade e caracter\u00edsticas qu\u00edmicas. As suas caracter\u00edsticas mec\u00e2nicas dependem do peso molecular, estrutura cristal e tipo de ramifica\u00e7\u00e3o.<\/p>\n<p style=\"text-indent: 20px;\">O polietileno de baixa densidade (LPDE) \u00e9 um material termopl\u00e1stico fabricado a partir de etileno mon\u00f3mero. O melhor polietileno de baixa densidade foi fabricado atrav\u00e9s da polimeriza\u00e7\u00e3o dos radicais livres sob um processo de alta press\u00e3o pela Imperial Chemical Industries (ICI) em 1933. Hoje em dia ainda se usa o mesmo m\u00e9todo. O polietileno de baixa densidade usa-se geralmente no setor agr\u00edcola. O aumento da import\u00e2ncia do cultivo de legumes fora de esta\u00e7\u00e3o e o aumento de utiliza\u00e7\u00e3o de adubos faz com que este material se utilize mais no setor agr\u00edcola. Al\u00e9m disso, o polietileno de baixa densidade usa-se frequentemente nas embalagens dos produtos exportados. Possui uma vasta \u00e1rea e aplica\u00e7\u00e3o na comunica\u00e7\u00e3o, distribui\u00e7\u00e3o de energia e ind\u00fastria. Este material contribui para o desenvolvimento da ind\u00fastria. O polietileno de baixa densidade come\u00e7ou a ser fabricado na Turquia em 1970. O polietileno de baixa densidade possui uma taxa estimada de reciclagem de 5.7%. Apesar de existir uma concorr\u00eancia com outros pol\u00edmeros mais modernos, o polietileno de baixa densidade mant\u00e9m a sua forte posi\u00e7\u00e3o no mercado. Em 2009 o volume de vendas do polietileno de baixa densidade foi de $ 22.200.000.000 (\u20ac 15900000000)a n\u00edvel mundial. O polietileno de baixa densidade tem uma densidade entre 0,910-0,940 g\/sm3. Pode resistir permanentemente at\u00e9 80\u00b0C e durante algum tempo at\u00e9 95\u00b0C. O polietileno de baixa densidade nas suas varia\u00e7\u00f5es transparentes ou opacas possui uma estrutura muito el\u00e1stica, dura e quebr\u00e1vel.<\/p>\n<p style=\"text-indent: 20px;\">No polietileno de baixa densidade as for\u00e7as entre as mol\u00e9culas s\u00e3o fracas (dipolo instant\u00e2neo-atra\u00e7\u00e3o de dipolo) portanto a resist\u00eancia \u00e0 tra\u00e7\u00e3o \u00e9 baixa e a elasticidade \u00e9 alta, existe uma ramifica\u00e7\u00e3o maior em rela\u00e7\u00e3o ao polietileno de alta densidade (cerca de 2% dos \u00e1tomos de carbono). Possui ramos laterais cheios e menos cristais, uma vez que as suas mol\u00e9culas s\u00e3o mais apertadas. O polietileno de baixa densidade possui uma baixa densidade. O polietileno de baixa densidade cont\u00e9m carbono e hidrog\u00e9nio como elementos.<\/p>\n<p><strong>CARACTER\u00cdSTICAS<\/strong><\/p>\n<p>\u2022 Peso espec\u00edfico: 0,92<br \/>\n\u2022 Resist\u00eancia \u00e0 tra\u00e7\u00e3o: 10-20 MPa<br \/>\n\u2022 M\u00f3dulo el\u00e1stico: 300-500 Mpa<br \/>\n\u2022 Resist\u00eancia ao impacto: 500 kj\/m\u00b2<br \/>\n\u2022 Temperatura de deforma\u00e7\u00e3o: 110 \u00baC<br \/>\n\u2022 Temperatura de amolecimento Vicat: 94 \u00baC<\/p>\n<p><strong>VANTAGENS<\/strong><\/p>\n<p>\u2022 Vasta gama de caracter\u00edsticas mec\u00e2nicas<br \/>\n\u2022 Resist\u00eancia qu\u00edmica<br \/>\n\u2022 Resist\u00eancia el\u00e9ctrica<br \/>\n\u2022 Resist\u00eancia \u00e0 fadiga<br \/>\n\u2022 Retardante de chama<br \/>\n\u2022 Propor\u00e7\u00e3o pre\u00e7o-desempenho<br \/>\n<strong><br \/>\n\u00c1REAS DE APLICA\u00c7\u00c3O<br \/>\n<\/strong><br \/>\n\u2022 Sacos pesados de servi\u00e7o<br \/>\n\u2022 Fabrica\u00e7\u00e3o de filme<br \/>\n\u2022 Revestimentos em papel<br \/>\n\u2022 Barril<br \/>\n\u2022 Brinquedo<br \/>\n\u2022 Sacos de lixo<br \/>\n\u2022 Isolamento el\u00e9trico<br \/>\n\u2022 Fabrica\u00e7\u00e3o de garrafa<\/p>\n<p><strong>PROCESSO DE FABRICA\u00c7\u00c3O DO PP<\/strong><\/p>\n<ul>\n<li>O LPDE pode ser modelado com os m\u00e9todos conhecidos de processamento de termopl\u00e1stico.<\/li>\n<li>A temperatura recomendada para inje\u00e7\u00e3o ou processamento est\u00e1 entre 180-260\u00b0C.<\/li>\n<\/ul>\n<p>[\/vc_column_text][\/vc_column][\/vc_row]<\/p>","protected":false},"excerpt":{"rendered":"<p>[vc_row rt_row_background_width=&#8221;default&#8221; rt_row_style=&#8221;default-style&#8221; rt_row_borders=&#8221;&#8221; rt_row_paddings=&#8221;true&#8221; rt_bg_effect=&#8221;classic&#8221; rt_bg_image_repeat=&#8221;repeat&#8221; rt_bg_size=&#8221;cover&#8221; rt_bg_position=&#8221;right top&#8221; rt_bg_attachment=&#8221;scroll&#8221; rt_bg_video_format=&#8221;self-hosted&#8221;][vc_column rt_wrp_col_paddings=&#8221;false&#8221; rt_border_top=&#8221;&#8221; rt_border_bottom=&#8221;&#8221; rt_border_left=&#8221;&#8221; rt_border_right=&#8221;&#8221; rt_border_top_mobile=&#8221;&#8221; rt_border_bottom_mobile=&#8221;&#8221; rt_border_left_mobile=&#8221;&#8221; rt_border_right_mobile=&#8221;&#8221; rt_bg_image_repeat=&#8221;repeat&#8221; rt_bg_size=&#8221;auto auto&#8221; rt_bg_position=&#8221;right top&#8221; rt_bg_attachment=&#8221;scroll&#8221;][vc_images_carousel images=&#8221;3508&#8243; img_size=&#8221;full&#8221;][vc_column_text] O polietileno \u00e9 um termopl\u00e1stico que se usa em v\u00e1rios produtos. O seu nome vem doetileno no estado mon\u00f3mero. O polietileno produz-se a partir de etileno. [&hellip;]<\/p>\n","protected":false},"author":2,"featured_media":0,"parent":3326,"menu_order":0,"comment_status":"closed","ping_status":"closed","template":"","meta":{"rs_blank_template":"","rs_page_bg_color":"","slide_template_v7":"","footnotes":""},"class_list":["post-3337","page","type-page","status-publish","hentry"],"_links":{"self":[{"href":"https:\/\/www.alpil.com.tr\/pt\/wp-json\/wp\/v2\/pages\/3337","targetHints":{"allow":["GET"]}}],"collection":[{"href":"https:\/\/www.alpil.com.tr\/pt\/wp-json\/wp\/v2\/pages"}],"about":[{"href":"https:\/\/www.alpil.com.tr\/pt\/wp-json\/wp\/v2\/types\/page"}],"author":[{"embeddable":true,"href":"https:\/\/www.alpil.com.tr\/pt\/wp-json\/wp\/v2\/users\/2"}],"replies":[{"embeddable":true,"href":"https:\/\/www.alpil.com.tr\/pt\/wp-json\/wp\/v2\/comments?post=3337"}],"version-history":[{"count":0,"href":"https:\/\/www.alpil.com.tr\/pt\/wp-json\/wp\/v2\/pages\/3337\/revisions"}],"up":[{"embeddable":true,"href":"https:\/\/www.alpil.com.tr\/pt\/wp-json\/wp\/v2\/pages\/3326"}],"wp:attachment":[{"href":"https:\/\/www.alpil.com.tr\/pt\/wp-json\/wp\/v2\/media?parent=3337"}],"curies":[{"name":"wp","href":"https:\/\/api.w.org\/{rel}","templated":true}]}}