{"id":3340,"date":"2017-01-05T17:41:08","date_gmt":"2017-01-05T15:41:08","guid":{"rendered":"http:\/\/www.alpil.com.tr\/demo\/?page_id=3340"},"modified":"2017-05-06T16:22:24","modified_gmt":"2017-05-06T13:22:24","slug":"hdpe-yuksek-yogunluklu-pe","status":"publish","type":"page","link":"https:\/\/www.alpil.com.tr\/pt\/urunler\/plastik\/hdpe-yuksek-yogunluklu-pe\/","title":{"rendered":"HDPE (PE de alta densidade)"},"content":{"rendered":"<p>[vc_row rt_row_background_width=&#8221;default&#8221; rt_row_style=&#8221;default-style&#8221; rt_row_borders=&#8221;&#8221; rt_row_paddings=&#8221;true&#8221; rt_bg_effect=&#8221;classic&#8221; rt_bg_image_repeat=&#8221;repeat&#8221; rt_bg_size=&#8221;cover&#8221; rt_bg_position=&#8221;right top&#8221; rt_bg_attachment=&#8221;scroll&#8221; rt_bg_video_format=&#8221;self-hosted&#8221;][vc_column rt_wrp_col_paddings=&#8221;false&#8221; rt_border_top=&#8221;&#8221; rt_border_bottom=&#8221;&#8221; rt_border_left=&#8221;&#8221; rt_border_right=&#8221;&#8221; rt_border_top_mobile=&#8221;&#8221; rt_border_bottom_mobile=&#8221;&#8221; rt_border_left_mobile=&#8221;&#8221; rt_border_right_mobile=&#8221;&#8221; rt_bg_image_repeat=&#8221;repeat&#8221; rt_bg_size=&#8221;auto auto&#8221; rt_bg_position=&#8221;right top&#8221; rt_bg_attachment=&#8221;scroll&#8221;][vc_images_carousel images=&#8221;3510&#8243; img_size=&#8221;full&#8221;][vc_column_text]<\/p>\n<p style=\"text-indent: 20px;\">O polietileno \u00e9 um termopl\u00e1stico que se usa em v\u00e1rios produtos. O seu nome vem do etileno no estado mon\u00f3mero. O polietileno produz-se a partir de etileno. Geralmente, o seu nome abreviado no setor pl\u00e1stico \u00e9 PE. O polietileno classifica-se em dois grupos, nomeadamente baixa e alta conforme a sua densidade<\/p>\n<p style=\"text-indent: 20px;\">O polietileno classifica-se em v\u00e1rias categorias tendo em conta a densidade e caracter\u00edsticas qu\u00edmicas. As suas caracter\u00edsticas mec\u00e2nicas dependem do peso molecular, estrutura cristal e tipo de ramifica\u00e7\u00e3o.<\/p>\n<p style=\"text-indent: 20px;\">O polietileno de alta densidade \u00e9 um material que se obt\u00e9m a partir dopetr\u00f3leo. Possui melhor resist\u00eancia \u00e0s subst\u00e2ncias qu\u00edmicas em rela\u00e7\u00e3o a outros polietilenos. O polietileno de alta densidade \u00e9 resistente aos impactos e pode ser facilmente fabricado.<\/p>\n<p style=\"text-indent: 20px;\">O polietileno de alta densidade \u00e9 muito adequado para inje\u00e7\u00e3o, \u00e9 esteriliz\u00e1vel e pode ser usado at\u00e9 80 graus sem estar sujeito a cargas.<\/p>\n<p style=\"text-indent: 20px;\">Em termos da apar\u00eancia, o polietileno de alta densidade \u00e9 parecido com o polietileno de baixa densidade, por\u00e9m \u00e9 mais duro e a sua massa molecular est\u00e1 entre 150.000 e 400.000. O polietileno de alta densidade possui uma boa resist\u00eancia \u00e0 \u00e1gua e \u00e0s subst\u00e2ncias qu\u00edmicas. Por outro lado n\u00e3o \u00e9 t\u00e3o resistente \u00e0 luz quanto o polietileno de baixa densidade e acondi\u00e7\u00f5es ambientais. Esta resist\u00eancia pode ser aumentada atrav\u00e9s de interiores especiais. Possui muito boas caracter\u00edsticas mec\u00e2nicas, possui alta resist\u00eancia \u00e0 tra\u00e7\u00e3o e alta resist\u00eancia ao impacto. Estas caracter\u00edsticas podem ainda ser melhoradas com alguns materiais no interior. Em condi\u00e7\u00f5es normais a resist\u00eancia \u00e0 tra\u00e7\u00e3o est\u00e1 entre 225 e 350kg\/cm2. A resist\u00eancia ao calor \u00e9 acima de 100\u00b0C.<\/p>\n<p style=\"text-indent: 20px;\">O polietileno de alta densidade possui uma vasta \u00e1rea de aplica\u00e7\u00e3o: entre outros, tubos de press\u00e3o, tubos de distribui\u00e7\u00e3o de g\u00e1s, garrafas, bid\u00f5es, produtos de linha branca, isolantes, brinquedos, artigos el\u00e9ctricos e electr\u00f3nicos.<\/p>\n<p style=\"text-indent: 20px;\">Usa-se no setor industrial e no setor de fabrica\u00e7\u00e3o. Possu\u00ed alta resist\u00eancia \u00e0 \u00e1gua e a subst\u00e2ncias qu\u00edmicas. N\u00e3o acumula sujidades nem oxida. N\u00e3o cont\u00e9m subst\u00e2ncias t\u00f3xicas, limpa-se facilmente. N\u00e3o \u00e9 resistente \u00e0 luz e\u00a0acondi\u00e7\u00f5es atmosf\u00e9ricas adversas. Uma das vantagens do polietileno de alta densidade \u00e9 dispensar a utiliza\u00e7\u00e3o de um revestimento protetor. Al\u00e9m disso \u00e9 extremamente resistente ao envelhecimento. Pode ser ligado mais facilmente em compara\u00e7\u00e3o com a\u00e7o, alum\u00ednio e materiais comp\u00f3sitos. Al\u00e9m disso \u00e9 resistente \u00e0 congela\u00e7\u00e3o. Tem-se escolhido cada vez mais nos \u00faltimos anos por ser resistente \u00e0 \u00e1gua portanto come\u00e7ou a ser usado na fabrica\u00e7\u00e3o de barcos e armaz\u00e9ns.<\/p>\n<p style=\"text-indent: 20px;\">O polietileno de alta densidade \u00e9 um material apropriado para muitos m\u00e9todos de modela\u00e7\u00e3o tais como inje\u00e7\u00e3o, revestimento em p\u00f3, aplica\u00e7\u00e3o de filme, rotomoldagem. A manuten\u00e7\u00e3o da temperatura de moldagem por inje\u00e7\u00e3o entre 50\u00b0 e 70\u00b0C aumenta a qualidade do produto que sai do aparelho. O polietileno de alta densidade \u00e9 um material muito adequado para aplica\u00e7\u00f5es el\u00e9tricas.<\/p>\n<p><strong>\u00c1REAS DE APLICA\u00c7\u00c3O<\/strong><\/p>\n<ul>\n<li>Objetos de casa, brinquedos<\/li>\n<li>Filme de embalagem<\/li>\n<li>Tubo (duro), garrafa de detergente e produtos cosm\u00e9ticos (n\u00e3o transparente)<\/li>\n<li>Bid\u00e3o de \u00e1gua e g\u00e1s<\/li>\n<li>Materiais de moldagem rotacional usados no revestimento de placa, papel, tecido e metal.<\/li>\n<li>Tubo de \u00e1gua pressurizada, g\u00e1s e \u00e1guas residuais<\/li>\n<li>Saco de supermercado, saco pl\u00e1stico, lamina\u00e7\u00e3o, saco de rede<\/li>\n<li>Distribui\u00e7\u00e3o de \u00e1gua pot\u00e1vel, \u00e1guas residuais, irriga\u00e7\u00e3o, tubos de distribui\u00e7\u00e3o pertencentes \u00e0 rede..<\/li>\n<\/ul>\n<p>[\/vc_column_text][\/vc_column][\/vc_row]<\/p>","protected":false},"excerpt":{"rendered":"<p>[vc_row rt_row_background_width=&#8221;default&#8221; rt_row_style=&#8221;default-style&#8221; rt_row_borders=&#8221;&#8221; rt_row_paddings=&#8221;true&#8221; rt_bg_effect=&#8221;classic&#8221; rt_bg_image_repeat=&#8221;repeat&#8221; rt_bg_size=&#8221;cover&#8221; rt_bg_position=&#8221;right top&#8221; rt_bg_attachment=&#8221;scroll&#8221; rt_bg_video_format=&#8221;self-hosted&#8221;][vc_column rt_wrp_col_paddings=&#8221;false&#8221; rt_border_top=&#8221;&#8221; rt_border_bottom=&#8221;&#8221; rt_border_left=&#8221;&#8221; rt_border_right=&#8221;&#8221; rt_border_top_mobile=&#8221;&#8221; rt_border_bottom_mobile=&#8221;&#8221; rt_border_left_mobile=&#8221;&#8221; rt_border_right_mobile=&#8221;&#8221; rt_bg_image_repeat=&#8221;repeat&#8221; rt_bg_size=&#8221;auto auto&#8221; rt_bg_position=&#8221;right top&#8221; rt_bg_attachment=&#8221;scroll&#8221;][vc_images_carousel images=&#8221;3510&#8243; img_size=&#8221;full&#8221;][vc_column_text] O polietileno \u00e9 um termopl\u00e1stico que se usa em v\u00e1rios produtos. O seu nome vem do etileno no estado mon\u00f3mero. O polietileno produz-se a partir de [&hellip;]<\/p>\n","protected":false},"author":2,"featured_media":0,"parent":3326,"menu_order":0,"comment_status":"closed","ping_status":"closed","template":"","meta":{"rs_blank_template":"","rs_page_bg_color":"","slide_template_v7":"","footnotes":""},"class_list":["post-3340","page","type-page","status-publish","hentry"],"_links":{"self":[{"href":"https:\/\/www.alpil.com.tr\/pt\/wp-json\/wp\/v2\/pages\/3340","targetHints":{"allow":["GET"]}}],"collection":[{"href":"https:\/\/www.alpil.com.tr\/pt\/wp-json\/wp\/v2\/pages"}],"about":[{"href":"https:\/\/www.alpil.com.tr\/pt\/wp-json\/wp\/v2\/types\/page"}],"author":[{"embeddable":true,"href":"https:\/\/www.alpil.com.tr\/pt\/wp-json\/wp\/v2\/users\/2"}],"replies":[{"embeddable":true,"href":"https:\/\/www.alpil.com.tr\/pt\/wp-json\/wp\/v2\/comments?post=3340"}],"version-history":[{"count":0,"href":"https:\/\/www.alpil.com.tr\/pt\/wp-json\/wp\/v2\/pages\/3340\/revisions"}],"up":[{"embeddable":true,"href":"https:\/\/www.alpil.com.tr\/pt\/wp-json\/wp\/v2\/pages\/3326"}],"wp:attachment":[{"href":"https:\/\/www.alpil.com.tr\/pt\/wp-json\/wp\/v2\/media?parent=3340"}],"curies":[{"name":"wp","href":"https:\/\/api.w.org\/{rel}","templated":true}]}}