{"id":3384,"date":"2017-01-06T11:20:15","date_gmt":"2017-01-06T09:20:15","guid":{"rendered":"http:\/\/www.alpil.com.tr\/demo\/?page_id=3384"},"modified":"2018-03-02T10:29:25","modified_gmt":"2018-03-02T07:29:25","slug":"trendbond","status":"publish","type":"page","link":"https:\/\/www.alpil.com.tr\/pt\/urunler\/trendbond\/","title":{"rendered":"TrendBOND"},"content":{"rendered":"<p>[vc_row rt_row_background_width=&#8221;default&#8221; rt_row_style=&#8221;default-style&#8221; rt_row_borders=&#8221;&#8221; rt_row_paddings=&#8221;true&#8221; rt_bg_effect=&#8221;classic&#8221; rt_bg_image_repeat=&#8221;repeat&#8221; rt_bg_size=&#8221;cover&#8221; rt_bg_position=&#8221;right top&#8221; rt_bg_attachment=&#8221;scroll&#8221; rt_bg_video_format=&#8221;self-hosted&#8221;][vc_column width=&#8221;2\/3&#8243; rt_wrp_col_paddings=&#8221;false&#8221; rt_border_top=&#8221;&#8221; rt_border_bottom=&#8221;&#8221; rt_border_left=&#8221;&#8221; rt_border_right=&#8221;&#8221; rt_border_top_mobile=&#8221;&#8221; rt_border_bottom_mobile=&#8221;&#8221; rt_border_left_mobile=&#8221;&#8221; rt_border_right_mobile=&#8221;&#8221; rt_bg_image_repeat=&#8221;repeat&#8221; rt_bg_size=&#8221;auto auto&#8221; rt_bg_position=&#8221;right top&#8221; rt_bg_attachment=&#8221;scroll&#8221;][vc_column_text]<strong>Especifica\u00e7\u00f5es T\u00e9cnicas;<\/strong><\/p>\n<ul>\n<li>Largura do alum\u00ednio e 0,25 mm e 0,30 mm.<\/li>\n<li>Dimens\u00f5es: 125\u00d7320 cm \u2013 125\u00d7600 cm \u2013 150\u00d7320 cm \u2013 150\u00d7600 cm.<\/li>\n<li>Possui alta rigidez e resist\u00eancia.<\/li>\n<li>Possui alta resist\u00eancia \u00e0s condi\u00e7\u00f5es atmosf\u00e9ricas e aos raios UV.<\/li>\n<li>Possui resist\u00eancia \u00e1cida e b\u00e1sica \u00e0s condi\u00e7\u00f5es atmosf\u00e9ricas.<\/li>\n<li>Possui uma superf\u00edcie lisa e brilhante livre de aspereza.<\/li>\n<li>Male\u00e1vel.<\/li>\n<li>Possui isola\u00e7\u00e3o ac\u00fastica e absorve vibra\u00e7\u00f5es.<\/li>\n<li>Difere dos outros pain\u00e9is comp\u00f3sitos por possuir isolamento t\u00e9rmico e ser incombust\u00edvel.<\/li>\n<li>Possui alta resist\u00eancia aos impactos.<\/li>\n<li>Protege as constru\u00e7\u00f5es contra os efeitos nocivos provocados pela ind\u00fastria e polui\u00e7\u00e3o ambiental.<\/li>\n<li>Possui fun\u00e7\u00e3o de barreira contra radia\u00e7\u00e3o solar.<\/li>\n<li>Trata-se de um material leve pelo que n\u00e3o provoca uma carga adicional para a constru\u00e7\u00e3o.<\/li>\n<\/ul>\n<p><strong>Vantagens;<\/strong><\/p>\n<ul>\n<li>Os pain\u00e9is comp\u00f3sitos de alum\u00ednio Alpil SmartBOND podem ser usados numa vasta \u00e1rea de aplica\u00e7\u00e3o, est\u00e3o dispon\u00edveis em v\u00e1rias cores, s\u00e3o male\u00e1veis e possuem isolamento t\u00e9rmico e ac\u00fastico, sendo portanto superiores aos outros materiais de constru\u00e7\u00e3o.<\/li>\n<li>Conferem uma apar\u00eancia est\u00e9tica elegante, s\u00e3o f\u00e1ceis de usar. Trata-se de um produto 100% recicl\u00e1vel e amigo do ambiente. Os designs projetados s\u00e3o idealmente obtidos por ser muito male\u00e1vel.<\/li>\n<li>Pode usar a criatividade a seu gosto gra\u00e7as \u00e0 estrutura el\u00e1stica.<\/li>\n<\/ul>\n<p><strong>\u00c1reas de Utiliza\u00e7\u00e3o;<\/strong><\/p>\n<ul>\n<li>Revestimentos de fachadas<\/li>\n<li>Aplica\u00e7\u00f5es de publicidade e decora\u00e7\u00e3o<\/li>\n<\/ul>\n<p>[\/vc_column_text][\/vc_column][vc_column width=&#8221;1\/3&#8243; rt_wrp_col_paddings=&#8221;false&#8221; rt_border_top=&#8221;&#8221; rt_border_bottom=&#8221;&#8221; rt_border_left=&#8221;&#8221; rt_border_right=&#8221;&#8221; rt_border_top_mobile=&#8221;&#8221; rt_border_bottom_mobile=&#8221;&#8221; rt_border_left_mobile=&#8221;&#8221; rt_border_right_mobile=&#8221;&#8221; rt_bg_image_repeat=&#8221;repeat&#8221; rt_bg_size=&#8221;auto auto&#8221; rt_bg_position=&#8221;right top&#8221; rt_bg_attachment=&#8221;scroll&#8221;][vc_row_inner rt_row_style=&#8221;global-style&#8221; rt_row_borders=&#8221;&#8221; rt_row_paddings=&#8221;true&#8221; rt_bg_effect=&#8221;classic&#8221; rt_bg_image_repeat=&#8221;repeat&#8221; rt_bg_size=&#8221;cover&#8221; rt_bg_position=&#8221;right top&#8221; rt_bg_attachment=&#8221;scroll&#8221; rt_bg_video_format=&#8221;self-hosted&#8221;][vc_column_inner rt_wrp_col_paddings=&#8221;false&#8221; rt_border_top=&#8221;&#8221; rt_border_bottom=&#8221;&#8221; rt_border_left=&#8221;&#8221; rt_border_right=&#8221;&#8221; rt_border_top_mobile=&#8221;&#8221; rt_border_bottom_mobile=&#8221;&#8221; rt_border_left_mobile=&#8221;&#8221; rt_border_right_mobile=&#8221;&#8221; rt_bg_image_repeat=&#8221;repeat&#8221; rt_bg_size=&#8221;auto auto&#8221; rt_bg_position=&#8221;right top&#8221; rt_bg_attachment=&#8221;scroll&#8221;][vc_single_image image=&#8221;3385&#8243; img_size=&#8221;medium&#8221; style=&#8221;vc_box_rounded&#8221;][\/vc_column_inner][\/vc_row_inner][\/vc_column][\/vc_row]<\/p>","protected":false},"excerpt":{"rendered":"<p>[vc_row rt_row_background_width=&#8221;default&#8221; rt_row_style=&#8221;default-style&#8221; rt_row_borders=&#8221;&#8221; rt_row_paddings=&#8221;true&#8221; rt_bg_effect=&#8221;classic&#8221; rt_bg_image_repeat=&#8221;repeat&#8221; rt_bg_size=&#8221;cover&#8221; rt_bg_position=&#8221;right top&#8221; rt_bg_attachment=&#8221;scroll&#8221; rt_bg_video_format=&#8221;self-hosted&#8221;][vc_column width=&#8221;2\/3&#8243; rt_wrp_col_paddings=&#8221;false&#8221; rt_border_top=&#8221;&#8221; rt_border_bottom=&#8221;&#8221; rt_border_left=&#8221;&#8221; rt_border_right=&#8221;&#8221; rt_border_top_mobile=&#8221;&#8221; rt_border_bottom_mobile=&#8221;&#8221; rt_border_left_mobile=&#8221;&#8221; rt_border_right_mobile=&#8221;&#8221; rt_bg_image_repeat=&#8221;repeat&#8221; rt_bg_size=&#8221;auto auto&#8221; rt_bg_position=&#8221;right top&#8221; rt_bg_attachment=&#8221;scroll&#8221;][vc_column_text]Especifica\u00e7\u00f5es T\u00e9cnicas; Largura do alum\u00ednio e 0,25 mm e 0,30 mm. Dimens\u00f5es: 125\u00d7320 cm \u2013 125\u00d7600 cm \u2013 150\u00d7320 cm \u2013 150\u00d7600 cm. Possui alta rigidez e resist\u00eancia. [&hellip;]<\/p>\n","protected":false},"author":2,"featured_media":0,"parent":3312,"menu_order":0,"comment_status":"closed","ping_status":"closed","template":"","meta":{"rs_blank_template":"","rs_page_bg_color":"","slide_template_v7":"","footnotes":""},"class_list":["post-3384","page","type-page","status-publish","hentry"],"_links":{"self":[{"href":"https:\/\/www.alpil.com.tr\/pt\/wp-json\/wp\/v2\/pages\/3384","targetHints":{"allow":["GET"]}}],"collection":[{"href":"https:\/\/www.alpil.com.tr\/pt\/wp-json\/wp\/v2\/pages"}],"about":[{"href":"https:\/\/www.alpil.com.tr\/pt\/wp-json\/wp\/v2\/types\/page"}],"author":[{"embeddable":true,"href":"https:\/\/www.alpil.com.tr\/pt\/wp-json\/wp\/v2\/users\/2"}],"replies":[{"embeddable":true,"href":"https:\/\/www.alpil.com.tr\/pt\/wp-json\/wp\/v2\/comments?post=3384"}],"version-history":[{"count":0,"href":"https:\/\/www.alpil.com.tr\/pt\/wp-json\/wp\/v2\/pages\/3384\/revisions"}],"up":[{"embeddable":true,"href":"https:\/\/www.alpil.com.tr\/pt\/wp-json\/wp\/v2\/pages\/3312"}],"wp:attachment":[{"href":"https:\/\/www.alpil.com.tr\/pt\/wp-json\/wp\/v2\/media?parent=3384"}],"curies":[{"name":"wp","href":"https:\/\/api.w.org\/{rel}","templated":true}]}}