{"id":3328,"date":"2017-01-05T17:26:08","date_gmt":"2017-01-05T15:26:08","guid":{"rendered":"http:\/\/www.alpil.com.tr\/demo\/?page_id=3328"},"modified":"2017-05-06T16:03:32","modified_gmt":"2017-05-06T13:03:32","slug":"polietilen-pe","status":"publish","type":"page","link":"https:\/\/www.alpil.com.tr\/ru\/urunler\/plastik\/polietilen-pe\/","title":{"rendered":"\u041f\u043e\u043b\u0438\u044d\u0442\u0438\u043b\u0435\u043d (\u041f\u042d)"},"content":{"rendered":"<p>[vc_row rt_row_background_width=&#187;default&#187; rt_row_style=&#187;default-style&#187; rt_row_borders=&#187;&#187; rt_row_paddings=&#187;true&#187; rt_bg_effect=&#187;classic&#187; rt_bg_image_repeat=&#187;repeat&#187; rt_bg_size=&#187;cover&#187; rt_bg_position=&#187;right top&#187; rt_bg_attachment=&#187;scroll&#187; rt_bg_video_format=&#187;self-hosted&#187;][vc_column rt_wrp_col_paddings=&#187;false&#187; rt_border_top=&#187;&#187; rt_border_bottom=&#187;&#187; rt_border_left=&#187;&#187; rt_border_right=&#187;&#187; rt_border_top_mobile=&#187;&#187; rt_border_bottom_mobile=&#187;&#187; rt_border_left_mobile=&#187;&#187; rt_border_right_mobile=&#187;&#187; rt_bg_image_repeat=&#187;repeat&#187; rt_bg_size=&#187;auto auto&#187; rt_bg_position=&#187;right top&#187; rt_bg_attachment=&#187;scroll&#187;][vc_column_text]<\/p>\n<p style=\"text-indent: 20px;\">\u0422\u0435\u0440\u043c\u043e\u043f\u043b\u0430\u0441\u0442\u0438\u043a, \u0438\u0441\u043f\u043e\u043b\u044c\u0437\u0443\u0435\u043c\u044b\u0439 \u0432 \u0440\u0430\u0437\u043b\u0438\u0447\u043d\u044b\u0445 \u0442\u0438\u043f\u0430\u0445 \u043f\u0440\u043e\u0434\u0443\u043a\u0446\u0438\u0438. \u041c\u043e\u043d\u043e\u043c\u0435\u0440\u043e\u043c \u043f\u043e\u043b\u0438\u044d\u0442\u0438\u043b\u0435\u043d\u0430 \u044f\u0432\u043b\u044f\u0435\u0442\u0441\u044f \u044d\u0442\u0438\u043b\u0435\u043d, \u043f\u043e\u043b\u0438\u044d\u0442\u0438\u043b\u0435\u043d, \u044d\u0442\u043e \u0442\u0435\u0440\u043c\u043e\u043f\u043b\u0430\u0441\u0442\u0438\u0447\u043d\u044b\u0439 \u043f\u043e\u043b\u0438\u043c\u0435\u0440 \u044d\u0442\u0438\u043b\u0435\u043d\u0430. \u0412 \u0438\u043d\u0434\u0443\u0441\u0442\u0440\u0438\u0438 \u043f\u043b\u0430\u0441\u0442\u0438\u043a\u0430 \u044d\u0442\u043e \u043d\u0430\u0437\u0432\u0430\u043d\u0438\u0435 \u0447\u0430\u0449\u0435 \u0432\u0441\u0435\u0433\u043e \u043e\u0431\u043e\u0437\u043d\u0430\u0447\u0430\u0435\u0442\u0441\u044f \u043a\u0440\u0430\u0442\u043a\u043e \u041f\u042d. \u041c\u043e\u043b\u0435\u043a\u0443\u043b\u0430 \u044d\u0442\u0438\u043b\u0435\u043d\u0430 C2H4, \u043d\u0430 \u0441\u0430\u043c\u043e\u043c \u0434\u0435\u043b\u0435 \u043e\u0431\u0440\u0430\u0437\u0443\u0435\u0442\u0441\u044f \u0438\u0437 \u0434\u0432\u043e\u0439\u043d\u043e\u0439 \u0441\u0432\u044f\u0437\u0438 \u0434\u0432\u0443\u0445 CH2. (CH2=CH2). \u041f\u043e\u044d\u0442\u0438\u043b\u0435\u043d \u043f\u0440\u043e\u0438\u0437\u0432\u043e\u0434\u0438\u0442\u0441\u044f \u043f\u0443\u0442\u0451\u043c \u043f\u043e\u043b\u0438\u043c\u0435\u0440\u0438\u0437\u0430\u0446\u0438\u0438 \u044d\u0442\u0438\u043b\u0435\u043d\u0430. \u0421\u043f\u043e\u0441\u043e\u0431\u043e\u043c \u043f\u043e\u043b\u0438\u043c\u0435\u0440\u0438\u0437\u0430\u0446\u0438\u0438 \u043c\u043e\u0436\u0435\u0442 \u0431\u044b\u0442\u044c \u0440\u0430\u0434\u0438\u043a\u0430\u043b\u044c\u043d\u0430\u044f \u043f\u043e\u043b\u0438\u043c\u0435\u0440\u0438\u0437\u0430\u0446\u0438\u044f, \u0430\u043d\u0438\u043e\u043d\u043d\u0430\u044f \u043f\u043e\u043b\u0438\u043c\u0435\u0440\u0438\u0437\u0430\u0446\u0438\u044f, \u043f\u043e\u043b\u0438\u043c\u0435\u0440\u0438\u0437\u0430\u0446\u0438\u044f \u0441 \u0438\u043e\u043d\u043d\u043e\u0439 \u00a0\u043a\u043e\u043e\u0440\u0434\u0438\u043d\u0430\u0446\u0438\u0435\u0439, \u043a\u0430\u0442\u0438\u043e\u043d\u043d\u0430\u044f \u043f\u043e\u043b\u0438\u043c\u0435\u0440\u0438\u0437\u0430\u0446\u0438\u044f. \u041a\u0430\u0436\u0434\u044b\u0439 \u0438\u0437 \u044d\u0442\u0438\u0445 \u043c\u0435\u0442\u043e\u0434\u043e\u0432 \u043f\u043e\u0437\u0432\u043e\u043b\u044f\u0435\u0442 \u043f\u043e\u043b\u0443\u0447\u0430\u0442\u044c \u0440\u0430\u0437\u043b\u0438\u0447\u043d\u044b\u0435 \u0442\u0438\u043f\u044b \u043f\u043e\u043b\u0438\u044d\u0442\u0438\u043b\u0435\u043d\u0430.<\/p>\n<h2>\u00a0 <img loading=\"lazy\" decoding=\"async\" class=\"alignnone size-full wp-image-3329\" src=\"http:\/\/www.alpil.com.tr\/\/wp-content\/uploads\/2017\/01\/Ba\u015fl\u0131ks\u0131z-4.jpg\" alt=\"basliksiz-4\" width=\"105\" height=\"98\" \/><img loading=\"lazy\" decoding=\"async\" class=\"alignnone size-full wp-image-3330\" src=\"http:\/\/www.alpil.com.tr\/\/wp-content\/uploads\/2017\/01\/kkk.jpg\" alt=\"kkk\" width=\"105\" height=\"98\" \/><\/h2>\n<h2><strong>\u041a\u041b\u0410\u0421\u0421\u0418\u0424\u0418\u041a\u0410\u0426\u0418\u042f \u041f\u041e\u041b\u0418\u042d\u0422\u0418\u041b\u0415\u041d\u0410<\/strong><\/h2>\n<p style=\"text-indent: 20px;\">\u041f\u043e\u043b\u0438\u044d\u0442\u0438\u043b\u0435\u043d \u043a\u043b\u0430\u0441\u0441\u0438\u0444\u0438\u0446\u0438\u0440\u0443\u0435\u0442\u0441\u044f \u043f\u043e \u0440\u0430\u0437\u043b\u0438\u0447\u043d\u044b\u043c \u043a\u0430\u0442\u0435\u0433\u043e\u0440\u0438\u044f\u043c \u0432 \u0437\u0430\u0432\u0438\u0441\u0438\u043c\u043e\u0441\u0442\u0438 \u043e\u0442 \u043f\u043b\u043e\u0442\u043d\u043e\u0441\u0442\u0438 \u0438 \u0445\u0438\u043c\u0438\u0447\u0435\u0441\u043a\u0438\u0445 \u0445\u0430\u0440\u0430\u043a\u0442\u0435\u0440\u0438\u0441\u0442\u0438\u043a. \u041c\u0435\u0445\u0430\u043d\u0438\u0447\u0435\u0441\u043a\u0438\u0435 \u0441\u0432\u043e\u0439\u0441\u0442\u0432\u0430, \u043c\u043e\u043b\u0435\u043a\u0443\u043b\u044f\u0440\u043d\u0430\u044f \u043c\u0430\u0441\u0441\u0430, \u043a\u0440\u0438\u0441\u0442\u0430\u043b\u043b\u0438\u0447\u0435\u0441\u043a\u0430\u044f \u0441\u0442\u0440\u0443\u043a\u0442\u0443\u0440\u0430 \u0438 \u0432\u0435\u0442\u0432\u043b\u0435\u043d\u0438\u0435 \u0437\u0430\u0432\u0438\u0441\u044f\u0442 \u043e\u0442 \u0442\u0438\u043f\u0430.<\/p>\n<ul>\n<li>UHMWPE (\u041f\u042d \u0441\u043e \u0441\u0432\u0435\u0440\u0445\u0432\u044b\u0441\u043e\u043a\u043e\u0439 \u043c\u043e\u043b\u0435\u043a\u0443\u043b\u044f\u0440\u043d\u043e\u0439 \u043c\u0430\u0441\u0441\u043e\u0439)<\/li>\n<li>HDPE (\u041f\u042d \u0432\u044b\u0441\u043e\u043a\u043e\u0439 \u043f\u043b\u043e\u0442\u043d\u043e\u0441\u0442\u0438)<\/li>\n<li>HDXLPE (\u043f\u043e\u043f\u0435\u0440\u0435\u0447\u043d\u043e-\u0441\u0448\u0438\u0442\u044b\u0439 \u041f\u042d \u0432\u044b\u0441\u043e\u043a\u043e\u0439 \u043f\u043b\u043e\u0442\u043d\u043e\u0441\u0442\u0438)<\/li>\n<li>PEX (\u043f\u043e\u043f\u0435\u0440\u0435\u0447\u043d\u043e-\u0441\u0448\u0438\u0442\u044b\u0439 \u041f\u042d )<\/li>\n<li>MDPE (\u041f\u042d \u0441\u0440\u0435\u0434\u043d\u0435\u0439 \u043f\u043b\u043e\u0442\u043d\u043e\u0441\u0442\u0438))<\/li>\n<li>LDPE (\u041f\u042d \u043d\u0438\u0437\u043a\u043e\u0439 \u043f\u043b\u043e\u0442\u043d\u043e\u0441\u0442\u0438)<\/li>\n<li>LLDPE (\u043b\u0438\u043d\u0435\u0439\u043d\u043e-\u0441\u0448\u0438\u0442\u044b\u0439 \u041f\u042d \u043d\u0438\u0437\u043a\u043e\u0439 \u043f\u043b\u043e\u0442\u043d\u043e\u0441\u0442\u0438)<\/li>\n<\/ul>\n<h2>\u0425\u0410\u0420\u0410\u041a\u0422\u0415\u0420\u0418\u0421\u0422\u0418\u041a\u0418<\/h2>\n<p>\u041d\u0435\u0441\u043c\u043e\u0442\u0440\u044f \u043d\u0430 \u0442\u043e, \u0447\u0442\u043e \u0445\u0430\u0440\u0430\u043a\u0442\u0435\u0440\u0438\u0441\u0442\u0438\u043a\u0438 \u043e\u0442\u043b\u0438\u0447\u0430\u044e\u0442\u0441\u044f \u0432 \u0437\u0430\u0432\u0438\u0441\u0438\u043c\u043e\u0441\u0442\u0438 \u043e\u0442 \u0442\u0438\u043f\u0430, \u0432 \u043a\u0430\u0447\u0435\u0441\u0442\u0432\u0435 \u043e\u0431\u0449\u0438\u0445 \u0445\u0430\u0440\u0430\u043a\u0442\u0435\u0440\u0438\u0441\u0442\u0438\u043a \u0434\u043b\u044f \u0432\u0441\u0435\u0445 \u0442\u0438\u043f\u043e\u0432 \u043c\u043e\u0436\u043d\u043e \u043f\u0435\u0440\u0435\u0447\u0438\u0441\u043b\u0438\u0442\u044c \u0445\u043e\u0440\u043e\u0448\u0443\u044e \u0443\u0441\u0442\u043e\u0439\u0447\u0438\u0432\u043e\u0441\u0442\u044c \u043a \u0432\u043d\u0435\u0448\u043d\u0438\u043c \u0443\u0441\u043b\u043e\u0432\u0438\u044f\u043c \u0438 \u0432\u043b\u0430\u0436\u043d\u043e\u0441\u0442\u0438, \u0433\u0438\u0431\u043a\u043e\u0441\u0442\u044c, \u043d\u0438\u0437\u043a\u0443\u044e \u043c\u0435\u0445\u0430\u043d\u0438\u0447\u0435\u0441\u043a\u0443\u044e \u043f\u0440\u043e\u0447\u043d\u043e\u0441\u0442\u044c \u0438 \u043f\u0440\u0435\u0432\u043e\u0441\u0445\u043e\u0434\u043d\u0443\u044e \u0445\u0438\u043c\u0438\u0447\u0435\u0441\u043a\u0443\u044e \u0441\u0442\u043e\u0439\u043a\u043e\u0441\u0442\u044c. \u0418\u043c\u0435\u0435\u0442 \u043e\u0447\u0435\u043d\u044c \u043e\u0431\u0448\u0438\u0440\u043d\u0443\u044e \u043e\u0431\u043b\u0430\u0441\u0442\u044c \u0438\u0441\u043f\u043e\u043b\u044c\u0437\u043e\u0432\u0430\u043d\u0438\u044f, \u043d\u0430\u043f\u0440\u0438\u043c\u0435\u0440, \u0451\u043c\u043a\u043e\u0441\u0442\u0438, \u043f\u043b\u0430\u0441\u0442\u0438\u043a\u043e\u0432\u044b\u0435 \u043a\u043e\u043d\u0442\u0435\u0439\u043d\u0435\u0440\u044b, \u043a\u0443\u0445\u043e\u043d\u043d\u0430\u044f \u0443\u0442\u0432\u0430\u0440\u044c, \u043e\u0431\u0448\u0438\u0432\u043a\u0430, \u0442\u0440\u0443\u0431\u044b \u0438 \u0442\u0440\u0443\u0431\u043a\u0438, \u0438\u0433\u0440\u0443\u0448\u043a\u0438, \u0438\u0437\u043e\u043b\u044f\u0446\u0438\u043e\u043d\u043d\u044b\u0435 \u0441\u043b\u043e\u0438 \u0432 \u043a\u0430\u0431\u0435\u043b\u044f\u0445, \u043f\u0430\u043a\u0435\u0442\u044b \u0438 \u0443\u043f\u0430\u043a\u043e\u0432\u043e\u0447\u043d\u044b\u0435 \u043f\u043b\u0451\u043d\u043a\u0438. \u041d\u0438\u0437\u043a\u0430\u044f \u0441\u0435\u0431\u0435\u0441\u0442\u043e\u0438\u043c\u043e\u0441\u0442\u044c.[\/vc_column_text][vc_images_carousel images=&#187;3501&#8243; img_size=&#187;full&#187;][\/vc_column][\/vc_row]<\/p>","protected":false},"excerpt":{"rendered":"<p>[vc_row rt_row_background_width=&#187;default&#187; rt_row_style=&#187;default-style&#187; rt_row_borders=&#187;&#187; rt_row_paddings=&#187;true&#187; rt_bg_effect=&#187;classic&#187; rt_bg_image_repeat=&#187;repeat&#187; rt_bg_size=&#187;cover&#187; rt_bg_position=&#187;right top&#187; rt_bg_attachment=&#187;scroll&#187; rt_bg_video_format=&#187;self-hosted&#187;][vc_column rt_wrp_col_paddings=&#187;false&#187; rt_border_top=&#187;&#187; rt_border_bottom=&#187;&#187; rt_border_left=&#187;&#187; rt_border_right=&#187;&#187; rt_border_top_mobile=&#187;&#187; rt_border_bottom_mobile=&#187;&#187; rt_border_left_mobile=&#187;&#187; rt_border_right_mobile=&#187;&#187; rt_bg_image_repeat=&#187;repeat&#187; rt_bg_size=&#187;auto auto&#187; rt_bg_position=&#187;right top&#187; rt_bg_attachment=&#187;scroll&#187;][vc_column_text] \u0422\u0435\u0440\u043c\u043e\u043f\u043b\u0430\u0441\u0442\u0438\u043a, \u0438\u0441\u043f\u043e\u043b\u044c\u0437\u0443\u0435\u043c\u044b\u0439 \u0432 \u0440\u0430\u0437\u043b\u0438\u0447\u043d\u044b\u0445 \u0442\u0438\u043f\u0430\u0445 \u043f\u0440\u043e\u0434\u0443\u043a\u0446\u0438\u0438. \u041c\u043e\u043d\u043e\u043c\u0435\u0440\u043e\u043c \u043f\u043e\u043b\u0438\u044d\u0442\u0438\u043b\u0435\u043d\u0430 \u044f\u0432\u043b\u044f\u0435\u0442\u0441\u044f \u044d\u0442\u0438\u043b\u0435\u043d, \u043f\u043e\u043b\u0438\u044d\u0442\u0438\u043b\u0435\u043d, \u044d\u0442\u043e \u0442\u0435\u0440\u043c\u043e\u043f\u043b\u0430\u0441\u0442\u0438\u0447\u043d\u044b\u0439 \u043f\u043e\u043b\u0438\u043c\u0435\u0440 \u044d\u0442\u0438\u043b\u0435\u043d\u0430. \u0412 \u0438\u043d\u0434\u0443\u0441\u0442\u0440\u0438\u0438 \u043f\u043b\u0430\u0441\u0442\u0438\u043a\u0430 \u044d\u0442\u043e \u043d\u0430\u0437\u0432\u0430\u043d\u0438\u0435 \u0447\u0430\u0449\u0435 \u0432\u0441\u0435\u0433\u043e \u043e\u0431\u043e\u0437\u043d\u0430\u0447\u0430\u0435\u0442\u0441\u044f \u043a\u0440\u0430\u0442\u043a\u043e \u041f\u042d. \u041c\u043e\u043b\u0435\u043a\u0443\u043b\u0430 \u044d\u0442\u0438\u043b\u0435\u043d\u0430 C2H4, [&hellip;]<\/p>\n","protected":false},"author":2,"featured_media":0,"parent":3326,"menu_order":0,"comment_status":"closed","ping_status":"closed","template":"","meta":{"rs_blank_template":"","rs_page_bg_color":"","slide_template_v7":"","footnotes":""},"class_list":["post-3328","page","type-page","status-publish","hentry"],"_links":{"self":[{"href":"https:\/\/www.alpil.com.tr\/ru\/wp-json\/wp\/v2\/pages\/3328","targetHints":{"allow":["GET"]}}],"collection":[{"href":"https:\/\/www.alpil.com.tr\/ru\/wp-json\/wp\/v2\/pages"}],"about":[{"href":"https:\/\/www.alpil.com.tr\/ru\/wp-json\/wp\/v2\/types\/page"}],"author":[{"embeddable":true,"href":"https:\/\/www.alpil.com.tr\/ru\/wp-json\/wp\/v2\/users\/2"}],"replies":[{"embeddable":true,"href":"https:\/\/www.alpil.com.tr\/ru\/wp-json\/wp\/v2\/comments?post=3328"}],"version-history":[{"count":0,"href":"https:\/\/www.alpil.com.tr\/ru\/wp-json\/wp\/v2\/pages\/3328\/revisions"}],"up":[{"embeddable":true,"href":"https:\/\/www.alpil.com.tr\/ru\/wp-json\/wp\/v2\/pages\/3326"}],"wp:attachment":[{"href":"https:\/\/www.alpil.com.tr\/ru\/wp-json\/wp\/v2\/media?parent=3328"}],"curies":[{"name":"wp","href":"https:\/\/api.w.org\/{rel}","templated":true}]}}