{"id":2610,"date":"2015-02-02T04:29:48","date_gmt":"2015-02-02T02:29:48","guid":{"rendered":"http:\/\/rttheme19.rtthemes.com\/?page_id=4"},"modified":"2018-01-12T13:52:13","modified_gmt":"2018-01-12T10:52:13","slug":"anasayfa","status":"publish","type":"page","link":"https:\/\/www.alpil.com.tr\/zh\/","title":{"rendered":"\u9996\u9875"},"content":{"rendered":"<p>[vc_row rt_row_background_width=&#8221;fullwidth&#8221; rt_row_content_width=&#8221;fullwidth&#8221; rt_row_style=&#8221;default-style&#8221; rt_row_borders=&#8221;&#8221; rt_row_paddings=&#8221;false&#8221; rt_bg_effect=&#8221;classic&#8221; rt_bg_image_repeat=&#8221;repeat&#8221; rt_bg_size=&#8221;cover&#8221; rt_bg_position=&#8221;right top&#8221; rt_bg_attachment=&#8221;scroll&#8221; rt_bg_video_format=&#8221;self-hosted&#8221;][vc_column rt_wrp_col_paddings=&#8221;false&#8221; rt_border_top=&#8221;&#8221; rt_border_bottom=&#8221;&#8221; rt_border_left=&#8221;&#8221; rt_border_right=&#8221;&#8221; rt_border_top_mobile=&#8221;&#8221; rt_border_bottom_mobile=&#8221;&#8221; rt_border_left_mobile=&#8221;&#8221; rt_border_right_mobile=&#8221;&#8221; rt_bg_image_repeat=&#8221;repeat&#8221; rt_bg_size=&#8221;auto auto&#8221; rt_bg_position=&#8221;right top&#8221; rt_bg_attachment=&#8221;scroll&#8221;][rev_slider_vc alias=&#8221;alpilslider&#8221;][\/vc_column][\/vc_row][vc_row rt_row_background_width=&#8221;fullwidth&#8221; rt_row_content_width=&#8221;default&#8221; rt_row_style=&#8221;default-style&#8221; rt_column_placement=&#8221;middle&#8221; rt_row_borders=&#8221;&#8221; rt_col_anim=&#8221;true&#8221; rt_row_paddings=&#8221;true&#8221; rt_bg_effect=&#8221;classic&#8221; rt_bg_image_repeat=&#8221;repeat&#8221; rt_bg_size=&#8221;cover&#8221; rt_bg_position=&#8221;right top&#8221; rt_bg_attachment=&#8221;scroll&#8221; rt_bg_video_format=&#8221;self-hosted&#8221; rt_padding_top=&#8221;20&#8243; rt_padding_bottom=&#8221;80&#8243;][vc_column rt_wrp_col_paddings=&#8221;false&#8221; rt_border_top=&#8221;&#8221; rt_border_bottom=&#8221;&#8221; rt_border_left=&#8221;&#8221; rt_border_right=&#8221;&#8221; rt_border_top_mobile=&#8221;&#8221; rt_border_bottom_mobile=&#8221;&#8221; rt_border_left_mobile=&#8221;&#8221; rt_border_right_mobile=&#8221;&#8221; rt_bg_image_repeat=&#8221;repeat&#8221; rt_bg_size=&#8221;auto auto&#8221; rt_bg_position=&#8221;right top&#8221; rt_bg_attachment=&#8221;scroll&#8221;]<div class=\"rt_heading_wrapper style-3\">\n\t\t\t\t\t\t<h3 class=\"rt_heading  body-font style-3\"  style=\"font-size:40px;line-height:135%;\" data-maxfont-size=\"40\" data-minfont-size=\"30\">\u201c\u5efa\u7b51\u5e08\u7684\u5986\u5907\u201d<\/h3>\n\t\t\t\t\t<\/div><div class=\"rt_heading_wrapper style-7\">\n\t\t\t\t\t\t<h3 class=\"rt_heading  aligncenter body-font style-7\"  style=\"font-size:40px;line-height:135%;\" data-maxfont-size=\"40\" data-minfont-size=\"30\">\u9ad8\u5c71\u94dd<\/h3>\n\t\t\t\t\t<\/div>[vc_separator style=&#8221;style-6&#8243; margin_top=&#8221;0&#8243; margin_bottom=&#8221;40&#8243;][vc_column_text]<\/p>\n<h5 style=\"text-align: center;\">Alpil Al\u00fcminyum 30 y\u0131ld\u0131r madencilik ve plastik geri d\u00f6n\u00fc\u015f\u00fcm\u00fc yapan Celalo\u011flu Plasti\u011fin bir yan kurulu\u015fudur.<\/h5>\n<p>[\/vc_column_text][vc_column_text]<\/p>\n<p style=\"text-align: left;\">\u00a0 \u00a0 \u00a0 \u00a0 \u00a0 Alpil\u94dd\u6750\u662fCelalo\u011flu Plastic\u7684\u5b50\u516c\u53f8\uff0c\u5982\u4eca\u5728\u963f\u8fbe\u7eb3\u56de\u6536\u91c7\u77ff\u548c\u5851\u659930\u5e74\u3002Celalo\u011flu Plastik\u662f\u571f\u8033\u5176\u6700\u5927\u7684\u4e00\u4f53\u5316\u5851\u6599\u56de\u6536\u5382\u4e4b\u4e00\uff0c\u5176\u6708\u751f\u4ea7\u80fd\u529b\u4e3a4000\u5428\u3002<\/p>\n<p style=\"text-align: left;\">\u00a0 \u00a0 \u00a0 \u00a0 \u00a0 \u4ea7\u54c1\u4e2d\u6709\u8fd150\u79cd\u989c\u8272\uff0c\u5305\u62ec\u6211\u4eec\u5728Alpil\u94dd\u5236\u9020\u7684Smart Bond\u548cTrend Bond\u590d\u5408\u9762\u677f\u4ea7\u54c1\u4e2d\u7684\u6728\u5236\u56fe\u6848\uff0c\u94f6\u955c\u548c\u91d1\u8272\u955c\u9762\u3002<\/p>\n<p style=\"text-align: left;\">\u00a0 \u00a0 \u00a0 \u00a0 Alpil\u94dd\uff0c\u751f\u4ea7\u5404\u79cd\u5bbd\u5ea6\uff08\u4ece50\u5398\u7c73\u5230185\u5398\u7c73\/\u82f1\u5bf8\uff09\u7684\u6241\u5e73\u5851\u6599\u677f\uff0c\u4e5f\u5728\u5efa\u7b51\u548c\u6c7d\u8f66\u884c\u4e1a\u5de5\u4f5c\u3002\uff08\u751f\u4ea7\u7684\u5851\u6599\u7247\u7528\u4e8e\u5efa\u7b51\u7269\u5730\u57fa\u7684\u5bc6\u5c01\uff09\u3002 \u6211\u4eec\u5c06\u7ee7\u7eed\u670d\u52a1\u4e8e\u4e1a\u4f59\u7cbe\u795e\u548c\u4e13\u4e1a\u7684\u4e86\u89e3\u6211\u4eec\u7684\u8bbe\u65bd\uff0c\u57289000\u5e73\u65b9\u7c73\u7684\u5c01\u95ed\u533a\u57df\uff0c\u5e74\u751f\u4ea7\u80fd\u529b\u4e3a1,500,000\u5e73\u65b9\u7c73\u6bcf\u5e74\u3002<\/p>\n<p>[\/vc_column_text][vc_empty_space height=&#8221;35px&#8221;][\/vc_column][\/vc_row][vc_row rt_row_background_width=&#8221;fullwidth&#8221; rt_row_content_width=&#8221;default&#8221; rt_row_style=&#8221;alt-style-2&#8243; rt_column_placement=&#8221;middle&#8221; rt_row_borders=&#8221;&#8221; rt_col_anim=&#8221;true&#8221; rt_row_paddings=&#8221;true&#8221; rt_bg_image=&#8221;2759&#8243; rt_bg_effect=&#8221;classic&#8221; rt_bg_image_repeat=&#8221;repeat&#8221; rt_bg_size=&#8221;cover&#8221; rt_bg_position=&#8221;center center&#8221; rt_bg_attachment=&#8221;scroll&#8221; rt_bg_video_format=&#8221;self-hosted&#8221; rt_row_width=&#8221;default&#8221; rt_row_placement=&#8221;true&#8221; rt_padding_top=&#8221;70&#8243; rt_padding_bottom=&#8221;70&#8243;][vc_column width=&#8221;2\/3&#8243; rt_wrp_col_paddings=&#8221;false&#8221; rt_border_top=&#8221;&#8221; rt_border_bottom=&#8221;&#8221; rt_border_left=&#8221;&#8221; rt_border_right=&#8221;&#8221; rt_border_top_mobile=&#8221;&#8221; rt_border_bottom_mobile=&#8221;&#8221; rt_border_left_mobile=&#8221;&#8221; rt_border_right_mobile=&#8221;&#8221; rt_bg_image_repeat=&#8221;repeat&#8221; rt_bg_size=&#8221;auto auto&#8221; rt_bg_position=&#8221;right top&#8221; rt_bg_attachment=&#8221;scroll&#8221;]<div class=\"rt_heading_wrapper \" style=\"padding-bottom:0px;\">\n\t\t\t\t\t\t<h4 class=\"rt_heading  \"  style=\"font-size:23px;margin-bottom:0px;\">Al\u00fcminyum kompozit panel; iki adet levha ve aras\u0131ndaki d\u00fc\u015f\u00fck yo\u011funluklu polietilen malzemenin birle\u015fiminden olu\u015fan yap\u0131 malzemesidir.<\/h4>\n\t\t\t\t\t<\/div>[\/vc_column][vc_column width=&#8221;1\/3&#8243; rt_wrp_col_paddings=&#8221;false&#8221; rt_border_top=&#8221;&#8221; rt_border_bottom=&#8221;&#8221; rt_border_left=&#8221;&#8221; rt_border_right=&#8221;&#8221; rt_border_top_mobile=&#8221;&#8221; rt_border_bottom_mobile=&#8221;&#8221; rt_border_left_mobile=&#8221;&#8221; rt_border_right_mobile=&#8221;&#8221; rt_bg_image_repeat=&#8221;repeat&#8221; rt_bg_size=&#8221;auto auto&#8221; rt_bg_position=&#8221;right top&#8221; rt_bg_attachment=&#8221;scroll&#8221;]<div class=\"button_wrapper  hero\"><a  href=\"http:\/\/www.alpil.com.tr\/urunler\/aluminyum-kompozit-panel\/\" target=\"_self\" title=\"Alpil Kompozit Panel\" class=\"button_  secondary-font custom hero\" style=\"background-color:transparent;border-width:3px;\" data-hover-style=\"color:#ffffff !important;background-color:#16b9a7 !important;border-color:#16b9a7 !important;\"><span class=\"icon-angle-right\"><\/span>Alpil Kompozit Panel<\/a><\/div>[\/vc_column][\/vc_row]<\/p>","protected":false},"excerpt":{"rendered":"<p>[vc_row rt_row_background_width=&#8221;fullwidth&#8221; [&hellip;]<\/p>\n","protected":false},"author":2,"featured_media":0,"parent":0,"menu_order":0,"comment_status":"open","ping_status":"closed","template":"","meta":{"rs_blank_template":"","rs_page_bg_color":"","slide_template_v7":"","footnotes":""},"class_list":["post-2610","page","type-page","status-publish","hentry"],"_links":{"self":[{"href":"https:\/\/www.alpil.com.tr\/zh\/wp-json\/wp\/v2\/pages\/2610","targetHints":{"allow":["GET"]}}],"collection":[{"href":"https:\/\/www.alpil.com.tr\/zh\/wp-json\/wp\/v2\/pages"}],"about":[{"href":"https:\/\/www.alpil.com.tr\/zh\/wp-json\/wp\/v2\/types\/page"}],"author":[{"embeddable":true,"href":"https:\/\/www.alpil.com.tr\/zh\/wp-json\/wp\/v2\/users\/2"}],"replies":[{"embeddable":true,"href":"https:\/\/www.alpil.com.tr\/zh\/wp-json\/wp\/v2\/comments?post=2610"}],"version-history":[{"count":0,"href":"https:\/\/www.alpil.com.tr\/zh\/wp-json\/wp\/v2\/pages\/2610\/revisions"}],"wp:attachment":[{"href":"https:\/\/www.alpil.com.tr\/zh\/wp-json\/wp\/v2\/media?parent=2610"}],"curies":[{"name":"wp","href":"https:\/\/api.w.org\/{rel}","templated":true}]}}