{"id":3328,"date":"2017-01-05T17:26:08","date_gmt":"2017-01-05T15:26:08","guid":{"rendered":"http:\/\/www.alpil.com.tr\/demo\/?page_id=3328"},"modified":"2017-05-06T16:03:32","modified_gmt":"2017-05-06T13:03:32","slug":"polietilen-pe","status":"publish","type":"page","link":"https:\/\/www.alpil.com.tr\/zh\/urunler\/plastik\/polietilen-pe\/","title":{"rendered":"\u805a\u4e59\u70ef\uff08PE\uff09"},"content":{"rendered":"<p>[vc_row rt_row_background_width=&#8221;default&#8221; rt_row_style=&#8221;default-style&#8221; rt_row_borders=&#8221;&#8221; rt_row_paddings=&#8221;true&#8221; rt_bg_effect=&#8221;classic&#8221; rt_bg_image_repeat=&#8221;repeat&#8221; rt_bg_size=&#8221;cover&#8221; rt_bg_position=&#8221;right top&#8221; rt_bg_attachment=&#8221;scroll&#8221; rt_bg_video_format=&#8221;self-hosted&#8221;][vc_column rt_wrp_col_paddings=&#8221;false&#8221; rt_border_top=&#8221;&#8221; rt_border_bottom=&#8221;&#8221; rt_border_left=&#8221;&#8221; rt_border_right=&#8221;&#8221; rt_border_top_mobile=&#8221;&#8221; rt_border_bottom_mobile=&#8221;&#8221; rt_border_left_mobile=&#8221;&#8221; rt_border_right_mobile=&#8221;&#8221; rt_bg_image_repeat=&#8221;repeat&#8221; rt_bg_size=&#8221;auto auto&#8221; rt_bg_position=&#8221;right top&#8221; rt_bg_attachment=&#8221;scroll&#8221;][vc_images_carousel images=&#8221;3501&#8243; img_size=&#8221;full&#8221;][vc_column_text]<\/p>\n<p style=\"text-indent: 20px;\">\u5728\u5404\u79cd\u4ea7\u54c1\u4e2d\u4f7f\u7528\u7684\u70ed\u5851\u6027\u5851\u6599\u3002\u6807\u79f0\u5355\u4f53\u53d6\u81ea\u73b0\u6709\u7684\u4e59\u57fa\uff0c\u4f7f\u7528\u4e59\u70ef\u5236\u5907\u805a\u4e59\u70ef\u3002\u5728\u5851\u6599\u5de5\u4e1a\u4e2d\u4e00\u822c\u7528\u7b80\u79f0PE\u3002\u4e59\u70ef\u5206\u5b50C 2 H 4\u57fa\u672c\u4e0a\u7531\u901a\u8fc7\u53cc\u952e\u8fde\u63a5\u7684\u4e24\u4e2aCH 2\u7ec4\u6210\u3002\uff08CH 2 = CH 2\uff09\u3002 \u751f\u4ea7\u805a\u4e59\u70ef\u662f\u901a\u8fc7\u4e59\u70ef\u7684\u805a\u5408\u3002\u805a\u5408\u65b9\u6cd5\u53ef\u4ee5\u662f\u81ea\u7531\u57fa\u805a\u5408\uff0c\u9634\u79bb\u5b50\u805a\u5408\uff0c\u79bb\u5b50\u914d\u4f4d\u805a\u5408\u548c\u9633\u79bb\u5b50\u805a\u5408\u65b9\u6cd5\u3002\u8fd9\u4e9b\u65b9\u6cd5\u4e2d\u7684\u6bcf\u4e00\u79cd\u5177\u6709\u4e0d\u540c\u7c7b\u578b\u7684\u805a\u4e59\u70ef\u751f\u4ea7\u3002<\/p>\n<h2>\u00a0 <img loading=\"lazy\" decoding=\"async\" class=\"alignnone size-full wp-image-3329\" src=\"http:\/\/www.alpil.com.tr\/\/wp-content\/uploads\/2017\/01\/Ba\u015fl\u0131ks\u0131z-4.jpg\" alt=\"basliksiz-4\" width=\"105\" height=\"98\" \/><img loading=\"lazy\" decoding=\"async\" class=\"alignnone size-full wp-image-3330\" src=\"http:\/\/www.alpil.com.tr\/\/wp-content\/uploads\/2017\/01\/kkk.jpg\" alt=\"kkk\" width=\"105\" height=\"98\" \/><\/h2>\n<h2><strong>\u805a\u4e59\u70ef\u7684\u5206\u7c7b<\/strong><\/h2>\n<p style=\"text-indent: 20px;\">\u5bc6\u5ea6\u805a\u4e59\u70ef\u548c\u5316\u5b66\u6027\u8d28\u6839\u636e\u4e0d\u540c\u7c7b\u522b\u5206\u7c7b\u3002\u5176\u673a\u68b0\u6027\u80fd\u53d6\u51b3\u4e8e\u5206\u5b50\u91cf\uff0c\u6676\u4f53\u7ed3\u6784\u548c\u652f\u5316\u7c7b\u578b\u3002<\/p>\n<ul>\n<li>UHMWPE\uff08\u8d85\u9ad8\u5206\u5b50\u91cfPE\uff09<\/li>\n<li>HDPE\uff08\u9ad8\u5bc6\u5ea6PE)<\/li>\n<li>HDXLPE\uff08\u9ad8\u5bc6\u5ea6\u4ea4\u8054PE\uff09<\/li>\n<li>PEX\uff08\u4ea4\u8054PE\uff09<\/li>\n<li>MDPE\uff08\u4e2d\u5bc6\u5ea6PE\uff09<\/li>\n<li>LDPE\uff08\u4f4e\u5bc6\u5ea6PE\uff09<\/li>\n<li>LLDPE\uff08\u7ebf\u6027\u4f4e\u5bc6\u5ea6PE\uff09<\/li>\n<\/ul>\n<h2><strong>\u7279\u5f81<\/strong><\/h2>\n<p style=\"text-indent: 20px;\">\u867d\u7136\u7279\u5f81\u6839\u636e\u7c7b\u578b\u800c\u53d8\u5316; \u826f\u597d\u7684\u8010\u73af\u5883\u6027\u548c\u826f\u597d\u7684\u8010\u6e7f\u6027\uff0c\u67d4\u97e7\u6027\uff0c\u5dee\u7684\u673a\u68b0\u5f3a\u5ea6\u548c\u4f18\u5f02\u7684\u8010\u5316\u5b66\u6027\u3002\u975e\u5e38\u5e38\u89c1\u7684\u4f7f\u7528\u9886\u57df\uff0c\u4f8b\u5982\u5bb9\u5668\uff0c\u5851\u6599\u76d2\uff0c\u53a8\u5177\uff0c\u6d82\u6599\uff0c\u7ba1\u9053\u548c\u7ba1\uff0c\u73a9\u5177\uff0c\u7535\u7f06\u4e2d\u7684\u7edd\u7f18\u5c42\uff0c\u5305\u88c5\u548c\u5305\u88c5\u819c\u3002 \u4f4e\u6210\u672c\u3002<\/p>\n<p>[\/vc_column_text][\/vc_column][\/vc_row]<\/p>","protected":false},"excerpt":{"rendered":"<p>[vc_row rt_row_background_width=&#8221;default&#8221; r [&hellip;]<\/p>\n","protected":false},"author":2,"featured_media":0,"parent":3326,"menu_order":0,"comment_status":"closed","ping_status":"closed","template":"","meta":{"rs_blank_template":"","rs_page_bg_color":"","slide_template_v7":"","footnotes":""},"class_list":["post-3328","page","type-page","status-publish","hentry"],"_links":{"self":[{"href":"https:\/\/www.alpil.com.tr\/zh\/wp-json\/wp\/v2\/pages\/3328","targetHints":{"allow":["GET"]}}],"collection":[{"href":"https:\/\/www.alpil.com.tr\/zh\/wp-json\/wp\/v2\/pages"}],"about":[{"href":"https:\/\/www.alpil.com.tr\/zh\/wp-json\/wp\/v2\/types\/page"}],"author":[{"embeddable":true,"href":"https:\/\/www.alpil.com.tr\/zh\/wp-json\/wp\/v2\/users\/2"}],"replies":[{"embeddable":true,"href":"https:\/\/www.alpil.com.tr\/zh\/wp-json\/wp\/v2\/comments?post=3328"}],"version-history":[{"count":0,"href":"https:\/\/www.alpil.com.tr\/zh\/wp-json\/wp\/v2\/pages\/3328\/revisions"}],"up":[{"embeddable":true,"href":"https:\/\/www.alpil.com.tr\/zh\/wp-json\/wp\/v2\/pages\/3326"}],"wp:attachment":[{"href":"https:\/\/www.alpil.com.tr\/zh\/wp-json\/wp\/v2\/media?parent=3328"}],"curies":[{"name":"wp","href":"https:\/\/api.w.org\/{rel}","templated":true}]}}